{"id":30708,"date":"2025-08-11T15:52:35","date_gmt":"2025-08-11T15:52:35","guid":{"rendered":"https:\/\/topdiamonds.online\/?post_type=product&#038;p=30708"},"modified":"2025-08-11T15:54:38","modified_gmt":"2025-08-11T15:54:38","slug":"halo-auskarai-su-deimantais-oval-deimantai-1-30-ct","status":"publish","type":"product","link":"https:\/\/topdiamonds.online\/ru\/papuosalas\/halo-auskarai-su-deimantais-oval-deimantai-1-30-ct\/","title":{"rendered":"HALO auskarai su deimantais &#8212; OVAL DEIMANTAI (1.30 ct)"},"content":{"rendered":"<p><span data-sheets-root=\"1\">Ovalo formos deimantai suteikia \u0161iems auskarams \u0161velni\u0105, romanti\u0161k\u0105 estetik\u0105. Halo apvadas ne tik sustiprina akmens blizges\u012f, bet ir prideda papildomos dimensijos, leisdamas \u0161viesai nuostabiai \u017eaisti. \u0160ie auskarai dera prie \u012fvairi\u0173 stili\u0173 \u2013 nuo klasikin\u0117s ma\u017eos juodos suknel\u0117s iki moderni\u0173, minimalistini\u0173 derini\u0173. Toks dizainas i\u0161lieka madingas nepaisant met\u0173, tod\u0117l tai yra puiki investicija \u012f juvelyrikos kolekcij\u0105. Neabejotinai, tai auskarai, kurie subtiliai pabr\u0117\u0161 tavo i\u0161skirtinum\u0105.<br \/>\nPagaminta laikantis auk\u0161\u010diausi\u0173 juvelyrikos gamybos standart\u0173. Auskarai gali b\u016bti pagaminti pagal u\u017esakym\u0105: u\u017e papildom\u0105 mokest\u012f su auk\u0161tesn\u0117s kokyb\u0117s deimantais.<\/span><\/p>\n<p>&nbsp;<\/p>\n<p>\u2022 <a href=\"https:\/\/topdiamonds.online\/auskaru-metalas\/\" target=\"_blank\" rel=\"noopener\"><strong>Auskar\u0173 metalas<\/strong><\/a>: 14K (585 prabos), 18K (750 prabos), 900 platina<br \/>\n\u2022 <a href=\"https:\/\/topdiamonds.online\/auskaru-aukso-spalva\/\" target=\"_blank\" rel=\"noopener\"><strong>Auskar\u0173 aukso spalva<\/strong><\/a>: baltas, raudonas, geltonas<br \/>\n\u2022 <strong><a href=\"https:\/\/topdiamonds.online\/auskaru-matmenys\/\" target=\"_blank\" rel=\"noopener\">Auskar\u0173 kar\u016bn\u0117l\u0117s plotis<\/a><\/strong>: apie 6 mm x 4 mm<br \/>\n\u2022 Bendras <a href=\"https:\/\/topdiamonds.online\/auskaru-aukso-svoris\/\" target=\"_blank\" rel=\"noopener\"><strong>aukso svoris<\/strong><\/a>: apie 2.00 g<br \/>\n\u2022 Bendras <a href=\"https:\/\/topdiamonds.online\/deimantu-svoris\/\" target=\"_blank\" rel=\"noopener\"><strong>deimant\u0173 svoris<\/strong><\/a>: 1.30 ct<br \/>\n\u2022 <a href=\"https:\/\/topdiamonds.online\/deimanto-forma\/\" target=\"_blank\" rel=\"noopener\"><strong>Deimant\u0173 forma<\/strong><\/a>: Ovalo forma (<em>Oval cut<\/em>)<br \/>\n\u2022 <a href=\"https:\/\/topdiamonds.online\/deimantu-tipai\/\" target=\"_blank\" rel=\"noopener\"><strong>Deimant\u0173 tipai<\/strong><\/a>: Laboratorijoje u\u017eauginti deimantai arba natural\u016bs deimantai<br \/>\n\u2022 <a href=\"https:\/\/topdiamonds.online\/deimanto-charakteristika\/\" target=\"_blank\" rel=\"noopener\"><strong>Deimanto svoris ir charakteristika<\/strong><\/a> (galima keisti)<br \/>\nLaboratorijoje u\u017eaugintas deimantas: 0.50 ct centrinis deimantas (spalva D-E, \u0161varumas VVS), IGI sertifikatas<br \/>\nNat\u016bralus deimantas: 0.50 ct centrinis deimantas (spalva G-I, \u0161varumas SI), GIA sertifikatas<br \/>\nHalo apdailoje: apie 0.15 ct deimantai<br \/>\n\u2022 <a href=\"https:\/\/topdiamonds.online\/pristatymas-ir-grazinimas\/\" target=\"_blank\" rel=\"noopener\"><strong>Gamybos ir pristatymo terminas<\/strong><\/a>: apie 14 darbo dien\u0173, skubos tvarka per 7 d.d.<br \/>\n<strong>Pastaba<\/strong>: perkant Halo stiliaus auskarus galima bendro karat\u0173 svorio paklaida: 1.28 &#8212; 1.32 ct<\/p>\n<p>&nbsp;<\/p>\n<p>Turite savo brangakmen\u012f, ar auks\u0105? Perskai\u010diuosime kain\u0105 ir mok\u0117site tik u\u017e auskar\u0173 gamyb\u0105. O gal norite keisti deimant\u0173 charakteristik\u0105 pagal savo pageidavimus? <a href=\"https:\/\/topdiamonds.online\/kontaktai\/\" target=\"_blank\" rel=\"noopener\"><strong>Susisiekite<\/strong><\/a>!<br \/>\nAtraskite plat\u0173 juvelyrikos su deimantais pasirinkim\u0105, atitinkant\u012f \u012fvairius skonius ir biud\u017eetus. Suksikurk ir personalizuok savo papuo\u0161al\u0105 su <a href=\"https:\/\/topdiamonds.online\/\" target=\"_blank\" rel=\"noopener\">TopDiamonds.Online<\/a>.<\/p>\n","protected":false},"excerpt":{"rendered":"<p><span data-sheets-root=\"1\">Halo auskarai su deimantais, puo\u0161iami <em>Oval<\/em> pj\u016bvio deimantais, yra subtilaus spindesio ir \u0161iuolaikin\u0117s elegancijos derinys. Ovalo forma suteikia auskarams ypatingo ilgesio ir grak\u0161tumo, o Halo akmen\u0173 vainikas vizualiai padidina centrinio deimanto efekt\u0105. Tokia kompozicija traukia \u017evilgsn\u012f neperkraudama \u012fvaizd\u017eio, i\u0161laikydama rafinuot\u0105 balans\u0105 tarp prabangos ir subtilumo. \u0160ie auskarai tiks tiek kaip i\u0161skirtinis vakaro akcentas, tiek kaip eleganti\u0161ka kasdienio stiliaus detal\u0117. Patog\u016bs, lengvi ir kruop\u0161\u010diai pagaminti \u2013 jie taps ilgamet\u0117mis stiliaus palydov\u0117mis.<\/span><\/p>\n","protected":false},"featured_media":30653,"template":"","meta":{"site-sidebar-layout":"default","site-content-layout":"","ast-site-content-layout":"default","site-content-style":"default","site-sidebar-style":"default","ast-global-header-display":"","ast-banner-title-visibility":"","ast-main-header-display":"","ast-hfb-above-header-display":"","ast-hfb-below-header-display":"","ast-hfb-mobile-header-display":"","site-post-title":"","ast-breadcrumbs-content":"","ast-featured-img":"","footer-sml-layout":"","theme-transparent-header-meta":"default","adv-header-id-meta":"","stick-header-meta":"","header-above-stick-meta":"","header-main-stick-meta":"","header-below-stick-meta":"","astra-migrate-meta-layouts":"set","ast-page-background-enabled":"default","ast-page-background-meta":{"desktop":{"background-color":"var(--ast-global-color-4)","background-image":"","background-repeat":"repeat","background-position":"center center","background-size":"auto","background-attachment":"scroll","background-type":"","background-media":"","overlay-type":"","overlay-color":"","overlay-opacity":"","overlay-gradient":""},"tablet":{"background-color":"","background-image":"","background-repeat":"repeat","background-position":"center center","background-size":"auto","background-attachment":"scroll","background-type":"","background-media":"","overlay-type":"","overlay-color":"","overlay-opacity":"","overlay-gradient":""},"mobile":{"background-color":"","background-image":"","background-repeat":"repeat","background-position":"center center","background-size":"auto","background-attachment":"scroll","background-type":"","background-media":"","overlay-type":"","overlay-color":"","overlay-opacity":"","overlay-gradient":""}},"ast-content-background-meta":{"desktop":{"background-color":"var(--ast-global-color-5)","background-image":"","background-repeat":"repeat","background-position":"center center","background-size":"auto","background-attachment":"scroll","background-type":"","background-media":"","overlay-type":"","overlay-color":"","overlay-opacity":"","overlay-gradient":""},"tablet":{"background-color":"var(--ast-global-color-5)","background-image":"","background-repeat":"repeat","background-position":"center center","background-size":"auto","background-attachment":"scroll","background-type":"","background-media":"","overlay-type":"","overlay-color":"","overlay-opacity":"","overlay-gradient":""},"mobile":{"background-color":"var(--ast-global-color-5)","background-image":"","background-repeat":"repeat","background-position":"center center","background-size":"auto","background-attachment":"scroll","background-type":"","background-media":"","overlay-type":"","overlay-color":"","overlay-opacity":"","overlay-gradient":""}}},"product_brand":[],"product_cat":[67,135,63,72],"product_tag":[],"class_list":{"0":"post-30708","1":"product","2":"type-product","3":"status-publish","4":"has-post-thumbnail","6":"product_cat-auskarai-su-deimantais","7":"product_cat-dovanu-idejos","8":"product_cat-juvelyrika","9":"product_cat-juvelyrika-moterims","10":"desktop-align-center","11":"tablet-align-left","12":"mobile-align-left","13":"ast-product-gallery-layout-horizontal-slider","14":"ast-product-single-variable","15":"ast-product-tabs-layout-accordion","16":"ast-qv-on-image","18":"first","19":"instock","20":"taxable","21":"shipping-taxable","22":"purchasable","23":"product-type-variable"},"yoast_head":"<!-- This site is optimized with the Yoast SEO plugin v26.6 - https:\/\/yoast.com\/wordpress\/plugins\/seo\/ -->\n<title>HALO auskarai su deimantais - OVAL deimantai (1.30 ct)<\/title>\n<meta name=\"description\" content=\"Halo auskarai su deimantais \u2013 subtilus spindesys ir rafinuota elegancija su ovalo formos akmeniu. Sukurta kiekvienam eleganti\u0161kam \u012fvaizd\u017eiui.\" \/>\n<meta name=\"robots\" content=\"index, follow, max-snippet:-1, max-image-preview:large, max-video-preview:-1\" \/>\n<link rel=\"canonical\" href=\"https:\/\/topdiamonds.online\/ru\/papuosalas\/halo-auskarai-su-deimantais-oval-deimantai-1-30-ct\/\" \/>\n<meta property=\"og:locale\" content=\"ru_RU\" \/>\n<meta property=\"og:type\" content=\"article\" \/>\n<meta property=\"og:title\" content=\"HALO auskarai su deimantais - OVAL deimantai (1.30 ct)\" \/>\n<meta property=\"og:description\" content=\"Halo auskarai su deimantais \u2013 subtilus spindesys ir rafinuota elegancija su ovalo formos akmeniu. Sukurta kiekvienam eleganti\u0161kam \u012fvaizd\u017eiui.\" \/>\n<meta property=\"og:url\" content=\"https:\/\/topdiamonds.online\/ru\/papuosalas\/halo-auskarai-su-deimantais-oval-deimantai-1-30-ct\/\" \/>\n<meta property=\"og:site_name\" content=\"Topdiamonds Online\" \/>\n<meta property=\"article:modified_time\" content=\"2025-08-11T15:54:38+00:00\" \/>\n<meta property=\"og:image\" content=\"https:\/\/topdiamonds.online\/wp-content\/uploads\/2025\/08\/Auskarai-su-deimantais-OVAL-HALO-DEIMANTAI-2023-1.jpg\" \/>\n\t<meta property=\"og:image:width\" content=\"800\" \/>\n\t<meta property=\"og:image:height\" content=\"800\" \/>\n\t<meta property=\"og:image:type\" content=\"image\/jpeg\" \/>\n<meta name=\"twitter:card\" content=\"summary_large_image\" \/>\n<meta name=\"twitter:label1\" content=\"\u041f\u0440\u0438\u043c\u0435\u0440\u043d\u043e\u0435 \u0432\u0440\u0435\u043c\u044f \u0434\u043b\u044f \u0447\u0442\u0435\u043d\u0438\u044f\" \/>\n\t<meta name=\"twitter:data1\" content=\"2 \u043c\u0438\u043d\u0443\u0442\u044b\" \/>\n<script type=\"application\/ld+json\" class=\"yoast-schema-graph\">{\"@context\":\"https:\/\/schema.org\",\"@graph\":[{\"@type\":\"WebPage\",\"@id\":\"https:\/\/topdiamonds.online\/ru\/papuosalas\/halo-auskarai-su-deimantais-oval-deimantai-1-30-ct\/\",\"url\":\"https:\/\/topdiamonds.online\/ru\/papuosalas\/halo-auskarai-su-deimantais-oval-deimantai-1-30-ct\/\",\"name\":\"HALO auskarai su deimantais - OVAL deimantai (1.30 ct)\",\"isPartOf\":{\"@id\":\"https:\/\/topdiamonds.online\/ru\/#website\"},\"primaryImageOfPage\":{\"@id\":\"https:\/\/topdiamonds.online\/ru\/papuosalas\/halo-auskarai-su-deimantais-oval-deimantai-1-30-ct\/#primaryimage\"},\"image\":{\"@id\":\"https:\/\/topdiamonds.online\/ru\/papuosalas\/halo-auskarai-su-deimantais-oval-deimantai-1-30-ct\/#primaryimage\"},\"thumbnailUrl\":\"https:\/\/topdiamonds.online\/wp-content\/uploads\/2025\/08\/Auskarai-su-deimantais-OVAL-HALO-DEIMANTAI-2023-1.jpg\",\"datePublished\":\"2025-08-11T15:52:35+00:00\",\"dateModified\":\"2025-08-11T15:54:38+00:00\",\"description\":\"Halo auskarai su deimantais \u2013 subtilus spindesys ir rafinuota elegancija su ovalo formos akmeniu. Sukurta kiekvienam eleganti\u0161kam \u012fvaizd\u017eiui.\",\"breadcrumb\":{\"@id\":\"https:\/\/topdiamonds.online\/ru\/papuosalas\/halo-auskarai-su-deimantais-oval-deimantai-1-30-ct\/#breadcrumb\"},\"inLanguage\":\"ru-RU\",\"potentialAction\":[{\"@type\":\"ReadAction\",\"target\":[\"https:\/\/topdiamonds.online\/ru\/papuosalas\/halo-auskarai-su-deimantais-oval-deimantai-1-30-ct\/\"]}]},{\"@type\":\"ImageObject\",\"inLanguage\":\"ru-RU\",\"@id\":\"https:\/\/topdiamonds.online\/ru\/papuosalas\/halo-auskarai-su-deimantais-oval-deimantai-1-30-ct\/#primaryimage\",\"url\":\"https:\/\/topdiamonds.online\/wp-content\/uploads\/2025\/08\/Auskarai-su-deimantais-OVAL-HALO-DEIMANTAI-2023-1.jpg\",\"contentUrl\":\"https:\/\/topdiamonds.online\/wp-content\/uploads\/2025\/08\/Auskarai-su-deimantais-OVAL-HALO-DEIMANTAI-2023-1.jpg\",\"width\":800,\"height\":800,\"caption\":\"Auskarai su deimantais ir halo juostele i\u0161 balto aukso arba platinos - oval deimantai\"},{\"@type\":\"BreadcrumbList\",\"@id\":\"https:\/\/topdiamonds.online\/ru\/papuosalas\/halo-auskarai-su-deimantais-oval-deimantai-1-30-ct\/#breadcrumb\",\"itemListElement\":[{\"@type\":\"ListItem\",\"position\":1,\"name\":\"Home\",\"item\":\"https:\/\/topdiamonds.online\/ru\/\"},{\"@type\":\"ListItem\",\"position\":2,\"name\":\"\u041c\u0430\u0433\u0430\u0437\u0438\u043d\",\"item\":\"https:\/\/topdiamonds.online\/ru\/%d0%bc%d0%b0%d0%b3%d0%b0%d0%b7%d0%b8%d0%bd\/\"},{\"@type\":\"ListItem\",\"position\":3,\"name\":\"HALO auskarai su deimantais &#8211; OVAL DEIMANTAI (1.30 ct)\"}]},{\"@type\":\"WebSite\",\"@id\":\"https:\/\/topdiamonds.online\/ru\/#website\",\"url\":\"https:\/\/topdiamonds.online\/ru\/\",\"name\":\"Topdiamonds Online\",\"description\":\"Juvelyrikos namai\",\"publisher\":{\"@id\":\"https:\/\/topdiamonds.online\/ru\/#organization\"},\"potentialAction\":[{\"@type\":\"SearchAction\",\"target\":{\"@type\":\"EntryPoint\",\"urlTemplate\":\"https:\/\/topdiamonds.online\/ru\/?s={search_term_string}\"},\"query-input\":{\"@type\":\"PropertyValueSpecification\",\"valueRequired\":true,\"valueName\":\"search_term_string\"}}],\"inLanguage\":\"ru-RU\"},{\"@type\":\"Organization\",\"@id\":\"https:\/\/topdiamonds.online\/ru\/#organization\",\"name\":\"Topdiamonds Online\",\"url\":\"https:\/\/topdiamonds.online\/ru\/\",\"logo\":{\"@type\":\"ImageObject\",\"inLanguage\":\"ru-RU\",\"@id\":\"https:\/\/topdiamonds.online\/ru\/#\/schema\/logo\/image\/\",\"url\":\"https:\/\/topdiamonds.online\/wp-content\/uploads\/2025\/03\/cropped-logo.png\",\"contentUrl\":\"https:\/\/topdiamonds.online\/wp-content\/uploads\/2025\/03\/cropped-logo.png\",\"width\":690,\"height\":126,\"caption\":\"Topdiamonds Online\"},\"image\":{\"@id\":\"https:\/\/topdiamonds.online\/ru\/#\/schema\/logo\/image\/\"}}]}<\/script>\n<!-- \/ Yoast SEO plugin. -->","yoast_head_json":{"title":"HALO auskarai su deimantais - OVAL deimantai (1.30 ct)","description":"Halo auskarai su deimantais \u2013 subtilus spindesys ir rafinuota elegancija su ovalo formos akmeniu. Sukurta kiekvienam eleganti\u0161kam \u012fvaizd\u017eiui.","robots":{"index":"index","follow":"follow","max-snippet":"max-snippet:-1","max-image-preview":"max-image-preview:large","max-video-preview":"max-video-preview:-1"},"canonical":"https:\/\/topdiamonds.online\/ru\/papuosalas\/halo-auskarai-su-deimantais-oval-deimantai-1-30-ct\/","og_locale":"ru_RU","og_type":"article","og_title":"HALO auskarai su deimantais - OVAL deimantai (1.30 ct)","og_description":"Halo auskarai su deimantais \u2013 subtilus spindesys ir rafinuota elegancija su ovalo formos akmeniu. Sukurta kiekvienam eleganti\u0161kam \u012fvaizd\u017eiui.","og_url":"https:\/\/topdiamonds.online\/ru\/papuosalas\/halo-auskarai-su-deimantais-oval-deimantai-1-30-ct\/","og_site_name":"Topdiamonds Online","article_modified_time":"2025-08-11T15:54:38+00:00","og_image":[{"width":800,"height":800,"url":"https:\/\/topdiamonds.online\/wp-content\/uploads\/2025\/08\/Auskarai-su-deimantais-OVAL-HALO-DEIMANTAI-2023-1.jpg","type":"image\/jpeg"}],"twitter_card":"summary_large_image","twitter_misc":{"\u041f\u0440\u0438\u043c\u0435\u0440\u043d\u043e\u0435 \u0432\u0440\u0435\u043c\u044f \u0434\u043b\u044f \u0447\u0442\u0435\u043d\u0438\u044f":"2 \u043c\u0438\u043d\u0443\u0442\u044b"},"schema":{"@context":"https:\/\/schema.org","@graph":[{"@type":"WebPage","@id":"https:\/\/topdiamonds.online\/ru\/papuosalas\/halo-auskarai-su-deimantais-oval-deimantai-1-30-ct\/","url":"https:\/\/topdiamonds.online\/ru\/papuosalas\/halo-auskarai-su-deimantais-oval-deimantai-1-30-ct\/","name":"HALO auskarai su deimantais - OVAL deimantai (1.30 ct)","isPartOf":{"@id":"https:\/\/topdiamonds.online\/ru\/#website"},"primaryImageOfPage":{"@id":"https:\/\/topdiamonds.online\/ru\/papuosalas\/halo-auskarai-su-deimantais-oval-deimantai-1-30-ct\/#primaryimage"},"image":{"@id":"https:\/\/topdiamonds.online\/ru\/papuosalas\/halo-auskarai-su-deimantais-oval-deimantai-1-30-ct\/#primaryimage"},"thumbnailUrl":"https:\/\/topdiamonds.online\/wp-content\/uploads\/2025\/08\/Auskarai-su-deimantais-OVAL-HALO-DEIMANTAI-2023-1.jpg","datePublished":"2025-08-11T15:52:35+00:00","dateModified":"2025-08-11T15:54:38+00:00","description":"Halo auskarai su deimantais \u2013 subtilus spindesys ir rafinuota elegancija su ovalo formos akmeniu. Sukurta kiekvienam eleganti\u0161kam \u012fvaizd\u017eiui.","breadcrumb":{"@id":"https:\/\/topdiamonds.online\/ru\/papuosalas\/halo-auskarai-su-deimantais-oval-deimantai-1-30-ct\/#breadcrumb"},"inLanguage":"ru-RU","potentialAction":[{"@type":"ReadAction","target":["https:\/\/topdiamonds.online\/ru\/papuosalas\/halo-auskarai-su-deimantais-oval-deimantai-1-30-ct\/"]}]},{"@type":"ImageObject","inLanguage":"ru-RU","@id":"https:\/\/topdiamonds.online\/ru\/papuosalas\/halo-auskarai-su-deimantais-oval-deimantai-1-30-ct\/#primaryimage","url":"https:\/\/topdiamonds.online\/wp-content\/uploads\/2025\/08\/Auskarai-su-deimantais-OVAL-HALO-DEIMANTAI-2023-1.jpg","contentUrl":"https:\/\/topdiamonds.online\/wp-content\/uploads\/2025\/08\/Auskarai-su-deimantais-OVAL-HALO-DEIMANTAI-2023-1.jpg","width":800,"height":800,"caption":"Auskarai su deimantais ir halo juostele i\u0161 balto aukso arba platinos - oval deimantai"},{"@type":"BreadcrumbList","@id":"https:\/\/topdiamonds.online\/ru\/papuosalas\/halo-auskarai-su-deimantais-oval-deimantai-1-30-ct\/#breadcrumb","itemListElement":[{"@type":"ListItem","position":1,"name":"Home","item":"https:\/\/topdiamonds.online\/ru\/"},{"@type":"ListItem","position":2,"name":"\u041c\u0430\u0433\u0430\u0437\u0438\u043d","item":"https:\/\/topdiamonds.online\/ru\/%d0%bc%d0%b0%d0%b3%d0%b0%d0%b7%d0%b8%d0%bd\/"},{"@type":"ListItem","position":3,"name":"HALO auskarai su deimantais &#8211; OVAL DEIMANTAI (1.30 ct)"}]},{"@type":"WebSite","@id":"https:\/\/topdiamonds.online\/ru\/#website","url":"https:\/\/topdiamonds.online\/ru\/","name":"Topdiamonds Online","description":"Juvelyrikos namai","publisher":{"@id":"https:\/\/topdiamonds.online\/ru\/#organization"},"potentialAction":[{"@type":"SearchAction","target":{"@type":"EntryPoint","urlTemplate":"https:\/\/topdiamonds.online\/ru\/?s={search_term_string}"},"query-input":{"@type":"PropertyValueSpecification","valueRequired":true,"valueName":"search_term_string"}}],"inLanguage":"ru-RU"},{"@type":"Organization","@id":"https:\/\/topdiamonds.online\/ru\/#organization","name":"Topdiamonds Online","url":"https:\/\/topdiamonds.online\/ru\/","logo":{"@type":"ImageObject","inLanguage":"ru-RU","@id":"https:\/\/topdiamonds.online\/ru\/#\/schema\/logo\/image\/","url":"https:\/\/topdiamonds.online\/wp-content\/uploads\/2025\/03\/cropped-logo.png","contentUrl":"https:\/\/topdiamonds.online\/wp-content\/uploads\/2025\/03\/cropped-logo.png","width":690,"height":126,"caption":"Topdiamonds Online"},"image":{"@id":"https:\/\/topdiamonds.online\/ru\/#\/schema\/logo\/image\/"}}]}},"_links":{"self":[{"href":"https:\/\/topdiamonds.online\/ru\/wp-json\/wp\/v2\/product\/30708","targetHints":{"allow":["GET"]}}],"collection":[{"href":"https:\/\/topdiamonds.online\/ru\/wp-json\/wp\/v2\/product"}],"about":[{"href":"https:\/\/topdiamonds.online\/ru\/wp-json\/wp\/v2\/types\/product"}],"version-history":[{"count":0,"href":"https:\/\/topdiamonds.online\/ru\/wp-json\/wp\/v2\/product\/30708\/revisions"}],"wp:featuredmedia":[{"embeddable":true,"href":"https:\/\/topdiamonds.online\/ru\/wp-json\/wp\/v2\/media\/30653"}],"wp:attachment":[{"href":"https:\/\/topdiamonds.online\/ru\/wp-json\/wp\/v2\/media?parent=30708"}],"wp:term":[{"taxonomy":"product_brand","embeddable":true,"href":"https:\/\/topdiamonds.online\/ru\/wp-json\/wp\/v2\/product_brand?post=30708"},{"taxonomy":"product_cat","embeddable":true,"href":"https:\/\/topdiamonds.online\/ru\/wp-json\/wp\/v2\/product_cat?post=30708"},{"taxonomy":"product_tag","embeddable":true,"href":"https:\/\/topdiamonds.online\/ru\/wp-json\/wp\/v2\/product_tag?post=30708"}],"curies":[{"name":"wp","href":"https:\/\/api.w.org\/{rel}","templated":true}]}}