{"id":30281,"date":"2025-08-06T13:23:54","date_gmt":"2025-08-06T13:23:54","guid":{"rendered":"https:\/\/topdiamonds.online\/?post_type=product&#038;p=30281"},"modified":"2025-08-06T15:59:12","modified_gmt":"2025-08-06T15:59:12","slug":"halo-auskarai-su-deimantais-round-deimantai-1-50-ct","status":"publish","type":"product","link":"https:\/\/topdiamonds.online\/ru\/papuosalas\/halo-auskarai-su-deimantais-round-deimantai-1-50-ct\/","title":{"rendered":"Halo auskarai su deimantais &#8212; ROUND DEIMANTAI (1.50 ct)"},"content":{"rendered":"<p><span data-sheets-root=\"1\">\u0160ie auskarai, dekoruoti apvalios formos deimantu, i\u0161siskiria lengvumu ir komfortu. Halo stiliaus dizainas padeda i\u0161ry\u0161kinti veido bruo\u017eus ir suteikia elegancijos poj\u016bt\u012f, kuris i\u0161lieka nepavaldus laikui. Tai pasirinkimas, kur\u012f lengva derinti tiek su kasdieniais drabu\u017eiais, tiek su prabangiomis suknel\u0117mis. Patog\u016bs, lengvi, bet vizualiai \u012fsp\u016bdingi \u2013 \u0161ie auskarai leid\u017eia jaustis ypatingai be pastang\u0173. Kiekvienas brangakmenis mistri\u0161kai \u012ftvirtintas, tod\u0117l \u0161ie auskarai tarnaus ilgai.<br \/>\nPagaminta laikantis auk\u0161\u010diausi\u0173 juvelyrikos gamybos standart\u0173. Auskarai gali b\u016bti pagaminti pagal u\u017esakym\u0105: u\u017e papildom\u0105 mokest\u012f su auk\u0161tesn\u0117s kokyb\u0117s deimantais.<br \/>\n<\/span><\/p>\n<p>&nbsp;<\/p>\n<p>\u2022 <a href=\"https:\/\/topdiamonds.online\/auskaru-metalas\/\" target=\"_blank\" rel=\"noopener\"><strong>Auskar\u0173 metalas<\/strong><\/a>: 14K (585 prabos), 18K (750 prabos), 900 platina<br \/>\n\u2022 <a href=\"https:\/\/topdiamonds.online\/auskaru-aukso-spalva\/\" target=\"_blank\" rel=\"noopener\"><strong>Aukso spalva<\/strong><\/a>: baltas, raudonas, geltonas<br \/>\n\u2022 <strong><a href=\"https:\/\/topdiamonds.online\/auskaru-matmenys\/\" target=\"_blank\" rel=\"noopener\">Auskar\u0173 kar\u016bn\u0117l\u0117s plotis<\/a><\/strong>: apie 5.5 mm (galima keisti)<br \/>\n\u2022 Bendras <a href=\"https:\/\/topdiamonds.online\/auskaru-aukso-svoris\/\" target=\"_blank\" rel=\"noopener\"><strong>aukso svoris<\/strong><\/a>: 1.50 g<br \/>\n\u2022 Bendras <a href=\"https:\/\/topdiamonds.online\/deimantu-svoris\/\" target=\"_blank\" rel=\"noopener\"><strong>deimant\u0173 svoris<\/strong><\/a>: 1.50 ct<br \/>\n\u2022 <a href=\"https:\/\/topdiamonds.online\/deimanto-forma\/\" target=\"_blank\" rel=\"noopener\"><strong>Deimant\u0173 forma<\/strong><\/a>: Apvali forma (<em>Round cut<\/em>)<br \/>\n\u2022 <a href=\"https:\/\/topdiamonds.online\/deimantu-tipai\/\" target=\"_blank\" rel=\"noopener\"><strong>Deimant\u0173 tipai<\/strong><\/a>: Laboratorijoje u\u017eauginti deimantai arba natural\u016bs deimantai<br \/>\n\u2022 <a href=\"https:\/\/topdiamonds.online\/deimanto-charakteristika\/\" target=\"_blank\" rel=\"noopener\"><strong>Deimanto svoris ir charakteristika<\/strong><\/a> (galima keisti):<br \/>\nLaboratorijoje u\u017eaugintas deimantas: 0.60 ct deimantas (spalva D-E, \u0161varumas VVS), IGI sertifikatas<br \/>\nNat\u016bralus deimantas: 0.60 ct deimantas (spalva G-I, \u0161varumas SI), GIA sertifikatas<br \/>\nHalo apdailoje: apie 0.15 ct deimantai<br \/>\n\u2022 <a href=\"https:\/\/topdiamonds.online\/pristatymas-ir-grazinimas\/\" target=\"_blank\" rel=\"noopener\"><strong>Gamybos ir pristatymo terminas<\/strong><\/a>: apie 14 darbo dien\u0173, skubos tvarka per 7 d.d.<br \/>\n<strong>Pastaba<\/strong>: perkant Halo stiliaus auskarus galima bendro karat\u0173 svorio paklaida: 1.48 &#8212; 1.52 ct<\/p>\n<p>&nbsp;<\/p>\n<p>Turite savo brangakmen\u012f, ar auks\u0105? Perskai\u010diuosime kain\u0105 ir mok\u0117site tik u\u017e auskar\u0173 gamyb\u0105. O gal norite keisti deimant\u0173 charakteristik\u0105 pagal savo pageidavimus? <a href=\"https:\/\/topdiamonds.online\/kontaktai\/\" target=\"_blank\" rel=\"noopener\"><strong>Susisiekite<\/strong><\/a>!<br \/>\nAtraskite plat\u0173 papuo\u0161al\u0173 pasirinkim\u0105, atitinkant\u012f \u012fvairius skonius, biud\u017eetus ir personalizacijas su <a href=\"https:\/\/topdiamonds.online\/\" target=\"_blank\" rel=\"noopener\">TopDiamonds.Online<\/a>.<\/p>\n","protected":false},"excerpt":{"rendered":"<p><span data-sheets-root=\"1\">Halo auskarai su deimantais \u2013 tai ne tik stiliaus akcentas, bet ir simbolis, kuris i\u0161lieka madingas visais laikais. <em>Round<\/em> pj\u016bvio deimantas savo simetrija ir \u0161vyt\u0117jimu prikausto \u017evilgsn\u012f, o Halo akmenuk\u0173 apvadas sustiprina jo gro\u017e\u012f. \u0160ie auskarai yra sukurti moteriai, kuri vertina kokyb\u0119, meistri\u0161kum\u0105 ir nori ne tik puo\u0161tis, bet ir spind\u0117ti. D\u0117vint \u0161iuos auskarus, kiekvienas momentas \u012fgauna ypatingos reik\u0161m\u0117s \u2013 nes prabanga gali b\u016bti ne\u012fkyriai subtili.<\/span><\/p>\n","protected":false},"featured_media":15077,"template":"","meta":{"site-sidebar-layout":"default","site-content-layout":"","ast-site-content-layout":"default","site-content-style":"default","site-sidebar-style":"default","ast-global-header-display":"","ast-banner-title-visibility":"","ast-main-header-display":"","ast-hfb-above-header-display":"","ast-hfb-below-header-display":"","ast-hfb-mobile-header-display":"","site-post-title":"","ast-breadcrumbs-content":"","ast-featured-img":"","footer-sml-layout":"","theme-transparent-header-meta":"default","adv-header-id-meta":"","stick-header-meta":"","header-above-stick-meta":"","header-main-stick-meta":"","header-below-stick-meta":"","astra-migrate-meta-layouts":"set","ast-page-background-enabled":"default","ast-page-background-meta":{"desktop":{"background-color":"var(--ast-global-color-4)","background-image":"","background-repeat":"repeat","background-position":"center center","background-size":"auto","background-attachment":"scroll","background-type":"","background-media":"","overlay-type":"","overlay-color":"","overlay-opacity":"","overlay-gradient":""},"tablet":{"background-color":"","background-image":"","background-repeat":"repeat","background-position":"center center","background-size":"auto","background-attachment":"scroll","background-type":"","background-media":"","overlay-type":"","overlay-color":"","overlay-opacity":"","overlay-gradient":""},"mobile":{"background-color":"","background-image":"","background-repeat":"repeat","background-position":"center center","background-size":"auto","background-attachment":"scroll","background-type":"","background-media":"","overlay-type":"","overlay-color":"","overlay-opacity":"","overlay-gradient":""}},"ast-content-background-meta":{"desktop":{"background-color":"var(--ast-global-color-5)","background-image":"","background-repeat":"repeat","background-position":"center center","background-size":"auto","background-attachment":"scroll","background-type":"","background-media":"","overlay-type":"","overlay-color":"","overlay-opacity":"","overlay-gradient":""},"tablet":{"background-color":"var(--ast-global-color-5)","background-image":"","background-repeat":"repeat","background-position":"center center","background-size":"auto","background-attachment":"scroll","background-type":"","background-media":"","overlay-type":"","overlay-color":"","overlay-opacity":"","overlay-gradient":""},"mobile":{"background-color":"var(--ast-global-color-5)","background-image":"","background-repeat":"repeat","background-position":"center center","background-size":"auto","background-attachment":"scroll","background-type":"","background-media":"","overlay-type":"","overlay-color":"","overlay-opacity":"","overlay-gradient":""}}},"product_brand":[],"product_cat":[67,135,63,72],"product_tag":[],"class_list":{"0":"post-30281","1":"product","2":"type-product","3":"status-publish","4":"has-post-thumbnail","6":"product_cat-auskarai-su-deimantais","7":"product_cat-dovanu-idejos","8":"product_cat-juvelyrika","9":"product_cat-juvelyrika-moterims","10":"desktop-align-center","11":"tablet-align-left","12":"mobile-align-left","13":"ast-product-gallery-layout-horizontal-slider","14":"ast-product-single-variable","15":"ast-product-tabs-layout-accordion","16":"ast-qv-on-image","18":"first","19":"instock","20":"taxable","21":"shipping-taxable","22":"purchasable","23":"product-type-variable"},"yoast_head":"<!-- This site is optimized with the Yoast SEO plugin v26.6 - https:\/\/yoast.com\/wordpress\/plugins\/seo\/ -->\n<title>Halo auskarai su deimantais - ROUND deimantai (1.50 ct)<\/title>\n<meta name=\"description\" content=\"Halo auskarai su deimantais \u2013 elegancija, kurioje dominuoja apvalios formos centrinis akmuo ir laikui nepavaldus Halo spindesys.\" \/>\n<meta name=\"robots\" content=\"index, follow, max-snippet:-1, max-image-preview:large, max-video-preview:-1\" \/>\n<link rel=\"canonical\" href=\"https:\/\/topdiamonds.online\/ru\/papuosalas\/halo-auskarai-su-deimantais-round-deimantai-1-50-ct\/\" \/>\n<meta property=\"og:locale\" content=\"ru_RU\" \/>\n<meta property=\"og:type\" content=\"article\" \/>\n<meta property=\"og:title\" content=\"Halo auskarai su deimantais - ROUND deimantai (1.50 ct)\" \/>\n<meta property=\"og:description\" content=\"Halo auskarai su deimantais \u2013 elegancija, kurioje dominuoja apvalios formos centrinis akmuo ir laikui nepavaldus Halo spindesys.\" \/>\n<meta property=\"og:url\" content=\"https:\/\/topdiamonds.online\/ru\/papuosalas\/halo-auskarai-su-deimantais-round-deimantai-1-50-ct\/\" \/>\n<meta property=\"og:site_name\" content=\"Topdiamonds Online\" \/>\n<meta property=\"article:modified_time\" content=\"2025-08-06T15:59:12+00:00\" \/>\n<meta property=\"og:image\" content=\"https:\/\/topdiamonds.online\/wp-content\/uploads\/2025\/05\/TDO-1001-Auskarai-su-deimantais-HALO-ROUND-DEIMANTAI-1.png\" \/>\n\t<meta property=\"og:image:width\" content=\"800\" \/>\n\t<meta property=\"og:image:height\" content=\"800\" \/>\n\t<meta property=\"og:image:type\" content=\"image\/png\" \/>\n<meta name=\"twitter:card\" content=\"summary_large_image\" \/>\n<meta name=\"twitter:label1\" content=\"\u041f\u0440\u0438\u043c\u0435\u0440\u043d\u043e\u0435 \u0432\u0440\u0435\u043c\u044f \u0434\u043b\u044f \u0447\u0442\u0435\u043d\u0438\u044f\" \/>\n\t<meta name=\"twitter:data1\" content=\"2 \u043c\u0438\u043d\u0443\u0442\u044b\" \/>\n<script type=\"application\/ld+json\" class=\"yoast-schema-graph\">{\"@context\":\"https:\/\/schema.org\",\"@graph\":[{\"@type\":\"WebPage\",\"@id\":\"https:\/\/topdiamonds.online\/ru\/papuosalas\/halo-auskarai-su-deimantais-round-deimantai-1-50-ct\/\",\"url\":\"https:\/\/topdiamonds.online\/ru\/papuosalas\/halo-auskarai-su-deimantais-round-deimantai-1-50-ct\/\",\"name\":\"Halo auskarai su deimantais - ROUND deimantai (1.50 ct)\",\"isPartOf\":{\"@id\":\"https:\/\/topdiamonds.online\/ru\/#website\"},\"primaryImageOfPage\":{\"@id\":\"https:\/\/topdiamonds.online\/ru\/papuosalas\/halo-auskarai-su-deimantais-round-deimantai-1-50-ct\/#primaryimage\"},\"image\":{\"@id\":\"https:\/\/topdiamonds.online\/ru\/papuosalas\/halo-auskarai-su-deimantais-round-deimantai-1-50-ct\/#primaryimage\"},\"thumbnailUrl\":\"https:\/\/topdiamonds.online\/wp-content\/uploads\/2025\/05\/TDO-1001-Auskarai-su-deimantais-HALO-ROUND-DEIMANTAI-1.png\",\"datePublished\":\"2025-08-06T13:23:54+00:00\",\"dateModified\":\"2025-08-06T15:59:12+00:00\",\"description\":\"Halo auskarai su deimantais \u2013 elegancija, kurioje dominuoja apvalios formos centrinis akmuo ir laikui nepavaldus Halo spindesys.\",\"breadcrumb\":{\"@id\":\"https:\/\/topdiamonds.online\/ru\/papuosalas\/halo-auskarai-su-deimantais-round-deimantai-1-50-ct\/#breadcrumb\"},\"inLanguage\":\"ru-RU\",\"potentialAction\":[{\"@type\":\"ReadAction\",\"target\":[\"https:\/\/topdiamonds.online\/ru\/papuosalas\/halo-auskarai-su-deimantais-round-deimantai-1-50-ct\/\"]}]},{\"@type\":\"ImageObject\",\"inLanguage\":\"ru-RU\",\"@id\":\"https:\/\/topdiamonds.online\/ru\/papuosalas\/halo-auskarai-su-deimantais-round-deimantai-1-50-ct\/#primaryimage\",\"url\":\"https:\/\/topdiamonds.online\/wp-content\/uploads\/2025\/05\/TDO-1001-Auskarai-su-deimantais-HALO-ROUND-DEIMANTAI-1.png\",\"contentUrl\":\"https:\/\/topdiamonds.online\/wp-content\/uploads\/2025\/05\/TDO-1001-Auskarai-su-deimantais-HALO-ROUND-DEIMANTAI-1.png\",\"width\":800,\"height\":800,\"caption\":\"balto aukso ara platinos auskarai su deimantu, puo\u0161tu HALO juostele\"},{\"@type\":\"BreadcrumbList\",\"@id\":\"https:\/\/topdiamonds.online\/ru\/papuosalas\/halo-auskarai-su-deimantais-round-deimantai-1-50-ct\/#breadcrumb\",\"itemListElement\":[{\"@type\":\"ListItem\",\"position\":1,\"name\":\"Home\",\"item\":\"https:\/\/topdiamonds.online\/ru\/\"},{\"@type\":\"ListItem\",\"position\":2,\"name\":\"\u041c\u0430\u0433\u0430\u0437\u0438\u043d\",\"item\":\"https:\/\/topdiamonds.online\/ru\/%d0%bc%d0%b0%d0%b3%d0%b0%d0%b7%d0%b8%d0%bd\/\"},{\"@type\":\"ListItem\",\"position\":3,\"name\":\"Halo auskarai su deimantais &#8211; ROUND DEIMANTAI (1.50 ct)\"}]},{\"@type\":\"WebSite\",\"@id\":\"https:\/\/topdiamonds.online\/ru\/#website\",\"url\":\"https:\/\/topdiamonds.online\/ru\/\",\"name\":\"Topdiamonds Online\",\"description\":\"Juvelyrikos namai\",\"publisher\":{\"@id\":\"https:\/\/topdiamonds.online\/ru\/#organization\"},\"potentialAction\":[{\"@type\":\"SearchAction\",\"target\":{\"@type\":\"EntryPoint\",\"urlTemplate\":\"https:\/\/topdiamonds.online\/ru\/?s={search_term_string}\"},\"query-input\":{\"@type\":\"PropertyValueSpecification\",\"valueRequired\":true,\"valueName\":\"search_term_string\"}}],\"inLanguage\":\"ru-RU\"},{\"@type\":\"Organization\",\"@id\":\"https:\/\/topdiamonds.online\/ru\/#organization\",\"name\":\"Topdiamonds Online\",\"url\":\"https:\/\/topdiamonds.online\/ru\/\",\"logo\":{\"@type\":\"ImageObject\",\"inLanguage\":\"ru-RU\",\"@id\":\"https:\/\/topdiamonds.online\/ru\/#\/schema\/logo\/image\/\",\"url\":\"https:\/\/topdiamonds.online\/wp-content\/uploads\/2025\/03\/cropped-logo.png\",\"contentUrl\":\"https:\/\/topdiamonds.online\/wp-content\/uploads\/2025\/03\/cropped-logo.png\",\"width\":690,\"height\":126,\"caption\":\"Topdiamonds Online\"},\"image\":{\"@id\":\"https:\/\/topdiamonds.online\/ru\/#\/schema\/logo\/image\/\"}}]}<\/script>\n<!-- \/ Yoast SEO plugin. -->","yoast_head_json":{"title":"Halo auskarai su deimantais - ROUND deimantai (1.50 ct)","description":"Halo auskarai su deimantais \u2013 elegancija, kurioje dominuoja apvalios formos centrinis akmuo ir laikui nepavaldus Halo spindesys.","robots":{"index":"index","follow":"follow","max-snippet":"max-snippet:-1","max-image-preview":"max-image-preview:large","max-video-preview":"max-video-preview:-1"},"canonical":"https:\/\/topdiamonds.online\/ru\/papuosalas\/halo-auskarai-su-deimantais-round-deimantai-1-50-ct\/","og_locale":"ru_RU","og_type":"article","og_title":"Halo auskarai su deimantais - ROUND deimantai (1.50 ct)","og_description":"Halo auskarai su deimantais \u2013 elegancija, kurioje dominuoja apvalios formos centrinis akmuo ir laikui nepavaldus Halo spindesys.","og_url":"https:\/\/topdiamonds.online\/ru\/papuosalas\/halo-auskarai-su-deimantais-round-deimantai-1-50-ct\/","og_site_name":"Topdiamonds Online","article_modified_time":"2025-08-06T15:59:12+00:00","og_image":[{"width":800,"height":800,"url":"https:\/\/topdiamonds.online\/wp-content\/uploads\/2025\/05\/TDO-1001-Auskarai-su-deimantais-HALO-ROUND-DEIMANTAI-1.png","type":"image\/png"}],"twitter_card":"summary_large_image","twitter_misc":{"\u041f\u0440\u0438\u043c\u0435\u0440\u043d\u043e\u0435 \u0432\u0440\u0435\u043c\u044f \u0434\u043b\u044f \u0447\u0442\u0435\u043d\u0438\u044f":"2 \u043c\u0438\u043d\u0443\u0442\u044b"},"schema":{"@context":"https:\/\/schema.org","@graph":[{"@type":"WebPage","@id":"https:\/\/topdiamonds.online\/ru\/papuosalas\/halo-auskarai-su-deimantais-round-deimantai-1-50-ct\/","url":"https:\/\/topdiamonds.online\/ru\/papuosalas\/halo-auskarai-su-deimantais-round-deimantai-1-50-ct\/","name":"Halo auskarai su deimantais - ROUND deimantai (1.50 ct)","isPartOf":{"@id":"https:\/\/topdiamonds.online\/ru\/#website"},"primaryImageOfPage":{"@id":"https:\/\/topdiamonds.online\/ru\/papuosalas\/halo-auskarai-su-deimantais-round-deimantai-1-50-ct\/#primaryimage"},"image":{"@id":"https:\/\/topdiamonds.online\/ru\/papuosalas\/halo-auskarai-su-deimantais-round-deimantai-1-50-ct\/#primaryimage"},"thumbnailUrl":"https:\/\/topdiamonds.online\/wp-content\/uploads\/2025\/05\/TDO-1001-Auskarai-su-deimantais-HALO-ROUND-DEIMANTAI-1.png","datePublished":"2025-08-06T13:23:54+00:00","dateModified":"2025-08-06T15:59:12+00:00","description":"Halo auskarai su deimantais \u2013 elegancija, kurioje dominuoja apvalios formos centrinis akmuo ir laikui nepavaldus Halo spindesys.","breadcrumb":{"@id":"https:\/\/topdiamonds.online\/ru\/papuosalas\/halo-auskarai-su-deimantais-round-deimantai-1-50-ct\/#breadcrumb"},"inLanguage":"ru-RU","potentialAction":[{"@type":"ReadAction","target":["https:\/\/topdiamonds.online\/ru\/papuosalas\/halo-auskarai-su-deimantais-round-deimantai-1-50-ct\/"]}]},{"@type":"ImageObject","inLanguage":"ru-RU","@id":"https:\/\/topdiamonds.online\/ru\/papuosalas\/halo-auskarai-su-deimantais-round-deimantai-1-50-ct\/#primaryimage","url":"https:\/\/topdiamonds.online\/wp-content\/uploads\/2025\/05\/TDO-1001-Auskarai-su-deimantais-HALO-ROUND-DEIMANTAI-1.png","contentUrl":"https:\/\/topdiamonds.online\/wp-content\/uploads\/2025\/05\/TDO-1001-Auskarai-su-deimantais-HALO-ROUND-DEIMANTAI-1.png","width":800,"height":800,"caption":"balto aukso ara platinos auskarai su deimantu, puo\u0161tu HALO juostele"},{"@type":"BreadcrumbList","@id":"https:\/\/topdiamonds.online\/ru\/papuosalas\/halo-auskarai-su-deimantais-round-deimantai-1-50-ct\/#breadcrumb","itemListElement":[{"@type":"ListItem","position":1,"name":"Home","item":"https:\/\/topdiamonds.online\/ru\/"},{"@type":"ListItem","position":2,"name":"\u041c\u0430\u0433\u0430\u0437\u0438\u043d","item":"https:\/\/topdiamonds.online\/ru\/%d0%bc%d0%b0%d0%b3%d0%b0%d0%b7%d0%b8%d0%bd\/"},{"@type":"ListItem","position":3,"name":"Halo auskarai su deimantais &#8211; ROUND DEIMANTAI (1.50 ct)"}]},{"@type":"WebSite","@id":"https:\/\/topdiamonds.online\/ru\/#website","url":"https:\/\/topdiamonds.online\/ru\/","name":"Topdiamonds Online","description":"Juvelyrikos namai","publisher":{"@id":"https:\/\/topdiamonds.online\/ru\/#organization"},"potentialAction":[{"@type":"SearchAction","target":{"@type":"EntryPoint","urlTemplate":"https:\/\/topdiamonds.online\/ru\/?s={search_term_string}"},"query-input":{"@type":"PropertyValueSpecification","valueRequired":true,"valueName":"search_term_string"}}],"inLanguage":"ru-RU"},{"@type":"Organization","@id":"https:\/\/topdiamonds.online\/ru\/#organization","name":"Topdiamonds Online","url":"https:\/\/topdiamonds.online\/ru\/","logo":{"@type":"ImageObject","inLanguage":"ru-RU","@id":"https:\/\/topdiamonds.online\/ru\/#\/schema\/logo\/image\/","url":"https:\/\/topdiamonds.online\/wp-content\/uploads\/2025\/03\/cropped-logo.png","contentUrl":"https:\/\/topdiamonds.online\/wp-content\/uploads\/2025\/03\/cropped-logo.png","width":690,"height":126,"caption":"Topdiamonds Online"},"image":{"@id":"https:\/\/topdiamonds.online\/ru\/#\/schema\/logo\/image\/"}}]}},"_links":{"self":[{"href":"https:\/\/topdiamonds.online\/ru\/wp-json\/wp\/v2\/product\/30281","targetHints":{"allow":["GET"]}}],"collection":[{"href":"https:\/\/topdiamonds.online\/ru\/wp-json\/wp\/v2\/product"}],"about":[{"href":"https:\/\/topdiamonds.online\/ru\/wp-json\/wp\/v2\/types\/product"}],"version-history":[{"count":0,"href":"https:\/\/topdiamonds.online\/ru\/wp-json\/wp\/v2\/product\/30281\/revisions"}],"wp:featuredmedia":[{"embeddable":true,"href":"https:\/\/topdiamonds.online\/ru\/wp-json\/wp\/v2\/media\/15077"}],"wp:attachment":[{"href":"https:\/\/topdiamonds.online\/ru\/wp-json\/wp\/v2\/media?parent=30281"}],"wp:term":[{"taxonomy":"product_brand","embeddable":true,"href":"https:\/\/topdiamonds.online\/ru\/wp-json\/wp\/v2\/product_brand?post=30281"},{"taxonomy":"product_cat","embeddable":true,"href":"https:\/\/topdiamonds.online\/ru\/wp-json\/wp\/v2\/product_cat?post=30281"},{"taxonomy":"product_tag","embeddable":true,"href":"https:\/\/topdiamonds.online\/ru\/wp-json\/wp\/v2\/product_tag?post=30281"}],"curies":[{"name":"wp","href":"https:\/\/api.w.org\/{rel}","templated":true}]}}