{"id":24973,"date":"2025-07-12T11:49:00","date_gmt":"2025-07-12T11:49:00","guid":{"rendered":"https:\/\/topdiamonds.online\/?post_type=product&#038;p=24973"},"modified":"2025-07-30T07:57:26","modified_gmt":"2025-07-30T07:57:26","slug":"modernus-suzadetuviu-ziedas-su-deimantais-oval-halo-0-60-ct","status":"publish","type":"product","link":"https:\/\/topdiamonds.online\/ru\/papuosalas\/modernus-suzadetuviu-ziedas-su-deimantais-oval-halo-0-60-ct\/","title":{"rendered":"MODERNUS SU\u017dAD\u0116TUVI\u0172 \u017dIEDAS SU DEIMANTAIS OVAL HALO (0.60 ct)"},"content":{"rendered":"<p><span data-sheets-root=\"1\"><em>Oval<\/em> pj\u016bvis puikiai tinka tiems, kurie vertina modernum\u0105 ir i\u0161skirtinum\u0105. \u0160is \u017eiedas ne tik vizualiai padidina centrinio deimanto \u012fsp\u016bd\u012f, bet ir u\u017etikrina maksimal\u0173 \u0161vyt\u0117jim\u0105 i\u0161 vis\u0173 kamp\u0173 \u2013 tiek d\u0117l Halo, tiek d\u0117l deimantais puo\u0161to lankelio. Komforto zona vidin\u0117je \u017eiedo pus\u0117je pasir\u016bpina, kad \u0161is spindintis \u017eiedas b\u016bt\u0173 ne tik malonus akiai, bet ir patogiai ne\u0161iojamas kasdien.<br \/>\n<\/span><span data-sheets-root=\"1\">Pagaminta laikantis auk\u0161\u010diausi\u0173 juvelyrikos gamybos standart\u0173. \u017diedas gali b\u016bti pagamintas pagal u\u017esakym\u0105: u\u017e papildom\u0105 mokest\u012f su auk\u0161tesn\u0117s kokyb\u0117s deimantais.<br \/>\n<\/span><\/p>\n<p><span data-sheets-root=\"1\"><br \/>\n\u2022 <strong><a href=\"https:\/\/topdiamonds.online\/ziedo-metalai\/\" target=\"_blank\" rel=\"noopener\">\u017diedo metalai<\/a>:<\/strong> 14K (585 prabos), 18K (750 prabos), 900 platina<br \/>\n\u2022 <strong><a href=\"https:\/\/topdiamonds.online\/ziedo-aukso-spalva\/\" target=\"_blank\" rel=\"noopener\">\u017diedo aukso spalva<\/a>:<\/strong> baltas, raudonas, geltonas<br \/>\n\u2022 <strong><a href=\"https:\/\/topdiamonds.online\/ziedo-svoris\/\" target=\"_blank\" rel=\"noopener\">\u017diedo svoris<\/a>:<\/strong> (priklauso nuo dyd\u017eio): apie 2.00 g &#8212; 3.50 g<br \/>\n\u2022 <strong><a href=\"https:\/\/topdiamonds.online\/ziedo-matmenys\/\" target=\"_blank\" rel=\"noopener\">\u017diedo matmenys<\/a>:<\/strong> kar\u016bn\u0117l\u0117s plotis apie 5.5 mm x 3.5 mm<br \/>\n\u2022 <strong><a href=\"https:\/\/topdiamonds.online\/ziedo-komforto-zona\/\" target=\"_blank\" rel=\"noopener\">\u017diedo komforto zona<\/a>:<\/strong> yra<br \/>\n\u2022 <a href=\"https:\/\/topdiamonds.online\/deimanto-forma\/\" target=\"_blank\" rel=\"noopener\"><strong>Deimanto forma<\/strong><\/a>: Ovalo formos (<em>Oval cut<\/em>)<br \/>\n\u2022 <strong><a href=\"https:\/\/topdiamonds.online\/deimantu-tipai\/\" target=\"_blank\" rel=\"noopener\">Deimant\u0173 tipai<\/a>:<\/strong> Laboratorijoje u\u017eauginti deimantai arba natural\u016bs deimantai<br \/>\n\u2022 <strong><a href=\"https:\/\/topdiamonds.online\/deimanto-svoris-ir-charakteristika\/\" target=\"_blank\" rel=\"noopener\">Deimanto svoris ir charakteristika<\/a><\/strong> (galima keisti):<br \/>\nLaboratorijoje u\u017eaugintas deimantas: 0.30 ct deimantas (spalva D-E, \u0161varumas VVS) (galima keisti), IGI sertifikatas<br \/>\nNat\u016bralus deimantas: 0.30 ct deimantas (spalva G-I, \u0161varumas SI) (galima keisti), GIA sertifikatas<br \/>\nAplink centrin\u012f deimant\u0105 esan\u010dime Halo bei lankelyje esantys deimantai &#8212; apie 0.007 ct deimantai (galima keisti)<br \/>\nBendras deimant\u0173 svoris: 0.60 ct<br \/>\n\u2022 <a href=\"https:\/\/topdiamonds.online\/graviravimas\/\" target=\"_blank\" rel=\"noopener\"><strong>Graviravimas<\/strong><\/a> nemokamai<br \/>\n\u2022 Vienkartin\u0117 nemokama <strong><a href=\"https:\/\/topdiamonds.online\/ziedo-dydzio-keitimo-garantija\/\" target=\"_blank\" rel=\"noopener\">\u017eiedo dyd\u017eio keitimo garantija<\/a><\/strong><br \/>\n\u2022 <strong><a href=\"https:\/\/topdiamonds.online\/pristatymas-ir-grazinimas\/\" target=\"_blank\" rel=\"noopener\">Gamybos ir pristatymo terminas<\/a>:<\/strong> nuo 14 darbo dien\u0173, skubos tvarka per 7 d.d.<br \/>\nPastaba: perkant Halo stiliaus juvelyrik\u0105 galima bendro karat\u0173 svorio paklaida: 0.58 ct &#8212; 0.62 ct<br \/>\n<\/span><\/p>\n<p><span data-sheets-root=\"1\"><br \/>\n<\/span>Turite savo brangakmen\u012f, ar auks\u0105? Perskai\u010diuosime kain\u0105 ir mok\u0117site tik u\u017e \u017eiedo gamyb\u0105. O gal norite keisti deimanto charakteristik\u0105 pagal savo pageidavimus? <strong><a href=\"https:\/\/topdiamonds.online\/kontaktai\/\" target=\"_blank\" rel=\"noopener\">Susisiekite<\/a><\/strong>!<br \/>\nAtraskite plat\u0173 juvelyrikos su deimantais pasirinkim\u0105, atitinkant\u012f \u012fvairius skonius ir biud\u017eetu. Suksikurk ir personalizuok savo papuo\u0161al\u0105 su <a href=\"https:\/\/topdiamonds.online\/\" target=\"_blank\" rel=\"noopener\">TopDiamonds.Online<\/a>.<\/p>\n","protected":false},"excerpt":{"rendered":"<p><span data-sheets-root=\"1\">Modernus su\u017ead\u0117tuvi\u0173 \u017eiedas su deimantais, kuriame ovalo formos akmuo harmoningai susilieja su Halo spindesiu ir eleganti\u0161ku inkrusuotu lankeliu. \u0160i forma subtiliai i\u0161tempia akmen\u012f vertikaliai, vizualiai ilgindama pir\u0161t\u0105 ir kurdama i\u0161skirtinai eleganti\u0161k\u0105 efekt\u0105. Aplink centrin\u012f deimant\u0105 esanti Halo juostel\u0117 prideda prabangos sluoksn\u012f, kuris nepalieka abejing\u0173.<\/span><\/p>\n","protected":false},"featured_media":18647,"template":"","meta":{"site-sidebar-layout":"default","site-content-layout":"","ast-site-content-layout":"default","site-content-style":"default","site-sidebar-style":"default","ast-global-header-display":"","ast-banner-title-visibility":"","ast-main-header-display":"","ast-hfb-above-header-display":"","ast-hfb-below-header-display":"","ast-hfb-mobile-header-display":"","site-post-title":"","ast-breadcrumbs-content":"","ast-featured-img":"","footer-sml-layout":"","theme-transparent-header-meta":"default","adv-header-id-meta":"","stick-header-meta":"","header-above-stick-meta":"","header-main-stick-meta":"","header-below-stick-meta":"","astra-migrate-meta-layouts":"set","ast-page-background-enabled":"default","ast-page-background-meta":{"desktop":{"background-color":"var(--ast-global-color-4)","background-image":"","background-repeat":"repeat","background-position":"center center","background-size":"auto","background-attachment":"scroll","background-type":"","background-media":"","overlay-type":"","overlay-color":"","overlay-opacity":"","overlay-gradient":""},"tablet":{"background-color":"","background-image":"","background-repeat":"repeat","background-position":"center center","background-size":"auto","background-attachment":"scroll","background-type":"","background-media":"","overlay-type":"","overlay-color":"","overlay-opacity":"","overlay-gradient":""},"mobile":{"background-color":"","background-image":"","background-repeat":"repeat","background-position":"center center","background-size":"auto","background-attachment":"scroll","background-type":"","background-media":"","overlay-type":"","overlay-color":"","overlay-opacity":"","overlay-gradient":""}},"ast-content-background-meta":{"desktop":{"background-color":"var(--ast-global-color-5)","background-image":"","background-repeat":"repeat","background-position":"center center","background-size":"auto","background-attachment":"scroll","background-type":"","background-media":"","overlay-type":"","overlay-color":"","overlay-opacity":"","overlay-gradient":""},"tablet":{"background-color":"var(--ast-global-color-5)","background-image":"","background-repeat":"repeat","background-position":"center center","background-size":"auto","background-attachment":"scroll","background-type":"","background-media":"","overlay-type":"","overlay-color":"","overlay-opacity":"","overlay-gradient":""},"mobile":{"background-color":"var(--ast-global-color-5)","background-image":"","background-repeat":"repeat","background-position":"center center","background-size":"auto","background-attachment":"scroll","background-type":"","background-media":"","overlay-type":"","overlay-color":"","overlay-opacity":"","overlay-gradient":""}}},"product_brand":[],"product_cat":[63,64],"product_tag":[],"class_list":{"0":"post-24973","1":"product","2":"type-product","3":"status-publish","4":"has-post-thumbnail","6":"product_cat-juvelyrika","7":"product_cat-suzadetuviu-ziedai","8":"desktop-align-center","9":"tablet-align-left","10":"mobile-align-left","11":"ast-product-gallery-layout-horizontal-slider","12":"ast-product-single-variable","13":"ast-product-tabs-layout-accordion","14":"ast-qv-on-image","16":"first","17":"instock","18":"taxable","19":"shipping-taxable","20":"purchasable","21":"product-type-variable"},"yoast_head":"<!-- This site is optimized with the Yoast SEO plugin v26.6 - https:\/\/yoast.com\/wordpress\/plugins\/seo\/ -->\n<title>Modernus su\u017ead\u0117tuvi\u0173 \u017eiedas su deimantais - Oval Halo (0.60 ct)<\/title>\n<meta name=\"description\" content=\"Modernus su\u017ead\u0117tuvi\u0173 \u017eiedas su deimantais \u2013 ovalo formos akmuo, Halo spindesys ir deimantais puo\u0161tas lankelis rafinuotai elegancijai.\" \/>\n<meta name=\"robots\" content=\"index, follow, max-snippet:-1, max-image-preview:large, max-video-preview:-1\" \/>\n<link rel=\"canonical\" href=\"https:\/\/topdiamonds.online\/ru\/papuosalas\/modernus-suzadetuviu-ziedas-su-deimantais-oval-halo-0-60-ct\/\" \/>\n<meta property=\"og:locale\" content=\"ru_RU\" \/>\n<meta property=\"og:type\" content=\"article\" \/>\n<meta property=\"og:title\" content=\"Modernus su\u017ead\u0117tuvi\u0173 \u017eiedas su deimantais - Oval Halo (0.60 ct)\" \/>\n<meta property=\"og:description\" content=\"Modernus su\u017ead\u0117tuvi\u0173 \u017eiedas su deimantais \u2013 ovalo formos akmuo, Halo spindesys ir deimantais puo\u0161tas lankelis rafinuotai elegancijai.\" \/>\n<meta property=\"og:url\" content=\"https:\/\/topdiamonds.online\/ru\/papuosalas\/modernus-suzadetuviu-ziedas-su-deimantais-oval-halo-0-60-ct\/\" \/>\n<meta property=\"og:site_name\" content=\"Topdiamonds Online\" \/>\n<meta property=\"article:modified_time\" content=\"2025-07-30T07:57:26+00:00\" \/>\n<meta property=\"og:image\" content=\"https:\/\/topdiamonds.online\/wp-content\/uploads\/2025\/06\/TDO-1250-modernus-halo-suzadetuviu-ziedas-su-deimantu-oval-cut-7-1.jpg\" \/>\n\t<meta property=\"og:image:width\" content=\"800\" \/>\n\t<meta property=\"og:image:height\" content=\"800\" \/>\n\t<meta property=\"og:image:type\" content=\"image\/jpeg\" \/>\n<meta name=\"twitter:card\" content=\"summary_large_image\" \/>\n<meta name=\"twitter:label1\" content=\"\u041f\u0440\u0438\u043c\u0435\u0440\u043d\u043e\u0435 \u0432\u0440\u0435\u043c\u044f \u0434\u043b\u044f \u0447\u0442\u0435\u043d\u0438\u044f\" \/>\n\t<meta name=\"twitter:data1\" content=\"2 \u043c\u0438\u043d\u0443\u0442\u044b\" \/>\n<script type=\"application\/ld+json\" class=\"yoast-schema-graph\">{\"@context\":\"https:\/\/schema.org\",\"@graph\":[{\"@type\":\"WebPage\",\"@id\":\"https:\/\/topdiamonds.online\/ru\/papuosalas\/modernus-suzadetuviu-ziedas-su-deimantais-oval-halo-0-60-ct\/\",\"url\":\"https:\/\/topdiamonds.online\/ru\/papuosalas\/modernus-suzadetuviu-ziedas-su-deimantais-oval-halo-0-60-ct\/\",\"name\":\"Modernus su\u017ead\u0117tuvi\u0173 \u017eiedas su deimantais - Oval Halo (0.60 ct)\",\"isPartOf\":{\"@id\":\"https:\/\/topdiamonds.online\/ru\/#website\"},\"primaryImageOfPage\":{\"@id\":\"https:\/\/topdiamonds.online\/ru\/papuosalas\/modernus-suzadetuviu-ziedas-su-deimantais-oval-halo-0-60-ct\/#primaryimage\"},\"image\":{\"@id\":\"https:\/\/topdiamonds.online\/ru\/papuosalas\/modernus-suzadetuviu-ziedas-su-deimantais-oval-halo-0-60-ct\/#primaryimage\"},\"thumbnailUrl\":\"https:\/\/topdiamonds.online\/wp-content\/uploads\/2025\/06\/TDO-1250-modernus-halo-suzadetuviu-ziedas-su-deimantu-oval-cut-7-1.jpg\",\"datePublished\":\"2025-07-12T11:49:00+00:00\",\"dateModified\":\"2025-07-30T07:57:26+00:00\",\"description\":\"Modernus su\u017ead\u0117tuvi\u0173 \u017eiedas su deimantais \u2013 ovalo formos akmuo, Halo spindesys ir deimantais puo\u0161tas lankelis rafinuotai elegancijai.\",\"breadcrumb\":{\"@id\":\"https:\/\/topdiamonds.online\/ru\/papuosalas\/modernus-suzadetuviu-ziedas-su-deimantais-oval-halo-0-60-ct\/#breadcrumb\"},\"inLanguage\":\"ru-RU\",\"potentialAction\":[{\"@type\":\"ReadAction\",\"target\":[\"https:\/\/topdiamonds.online\/ru\/papuosalas\/modernus-suzadetuviu-ziedas-su-deimantais-oval-halo-0-60-ct\/\"]}]},{\"@type\":\"ImageObject\",\"inLanguage\":\"ru-RU\",\"@id\":\"https:\/\/topdiamonds.online\/ru\/papuosalas\/modernus-suzadetuviu-ziedas-su-deimantais-oval-halo-0-60-ct\/#primaryimage\",\"url\":\"https:\/\/topdiamonds.online\/wp-content\/uploads\/2025\/06\/TDO-1250-modernus-halo-suzadetuviu-ziedas-su-deimantu-oval-cut-7-1.jpg\",\"contentUrl\":\"https:\/\/topdiamonds.online\/wp-content\/uploads\/2025\/06\/TDO-1250-modernus-halo-suzadetuviu-ziedas-su-deimantu-oval-cut-7-1.jpg\",\"width\":800,\"height\":800,\"caption\":\"Modernus su\u017ead\u0117tuvi\u0173 \u017eiedas su deimantais ir halo juostele i\u0161 balto aukso arba platinos - oval cut\"},{\"@type\":\"BreadcrumbList\",\"@id\":\"https:\/\/topdiamonds.online\/ru\/papuosalas\/modernus-suzadetuviu-ziedas-su-deimantais-oval-halo-0-60-ct\/#breadcrumb\",\"itemListElement\":[{\"@type\":\"ListItem\",\"position\":1,\"name\":\"Home\",\"item\":\"https:\/\/topdiamonds.online\/ru\/\"},{\"@type\":\"ListItem\",\"position\":2,\"name\":\"\u041c\u0430\u0433\u0430\u0437\u0438\u043d\",\"item\":\"https:\/\/topdiamonds.online\/ru\/%d0%bc%d0%b0%d0%b3%d0%b0%d0%b7%d0%b8%d0%bd\/\"},{\"@type\":\"ListItem\",\"position\":3,\"name\":\"MODERNUS SU\u017dAD\u0116TUVI\u0172 \u017dIEDAS SU DEIMANTAIS OVAL HALO (0.60 ct)\"}]},{\"@type\":\"WebSite\",\"@id\":\"https:\/\/topdiamonds.online\/ru\/#website\",\"url\":\"https:\/\/topdiamonds.online\/ru\/\",\"name\":\"Topdiamonds Online\",\"description\":\"Juvelyrikos namai\",\"publisher\":{\"@id\":\"https:\/\/topdiamonds.online\/ru\/#organization\"},\"potentialAction\":[{\"@type\":\"SearchAction\",\"target\":{\"@type\":\"EntryPoint\",\"urlTemplate\":\"https:\/\/topdiamonds.online\/ru\/?s={search_term_string}\"},\"query-input\":{\"@type\":\"PropertyValueSpecification\",\"valueRequired\":true,\"valueName\":\"search_term_string\"}}],\"inLanguage\":\"ru-RU\"},{\"@type\":\"Organization\",\"@id\":\"https:\/\/topdiamonds.online\/ru\/#organization\",\"name\":\"Topdiamonds Online\",\"url\":\"https:\/\/topdiamonds.online\/ru\/\",\"logo\":{\"@type\":\"ImageObject\",\"inLanguage\":\"ru-RU\",\"@id\":\"https:\/\/topdiamonds.online\/ru\/#\/schema\/logo\/image\/\",\"url\":\"https:\/\/topdiamonds.online\/wp-content\/uploads\/2025\/03\/cropped-logo.png\",\"contentUrl\":\"https:\/\/topdiamonds.online\/wp-content\/uploads\/2025\/03\/cropped-logo.png\",\"width\":690,\"height\":126,\"caption\":\"Topdiamonds Online\"},\"image\":{\"@id\":\"https:\/\/topdiamonds.online\/ru\/#\/schema\/logo\/image\/\"}}]}<\/script>\n<!-- \/ Yoast SEO plugin. -->","yoast_head_json":{"title":"Modernus su\u017ead\u0117tuvi\u0173 \u017eiedas su deimantais - Oval Halo (0.60 ct)","description":"Modernus su\u017ead\u0117tuvi\u0173 \u017eiedas su deimantais \u2013 ovalo formos akmuo, Halo spindesys ir deimantais puo\u0161tas lankelis rafinuotai elegancijai.","robots":{"index":"index","follow":"follow","max-snippet":"max-snippet:-1","max-image-preview":"max-image-preview:large","max-video-preview":"max-video-preview:-1"},"canonical":"https:\/\/topdiamonds.online\/ru\/papuosalas\/modernus-suzadetuviu-ziedas-su-deimantais-oval-halo-0-60-ct\/","og_locale":"ru_RU","og_type":"article","og_title":"Modernus su\u017ead\u0117tuvi\u0173 \u017eiedas su deimantais - Oval Halo (0.60 ct)","og_description":"Modernus su\u017ead\u0117tuvi\u0173 \u017eiedas su deimantais \u2013 ovalo formos akmuo, Halo spindesys ir deimantais puo\u0161tas lankelis rafinuotai elegancijai.","og_url":"https:\/\/topdiamonds.online\/ru\/papuosalas\/modernus-suzadetuviu-ziedas-su-deimantais-oval-halo-0-60-ct\/","og_site_name":"Topdiamonds Online","article_modified_time":"2025-07-30T07:57:26+00:00","og_image":[{"width":800,"height":800,"url":"https:\/\/topdiamonds.online\/wp-content\/uploads\/2025\/06\/TDO-1250-modernus-halo-suzadetuviu-ziedas-su-deimantu-oval-cut-7-1.jpg","type":"image\/jpeg"}],"twitter_card":"summary_large_image","twitter_misc":{"\u041f\u0440\u0438\u043c\u0435\u0440\u043d\u043e\u0435 \u0432\u0440\u0435\u043c\u044f \u0434\u043b\u044f \u0447\u0442\u0435\u043d\u0438\u044f":"2 \u043c\u0438\u043d\u0443\u0442\u044b"},"schema":{"@context":"https:\/\/schema.org","@graph":[{"@type":"WebPage","@id":"https:\/\/topdiamonds.online\/ru\/papuosalas\/modernus-suzadetuviu-ziedas-su-deimantais-oval-halo-0-60-ct\/","url":"https:\/\/topdiamonds.online\/ru\/papuosalas\/modernus-suzadetuviu-ziedas-su-deimantais-oval-halo-0-60-ct\/","name":"Modernus su\u017ead\u0117tuvi\u0173 \u017eiedas su deimantais - Oval Halo (0.60 ct)","isPartOf":{"@id":"https:\/\/topdiamonds.online\/ru\/#website"},"primaryImageOfPage":{"@id":"https:\/\/topdiamonds.online\/ru\/papuosalas\/modernus-suzadetuviu-ziedas-su-deimantais-oval-halo-0-60-ct\/#primaryimage"},"image":{"@id":"https:\/\/topdiamonds.online\/ru\/papuosalas\/modernus-suzadetuviu-ziedas-su-deimantais-oval-halo-0-60-ct\/#primaryimage"},"thumbnailUrl":"https:\/\/topdiamonds.online\/wp-content\/uploads\/2025\/06\/TDO-1250-modernus-halo-suzadetuviu-ziedas-su-deimantu-oval-cut-7-1.jpg","datePublished":"2025-07-12T11:49:00+00:00","dateModified":"2025-07-30T07:57:26+00:00","description":"Modernus su\u017ead\u0117tuvi\u0173 \u017eiedas su deimantais \u2013 ovalo formos akmuo, Halo spindesys ir deimantais puo\u0161tas lankelis rafinuotai elegancijai.","breadcrumb":{"@id":"https:\/\/topdiamonds.online\/ru\/papuosalas\/modernus-suzadetuviu-ziedas-su-deimantais-oval-halo-0-60-ct\/#breadcrumb"},"inLanguage":"ru-RU","potentialAction":[{"@type":"ReadAction","target":["https:\/\/topdiamonds.online\/ru\/papuosalas\/modernus-suzadetuviu-ziedas-su-deimantais-oval-halo-0-60-ct\/"]}]},{"@type":"ImageObject","inLanguage":"ru-RU","@id":"https:\/\/topdiamonds.online\/ru\/papuosalas\/modernus-suzadetuviu-ziedas-su-deimantais-oval-halo-0-60-ct\/#primaryimage","url":"https:\/\/topdiamonds.online\/wp-content\/uploads\/2025\/06\/TDO-1250-modernus-halo-suzadetuviu-ziedas-su-deimantu-oval-cut-7-1.jpg","contentUrl":"https:\/\/topdiamonds.online\/wp-content\/uploads\/2025\/06\/TDO-1250-modernus-halo-suzadetuviu-ziedas-su-deimantu-oval-cut-7-1.jpg","width":800,"height":800,"caption":"Modernus su\u017ead\u0117tuvi\u0173 \u017eiedas su deimantais ir halo juostele i\u0161 balto aukso arba platinos - oval cut"},{"@type":"BreadcrumbList","@id":"https:\/\/topdiamonds.online\/ru\/papuosalas\/modernus-suzadetuviu-ziedas-su-deimantais-oval-halo-0-60-ct\/#breadcrumb","itemListElement":[{"@type":"ListItem","position":1,"name":"Home","item":"https:\/\/topdiamonds.online\/ru\/"},{"@type":"ListItem","position":2,"name":"\u041c\u0430\u0433\u0430\u0437\u0438\u043d","item":"https:\/\/topdiamonds.online\/ru\/%d0%bc%d0%b0%d0%b3%d0%b0%d0%b7%d0%b8%d0%bd\/"},{"@type":"ListItem","position":3,"name":"MODERNUS SU\u017dAD\u0116TUVI\u0172 \u017dIEDAS SU DEIMANTAIS OVAL HALO (0.60 ct)"}]},{"@type":"WebSite","@id":"https:\/\/topdiamonds.online\/ru\/#website","url":"https:\/\/topdiamonds.online\/ru\/","name":"Topdiamonds Online","description":"Juvelyrikos namai","publisher":{"@id":"https:\/\/topdiamonds.online\/ru\/#organization"},"potentialAction":[{"@type":"SearchAction","target":{"@type":"EntryPoint","urlTemplate":"https:\/\/topdiamonds.online\/ru\/?s={search_term_string}"},"query-input":{"@type":"PropertyValueSpecification","valueRequired":true,"valueName":"search_term_string"}}],"inLanguage":"ru-RU"},{"@type":"Organization","@id":"https:\/\/topdiamonds.online\/ru\/#organization","name":"Topdiamonds Online","url":"https:\/\/topdiamonds.online\/ru\/","logo":{"@type":"ImageObject","inLanguage":"ru-RU","@id":"https:\/\/topdiamonds.online\/ru\/#\/schema\/logo\/image\/","url":"https:\/\/topdiamonds.online\/wp-content\/uploads\/2025\/03\/cropped-logo.png","contentUrl":"https:\/\/topdiamonds.online\/wp-content\/uploads\/2025\/03\/cropped-logo.png","width":690,"height":126,"caption":"Topdiamonds Online"},"image":{"@id":"https:\/\/topdiamonds.online\/ru\/#\/schema\/logo\/image\/"}}]}},"_links":{"self":[{"href":"https:\/\/topdiamonds.online\/ru\/wp-json\/wp\/v2\/product\/24973","targetHints":{"allow":["GET"]}}],"collection":[{"href":"https:\/\/topdiamonds.online\/ru\/wp-json\/wp\/v2\/product"}],"about":[{"href":"https:\/\/topdiamonds.online\/ru\/wp-json\/wp\/v2\/types\/product"}],"version-history":[{"count":0,"href":"https:\/\/topdiamonds.online\/ru\/wp-json\/wp\/v2\/product\/24973\/revisions"}],"wp:featuredmedia":[{"embeddable":true,"href":"https:\/\/topdiamonds.online\/ru\/wp-json\/wp\/v2\/media\/18647"}],"wp:attachment":[{"href":"https:\/\/topdiamonds.online\/ru\/wp-json\/wp\/v2\/media?parent=24973"}],"wp:term":[{"taxonomy":"product_brand","embeddable":true,"href":"https:\/\/topdiamonds.online\/ru\/wp-json\/wp\/v2\/product_brand?post=24973"},{"taxonomy":"product_cat","embeddable":true,"href":"https:\/\/topdiamonds.online\/ru\/wp-json\/wp\/v2\/product_cat?post=24973"},{"taxonomy":"product_tag","embeddable":true,"href":"https:\/\/topdiamonds.online\/ru\/wp-json\/wp\/v2\/product_tag?post=24973"}],"curies":[{"name":"wp","href":"https:\/\/api.w.org\/{rel}","templated":true}]}}