{"id":15874,"date":"2025-06-02T13:47:03","date_gmt":"2025-06-02T13:47:03","guid":{"rendered":"https:\/\/topdiamonds.online\/?post_type=product&#038;p=15874"},"modified":"2025-06-02T13:50:06","modified_gmt":"2025-06-02T13:50:06","slug":"suzadetuviu-ziedo-gamyba","status":"publish","type":"product","link":"https:\/\/topdiamonds.online\/ru\/papuosalas\/suzadetuviu-ziedo-gamyba\/","title":{"rendered":"Su\u017ead\u0117tuvi\u0173 \u017eiedo gamyba"},"content":{"rendered":"<p><span data-sheets-root=\"1\"><strong>Visos kainos orientacin\u0117s.<\/strong> \u0160ioje prek\u0117je rodoma kaina yra be med\u017eiag\u0173\u00a0\u2013 tiksli kaina nustatoma po ap\u017ei\u016bros ar konsultacijos.<br \/>\nGalima\u00a0<strong>gamyba i\u0161 kliento turimo aukso<\/strong> \u2013 mokama tik u\u017e darb\u0105 ir papildomas med\u017eiagas (pvz.: deimantus, brangakmenius).<\/span><\/p>\n<p>&nbsp;<\/p>\n<p><strong><em>\u012e GAMYBOS KAIN\u0104 \u012eSKAI\u010cIUOTA:\u00a0<\/em><\/strong><\/p>\n<p>&nbsp;<\/p>\n<p>\u2022 <a href=\"https:\/\/topdiamonds.online\/ziedo-aukso-spalva\/\" target=\"_blank\" rel=\"noopener\"><strong>\u017died\u0173 aukso spalva<\/strong><\/a>: baltas, raudonas, geltonas<\/p>\n<p><span data-sheets-root=\"1\">\u2022 <a href=\"https:\/\/topdiamonds.online\/ziedo-matmenys\/\" target=\"_blank\" rel=\"noopener\"><strong>\u017died\u0173 matmenys<\/strong><\/a> (priklauso nuo j\u016bs\u0173)<\/span><\/p>\n<p><span data-sheets-root=\"1\">\u2022 <strong><a href=\"https:\/\/topdiamonds.online\/ziedo-komforto-zona\/\" target=\"_blank\" rel=\"noopener\">\u017died\u0173 komforto zona<\/a><\/strong>: yra.<\/span><\/p>\n<p><span data-sheets-root=\"1\">\u2022 <strong><a href=\"https:\/\/topdiamonds.online\/sertifikatai\/\" target=\"_blank\" rel=\"noopener\">Sertifikatai<\/a><\/strong>\u00a0(priklausomai nuo u\u017esakymo):<br \/>\nLaboratorijoje u\u017eaugintas deimantas: IGI sertifikatas.<br \/>\nNat\u016bralus deimantas: GIA sertifikatas.<br \/>\nLietuvos Prabavimo R\u016bmai (LPR)<br \/>\n<\/span><\/p>\n<p>\u2022\u00a0<a href=\"https:\/\/topdiamonds.online\/graviravimas\/\" target=\"_blank\" rel=\"noopener\"><strong>Graviravimas<\/strong><\/a>\u00a0nemokamai<\/p>\n<p>\u2022 Vienkartin\u0117 nemokama\u00a0<a href=\"https:\/\/topdiamonds.online\/ziedo-dydzio-keitimo-garantija\/\" target=\"_blank\" rel=\"noopener\"><strong>\u017eied\u0173 dyd\u017ei\u0173 keitimo garantija<\/strong><\/a><\/p>\n<p>\u2022\u00a0<a href=\"https:\/\/topdiamonds.online\/pristatymas-ir-grazinimas\/\" target=\"_blank\" rel=\"noopener\"><strong>Gamybos ir pristatymo terminas<\/strong><\/a>: 2-5 savait\u0117s.<\/p>\n<p>&nbsp;<\/p>\n<p><span data-sheets-root=\"1\"><strong><em>\u012e GAMYBOS KAIN\u0104 N\u0116RA \u012eSKAI\u010cIUOTA:\u00a0<\/em><\/strong><\/span><\/p>\n<p>&nbsp;<\/p>\n<p>\u2022\u00a0<a href=\"https:\/\/topdiamonds.online\/ziedo-metalai\/\" target=\"_blank\" rel=\"noopener\"><strong>\u017diedo metalai<\/strong><\/a>: 14K (585 prabos), 18K (750 prabos), 900 platina<\/p>\n<p>\u2022\u00a0<a href=\"https:\/\/topdiamonds.online\/ziedo-svoris\/\" target=\"_blank\" rel=\"noopener\"><strong>\u017died\u0173 dydis ir svoris<\/strong><\/a>: (priklauso nuo dyd\u017eio ir prabos): apie 5 g<\/p>\n<p>\u2022 \u017diedo spalva:\u00a0<strong><a href=\"https:\/\/topdiamonds.online\/rodziavimas\/\" target=\"_blank\" rel=\"noopener\">rod\u017eio padengimas<\/a><\/strong><\/p>\n<p>\u2022\u00a0<strong><a href=\"https:\/\/topdiamonds.online\/deimanto-forma\/\" target=\"_blank\" rel=\"noopener\">Deimant\u0173 formos<\/a><\/strong>: n\u0117ra (galima keisti)<\/p>\n<p>\u2022\u00a0<strong><a href=\"https:\/\/topdiamonds.online\/deimantu-tipai-ir-charakteristikos\/\" target=\"_blank\" rel=\"noopener\">Deimant\u0173 tipai ir charakteristikos<\/a><\/strong>: n\u0117ra (galima keisti)<\/p>\n<p>&nbsp;<\/p>\n<p>Turite auksini\u0173 papuo\u0161al\u0173, kuri\u0173 jau seniai nene\u0161iojate? Suteikite jiems antr\u0105 gyvenim\u0105. Jeigu j\u016bs\u0173 turimas auksas yra brangus \u0161eimos palikimas ar relikvija, kupina prisiminim\u0173, m\u016bs\u0173 juvelyras su pagarba j\u012f pavers j\u016bs\u0173 su\u017ead\u0117tuvi\u0173 \u017eiedu, vertu naujos istorijos. \u017died\u0105 galime pagaminti i\u0161 j\u016bs\u0173 turimo aukso arba naudoti m\u016bs\u0173 tauriuosius metalus \u2013 o j\u016bs\u0173 turim\u0105 kiek\u012f \u012fskaitysime pagal svor\u012f. <a href=\"https:\/\/topdiamonds.online\/kontaktai\/\" target=\"_blank\" rel=\"noopener\"><strong>Susisiekite su mumis<\/strong><\/a>\u00a0\u2013 i\u0161klausysime j\u016bs\u0173 norus ir paskai\u010diuosime kain\u0105, mok\u0117site tik u\u017e su\u017ead\u0117tuvi\u0173 \u017eiedo gamyb\u0105.<\/p>\n","protected":false},"excerpt":{"rendered":"<p data-start=\"221\" data-end=\"460\">Kiekvienas su\u017ead\u0117tuvi\u0173 \u017eiedo gamybos u\u017esakymas \u2013 tai asmeninis procesas, prasidedantis ne nuo formos, o nuo jausmo. M\u016bs\u0173 juvelyras dirba individualiai, laikantis auk\u0161\u010diausi\u0173 juvelyrikos gamybos standart\u0173, pagal j\u016bs\u0173 pasirinkimus \u2013 nuo metalo spalvos iki pavir\u0161iaus tekst\u016bros. J\u016bs\u0173 individualus u\u017esakymas n\u0117ra masin\u0117 gamyba \u2013 tai rank\u0173 darbas, kuris nepakl\u016bsta tendencijoms. Modernus dizainas, kruop\u0161\u010diai atrinkti metalai ir komforto zona \u2013 visa tai tam, kad \u017eiedas ne tik atspind\u0117t\u0173 j\u016bs\u0173 istorij\u0105, bet ir b\u016bt\u0173 patogus kasdieniniam ne\u0161iojimui.<\/p>\n","protected":false},"featured_media":15875,"template":"","meta":{"site-sidebar-layout":"default","site-content-layout":"","ast-site-content-layout":"default","site-content-style":"default","site-sidebar-style":"default","ast-global-header-display":"","ast-banner-title-visibility":"","ast-main-header-display":"","ast-hfb-above-header-display":"","ast-hfb-below-header-display":"","ast-hfb-mobile-header-display":"","site-post-title":"","ast-breadcrumbs-content":"","ast-featured-img":"","footer-sml-layout":"","theme-transparent-header-meta":"default","adv-header-id-meta":"","stick-header-meta":"","header-above-stick-meta":"","header-main-stick-meta":"","header-below-stick-meta":"","astra-migrate-meta-layouts":"set","ast-page-background-enabled":"default","ast-page-background-meta":{"desktop":{"background-color":"var(--ast-global-color-4)","background-image":"","background-repeat":"repeat","background-position":"center center","background-size":"auto","background-attachment":"scroll","background-type":"","background-media":"","overlay-type":"","overlay-color":"","overlay-opacity":"","overlay-gradient":""},"tablet":{"background-color":"","background-image":"","background-repeat":"repeat","background-position":"center center","background-size":"auto","background-attachment":"scroll","background-type":"","background-media":"","overlay-type":"","overlay-color":"","overlay-opacity":"","overlay-gradient":""},"mobile":{"background-color":"","background-image":"","background-repeat":"repeat","background-position":"center center","background-size":"auto","background-attachment":"scroll","background-type":"","background-media":"","overlay-type":"","overlay-color":"","overlay-opacity":"","overlay-gradient":""}},"ast-content-background-meta":{"desktop":{"background-color":"var(--ast-global-color-5)","background-image":"","background-repeat":"repeat","background-position":"center center","background-size":"auto","background-attachment":"scroll","background-type":"","background-media":"","overlay-type":"","overlay-color":"","overlay-opacity":"","overlay-gradient":""},"tablet":{"background-color":"var(--ast-global-color-5)","background-image":"","background-repeat":"repeat","background-position":"center center","background-size":"auto","background-attachment":"scroll","background-type":"","background-media":"","overlay-type":"","overlay-color":"","overlay-opacity":"","overlay-gradient":""},"mobile":{"background-color":"var(--ast-global-color-5)","background-image":"","background-repeat":"repeat","background-position":"center center","background-size":"auto","background-attachment":"scroll","background-type":"","background-media":"","overlay-type":"","overlay-color":"","overlay-opacity":"","overlay-gradient":""}}},"product_brand":[],"product_cat":[134],"product_tag":[],"class_list":{"0":"post-15874","1":"product","2":"type-product","3":"status-publish","4":"has-post-thumbnail","6":"product_cat-juvelyras","7":"desktop-align-center","8":"tablet-align-left","9":"mobile-align-left","10":"ast-product-gallery-layout-horizontal-slider","11":"ast-product-gallery-with-no-image","12":"ast-product-tabs-layout-accordion","13":"ast-qv-on-image","15":"first","16":"instock","17":"taxable","18":"shipping-taxable","19":"purchasable","20":"product-type-simple"},"yoast_head":"<!-- This site is optimized with the Yoast SEO plugin v26.6 - https:\/\/yoast.com\/wordpress\/plugins\/seo\/ -->\n<title>Su\u017ead\u0117tuvi\u0173 \u017eiedo gamyba<\/title>\n<meta name=\"description\" content=\"Individuali su\u017ead\u0117tuvi\u0173 \u017eiedo gamyba pagal j\u016bs\u0173 vizij\u0105 \u2013 juvelyro rankomis kuriamas \u017eiedas, kuriame susilieja estetika, meistryst\u0117 ir prasm\u0117.\" \/>\n<meta name=\"robots\" content=\"index, follow, max-snippet:-1, max-image-preview:large, max-video-preview:-1\" \/>\n<link rel=\"canonical\" href=\"https:\/\/topdiamonds.online\/ru\/papuosalas\/suzadetuviu-ziedo-gamyba\/\" \/>\n<meta property=\"og:locale\" content=\"ru_RU\" \/>\n<meta property=\"og:type\" content=\"article\" \/>\n<meta property=\"og:title\" content=\"Su\u017ead\u0117tuvi\u0173 \u017eiedo gamyba\" \/>\n<meta property=\"og:description\" content=\"Individuali su\u017ead\u0117tuvi\u0173 \u017eiedo gamyba pagal j\u016bs\u0173 vizij\u0105 \u2013 juvelyro rankomis kuriamas \u017eiedas, kuriame susilieja estetika, meistryst\u0117 ir prasm\u0117.\" \/>\n<meta property=\"og:url\" content=\"https:\/\/topdiamonds.online\/ru\/papuosalas\/suzadetuviu-ziedo-gamyba\/\" \/>\n<meta property=\"og:site_name\" content=\"Topdiamonds Online\" \/>\n<meta property=\"article:modified_time\" content=\"2025-06-02T13:50:06+00:00\" \/>\n<meta property=\"og:image\" content=\"https:\/\/topdiamonds.online\/wp-content\/uploads\/2025\/06\/suzdetuviu-ziedas-juvelyras.png\" \/>\n\t<meta property=\"og:image:width\" content=\"800\" \/>\n\t<meta property=\"og:image:height\" content=\"800\" \/>\n\t<meta property=\"og:image:type\" content=\"image\/png\" \/>\n<meta name=\"twitter:card\" content=\"summary_large_image\" \/>\n<meta name=\"twitter:label1\" content=\"\u041f\u0440\u0438\u043c\u0435\u0440\u043d\u043e\u0435 \u0432\u0440\u0435\u043c\u044f \u0434\u043b\u044f \u0447\u0442\u0435\u043d\u0438\u044f\" \/>\n\t<meta name=\"twitter:data1\" content=\"2 \u043c\u0438\u043d\u0443\u0442\u044b\" \/>\n<script type=\"application\/ld+json\" class=\"yoast-schema-graph\">{\"@context\":\"https:\/\/schema.org\",\"@graph\":[{\"@type\":\"WebPage\",\"@id\":\"https:\/\/topdiamonds.online\/ru\/papuosalas\/suzadetuviu-ziedo-gamyba\/\",\"url\":\"https:\/\/topdiamonds.online\/ru\/papuosalas\/suzadetuviu-ziedo-gamyba\/\",\"name\":\"Su\u017ead\u0117tuvi\u0173 \u017eiedo gamyba\",\"isPartOf\":{\"@id\":\"https:\/\/topdiamonds.online\/ru\/#website\"},\"primaryImageOfPage\":{\"@id\":\"https:\/\/topdiamonds.online\/ru\/papuosalas\/suzadetuviu-ziedo-gamyba\/#primaryimage\"},\"image\":{\"@id\":\"https:\/\/topdiamonds.online\/ru\/papuosalas\/suzadetuviu-ziedo-gamyba\/#primaryimage\"},\"thumbnailUrl\":\"https:\/\/topdiamonds.online\/wp-content\/uploads\/2025\/06\/suzdetuviu-ziedas-juvelyras.png\",\"datePublished\":\"2025-06-02T13:47:03+00:00\",\"dateModified\":\"2025-06-02T13:50:06+00:00\",\"description\":\"Individuali su\u017ead\u0117tuvi\u0173 \u017eiedo gamyba pagal j\u016bs\u0173 vizij\u0105 \u2013 juvelyro rankomis kuriamas \u017eiedas, kuriame susilieja estetika, meistryst\u0117 ir prasm\u0117.\",\"breadcrumb\":{\"@id\":\"https:\/\/topdiamonds.online\/ru\/papuosalas\/suzadetuviu-ziedo-gamyba\/#breadcrumb\"},\"inLanguage\":\"ru-RU\",\"potentialAction\":[{\"@type\":\"ReadAction\",\"target\":[\"https:\/\/topdiamonds.online\/ru\/papuosalas\/suzadetuviu-ziedo-gamyba\/\"]}]},{\"@type\":\"ImageObject\",\"inLanguage\":\"ru-RU\",\"@id\":\"https:\/\/topdiamonds.online\/ru\/papuosalas\/suzadetuviu-ziedo-gamyba\/#primaryimage\",\"url\":\"https:\/\/topdiamonds.online\/wp-content\/uploads\/2025\/06\/suzdetuviu-ziedas-juvelyras.png\",\"contentUrl\":\"https:\/\/topdiamonds.online\/wp-content\/uploads\/2025\/06\/suzdetuviu-ziedas-juvelyras.png\",\"width\":800,\"height\":800,\"caption\":\"Su\u017ead\u0117tuvi\u0173 \u017eiedo gamyba - juvelyro paslaugos\"},{\"@type\":\"BreadcrumbList\",\"@id\":\"https:\/\/topdiamonds.online\/ru\/papuosalas\/suzadetuviu-ziedo-gamyba\/#breadcrumb\",\"itemListElement\":[{\"@type\":\"ListItem\",\"position\":1,\"name\":\"Home\",\"item\":\"https:\/\/topdiamonds.online\/ru\/\"},{\"@type\":\"ListItem\",\"position\":2,\"name\":\"\u041c\u0430\u0433\u0430\u0437\u0438\u043d\",\"item\":\"https:\/\/topdiamonds.online\/ru\/%d0%bc%d0%b0%d0%b3%d0%b0%d0%b7%d0%b8%d0%bd\/\"},{\"@type\":\"ListItem\",\"position\":3,\"name\":\"Su\u017ead\u0117tuvi\u0173 \u017eiedo gamyba\"}]},{\"@type\":\"WebSite\",\"@id\":\"https:\/\/topdiamonds.online\/ru\/#website\",\"url\":\"https:\/\/topdiamonds.online\/ru\/\",\"name\":\"Topdiamonds Online\",\"description\":\"Juvelyrikos namai\",\"publisher\":{\"@id\":\"https:\/\/topdiamonds.online\/ru\/#organization\"},\"potentialAction\":[{\"@type\":\"SearchAction\",\"target\":{\"@type\":\"EntryPoint\",\"urlTemplate\":\"https:\/\/topdiamonds.online\/ru\/?s={search_term_string}\"},\"query-input\":{\"@type\":\"PropertyValueSpecification\",\"valueRequired\":true,\"valueName\":\"search_term_string\"}}],\"inLanguage\":\"ru-RU\"},{\"@type\":\"Organization\",\"@id\":\"https:\/\/topdiamonds.online\/ru\/#organization\",\"name\":\"Topdiamonds Online\",\"url\":\"https:\/\/topdiamonds.online\/ru\/\",\"logo\":{\"@type\":\"ImageObject\",\"inLanguage\":\"ru-RU\",\"@id\":\"https:\/\/topdiamonds.online\/ru\/#\/schema\/logo\/image\/\",\"url\":\"https:\/\/topdiamonds.online\/wp-content\/uploads\/2025\/03\/cropped-logo.png\",\"contentUrl\":\"https:\/\/topdiamonds.online\/wp-content\/uploads\/2025\/03\/cropped-logo.png\",\"width\":690,\"height\":126,\"caption\":\"Topdiamonds Online\"},\"image\":{\"@id\":\"https:\/\/topdiamonds.online\/ru\/#\/schema\/logo\/image\/\"}}]}<\/script>\n<!-- \/ Yoast SEO plugin. -->","yoast_head_json":{"title":"Su\u017ead\u0117tuvi\u0173 \u017eiedo gamyba","description":"Individuali su\u017ead\u0117tuvi\u0173 \u017eiedo gamyba pagal j\u016bs\u0173 vizij\u0105 \u2013 juvelyro rankomis kuriamas \u017eiedas, kuriame susilieja estetika, meistryst\u0117 ir prasm\u0117.","robots":{"index":"index","follow":"follow","max-snippet":"max-snippet:-1","max-image-preview":"max-image-preview:large","max-video-preview":"max-video-preview:-1"},"canonical":"https:\/\/topdiamonds.online\/ru\/papuosalas\/suzadetuviu-ziedo-gamyba\/","og_locale":"ru_RU","og_type":"article","og_title":"Su\u017ead\u0117tuvi\u0173 \u017eiedo gamyba","og_description":"Individuali su\u017ead\u0117tuvi\u0173 \u017eiedo gamyba pagal j\u016bs\u0173 vizij\u0105 \u2013 juvelyro rankomis kuriamas \u017eiedas, kuriame susilieja estetika, meistryst\u0117 ir prasm\u0117.","og_url":"https:\/\/topdiamonds.online\/ru\/papuosalas\/suzadetuviu-ziedo-gamyba\/","og_site_name":"Topdiamonds Online","article_modified_time":"2025-06-02T13:50:06+00:00","og_image":[{"width":800,"height":800,"url":"https:\/\/topdiamonds.online\/wp-content\/uploads\/2025\/06\/suzdetuviu-ziedas-juvelyras.png","type":"image\/png"}],"twitter_card":"summary_large_image","twitter_misc":{"\u041f\u0440\u0438\u043c\u0435\u0440\u043d\u043e\u0435 \u0432\u0440\u0435\u043c\u044f \u0434\u043b\u044f \u0447\u0442\u0435\u043d\u0438\u044f":"2 \u043c\u0438\u043d\u0443\u0442\u044b"},"schema":{"@context":"https:\/\/schema.org","@graph":[{"@type":"WebPage","@id":"https:\/\/topdiamonds.online\/ru\/papuosalas\/suzadetuviu-ziedo-gamyba\/","url":"https:\/\/topdiamonds.online\/ru\/papuosalas\/suzadetuviu-ziedo-gamyba\/","name":"Su\u017ead\u0117tuvi\u0173 \u017eiedo gamyba","isPartOf":{"@id":"https:\/\/topdiamonds.online\/ru\/#website"},"primaryImageOfPage":{"@id":"https:\/\/topdiamonds.online\/ru\/papuosalas\/suzadetuviu-ziedo-gamyba\/#primaryimage"},"image":{"@id":"https:\/\/topdiamonds.online\/ru\/papuosalas\/suzadetuviu-ziedo-gamyba\/#primaryimage"},"thumbnailUrl":"https:\/\/topdiamonds.online\/wp-content\/uploads\/2025\/06\/suzdetuviu-ziedas-juvelyras.png","datePublished":"2025-06-02T13:47:03+00:00","dateModified":"2025-06-02T13:50:06+00:00","description":"Individuali su\u017ead\u0117tuvi\u0173 \u017eiedo gamyba pagal j\u016bs\u0173 vizij\u0105 \u2013 juvelyro rankomis kuriamas \u017eiedas, kuriame susilieja estetika, meistryst\u0117 ir prasm\u0117.","breadcrumb":{"@id":"https:\/\/topdiamonds.online\/ru\/papuosalas\/suzadetuviu-ziedo-gamyba\/#breadcrumb"},"inLanguage":"ru-RU","potentialAction":[{"@type":"ReadAction","target":["https:\/\/topdiamonds.online\/ru\/papuosalas\/suzadetuviu-ziedo-gamyba\/"]}]},{"@type":"ImageObject","inLanguage":"ru-RU","@id":"https:\/\/topdiamonds.online\/ru\/papuosalas\/suzadetuviu-ziedo-gamyba\/#primaryimage","url":"https:\/\/topdiamonds.online\/wp-content\/uploads\/2025\/06\/suzdetuviu-ziedas-juvelyras.png","contentUrl":"https:\/\/topdiamonds.online\/wp-content\/uploads\/2025\/06\/suzdetuviu-ziedas-juvelyras.png","width":800,"height":800,"caption":"Su\u017ead\u0117tuvi\u0173 \u017eiedo gamyba - juvelyro paslaugos"},{"@type":"BreadcrumbList","@id":"https:\/\/topdiamonds.online\/ru\/papuosalas\/suzadetuviu-ziedo-gamyba\/#breadcrumb","itemListElement":[{"@type":"ListItem","position":1,"name":"Home","item":"https:\/\/topdiamonds.online\/ru\/"},{"@type":"ListItem","position":2,"name":"\u041c\u0430\u0433\u0430\u0437\u0438\u043d","item":"https:\/\/topdiamonds.online\/ru\/%d0%bc%d0%b0%d0%b3%d0%b0%d0%b7%d0%b8%d0%bd\/"},{"@type":"ListItem","position":3,"name":"Su\u017ead\u0117tuvi\u0173 \u017eiedo gamyba"}]},{"@type":"WebSite","@id":"https:\/\/topdiamonds.online\/ru\/#website","url":"https:\/\/topdiamonds.online\/ru\/","name":"Topdiamonds Online","description":"Juvelyrikos namai","publisher":{"@id":"https:\/\/topdiamonds.online\/ru\/#organization"},"potentialAction":[{"@type":"SearchAction","target":{"@type":"EntryPoint","urlTemplate":"https:\/\/topdiamonds.online\/ru\/?s={search_term_string}"},"query-input":{"@type":"PropertyValueSpecification","valueRequired":true,"valueName":"search_term_string"}}],"inLanguage":"ru-RU"},{"@type":"Organization","@id":"https:\/\/topdiamonds.online\/ru\/#organization","name":"Topdiamonds Online","url":"https:\/\/topdiamonds.online\/ru\/","logo":{"@type":"ImageObject","inLanguage":"ru-RU","@id":"https:\/\/topdiamonds.online\/ru\/#\/schema\/logo\/image\/","url":"https:\/\/topdiamonds.online\/wp-content\/uploads\/2025\/03\/cropped-logo.png","contentUrl":"https:\/\/topdiamonds.online\/wp-content\/uploads\/2025\/03\/cropped-logo.png","width":690,"height":126,"caption":"Topdiamonds Online"},"image":{"@id":"https:\/\/topdiamonds.online\/ru\/#\/schema\/logo\/image\/"}}]}},"_links":{"self":[{"href":"https:\/\/topdiamonds.online\/ru\/wp-json\/wp\/v2\/product\/15874","targetHints":{"allow":["GET"]}}],"collection":[{"href":"https:\/\/topdiamonds.online\/ru\/wp-json\/wp\/v2\/product"}],"about":[{"href":"https:\/\/topdiamonds.online\/ru\/wp-json\/wp\/v2\/types\/product"}],"version-history":[{"count":0,"href":"https:\/\/topdiamonds.online\/ru\/wp-json\/wp\/v2\/product\/15874\/revisions"}],"wp:featuredmedia":[{"embeddable":true,"href":"https:\/\/topdiamonds.online\/ru\/wp-json\/wp\/v2\/media\/15875"}],"wp:attachment":[{"href":"https:\/\/topdiamonds.online\/ru\/wp-json\/wp\/v2\/media?parent=15874"}],"wp:term":[{"taxonomy":"product_brand","embeddable":true,"href":"https:\/\/topdiamonds.online\/ru\/wp-json\/wp\/v2\/product_brand?post=15874"},{"taxonomy":"product_cat","embeddable":true,"href":"https:\/\/topdiamonds.online\/ru\/wp-json\/wp\/v2\/product_cat?post=15874"},{"taxonomy":"product_tag","embeddable":true,"href":"https:\/\/topdiamonds.online\/ru\/wp-json\/wp\/v2\/product_tag?post=15874"}],"curies":[{"name":"wp","href":"https:\/\/api.w.org\/{rel}","templated":true}]}}