{"id":30435,"date":"2025-08-06T16:22:39","date_gmt":"2025-08-06T16:22:39","guid":{"rendered":"https:\/\/topdiamonds.online\/?post_type=product&#038;p=30435"},"modified":"2025-08-06T16:35:36","modified_gmt":"2025-08-06T16:35:36","slug":"halo-auskarai-su-deimantais-emerald-deimantai-1-70-ct","status":"publish","type":"product","link":"https:\/\/topdiamonds.online\/lv\/papuosalas\/halo-auskarai-su-deimantais-emerald-deimantai-1-70-ct\/","title":{"rendered":"Halo auskarai su deimantais &#8211; EMERALD deimantai (1.70 ct)"},"content":{"rendered":"<p><span data-sheets-root=\"1\">Sta\u010diakampio formos deimantai kuria \u0161var\u0173, \u0161iuolaiki\u0161k\u0105 siluet\u0105, kuris i\u0161laiko klasikin\u012f \u017eaves\u012f. Halo dizainas sustiprina kiekvieno akmens \u0161vyt\u0117jim\u0105 ir suteikia auskarams papildomo \u0161viesos gylio. Lengvi ir patog\u016bs, \u0161ie auskarai ne tik puo\u0161ia, bet ir leid\u017eia jaustis i\u0161skirtinai \u2013 eleganti\u0161kai ir pasitiki\u010diai savimi. Toks papuo\u0161alas i\u0161lieka aktualus nepaisant mados v\u0117j\u0173 ir visuomet atrodo solid\u017eiai.<br \/>\nPagaminta laikantis auk\u0161\u010diausi\u0173 juvelyrikos gamybos standart\u0173. Auskarai gali b\u016bti pagaminti pagal u\u017esakym\u0105: u\u017e papildom\u0105 mokest\u012f su auk\u0161tesn\u0117s kokyb\u0117s deimantais.<br \/>\n<\/span><\/p>\n<p>&nbsp;<\/p>\n<p>\u2022 <a href=\"https:\/\/topdiamonds.online\/auskaru-metalas\/\" target=\"_blank\" rel=\"noopener\"><strong>Auskar\u0173 metalas<\/strong><\/a>: 14K (585 prabos), 18K (750 prabos), 900 platina<br \/>\n\u2022 <a href=\"https:\/\/topdiamonds.online\/auskaru-aukso-spalva\/\" target=\"_blank\" rel=\"noopener\"><strong>Auskar\u0173 aukso spalva<\/strong><\/a>: baltas, raudonas, geltonas<br \/>\n\u2022 <strong><a href=\"https:\/\/topdiamonds.online\/auskaru-matmenys\/\" target=\"_blank\" rel=\"noopener\">Auskar\u0173 kar\u016bn\u0117l\u0117s plotis<\/a><\/strong>: apie 6.5 mm x 4.5 mm (galima keisti)<br \/>\n\u2022 Bendras <a href=\"https:\/\/topdiamonds.online\/auskaru-aukso-svoris\/\" target=\"_blank\" rel=\"noopener\"><strong>aukso svoris<\/strong><\/a>: apie 1.50 g<br \/>\n\u2022 Bendras <a href=\"https:\/\/topdiamonds.online\/deimantu-svoris\/\" target=\"_blank\" rel=\"noopener\"><strong>deimant\u0173 svoris<\/strong><\/a>: 1.70 ct<br \/>\n\u2022 <a href=\"https:\/\/topdiamonds.online\/deimanto-forma\/\" target=\"_blank\" rel=\"noopener\"><strong>Deimant\u0173 forma<\/strong><\/a>: Sta\u010diakampio forma (<em>Emerald cut<\/em>)<br \/>\n\u2022 <a href=\"https:\/\/topdiamonds.online\/deimantu-tipai\/\" target=\"_blank\" rel=\"noopener\"><strong>Deimant\u0173 tipai<\/strong><\/a>: Laboratorijoje u\u017eauginti deimantai arba natural\u016bs deimantai<br \/>\n\u2022 <a href=\"https:\/\/topdiamonds.online\/deimanto-charakteristika\/\" target=\"_blank\" rel=\"noopener\"><strong>Deimanto svoris ir charakteristika<\/strong><\/a> (galima keisti):<br \/>\nLaboratorijoje u\u017eaugintas deimantas: 0.70 ct centrinis deimantas (spalva D-E, \u0161varumas VVS), IGI sertifikatas<br \/>\nNat\u016bralus deimantas: 0.70 ct centrinis deimantas (spalva G-I, \u0161varumas SI), GIA sertifikatas<br \/>\nHalo apdailoje: apie 0.15 ct deimantai<br \/>\n\u2022 <a href=\"https:\/\/topdiamonds.online\/pristatymas-ir-grazinimas\/\" target=\"_blank\" rel=\"noopener\"><strong>Gamybos ir pristatymo terminas<\/strong><\/a>: apie 14 darbo dien\u0173, skubos tvarka per 7 d.d.<br \/>\n<strong>Pastaba<\/strong>: perkant Halo stiliaus auskarus galima bendro karat\u0173 svorio paklaida: 1.68 &#8211; 1.72 ct<\/p>\n<p>&nbsp;<\/p>\n<p>Turite savo brangakmen\u012f, ar auks\u0105? Perskai\u010diuosime kain\u0105 ir mok\u0117site tik u\u017e auskar\u0173 gamyb\u0105. O gal norite keisti deimant\u0173 charakteristik\u0105 pagal savo pageidavimus? <a href=\"https:\/\/topdiamonds.online\/kontaktai\/\" target=\"_blank\" rel=\"noopener\"><strong>Susisiekite<\/strong><\/a>!<br \/>\nAtraskite plat\u0173 juvelyrikos su deimantais pasirinkim\u0105, atitinkant\u012f \u012fvairius skonius ir biud\u017eetu. Suksikurk ir personalizuok savo papuo\u0161al\u0105 su <a href=\"https:\/\/topdiamonds.online\/\" target=\"_blank\" rel=\"noopener\">TopDiamonds.Online<\/a>.<\/p>\n","protected":false},"excerpt":{"rendered":"<p><span data-sheets-root=\"1\">\u0160ie Halo auskarai su deimantais \u2013 tai puikus pasirinkimas norintiems d\u0117v\u0117ti ka\u017ek\u0105 unikalaus, eleganti\u0161ko, bet i\u0161skirtinio. Pagrindiniai <em>Emerald<\/em> pj\u016bvio deimantai \u012fsp\u016bdingai i\u0161siskiria savo forma ir \u0161viesos \u017eaismu. Halo stiliaus ma\u017eesni deimantai suteikia papildomo spindesio ir pabr\u0117\u017eia centrinio akmens geometrij\u0105. Tokie auskarai puo\u0161ia neperkraudami ir tampa pagrindiniu akcentu tiek dien\u0105, tiek vakare. Tobulas stiliaus ir proporcijos balansas.<\/span><\/p>\n","protected":false},"featured_media":21284,"template":"","meta":{"site-sidebar-layout":"default","site-content-layout":"","ast-site-content-layout":"default","site-content-style":"default","site-sidebar-style":"default","ast-global-header-display":"","ast-banner-title-visibility":"","ast-main-header-display":"","ast-hfb-above-header-display":"","ast-hfb-below-header-display":"","ast-hfb-mobile-header-display":"","site-post-title":"","ast-breadcrumbs-content":"","ast-featured-img":"","footer-sml-layout":"","theme-transparent-header-meta":"default","adv-header-id-meta":"","stick-header-meta":"","header-above-stick-meta":"","header-main-stick-meta":"","header-below-stick-meta":"","astra-migrate-meta-layouts":"set","ast-page-background-enabled":"default","ast-page-background-meta":{"desktop":{"background-color":"var(--ast-global-color-4)","background-image":"","background-repeat":"repeat","background-position":"center center","background-size":"auto","background-attachment":"scroll","background-type":"","background-media":"","overlay-type":"","overlay-color":"","overlay-opacity":"","overlay-gradient":""},"tablet":{"background-color":"","background-image":"","background-repeat":"repeat","background-position":"center center","background-size":"auto","background-attachment":"scroll","background-type":"","background-media":"","overlay-type":"","overlay-color":"","overlay-opacity":"","overlay-gradient":""},"mobile":{"background-color":"","background-image":"","background-repeat":"repeat","background-position":"center center","background-size":"auto","background-attachment":"scroll","background-type":"","background-media":"","overlay-type":"","overlay-color":"","overlay-opacity":"","overlay-gradient":""}},"ast-content-background-meta":{"desktop":{"background-color":"var(--ast-global-color-5)","background-image":"","background-repeat":"repeat","background-position":"center center","background-size":"auto","background-attachment":"scroll","background-type":"","background-media":"","overlay-type":"","overlay-color":"","overlay-opacity":"","overlay-gradient":""},"tablet":{"background-color":"var(--ast-global-color-5)","background-image":"","background-repeat":"repeat","background-position":"center center","background-size":"auto","background-attachment":"scroll","background-type":"","background-media":"","overlay-type":"","overlay-color":"","overlay-opacity":"","overlay-gradient":""},"mobile":{"background-color":"var(--ast-global-color-5)","background-image":"","background-repeat":"repeat","background-position":"center center","background-size":"auto","background-attachment":"scroll","background-type":"","background-media":"","overlay-type":"","overlay-color":"","overlay-opacity":"","overlay-gradient":""}}},"product_brand":[],"product_cat":[67,135,63,72],"product_tag":[],"class_list":{"0":"post-30435","1":"product","2":"type-product","3":"status-publish","4":"has-post-thumbnail","6":"product_cat-auskarai-su-deimantais","7":"product_cat-dovanu-idejos","8":"product_cat-juvelyrika","9":"product_cat-juvelyrika-moterims","10":"desktop-align-center","11":"tablet-align-left","12":"mobile-align-left","13":"ast-product-gallery-layout-horizontal-slider","14":"ast-product-single-variable","15":"ast-product-tabs-layout-accordion","16":"ast-qv-on-image","18":"first","19":"instock","20":"taxable","21":"shipping-taxable","22":"purchasable","23":"product-type-variable"},"yoast_head":"<!-- This site is optimized with the Yoast SEO plugin v26.6 - https:\/\/yoast.com\/wordpress\/plugins\/seo\/ -->\n<title>Halo auskarai su deimantais - EMERALD deimantai (1.70 ct)<\/title>\n<meta name=\"description\" content=\"Halo auskarai su deimantais \u2013 i\u0161gryninta forma, elegancija ir sta\u010diakampio formos akmens \u0161vyt\u0117jimas, sustiprintas Halo juostele.\" \/>\n<meta name=\"robots\" content=\"index, follow, max-snippet:-1, max-image-preview:large, max-video-preview:-1\" \/>\n<link rel=\"canonical\" href=\"https:\/\/topdiamonds.online\/lv\/papuosalas\/halo-auskarai-su-deimantais-emerald-deimantai-1-70-ct\/\" \/>\n<meta property=\"og:locale\" content=\"lv_LV\" \/>\n<meta property=\"og:type\" content=\"article\" \/>\n<meta property=\"og:title\" content=\"Halo auskarai su deimantais - EMERALD deimantai (1.70 ct)\" \/>\n<meta property=\"og:description\" content=\"Halo auskarai su deimantais \u2013 i\u0161gryninta forma, elegancija ir sta\u010diakampio formos akmens \u0161vyt\u0117jimas, sustiprintas Halo juostele.\" \/>\n<meta property=\"og:url\" content=\"https:\/\/topdiamonds.online\/lv\/papuosalas\/halo-auskarai-su-deimantais-emerald-deimantai-1-70-ct\/\" \/>\n<meta property=\"og:site_name\" content=\"Topdiamonds Online\" \/>\n<meta property=\"article:modified_time\" content=\"2025-08-06T16:35:36+00:00\" \/>\n<meta property=\"og:image\" content=\"https:\/\/topdiamonds.online\/wp-content\/uploads\/2025\/06\/Auskarai-su-deimantais-EMERALD-HALO-DEIMANTAI-2020-1.png\" \/>\n\t<meta property=\"og:image:width\" content=\"800\" \/>\n\t<meta property=\"og:image:height\" content=\"800\" \/>\n\t<meta property=\"og:image:type\" content=\"image\/png\" \/>\n<meta name=\"twitter:card\" content=\"summary_large_image\" \/>\n<meta name=\"twitter:label1\" content=\"Est. reading time\" \/>\n\t<meta name=\"twitter:data1\" content=\"2 minutes\" \/>\n<script type=\"application\/ld+json\" class=\"yoast-schema-graph\">{\"@context\":\"https:\/\/schema.org\",\"@graph\":[{\"@type\":\"WebPage\",\"@id\":\"https:\/\/topdiamonds.online\/lv\/papuosalas\/halo-auskarai-su-deimantais-emerald-deimantai-1-70-ct\/\",\"url\":\"https:\/\/topdiamonds.online\/lv\/papuosalas\/halo-auskarai-su-deimantais-emerald-deimantai-1-70-ct\/\",\"name\":\"Halo auskarai su deimantais - EMERALD deimantai (1.70 ct)\",\"isPartOf\":{\"@id\":\"https:\/\/topdiamonds.online\/lv\/#website\"},\"primaryImageOfPage\":{\"@id\":\"https:\/\/topdiamonds.online\/lv\/papuosalas\/halo-auskarai-su-deimantais-emerald-deimantai-1-70-ct\/#primaryimage\"},\"image\":{\"@id\":\"https:\/\/topdiamonds.online\/lv\/papuosalas\/halo-auskarai-su-deimantais-emerald-deimantai-1-70-ct\/#primaryimage\"},\"thumbnailUrl\":\"https:\/\/topdiamonds.online\/wp-content\/uploads\/2025\/06\/Auskarai-su-deimantais-EMERALD-HALO-DEIMANTAI-2020-1.png\",\"datePublished\":\"2025-08-06T16:22:39+00:00\",\"dateModified\":\"2025-08-06T16:35:36+00:00\",\"description\":\"Halo auskarai su deimantais \u2013 i\u0161gryninta forma, elegancija ir sta\u010diakampio formos akmens \u0161vyt\u0117jimas, sustiprintas Halo juostele.\",\"breadcrumb\":{\"@id\":\"https:\/\/topdiamonds.online\/lv\/papuosalas\/halo-auskarai-su-deimantais-emerald-deimantai-1-70-ct\/#breadcrumb\"},\"inLanguage\":\"lv-LV\",\"potentialAction\":[{\"@type\":\"ReadAction\",\"target\":[\"https:\/\/topdiamonds.online\/lv\/papuosalas\/halo-auskarai-su-deimantais-emerald-deimantai-1-70-ct\/\"]}]},{\"@type\":\"ImageObject\",\"inLanguage\":\"lv-LV\",\"@id\":\"https:\/\/topdiamonds.online\/lv\/papuosalas\/halo-auskarai-su-deimantais-emerald-deimantai-1-70-ct\/#primaryimage\",\"url\":\"https:\/\/topdiamonds.online\/wp-content\/uploads\/2025\/06\/Auskarai-su-deimantais-EMERALD-HALO-DEIMANTAI-2020-1.png\",\"contentUrl\":\"https:\/\/topdiamonds.online\/wp-content\/uploads\/2025\/06\/Auskarai-su-deimantais-EMERALD-HALO-DEIMANTAI-2020-1.png\",\"width\":800,\"height\":800,\"caption\":\"Auskarai su deimantais ir halo juostele i\u0161 balto aukso arba platinos - Emerald deimantai\"},{\"@type\":\"BreadcrumbList\",\"@id\":\"https:\/\/topdiamonds.online\/lv\/papuosalas\/halo-auskarai-su-deimantais-emerald-deimantai-1-70-ct\/#breadcrumb\",\"itemListElement\":[{\"@type\":\"ListItem\",\"position\":1,\"name\":\"Home\",\"item\":\"https:\/\/topdiamonds.online\/lv\/\"},{\"@type\":\"ListItem\",\"position\":2,\"name\":\"Shop\",\"item\":\"https:\/\/topdiamonds.online\/shop-2\/\"},{\"@type\":\"ListItem\",\"position\":3,\"name\":\"Halo auskarai su deimantais &#8211; EMERALD deimantai (1.70 ct)\"}]},{\"@type\":\"WebSite\",\"@id\":\"https:\/\/topdiamonds.online\/lv\/#website\",\"url\":\"https:\/\/topdiamonds.online\/lv\/\",\"name\":\"Topdiamonds Online\",\"description\":\"Juvelyrikos namai\",\"publisher\":{\"@id\":\"https:\/\/topdiamonds.online\/lv\/#organization\"},\"potentialAction\":[{\"@type\":\"SearchAction\",\"target\":{\"@type\":\"EntryPoint\",\"urlTemplate\":\"https:\/\/topdiamonds.online\/lv\/?s={search_term_string}\"},\"query-input\":{\"@type\":\"PropertyValueSpecification\",\"valueRequired\":true,\"valueName\":\"search_term_string\"}}],\"inLanguage\":\"lv-LV\"},{\"@type\":\"Organization\",\"@id\":\"https:\/\/topdiamonds.online\/lv\/#organization\",\"name\":\"Topdiamonds Online\",\"url\":\"https:\/\/topdiamonds.online\/lv\/\",\"logo\":{\"@type\":\"ImageObject\",\"inLanguage\":\"lv-LV\",\"@id\":\"https:\/\/topdiamonds.online\/lv\/#\/schema\/logo\/image\/\",\"url\":\"https:\/\/topdiamonds.online\/wp-content\/uploads\/2025\/03\/cropped-logo.png\",\"contentUrl\":\"https:\/\/topdiamonds.online\/wp-content\/uploads\/2025\/03\/cropped-logo.png\",\"width\":690,\"height\":126,\"caption\":\"Topdiamonds Online\"},\"image\":{\"@id\":\"https:\/\/topdiamonds.online\/lv\/#\/schema\/logo\/image\/\"}}]}<\/script>\n<!-- \/ Yoast SEO plugin. -->","yoast_head_json":{"title":"Halo auskarai su deimantais - EMERALD deimantai (1.70 ct)","description":"Halo auskarai su deimantais \u2013 i\u0161gryninta forma, elegancija ir sta\u010diakampio formos akmens \u0161vyt\u0117jimas, sustiprintas Halo juostele.","robots":{"index":"index","follow":"follow","max-snippet":"max-snippet:-1","max-image-preview":"max-image-preview:large","max-video-preview":"max-video-preview:-1"},"canonical":"https:\/\/topdiamonds.online\/lv\/papuosalas\/halo-auskarai-su-deimantais-emerald-deimantai-1-70-ct\/","og_locale":"lv_LV","og_type":"article","og_title":"Halo auskarai su deimantais - EMERALD deimantai (1.70 ct)","og_description":"Halo auskarai su deimantais \u2013 i\u0161gryninta forma, elegancija ir sta\u010diakampio formos akmens \u0161vyt\u0117jimas, sustiprintas Halo juostele.","og_url":"https:\/\/topdiamonds.online\/lv\/papuosalas\/halo-auskarai-su-deimantais-emerald-deimantai-1-70-ct\/","og_site_name":"Topdiamonds Online","article_modified_time":"2025-08-06T16:35:36+00:00","og_image":[{"width":800,"height":800,"url":"https:\/\/topdiamonds.online\/wp-content\/uploads\/2025\/06\/Auskarai-su-deimantais-EMERALD-HALO-DEIMANTAI-2020-1.png","type":"image\/png"}],"twitter_card":"summary_large_image","twitter_misc":{"Est. reading time":"2 minutes"},"schema":{"@context":"https:\/\/schema.org","@graph":[{"@type":"WebPage","@id":"https:\/\/topdiamonds.online\/lv\/papuosalas\/halo-auskarai-su-deimantais-emerald-deimantai-1-70-ct\/","url":"https:\/\/topdiamonds.online\/lv\/papuosalas\/halo-auskarai-su-deimantais-emerald-deimantai-1-70-ct\/","name":"Halo auskarai su deimantais - EMERALD deimantai (1.70 ct)","isPartOf":{"@id":"https:\/\/topdiamonds.online\/lv\/#website"},"primaryImageOfPage":{"@id":"https:\/\/topdiamonds.online\/lv\/papuosalas\/halo-auskarai-su-deimantais-emerald-deimantai-1-70-ct\/#primaryimage"},"image":{"@id":"https:\/\/topdiamonds.online\/lv\/papuosalas\/halo-auskarai-su-deimantais-emerald-deimantai-1-70-ct\/#primaryimage"},"thumbnailUrl":"https:\/\/topdiamonds.online\/wp-content\/uploads\/2025\/06\/Auskarai-su-deimantais-EMERALD-HALO-DEIMANTAI-2020-1.png","datePublished":"2025-08-06T16:22:39+00:00","dateModified":"2025-08-06T16:35:36+00:00","description":"Halo auskarai su deimantais \u2013 i\u0161gryninta forma, elegancija ir sta\u010diakampio formos akmens \u0161vyt\u0117jimas, sustiprintas Halo juostele.","breadcrumb":{"@id":"https:\/\/topdiamonds.online\/lv\/papuosalas\/halo-auskarai-su-deimantais-emerald-deimantai-1-70-ct\/#breadcrumb"},"inLanguage":"lv-LV","potentialAction":[{"@type":"ReadAction","target":["https:\/\/topdiamonds.online\/lv\/papuosalas\/halo-auskarai-su-deimantais-emerald-deimantai-1-70-ct\/"]}]},{"@type":"ImageObject","inLanguage":"lv-LV","@id":"https:\/\/topdiamonds.online\/lv\/papuosalas\/halo-auskarai-su-deimantais-emerald-deimantai-1-70-ct\/#primaryimage","url":"https:\/\/topdiamonds.online\/wp-content\/uploads\/2025\/06\/Auskarai-su-deimantais-EMERALD-HALO-DEIMANTAI-2020-1.png","contentUrl":"https:\/\/topdiamonds.online\/wp-content\/uploads\/2025\/06\/Auskarai-su-deimantais-EMERALD-HALO-DEIMANTAI-2020-1.png","width":800,"height":800,"caption":"Auskarai su deimantais ir halo juostele i\u0161 balto aukso arba platinos - Emerald deimantai"},{"@type":"BreadcrumbList","@id":"https:\/\/topdiamonds.online\/lv\/papuosalas\/halo-auskarai-su-deimantais-emerald-deimantai-1-70-ct\/#breadcrumb","itemListElement":[{"@type":"ListItem","position":1,"name":"Home","item":"https:\/\/topdiamonds.online\/lv\/"},{"@type":"ListItem","position":2,"name":"Shop","item":"https:\/\/topdiamonds.online\/shop-2\/"},{"@type":"ListItem","position":3,"name":"Halo auskarai su deimantais &#8211; EMERALD deimantai (1.70 ct)"}]},{"@type":"WebSite","@id":"https:\/\/topdiamonds.online\/lv\/#website","url":"https:\/\/topdiamonds.online\/lv\/","name":"Topdiamonds Online","description":"Juvelyrikos namai","publisher":{"@id":"https:\/\/topdiamonds.online\/lv\/#organization"},"potentialAction":[{"@type":"SearchAction","target":{"@type":"EntryPoint","urlTemplate":"https:\/\/topdiamonds.online\/lv\/?s={search_term_string}"},"query-input":{"@type":"PropertyValueSpecification","valueRequired":true,"valueName":"search_term_string"}}],"inLanguage":"lv-LV"},{"@type":"Organization","@id":"https:\/\/topdiamonds.online\/lv\/#organization","name":"Topdiamonds Online","url":"https:\/\/topdiamonds.online\/lv\/","logo":{"@type":"ImageObject","inLanguage":"lv-LV","@id":"https:\/\/topdiamonds.online\/lv\/#\/schema\/logo\/image\/","url":"https:\/\/topdiamonds.online\/wp-content\/uploads\/2025\/03\/cropped-logo.png","contentUrl":"https:\/\/topdiamonds.online\/wp-content\/uploads\/2025\/03\/cropped-logo.png","width":690,"height":126,"caption":"Topdiamonds Online"},"image":{"@id":"https:\/\/topdiamonds.online\/lv\/#\/schema\/logo\/image\/"}}]}},"_links":{"self":[{"href":"https:\/\/topdiamonds.online\/lv\/wp-json\/wp\/v2\/product\/30435","targetHints":{"allow":["GET"]}}],"collection":[{"href":"https:\/\/topdiamonds.online\/lv\/wp-json\/wp\/v2\/product"}],"about":[{"href":"https:\/\/topdiamonds.online\/lv\/wp-json\/wp\/v2\/types\/product"}],"version-history":[{"count":0,"href":"https:\/\/topdiamonds.online\/lv\/wp-json\/wp\/v2\/product\/30435\/revisions"}],"wp:featuredmedia":[{"embeddable":true,"href":"https:\/\/topdiamonds.online\/lv\/wp-json\/wp\/v2\/media\/21284"}],"wp:attachment":[{"href":"https:\/\/topdiamonds.online\/lv\/wp-json\/wp\/v2\/media?parent=30435"}],"wp:term":[{"taxonomy":"product_brand","embeddable":true,"href":"https:\/\/topdiamonds.online\/lv\/wp-json\/wp\/v2\/product_brand?post=30435"},{"taxonomy":"product_cat","embeddable":true,"href":"https:\/\/topdiamonds.online\/lv\/wp-json\/wp\/v2\/product_cat?post=30435"},{"taxonomy":"product_tag","embeddable":true,"href":"https:\/\/topdiamonds.online\/lv\/wp-json\/wp\/v2\/product_tag?post=30435"}],"curies":[{"name":"wp","href":"https:\/\/api.w.org\/{rel}","templated":true}]}}