{"id":30013,"date":"2025-08-04T14:52:27","date_gmt":"2025-08-04T14:52:27","guid":{"rendered":"https:\/\/topdiamonds.online\/?post_type=product&#038;p=30013"},"modified":"2025-08-13T09:44:33","modified_gmt":"2025-08-13T09:44:33","slug":"klasikiniai-auskarai-su-deimantu-princess-deimantai-2-00-ct","status":"publish","type":"product","link":"https:\/\/topdiamonds.online\/lv\/papuosalas\/klasikiniai-auskarai-su-deimantu-princess-deimantai-2-00-ct\/","title":{"rendered":"Klasikiniai auskarai su deimantu &#8211; PRINCESS DEIMANTAI (2.00 ct)"},"content":{"rendered":"<p><span data-sheets-root=\"1\">Kvadratin\u0117 forma \u0161iuose auskaruose sukuria i\u0161skirtin\u0119 geometrij\u0105, kuri traukia ak\u012f, bet neperkrauna \u012fvaizd\u017eio. Precizi\u0161kai \u012ftvirtintas kvadratin\u0117s formos deimantas spindi ry\u0161kiai, bet i\u0161lieka eleganti\u0161kas. Auskarai tinka tiek minimalistiniam, tiek ry\u0161kesniam stiliui \u2013 universalumas leid\u017eia juos d\u0117v\u0117ti bet kokiomis aplinkyb\u0117mis. Auskarai su deimantu pasi\u017eymi patogumu, tvirtu tvirtinimu ir lengva konstrukcija. Tai papuo\u0161alas, kuriuo galima pasitik\u0117ti kiekvien\u0105 dien\u0105 \u2013 kai norisi atrodyti nepriekai\u0161tingai ir jaustis u\u017etikrintai.<br \/>\nPagaminta laikantis auk\u0161\u010diausi\u0173 juvelyrikos gamybos standart\u0173. Auskarai gali b\u016bti pagaminti pagal u\u017esakym\u0105: u\u017e papildom\u0105 mokest\u012f su auk\u0161tesn\u0117s kokyb\u0117s deimantais.<\/span><\/p>\n<p>&nbsp;<\/p>\n<p>\u2022 <a href=\"https:\/\/topdiamonds.online\/auskaru-metalas\/\" target=\"_blank\" rel=\"noopener\"><strong>Auskar\u0173 metalas<\/strong><\/a>: 14K (585 prabos), 18K (750 prabos), 900 platina<br \/>\n\u2022 <a href=\"https:\/\/topdiamonds.online\/auskaru-aukso-spalva\/\" target=\"_blank\" rel=\"noopener\"><strong>Auskar\u0173 aukso spalva<\/strong><\/a>: baltas, raudonas, geltonas<br \/>\n\u2022 <strong><a href=\"https:\/\/topdiamonds.online\/auskaru-matmenys\/\" target=\"_blank\" rel=\"noopener\">Auskar\u0173 kar\u016bn\u0117l\u0117s plotis<\/a><\/strong>: apie 5.5 mm<br \/>\n\u2022 Bendras <a href=\"https:\/\/topdiamonds.online\/auskaru-aukso-svoris\/\" target=\"_blank\" rel=\"noopener\"><strong>aukso svoris<\/strong><\/a>: apie 2.00 g<br \/>\n\u2022 Bendras <a href=\"https:\/\/topdiamonds.online\/deimantu-svoris\/\" target=\"_blank\" rel=\"noopener\"><strong>deimant\u0173 svoris<\/strong><\/a>: 2.00 ct<br \/>\n\u2022 <a href=\"https:\/\/topdiamonds.online\/deimanto-forma\/\" target=\"_blank\" rel=\"noopener\"><strong>Deimant\u0173 forma<\/strong><\/a>: Kvardatin\u0117 forma (<em>Princess cut<\/em>)<br \/>\n\u2022 <a href=\"https:\/\/topdiamonds.online\/deimantu-tipai\/\" target=\"_blank\" rel=\"noopener\"><strong>Deimant\u0173 tipai<\/strong><\/a>: Laboratorijoje u\u017eauginti deimantai arba natural\u016bs deimantai<br \/>\n\u2022 <a href=\"https:\/\/topdiamonds.online\/deimanto-charakteristika\/\" target=\"_blank\" rel=\"noopener\"><strong>Deimanto svoris ir charakteristika<\/strong><\/a> (galima keisti):<br \/>\nLaboratorijoje u\u017eaugintas deimantas: 1.00 ct deimantas (spalva D-E, \u0161varumas VVS), IGI sertifikatas<br \/>\nNat\u016bralus deimantas: 1.00 ct deimantas (spalva G-I, \u0161varumas SI), GIA sertifikatas<br \/>\n\u2022 <a href=\"https:\/\/topdiamonds.online\/pristatymas-ir-grazinimas\/\" target=\"_blank\" rel=\"noopener\"><strong>Gamybos ir pristatymo terminas<\/strong><\/a>: apie 14 darbo dien\u0173, skubos tvarka per 7 d.d.<\/p>\n<p>&nbsp;<\/p>\n<p>Turite savo brangakmen\u012f, ar auks\u0105? Perskai\u010diuosime kain\u0105 ir mok\u0117site tik u\u017e auskar\u0173 gamyb\u0105. O gal norite keisti deimant\u0173 charakteristik\u0105 pagal savo pageidavimus? <a href=\"https:\/\/topdiamonds.online\/kontaktai\/\" target=\"_blank\" rel=\"noopener\"><strong>Susisiekite<\/strong><\/a>!<br \/>\nAtraskite plat\u0173 juvelyrikos su deimantais pasirinkim\u0105, atitinkant\u012f \u012fvairius skonius ir biud\u017eetus. Suksikurk ir personalizuok savo papuo\u0161al\u0105 su <a href=\"https:\/\/topdiamonds.online\/\" target=\"_blank\" rel=\"noopener\">TopDiamonds.Online<\/a>.<\/p>\n","protected":false},"excerpt":{"rendered":"<p><span data-sheets-root=\"1\">\u0160ie auskarai su deimantu yra ne tik gra\u017eus, bet ir turi unikal\u0173 charakter\u012f. Juose spindi <em>Princess<\/em> pj\u016bvio deimantai, kurie d\u0117l savo kvadratin\u0117s formos atrodo moderniai, bet i\u0161laiko klasikin\u0119 elegancij\u0105. Toks pj\u016bvis i\u0161ry\u0161kina akmens skaidrum\u0105 ir leid\u017eia jam \u017eib\u0117ti maksimaliu ry\u0161kumu. Auskarai tinka tiems, kurie vertina ry\u0161ki\u0105 estetik\u0105 be perd\u0117t\u0173 detali\u0173. Dizainas yra pritaikytas \u012fvairioms progoms ir visada atrodo stilingai \u2013 nes kai turi ger\u0105 aksesuar\u0105, daugiau nieko nereikia.<\/span><\/p>\n","protected":false},"featured_media":29892,"template":"","meta":{"site-sidebar-layout":"default","site-content-layout":"","ast-site-content-layout":"default","site-content-style":"default","site-sidebar-style":"default","ast-global-header-display":"","ast-banner-title-visibility":"","ast-main-header-display":"","ast-hfb-above-header-display":"","ast-hfb-below-header-display":"","ast-hfb-mobile-header-display":"","site-post-title":"","ast-breadcrumbs-content":"","ast-featured-img":"","footer-sml-layout":"","theme-transparent-header-meta":"default","adv-header-id-meta":"","stick-header-meta":"","header-above-stick-meta":"","header-main-stick-meta":"","header-below-stick-meta":"","astra-migrate-meta-layouts":"set","ast-page-background-enabled":"default","ast-page-background-meta":{"desktop":{"background-color":"var(--ast-global-color-4)","background-image":"","background-repeat":"repeat","background-position":"center center","background-size":"auto","background-attachment":"scroll","background-type":"","background-media":"","overlay-type":"","overlay-color":"","overlay-opacity":"","overlay-gradient":""},"tablet":{"background-color":"","background-image":"","background-repeat":"repeat","background-position":"center center","background-size":"auto","background-attachment":"scroll","background-type":"","background-media":"","overlay-type":"","overlay-color":"","overlay-opacity":"","overlay-gradient":""},"mobile":{"background-color":"","background-image":"","background-repeat":"repeat","background-position":"center center","background-size":"auto","background-attachment":"scroll","background-type":"","background-media":"","overlay-type":"","overlay-color":"","overlay-opacity":"","overlay-gradient":""}},"ast-content-background-meta":{"desktop":{"background-color":"var(--ast-global-color-5)","background-image":"","background-repeat":"repeat","background-position":"center center","background-size":"auto","background-attachment":"scroll","background-type":"","background-media":"","overlay-type":"","overlay-color":"","overlay-opacity":"","overlay-gradient":""},"tablet":{"background-color":"var(--ast-global-color-5)","background-image":"","background-repeat":"repeat","background-position":"center center","background-size":"auto","background-attachment":"scroll","background-type":"","background-media":"","overlay-type":"","overlay-color":"","overlay-opacity":"","overlay-gradient":""},"mobile":{"background-color":"var(--ast-global-color-5)","background-image":"","background-repeat":"repeat","background-position":"center center","background-size":"auto","background-attachment":"scroll","background-type":"","background-media":"","overlay-type":"","overlay-color":"","overlay-opacity":"","overlay-gradient":""}}},"product_brand":[],"product_cat":[67,135,63,72],"product_tag":[],"class_list":{"0":"post-30013","1":"product","2":"type-product","3":"status-publish","4":"has-post-thumbnail","6":"product_cat-auskarai-su-deimantais","7":"product_cat-dovanu-idejos","8":"product_cat-juvelyrika","9":"product_cat-juvelyrika-moterims","10":"desktop-align-center","11":"tablet-align-left","12":"mobile-align-left","13":"ast-product-gallery-layout-horizontal-slider","14":"ast-product-single-variable","15":"ast-product-tabs-layout-accordion","16":"ast-qv-on-image","18":"first","19":"instock","20":"taxable","21":"shipping-taxable","22":"purchasable","23":"product-type-variable","24":"has-default-attributes"},"yoast_head":"<!-- This site is optimized with the Yoast SEO plugin v26.6 - https:\/\/yoast.com\/wordpress\/plugins\/seo\/ -->\n<title>Klasikiniai auskarai su deimantu - PRINCESS (2.00 ct)<\/title>\n<meta name=\"description\" content=\"Klasikiniai auskarai su deimantu \u2013 spindintys kvadratin\u0117s formos akmenys ir moderni elegancija viename dizaine, sukurtame j\u016bs\u0173 kiekvienai dienai.\" \/>\n<meta name=\"robots\" content=\"index, follow, max-snippet:-1, max-image-preview:large, max-video-preview:-1\" \/>\n<link rel=\"canonical\" href=\"https:\/\/topdiamonds.online\/lv\/papuosalas\/klasikiniai-auskarai-su-deimantu-princess-deimantai-2-00-ct\/\" \/>\n<meta property=\"og:locale\" content=\"lv_LV\" \/>\n<meta property=\"og:type\" content=\"article\" \/>\n<meta property=\"og:title\" content=\"Klasikiniai auskarai su deimantu - PRINCESS (2.00 ct)\" \/>\n<meta property=\"og:description\" content=\"Klasikiniai auskarai su deimantu \u2013 spindintys kvadratin\u0117s formos akmenys ir moderni elegancija viename dizaine, sukurtame j\u016bs\u0173 kiekvienai dienai.\" \/>\n<meta property=\"og:url\" content=\"https:\/\/topdiamonds.online\/lv\/papuosalas\/klasikiniai-auskarai-su-deimantu-princess-deimantai-2-00-ct\/\" \/>\n<meta property=\"og:site_name\" content=\"Topdiamonds Online\" \/>\n<meta property=\"article:modified_time\" content=\"2025-08-13T09:44:33+00:00\" \/>\n<meta property=\"og:image\" content=\"https:\/\/topdiamonds.online\/wp-content\/uploads\/2025\/08\/Klasikiniai-auskarai-su-deimantu-PRINCESS-DEIMANTAI-2121-1.jpg\" \/>\n\t<meta property=\"og:image:width\" content=\"800\" \/>\n\t<meta property=\"og:image:height\" content=\"800\" \/>\n\t<meta property=\"og:image:type\" content=\"image\/jpeg\" \/>\n<meta name=\"twitter:card\" content=\"summary_large_image\" \/>\n<meta name=\"twitter:label1\" content=\"Est. reading time\" \/>\n\t<meta name=\"twitter:data1\" content=\"2 minutes\" \/>\n<script type=\"application\/ld+json\" class=\"yoast-schema-graph\">{\"@context\":\"https:\/\/schema.org\",\"@graph\":[{\"@type\":\"WebPage\",\"@id\":\"https:\/\/topdiamonds.online\/lv\/papuosalas\/klasikiniai-auskarai-su-deimantu-princess-deimantai-2-00-ct\/\",\"url\":\"https:\/\/topdiamonds.online\/lv\/papuosalas\/klasikiniai-auskarai-su-deimantu-princess-deimantai-2-00-ct\/\",\"name\":\"Klasikiniai auskarai su deimantu - PRINCESS (2.00 ct)\",\"isPartOf\":{\"@id\":\"https:\/\/topdiamonds.online\/lv\/#website\"},\"primaryImageOfPage\":{\"@id\":\"https:\/\/topdiamonds.online\/lv\/papuosalas\/klasikiniai-auskarai-su-deimantu-princess-deimantai-2-00-ct\/#primaryimage\"},\"image\":{\"@id\":\"https:\/\/topdiamonds.online\/lv\/papuosalas\/klasikiniai-auskarai-su-deimantu-princess-deimantai-2-00-ct\/#primaryimage\"},\"thumbnailUrl\":\"https:\/\/topdiamonds.online\/wp-content\/uploads\/2025\/08\/Klasikiniai-auskarai-su-deimantu-PRINCESS-DEIMANTAI-2121-1.jpg\",\"datePublished\":\"2025-08-04T14:52:27+00:00\",\"dateModified\":\"2025-08-13T09:44:33+00:00\",\"description\":\"Klasikiniai auskarai su deimantu \u2013 spindintys kvadratin\u0117s formos akmenys ir moderni elegancija viename dizaine, sukurtame j\u016bs\u0173 kiekvienai dienai.\",\"breadcrumb\":{\"@id\":\"https:\/\/topdiamonds.online\/lv\/papuosalas\/klasikiniai-auskarai-su-deimantu-princess-deimantai-2-00-ct\/#breadcrumb\"},\"inLanguage\":\"lv-LV\",\"potentialAction\":[{\"@type\":\"ReadAction\",\"target\":[\"https:\/\/topdiamonds.online\/lv\/papuosalas\/klasikiniai-auskarai-su-deimantu-princess-deimantai-2-00-ct\/\"]}]},{\"@type\":\"ImageObject\",\"inLanguage\":\"lv-LV\",\"@id\":\"https:\/\/topdiamonds.online\/lv\/papuosalas\/klasikiniai-auskarai-su-deimantu-princess-deimantai-2-00-ct\/#primaryimage\",\"url\":\"https:\/\/topdiamonds.online\/wp-content\/uploads\/2025\/08\/Klasikiniai-auskarai-su-deimantu-PRINCESS-DEIMANTAI-2121-1.jpg\",\"contentUrl\":\"https:\/\/topdiamonds.online\/wp-content\/uploads\/2025\/08\/Klasikiniai-auskarai-su-deimantu-PRINCESS-DEIMANTAI-2121-1.jpg\",\"width\":800,\"height\":800,\"caption\":\"Klasikiniai auskarai su deimantu i\u0161 balto aukso arba platinos - princess cut deimantai\"},{\"@type\":\"BreadcrumbList\",\"@id\":\"https:\/\/topdiamonds.online\/lv\/papuosalas\/klasikiniai-auskarai-su-deimantu-princess-deimantai-2-00-ct\/#breadcrumb\",\"itemListElement\":[{\"@type\":\"ListItem\",\"position\":1,\"name\":\"Home\",\"item\":\"https:\/\/topdiamonds.online\/lv\/\"},{\"@type\":\"ListItem\",\"position\":2,\"name\":\"Shop\",\"item\":\"https:\/\/topdiamonds.online\/shop-2\/\"},{\"@type\":\"ListItem\",\"position\":3,\"name\":\"Klasikiniai auskarai su deimantu &#8211; PRINCESS DEIMANTAI (2.00 ct)\"}]},{\"@type\":\"WebSite\",\"@id\":\"https:\/\/topdiamonds.online\/lv\/#website\",\"url\":\"https:\/\/topdiamonds.online\/lv\/\",\"name\":\"Topdiamonds Online\",\"description\":\"Juvelyrikos namai\",\"publisher\":{\"@id\":\"https:\/\/topdiamonds.online\/lv\/#organization\"},\"potentialAction\":[{\"@type\":\"SearchAction\",\"target\":{\"@type\":\"EntryPoint\",\"urlTemplate\":\"https:\/\/topdiamonds.online\/lv\/?s={search_term_string}\"},\"query-input\":{\"@type\":\"PropertyValueSpecification\",\"valueRequired\":true,\"valueName\":\"search_term_string\"}}],\"inLanguage\":\"lv-LV\"},{\"@type\":\"Organization\",\"@id\":\"https:\/\/topdiamonds.online\/lv\/#organization\",\"name\":\"Topdiamonds Online\",\"url\":\"https:\/\/topdiamonds.online\/lv\/\",\"logo\":{\"@type\":\"ImageObject\",\"inLanguage\":\"lv-LV\",\"@id\":\"https:\/\/topdiamonds.online\/lv\/#\/schema\/logo\/image\/\",\"url\":\"https:\/\/topdiamonds.online\/wp-content\/uploads\/2025\/03\/cropped-logo.png\",\"contentUrl\":\"https:\/\/topdiamonds.online\/wp-content\/uploads\/2025\/03\/cropped-logo.png\",\"width\":690,\"height\":126,\"caption\":\"Topdiamonds Online\"},\"image\":{\"@id\":\"https:\/\/topdiamonds.online\/lv\/#\/schema\/logo\/image\/\"}}]}<\/script>\n<!-- \/ Yoast SEO plugin. -->","yoast_head_json":{"title":"Klasikiniai auskarai su deimantu - PRINCESS (2.00 ct)","description":"Klasikiniai auskarai su deimantu \u2013 spindintys kvadratin\u0117s formos akmenys ir moderni elegancija viename dizaine, sukurtame j\u016bs\u0173 kiekvienai dienai.","robots":{"index":"index","follow":"follow","max-snippet":"max-snippet:-1","max-image-preview":"max-image-preview:large","max-video-preview":"max-video-preview:-1"},"canonical":"https:\/\/topdiamonds.online\/lv\/papuosalas\/klasikiniai-auskarai-su-deimantu-princess-deimantai-2-00-ct\/","og_locale":"lv_LV","og_type":"article","og_title":"Klasikiniai auskarai su deimantu - PRINCESS (2.00 ct)","og_description":"Klasikiniai auskarai su deimantu \u2013 spindintys kvadratin\u0117s formos akmenys ir moderni elegancija viename dizaine, sukurtame j\u016bs\u0173 kiekvienai dienai.","og_url":"https:\/\/topdiamonds.online\/lv\/papuosalas\/klasikiniai-auskarai-su-deimantu-princess-deimantai-2-00-ct\/","og_site_name":"Topdiamonds Online","article_modified_time":"2025-08-13T09:44:33+00:00","og_image":[{"width":800,"height":800,"url":"https:\/\/topdiamonds.online\/wp-content\/uploads\/2025\/08\/Klasikiniai-auskarai-su-deimantu-PRINCESS-DEIMANTAI-2121-1.jpg","type":"image\/jpeg"}],"twitter_card":"summary_large_image","twitter_misc":{"Est. reading time":"2 minutes"},"schema":{"@context":"https:\/\/schema.org","@graph":[{"@type":"WebPage","@id":"https:\/\/topdiamonds.online\/lv\/papuosalas\/klasikiniai-auskarai-su-deimantu-princess-deimantai-2-00-ct\/","url":"https:\/\/topdiamonds.online\/lv\/papuosalas\/klasikiniai-auskarai-su-deimantu-princess-deimantai-2-00-ct\/","name":"Klasikiniai auskarai su deimantu - PRINCESS (2.00 ct)","isPartOf":{"@id":"https:\/\/topdiamonds.online\/lv\/#website"},"primaryImageOfPage":{"@id":"https:\/\/topdiamonds.online\/lv\/papuosalas\/klasikiniai-auskarai-su-deimantu-princess-deimantai-2-00-ct\/#primaryimage"},"image":{"@id":"https:\/\/topdiamonds.online\/lv\/papuosalas\/klasikiniai-auskarai-su-deimantu-princess-deimantai-2-00-ct\/#primaryimage"},"thumbnailUrl":"https:\/\/topdiamonds.online\/wp-content\/uploads\/2025\/08\/Klasikiniai-auskarai-su-deimantu-PRINCESS-DEIMANTAI-2121-1.jpg","datePublished":"2025-08-04T14:52:27+00:00","dateModified":"2025-08-13T09:44:33+00:00","description":"Klasikiniai auskarai su deimantu \u2013 spindintys kvadratin\u0117s formos akmenys ir moderni elegancija viename dizaine, sukurtame j\u016bs\u0173 kiekvienai dienai.","breadcrumb":{"@id":"https:\/\/topdiamonds.online\/lv\/papuosalas\/klasikiniai-auskarai-su-deimantu-princess-deimantai-2-00-ct\/#breadcrumb"},"inLanguage":"lv-LV","potentialAction":[{"@type":"ReadAction","target":["https:\/\/topdiamonds.online\/lv\/papuosalas\/klasikiniai-auskarai-su-deimantu-princess-deimantai-2-00-ct\/"]}]},{"@type":"ImageObject","inLanguage":"lv-LV","@id":"https:\/\/topdiamonds.online\/lv\/papuosalas\/klasikiniai-auskarai-su-deimantu-princess-deimantai-2-00-ct\/#primaryimage","url":"https:\/\/topdiamonds.online\/wp-content\/uploads\/2025\/08\/Klasikiniai-auskarai-su-deimantu-PRINCESS-DEIMANTAI-2121-1.jpg","contentUrl":"https:\/\/topdiamonds.online\/wp-content\/uploads\/2025\/08\/Klasikiniai-auskarai-su-deimantu-PRINCESS-DEIMANTAI-2121-1.jpg","width":800,"height":800,"caption":"Klasikiniai auskarai su deimantu i\u0161 balto aukso arba platinos - princess cut deimantai"},{"@type":"BreadcrumbList","@id":"https:\/\/topdiamonds.online\/lv\/papuosalas\/klasikiniai-auskarai-su-deimantu-princess-deimantai-2-00-ct\/#breadcrumb","itemListElement":[{"@type":"ListItem","position":1,"name":"Home","item":"https:\/\/topdiamonds.online\/lv\/"},{"@type":"ListItem","position":2,"name":"Shop","item":"https:\/\/topdiamonds.online\/shop-2\/"},{"@type":"ListItem","position":3,"name":"Klasikiniai auskarai su deimantu &#8211; PRINCESS DEIMANTAI (2.00 ct)"}]},{"@type":"WebSite","@id":"https:\/\/topdiamonds.online\/lv\/#website","url":"https:\/\/topdiamonds.online\/lv\/","name":"Topdiamonds Online","description":"Juvelyrikos namai","publisher":{"@id":"https:\/\/topdiamonds.online\/lv\/#organization"},"potentialAction":[{"@type":"SearchAction","target":{"@type":"EntryPoint","urlTemplate":"https:\/\/topdiamonds.online\/lv\/?s={search_term_string}"},"query-input":{"@type":"PropertyValueSpecification","valueRequired":true,"valueName":"search_term_string"}}],"inLanguage":"lv-LV"},{"@type":"Organization","@id":"https:\/\/topdiamonds.online\/lv\/#organization","name":"Topdiamonds Online","url":"https:\/\/topdiamonds.online\/lv\/","logo":{"@type":"ImageObject","inLanguage":"lv-LV","@id":"https:\/\/topdiamonds.online\/lv\/#\/schema\/logo\/image\/","url":"https:\/\/topdiamonds.online\/wp-content\/uploads\/2025\/03\/cropped-logo.png","contentUrl":"https:\/\/topdiamonds.online\/wp-content\/uploads\/2025\/03\/cropped-logo.png","width":690,"height":126,"caption":"Topdiamonds Online"},"image":{"@id":"https:\/\/topdiamonds.online\/lv\/#\/schema\/logo\/image\/"}}]}},"_links":{"self":[{"href":"https:\/\/topdiamonds.online\/lv\/wp-json\/wp\/v2\/product\/30013","targetHints":{"allow":["GET"]}}],"collection":[{"href":"https:\/\/topdiamonds.online\/lv\/wp-json\/wp\/v2\/product"}],"about":[{"href":"https:\/\/topdiamonds.online\/lv\/wp-json\/wp\/v2\/types\/product"}],"version-history":[{"count":0,"href":"https:\/\/topdiamonds.online\/lv\/wp-json\/wp\/v2\/product\/30013\/revisions"}],"wp:featuredmedia":[{"embeddable":true,"href":"https:\/\/topdiamonds.online\/lv\/wp-json\/wp\/v2\/media\/29892"}],"wp:attachment":[{"href":"https:\/\/topdiamonds.online\/lv\/wp-json\/wp\/v2\/media?parent=30013"}],"wp:term":[{"taxonomy":"product_brand","embeddable":true,"href":"https:\/\/topdiamonds.online\/lv\/wp-json\/wp\/v2\/product_brand?post=30013"},{"taxonomy":"product_cat","embeddable":true,"href":"https:\/\/topdiamonds.online\/lv\/wp-json\/wp\/v2\/product_cat?post=30013"},{"taxonomy":"product_tag","embeddable":true,"href":"https:\/\/topdiamonds.online\/lv\/wp-json\/wp\/v2\/product_tag?post=30013"}],"curies":[{"name":"wp","href":"https:\/\/api.w.org\/{rel}","templated":true}]}}