{"id":28776,"date":"2025-07-29T10:13:35","date_gmt":"2025-07-29T10:13:35","guid":{"rendered":"https:\/\/topdiamonds.online\/?post_type=product&#038;p=28776"},"modified":"2025-08-13T09:29:15","modified_gmt":"2025-08-13T09:29:15","slug":"klasikiniai-auskarai-su-deimantu-round-deimantai-1-40-ct","status":"publish","type":"product","link":"https:\/\/topdiamonds.online\/lv\/papuosalas\/klasikiniai-auskarai-su-deimantu-round-deimantai-1-40-ct\/","title":{"rendered":"Klasikiniai auskarai su deimantu &#8211; ROUND DEIMANTAI (1.40 ct)"},"content":{"rendered":"<p><span data-sheets-root=\"1\">Apvalios formos deimantai tinka visoms moterims \u2013 jie neu\u017ego\u017eia, bet pabr\u0117\u017eia. \u0160ie auskarai \u2013 tai balansas tarp funkcionalumo ir emocijos. Jie spindi, bet ne akina. Jie d\u017eiugina, bet ne triuk\u0161mauja. Toks papuo\u0161alas tampa kasdieniu palydovu, kuris primena apie asmenin\u012f stili\u0173 ir vert\u0119. Nesvarbu, ar tai dovana, ar asmeninis sprendimas \u2013 auskarai ne tik puo\u0161ia, bet ir kalba apie moter\u012f, kuri juos d\u0117vi. Apie jos skon\u012f, pasirinkimus ir tyl\u0173 u\u017etikrintum\u0105.<br \/>\n<\/span>Pagaminta laikantis auk\u0161\u010diausi\u0173 juvelyrikos gamybos standart\u0173. Auskarai gali b\u016bti pagaminti pagal u\u017esakym\u0105: u\u017e papildom\u0105 mokest\u012f su auk\u0161tesn\u0117s kokyb\u0117s deimantais.<\/p>\n<p>&nbsp;<\/p>\n<p>\u2022 <a href=\"https:\/\/topdiamonds.online\/auskaru-metalas\/\" target=\"_blank\" rel=\"noopener\"><strong>Auskar\u0173 metalas<\/strong><\/a>: 14K (585 prabos), 18K (750 prabos), 900 platina<br \/>\n\u2022 <a href=\"https:\/\/topdiamonds.online\/auskaru-aukso-spalva\/\" target=\"_blank\" rel=\"noopener\"><strong>Aukso spalva<\/strong><\/a>: baltas, raudonas, geltonas<br \/>\n\u2022 <strong><a href=\"https:\/\/topdiamonds.online\/auskaru-matmenys\/\" target=\"_blank\" rel=\"noopener\">Auskar\u0173 kar\u016bn\u0117l\u0117s plotis<\/a><\/strong>: apie 5.75 mm (galima keisti)<br \/>\n\u2022 Bendras <a href=\"https:\/\/topdiamonds.online\/auskaru-aukso-svoris\/\" target=\"_blank\" rel=\"noopener\"><strong>aukso svoris<\/strong><\/a>: apie 1.50 g<br \/>\n\u2022 Bendras <a href=\"https:\/\/topdiamonds.online\/deimantu-svoris\/\" target=\"_blank\" rel=\"noopener\"><strong>deimant\u0173 svoris<\/strong><\/a>: 1.40 ct<br \/>\n\u2022 <a href=\"https:\/\/topdiamonds.online\/deimanto-forma\/\" target=\"_blank\" rel=\"noopener\"><strong>Deimant\u0173 forma<\/strong><\/a>: Apvali forma (<em>Round cut<\/em>)<br \/>\n\u2022 <a href=\"https:\/\/topdiamonds.online\/deimantu-tipai\/\" target=\"_blank\" rel=\"noopener\"><strong>Deimant\u0173 tipai<\/strong><\/a>: Laboratorijoje u\u017eauginti deimantai arba natural\u016bs deimantai<br \/>\n\u2022 <a href=\"https:\/\/topdiamonds.online\/deimanto-charakteristika\/\" target=\"_blank\" rel=\"noopener\"><strong>Deimanto svoris ir charakteristika<\/strong><\/a> (galima keisti):<br \/>\nLaboratorijoje u\u017eaugintas deimantas: 0.70 ct deimantas (spalva D-E, \u0161varumas VVS), IGI sertifikatas<br \/>\nNat\u016bralus deimantas: 0.70 ct deimantas (spalva G-I, \u0161varumas SI), GIA sertifikatas<br \/>\n\u2022 <a href=\"https:\/\/topdiamonds.online\/pristatymas-ir-grazinimas\/\" target=\"_blank\" rel=\"noopener\"><strong>Gamybos ir pristatymo terminas<\/strong><\/a>: apie 14 darbo dien\u0173, skubos tvarka per 7 d.d.<\/p>\n<p>&nbsp;<\/p>\n<p>Turite savo brangakmen\u012f, ar auks\u0105? Perskai\u010diuosime kain\u0105 ir mok\u0117site tik u\u017e auskar\u0173 gamyb\u0105. O gal norite keisti deimant\u0173 charakteristik\u0105 pagal savo pageidavimus? <strong><a href=\"https:\/\/topdiamonds.online\/kontaktai\/\" target=\"_blank\" rel=\"noopener\">Susisiekite<\/a><\/strong>!<br \/>\nAtraskite plat\u0173 juvelyrikos su deimantais pasirinkim\u0105, atitinkant\u012f \u012fvairius skonius ir biud\u017eetus. Suksikurk ir personalizuok savo papuo\u0161al\u0105 su su <a href=\"https:\/\/topdiamonds.online\/\" target=\"_blank\" rel=\"noopener\">TopDiamonds.Online<\/a>.<\/p>\n","protected":false},"excerpt":{"rendered":"<p><span data-sheets-root=\"1\">Klasikiniai auskarai su deimantu \u2013 tai tylus rafinuotumo simbolis. <em>Round<\/em> pj\u016bvio deimantai parinkti d\u0117l savo idealaus simetri\u0161kumo, leid\u017eian\u010dio maksimaliai atskleisti spindes\u012f. Keturios kojel\u0117s u\u017etikrina stabil\u0173 tvirtinim\u0105 ir nesutrukdo \u0161viesai prasiskverbti i\u0161 vis\u0173 pusi\u0173. Auskarai yra gaminami i\u0161 auk\u0161\u010diausios kokyb\u0117s aukso arba platinos, tod\u0117l yra ne tik esteti\u0161kai i\u0161rai\u0161kingi, bet ir ilgaam\u017eiai. D\u0117v\u0117kite juos su pasitik\u0117jimu \u2013 nes kiekviena diena nusipelno deimanto \u0161vyt\u0117jimo.<\/span><\/p>\n","protected":false},"featured_media":15179,"template":"","meta":{"site-sidebar-layout":"default","site-content-layout":"","ast-site-content-layout":"default","site-content-style":"default","site-sidebar-style":"default","ast-global-header-display":"","ast-banner-title-visibility":"","ast-main-header-display":"","ast-hfb-above-header-display":"","ast-hfb-below-header-display":"","ast-hfb-mobile-header-display":"","site-post-title":"","ast-breadcrumbs-content":"","ast-featured-img":"","footer-sml-layout":"","theme-transparent-header-meta":"default","adv-header-id-meta":"","stick-header-meta":"","header-above-stick-meta":"","header-main-stick-meta":"","header-below-stick-meta":"","astra-migrate-meta-layouts":"set","ast-page-background-enabled":"default","ast-page-background-meta":{"desktop":{"background-color":"var(--ast-global-color-4)","background-image":"","background-repeat":"repeat","background-position":"center center","background-size":"auto","background-attachment":"scroll","background-type":"","background-media":"","overlay-type":"","overlay-color":"","overlay-opacity":"","overlay-gradient":""},"tablet":{"background-color":"","background-image":"","background-repeat":"repeat","background-position":"center center","background-size":"auto","background-attachment":"scroll","background-type":"","background-media":"","overlay-type":"","overlay-color":"","overlay-opacity":"","overlay-gradient":""},"mobile":{"background-color":"","background-image":"","background-repeat":"repeat","background-position":"center center","background-size":"auto","background-attachment":"scroll","background-type":"","background-media":"","overlay-type":"","overlay-color":"","overlay-opacity":"","overlay-gradient":""}},"ast-content-background-meta":{"desktop":{"background-color":"var(--ast-global-color-5)","background-image":"","background-repeat":"repeat","background-position":"center center","background-size":"auto","background-attachment":"scroll","background-type":"","background-media":"","overlay-type":"","overlay-color":"","overlay-opacity":"","overlay-gradient":""},"tablet":{"background-color":"var(--ast-global-color-5)","background-image":"","background-repeat":"repeat","background-position":"center center","background-size":"auto","background-attachment":"scroll","background-type":"","background-media":"","overlay-type":"","overlay-color":"","overlay-opacity":"","overlay-gradient":""},"mobile":{"background-color":"var(--ast-global-color-5)","background-image":"","background-repeat":"repeat","background-position":"center center","background-size":"auto","background-attachment":"scroll","background-type":"","background-media":"","overlay-type":"","overlay-color":"","overlay-opacity":"","overlay-gradient":""}}},"product_brand":[],"product_cat":[67,135,63,72],"product_tag":[],"class_list":{"0":"post-28776","1":"product","2":"type-product","3":"status-publish","4":"has-post-thumbnail","6":"product_cat-auskarai-su-deimantais","7":"product_cat-dovanu-idejos","8":"product_cat-juvelyrika","9":"product_cat-juvelyrika-moterims","10":"desktop-align-center","11":"tablet-align-left","12":"mobile-align-left","13":"ast-product-gallery-layout-horizontal-slider","14":"ast-product-single-variable","15":"ast-product-tabs-layout-accordion","16":"ast-qv-on-image","18":"first","19":"instock","20":"taxable","21":"shipping-taxable","22":"purchasable","23":"product-type-variable"},"yoast_head":"<!-- This site is optimized with the Yoast SEO plugin v26.6 - https:\/\/yoast.com\/wordpress\/plugins\/seo\/ -->\n<title>Klasikiniai auskarai su deimantu - ROUND DEIMANTAI (1.40 ct)<\/title>\n<meta name=\"description\" content=\"\u0160ie klasikiniai auskarai su deimantu \u2013 tai dizainas, kuriame eleganti\u0161ki apvalios formos akmenys tinka kiekvienos moters i\u0161rai\u0161kai.\" \/>\n<meta name=\"robots\" content=\"index, follow, max-snippet:-1, max-image-preview:large, max-video-preview:-1\" \/>\n<link rel=\"canonical\" href=\"https:\/\/topdiamonds.online\/lv\/papuosalas\/klasikiniai-auskarai-su-deimantu-round-deimantai-1-40-ct\/\" \/>\n<meta property=\"og:locale\" content=\"lv_LV\" \/>\n<meta property=\"og:type\" content=\"article\" \/>\n<meta property=\"og:title\" content=\"Klasikiniai auskarai su deimantu - ROUND DEIMANTAI (1.40 ct)\" \/>\n<meta property=\"og:description\" content=\"\u0160ie klasikiniai auskarai su deimantu \u2013 tai dizainas, kuriame eleganti\u0161ki apvalios formos akmenys tinka kiekvienos moters i\u0161rai\u0161kai.\" \/>\n<meta property=\"og:url\" content=\"https:\/\/topdiamonds.online\/lv\/papuosalas\/klasikiniai-auskarai-su-deimantu-round-deimantai-1-40-ct\/\" \/>\n<meta property=\"og:site_name\" content=\"Topdiamonds Online\" \/>\n<meta property=\"article:modified_time\" content=\"2025-08-13T09:29:15+00:00\" \/>\n<meta property=\"og:image\" content=\"https:\/\/topdiamonds.online\/wp-content\/uploads\/2025\/05\/Klasikiniai-auskarai-su-deimantu-ROUND-DEIMANTAI-TDO-1001-6.png\" \/>\n\t<meta property=\"og:image:width\" content=\"800\" \/>\n\t<meta property=\"og:image:height\" content=\"800\" \/>\n\t<meta property=\"og:image:type\" content=\"image\/png\" \/>\n<meta name=\"twitter:card\" content=\"summary_large_image\" \/>\n<meta name=\"twitter:label1\" content=\"Est. reading time\" \/>\n\t<meta name=\"twitter:data1\" content=\"2 minutes\" \/>\n<script type=\"application\/ld+json\" class=\"yoast-schema-graph\">{\"@context\":\"https:\/\/schema.org\",\"@graph\":[{\"@type\":\"WebPage\",\"@id\":\"https:\/\/topdiamonds.online\/lv\/papuosalas\/klasikiniai-auskarai-su-deimantu-round-deimantai-1-40-ct\/\",\"url\":\"https:\/\/topdiamonds.online\/lv\/papuosalas\/klasikiniai-auskarai-su-deimantu-round-deimantai-1-40-ct\/\",\"name\":\"Klasikiniai auskarai su deimantu - ROUND DEIMANTAI (1.40 ct)\",\"isPartOf\":{\"@id\":\"https:\/\/topdiamonds.online\/lv\/#website\"},\"primaryImageOfPage\":{\"@id\":\"https:\/\/topdiamonds.online\/lv\/papuosalas\/klasikiniai-auskarai-su-deimantu-round-deimantai-1-40-ct\/#primaryimage\"},\"image\":{\"@id\":\"https:\/\/topdiamonds.online\/lv\/papuosalas\/klasikiniai-auskarai-su-deimantu-round-deimantai-1-40-ct\/#primaryimage\"},\"thumbnailUrl\":\"https:\/\/topdiamonds.online\/wp-content\/uploads\/2025\/05\/Klasikiniai-auskarai-su-deimantu-ROUND-DEIMANTAI-TDO-1001-6.png\",\"datePublished\":\"2025-07-29T10:13:35+00:00\",\"dateModified\":\"2025-08-13T09:29:15+00:00\",\"description\":\"\u0160ie klasikiniai auskarai su deimantu \u2013 tai dizainas, kuriame eleganti\u0161ki apvalios formos akmenys tinka kiekvienos moters i\u0161rai\u0161kai.\",\"breadcrumb\":{\"@id\":\"https:\/\/topdiamonds.online\/lv\/papuosalas\/klasikiniai-auskarai-su-deimantu-round-deimantai-1-40-ct\/#breadcrumb\"},\"inLanguage\":\"lv-LV\",\"potentialAction\":[{\"@type\":\"ReadAction\",\"target\":[\"https:\/\/topdiamonds.online\/lv\/papuosalas\/klasikiniai-auskarai-su-deimantu-round-deimantai-1-40-ct\/\"]}]},{\"@type\":\"ImageObject\",\"inLanguage\":\"lv-LV\",\"@id\":\"https:\/\/topdiamonds.online\/lv\/papuosalas\/klasikiniai-auskarai-su-deimantu-round-deimantai-1-40-ct\/#primaryimage\",\"url\":\"https:\/\/topdiamonds.online\/wp-content\/uploads\/2025\/05\/Klasikiniai-auskarai-su-deimantu-ROUND-DEIMANTAI-TDO-1001-6.png\",\"contentUrl\":\"https:\/\/topdiamonds.online\/wp-content\/uploads\/2025\/05\/Klasikiniai-auskarai-su-deimantu-ROUND-DEIMANTAI-TDO-1001-6.png\",\"width\":800,\"height\":800,\"caption\":\"balto aukso auskarai su apvaliu deimantu\"},{\"@type\":\"BreadcrumbList\",\"@id\":\"https:\/\/topdiamonds.online\/lv\/papuosalas\/klasikiniai-auskarai-su-deimantu-round-deimantai-1-40-ct\/#breadcrumb\",\"itemListElement\":[{\"@type\":\"ListItem\",\"position\":1,\"name\":\"Home\",\"item\":\"https:\/\/topdiamonds.online\/lv\/\"},{\"@type\":\"ListItem\",\"position\":2,\"name\":\"Shop\",\"item\":\"https:\/\/topdiamonds.online\/shop-2\/\"},{\"@type\":\"ListItem\",\"position\":3,\"name\":\"Klasikiniai auskarai su deimantu &#8211; ROUND DEIMANTAI (1.40 ct)\"}]},{\"@type\":\"WebSite\",\"@id\":\"https:\/\/topdiamonds.online\/lv\/#website\",\"url\":\"https:\/\/topdiamonds.online\/lv\/\",\"name\":\"Topdiamonds Online\",\"description\":\"Juvelyrikos namai\",\"publisher\":{\"@id\":\"https:\/\/topdiamonds.online\/lv\/#organization\"},\"potentialAction\":[{\"@type\":\"SearchAction\",\"target\":{\"@type\":\"EntryPoint\",\"urlTemplate\":\"https:\/\/topdiamonds.online\/lv\/?s={search_term_string}\"},\"query-input\":{\"@type\":\"PropertyValueSpecification\",\"valueRequired\":true,\"valueName\":\"search_term_string\"}}],\"inLanguage\":\"lv-LV\"},{\"@type\":\"Organization\",\"@id\":\"https:\/\/topdiamonds.online\/lv\/#organization\",\"name\":\"Topdiamonds Online\",\"url\":\"https:\/\/topdiamonds.online\/lv\/\",\"logo\":{\"@type\":\"ImageObject\",\"inLanguage\":\"lv-LV\",\"@id\":\"https:\/\/topdiamonds.online\/lv\/#\/schema\/logo\/image\/\",\"url\":\"https:\/\/topdiamonds.online\/wp-content\/uploads\/2025\/03\/cropped-logo.png\",\"contentUrl\":\"https:\/\/topdiamonds.online\/wp-content\/uploads\/2025\/03\/cropped-logo.png\",\"width\":690,\"height\":126,\"caption\":\"Topdiamonds Online\"},\"image\":{\"@id\":\"https:\/\/topdiamonds.online\/lv\/#\/schema\/logo\/image\/\"}}]}<\/script>\n<!-- \/ Yoast SEO plugin. -->","yoast_head_json":{"title":"Klasikiniai auskarai su deimantu - ROUND DEIMANTAI (1.40 ct)","description":"\u0160ie klasikiniai auskarai su deimantu \u2013 tai dizainas, kuriame eleganti\u0161ki apvalios formos akmenys tinka kiekvienos moters i\u0161rai\u0161kai.","robots":{"index":"index","follow":"follow","max-snippet":"max-snippet:-1","max-image-preview":"max-image-preview:large","max-video-preview":"max-video-preview:-1"},"canonical":"https:\/\/topdiamonds.online\/lv\/papuosalas\/klasikiniai-auskarai-su-deimantu-round-deimantai-1-40-ct\/","og_locale":"lv_LV","og_type":"article","og_title":"Klasikiniai auskarai su deimantu - ROUND DEIMANTAI (1.40 ct)","og_description":"\u0160ie klasikiniai auskarai su deimantu \u2013 tai dizainas, kuriame eleganti\u0161ki apvalios formos akmenys tinka kiekvienos moters i\u0161rai\u0161kai.","og_url":"https:\/\/topdiamonds.online\/lv\/papuosalas\/klasikiniai-auskarai-su-deimantu-round-deimantai-1-40-ct\/","og_site_name":"Topdiamonds Online","article_modified_time":"2025-08-13T09:29:15+00:00","og_image":[{"width":800,"height":800,"url":"https:\/\/topdiamonds.online\/wp-content\/uploads\/2025\/05\/Klasikiniai-auskarai-su-deimantu-ROUND-DEIMANTAI-TDO-1001-6.png","type":"image\/png"}],"twitter_card":"summary_large_image","twitter_misc":{"Est. reading time":"2 minutes"},"schema":{"@context":"https:\/\/schema.org","@graph":[{"@type":"WebPage","@id":"https:\/\/topdiamonds.online\/lv\/papuosalas\/klasikiniai-auskarai-su-deimantu-round-deimantai-1-40-ct\/","url":"https:\/\/topdiamonds.online\/lv\/papuosalas\/klasikiniai-auskarai-su-deimantu-round-deimantai-1-40-ct\/","name":"Klasikiniai auskarai su deimantu - ROUND DEIMANTAI (1.40 ct)","isPartOf":{"@id":"https:\/\/topdiamonds.online\/lv\/#website"},"primaryImageOfPage":{"@id":"https:\/\/topdiamonds.online\/lv\/papuosalas\/klasikiniai-auskarai-su-deimantu-round-deimantai-1-40-ct\/#primaryimage"},"image":{"@id":"https:\/\/topdiamonds.online\/lv\/papuosalas\/klasikiniai-auskarai-su-deimantu-round-deimantai-1-40-ct\/#primaryimage"},"thumbnailUrl":"https:\/\/topdiamonds.online\/wp-content\/uploads\/2025\/05\/Klasikiniai-auskarai-su-deimantu-ROUND-DEIMANTAI-TDO-1001-6.png","datePublished":"2025-07-29T10:13:35+00:00","dateModified":"2025-08-13T09:29:15+00:00","description":"\u0160ie klasikiniai auskarai su deimantu \u2013 tai dizainas, kuriame eleganti\u0161ki apvalios formos akmenys tinka kiekvienos moters i\u0161rai\u0161kai.","breadcrumb":{"@id":"https:\/\/topdiamonds.online\/lv\/papuosalas\/klasikiniai-auskarai-su-deimantu-round-deimantai-1-40-ct\/#breadcrumb"},"inLanguage":"lv-LV","potentialAction":[{"@type":"ReadAction","target":["https:\/\/topdiamonds.online\/lv\/papuosalas\/klasikiniai-auskarai-su-deimantu-round-deimantai-1-40-ct\/"]}]},{"@type":"ImageObject","inLanguage":"lv-LV","@id":"https:\/\/topdiamonds.online\/lv\/papuosalas\/klasikiniai-auskarai-su-deimantu-round-deimantai-1-40-ct\/#primaryimage","url":"https:\/\/topdiamonds.online\/wp-content\/uploads\/2025\/05\/Klasikiniai-auskarai-su-deimantu-ROUND-DEIMANTAI-TDO-1001-6.png","contentUrl":"https:\/\/topdiamonds.online\/wp-content\/uploads\/2025\/05\/Klasikiniai-auskarai-su-deimantu-ROUND-DEIMANTAI-TDO-1001-6.png","width":800,"height":800,"caption":"balto aukso auskarai su apvaliu deimantu"},{"@type":"BreadcrumbList","@id":"https:\/\/topdiamonds.online\/lv\/papuosalas\/klasikiniai-auskarai-su-deimantu-round-deimantai-1-40-ct\/#breadcrumb","itemListElement":[{"@type":"ListItem","position":1,"name":"Home","item":"https:\/\/topdiamonds.online\/lv\/"},{"@type":"ListItem","position":2,"name":"Shop","item":"https:\/\/topdiamonds.online\/shop-2\/"},{"@type":"ListItem","position":3,"name":"Klasikiniai auskarai su deimantu &#8211; ROUND DEIMANTAI (1.40 ct)"}]},{"@type":"WebSite","@id":"https:\/\/topdiamonds.online\/lv\/#website","url":"https:\/\/topdiamonds.online\/lv\/","name":"Topdiamonds Online","description":"Juvelyrikos namai","publisher":{"@id":"https:\/\/topdiamonds.online\/lv\/#organization"},"potentialAction":[{"@type":"SearchAction","target":{"@type":"EntryPoint","urlTemplate":"https:\/\/topdiamonds.online\/lv\/?s={search_term_string}"},"query-input":{"@type":"PropertyValueSpecification","valueRequired":true,"valueName":"search_term_string"}}],"inLanguage":"lv-LV"},{"@type":"Organization","@id":"https:\/\/topdiamonds.online\/lv\/#organization","name":"Topdiamonds Online","url":"https:\/\/topdiamonds.online\/lv\/","logo":{"@type":"ImageObject","inLanguage":"lv-LV","@id":"https:\/\/topdiamonds.online\/lv\/#\/schema\/logo\/image\/","url":"https:\/\/topdiamonds.online\/wp-content\/uploads\/2025\/03\/cropped-logo.png","contentUrl":"https:\/\/topdiamonds.online\/wp-content\/uploads\/2025\/03\/cropped-logo.png","width":690,"height":126,"caption":"Topdiamonds Online"},"image":{"@id":"https:\/\/topdiamonds.online\/lv\/#\/schema\/logo\/image\/"}}]}},"_links":{"self":[{"href":"https:\/\/topdiamonds.online\/lv\/wp-json\/wp\/v2\/product\/28776","targetHints":{"allow":["GET"]}}],"collection":[{"href":"https:\/\/topdiamonds.online\/lv\/wp-json\/wp\/v2\/product"}],"about":[{"href":"https:\/\/topdiamonds.online\/lv\/wp-json\/wp\/v2\/types\/product"}],"version-history":[{"count":0,"href":"https:\/\/topdiamonds.online\/lv\/wp-json\/wp\/v2\/product\/28776\/revisions"}],"wp:featuredmedia":[{"embeddable":true,"href":"https:\/\/topdiamonds.online\/lv\/wp-json\/wp\/v2\/media\/15179"}],"wp:attachment":[{"href":"https:\/\/topdiamonds.online\/lv\/wp-json\/wp\/v2\/media?parent=28776"}],"wp:term":[{"taxonomy":"product_brand","embeddable":true,"href":"https:\/\/topdiamonds.online\/lv\/wp-json\/wp\/v2\/product_brand?post=28776"},{"taxonomy":"product_cat","embeddable":true,"href":"https:\/\/topdiamonds.online\/lv\/wp-json\/wp\/v2\/product_cat?post=28776"},{"taxonomy":"product_tag","embeddable":true,"href":"https:\/\/topdiamonds.online\/lv\/wp-json\/wp\/v2\/product_tag?post=28776"}],"curies":[{"name":"wp","href":"https:\/\/api.w.org\/{rel}","templated":true}]}}