{"id":27147,"date":"2025-07-21T11:04:06","date_gmt":"2025-07-21T11:04:06","guid":{"rendered":"https:\/\/topdiamonds.online\/?post_type=product&#038;p=27147"},"modified":"2025-08-13T10:23:49","modified_gmt":"2025-08-13T10:23:49","slug":"pakabukas-su-deimantu-cushion-halo-deimantas-0-85-ct","status":"publish","type":"product","link":"https:\/\/topdiamonds.online\/lv\/papuosalas\/pakabukas-su-deimantu-cushion-halo-deimantas-0-85-ct\/","title":{"rendered":"Pakabukas su deimantu &#8211; CUSHION HALO DEIMANTAS (0.85 ct)"},"content":{"rendered":"<p><span data-sheets-root=\"1\">Pagaminta laikantis auk\u0161\u010diausi\u0173 juvelyrikos gamybos standart\u0173. Pakabukas gali b\u016bti pagamintas pagal u\u017esakym\u0105: u\u017e papildom\u0105 mokest\u012f su auk\u0161tesn\u0117s kokyb\u0117s deimantu.<\/span><\/p>\n<p><span data-sheets-root=\"1\"><br \/>\n\u2022 <strong><a href=\"https:\/\/topdiamonds.online\/pakabuko-metalas\/\" target=\"_blank\" rel=\"noopener\">Pakabuko metalas<\/a><\/strong>: 14K (585 prabos), 18K (750 prabos), 900 platina<br \/>\n\u2022 <a href=\"https:\/\/topdiamonds.online\/pakabuko-aukso-spalva\/\" target=\"_blank\" rel=\"noopener\"><strong>Pakabuko aukso spalva<\/strong><\/a>: baltas, raudonas, geltonas<br \/>\n<\/span><span data-sheets-root=\"1\">\u2022 <a href=\"https:\/\/topdiamonds.online\/grandineles-aukso-svoris\/\" target=\"_blank\" rel=\"noopener\"><strong>Pakabuko aukso svoris<\/strong><\/a>: apie 2.00 g<br \/>\n\u2022 <a href=\"https:\/\/topdiamonds.online\/pakabuko-karuneles-plotis\/\" target=\"_blank\" rel=\"noopener\"><strong>Pakabuko kar\u016bn\u0117l\u0117s plotis<\/strong><\/a>: apie 5.5 mm<br \/>\n\u2022 <a href=\"https:\/\/topdiamonds.online\/grandineles-ilgis\/\" target=\"_blank\" rel=\"noopener\"><strong>Grandin\u0117l\u0117s ilgis<\/strong><\/a>: 43-45 cm (reguliuojamas)<br \/>\n\u2022 <a href=\"https:\/\/topdiamonds.online\/deimanto-forma\/\" target=\"_blank\" rel=\"noopener\"><strong>Deimanto forma<\/strong><\/a>: Pagalv\u0117l\u0117s forma (<em>Cushion cut<\/em>)<br \/>\n<\/span><span data-sheets-root=\"1\">\u2022 <a href=\"https:\/\/topdiamonds.online\/deimantu-tipai\/\" target=\"_blank\" rel=\"noopener\"><strong>Deimanto tipas<\/strong><\/a>: Laboratorijoje u\u017eauginti deimantai arba natural\u016bs deimantai<br \/>\n\u2022 <a href=\"https:\/\/topdiamonds.online\/deimanto-svoris-ir-charakteristika\/\" target=\"_blank\" rel=\"noopener\"><strong>Deimanto svoris ir charakteristika<\/strong><\/a> (galima keisti):<br \/>\nLaboratorijoje u\u017eaugintas deimantas: 0.70 ct deimantas (spalva D-E, \u0161varumas VVS), IGI sertifikatas<br \/>\nNat\u016bralus deimantas: 0.70 ct deimantas (spalva G-I, \u0161varumas SI), GIA sertifikatas<br \/>\nAplink centrin\u012f deimant\u0105 esan\u010diame Halo: apie 0.15 ct deimantai (galima keisti)<br \/>\nBendras deimant\u0173 svoris: 0.85 ct<br \/>\n<\/span><span data-sheets-root=\"1\">\u2022 <strong><a href=\"https:\/\/topdiamonds.online\/graviravimas\/\" target=\"_blank\" rel=\"noopener\">Graviravimas<\/a><\/strong> nemokamai<br \/>\n\u2022 <strong><a href=\"https:\/\/topdiamonds.online\/pristatymas-ir-grazinimas\/\" target=\"_blank\" rel=\"noopener\">Gamybos ir pristatymo terminas<\/a><\/strong>: apie 14 darbo dien\u0173, skubos tvarka per 7 d.d.<br \/>\n\u2022 Vienkartin\u0117 nemokama <strong><a href=\"https:\/\/topdiamonds.online\/grandineles-ilgio-keitimo-garantija\/\" target=\"_blank\" rel=\"noopener\">grandin\u0117l\u0117s ilgio keitimo garantija<\/a><br \/>\n<\/strong><\/span><span data-sheets-root=\"1\">Pastaba: perkant Halo stiliaus pakabuk\u0105 galima bendro karat\u0173 svorio paklaida: 0.83 ct &#8211; 0.87 ct<\/span><\/p>\n<p><span data-sheets-root=\"1\"><br \/>\nTurite savo brangakmen\u012f, ar auks\u0105? Perskai\u010diuosime kain\u0105 ir mok\u0117site tik u\u017e pakabuko gamyb\u0105. O gal norite keisti deimanto charakteristik\u0105 pagal savo pageidavimus? <strong><a href=\"https:\/\/topdiamonds.online\/kontaktai\/\" target=\"_blank\" rel=\"noopener\">Susisiekite<\/a><\/strong>!<br \/>\nAtraskite plat\u0173 juvelyrikos su deimantais pasirinkim\u0105, atitinkant\u012f \u012fvairius skonius ir biud\u017eetus. Suksikurk ir personalizuok savo papuo\u0161al\u0105 su <a href=\"https:\/\/topdiamonds.online\/\" target=\"_blank\" rel=\"noopener\">TopDiamonds.Online<\/a>.<\/span><\/p>\n","protected":false},"excerpt":{"rendered":"<div class=\"flex max-w-full flex-col grow\">\n<div class=\"min-h-8 text-message relative flex w-full flex-col items-end gap-2 text-start break-words whitespace-normal [.text-message+&amp;]:mt-5\" dir=\"auto\" data-message-author-role=\"assistant\" data-message-id=\"5c71cca1-97a8-4be4-98f8-ae3b265b8ca4\" data-message-model-slug=\"gpt-4o\">\n<div class=\"flex w-full flex-col gap-1 empty:hidden first:pt-[3px]\">\n<div class=\"markdown prose dark:prose-invert w-full break-words dark\">\n<article class=\"text-token-text-primary w-full\" dir=\"auto\" data-testid=\"conversation-turn-16\" data-scroll-anchor=\"true\">\n<div class=\"text-base my-auto mx-auto py-5 [--thread-content-margin:--spacing(4)] @[37rem]:[--thread-content-margin:--spacing(6)] @[72rem]:[--thread-content-margin:--spacing(16)] px-(--thread-content-margin)\">\n<div class=\"[--thread-content-max-width:32rem] @[34rem]:[--thread-content-max-width:40rem] @[64rem]:[--thread-content-max-width:48rem] mx-auto flex max-w-(--thread-content-max-width) flex-1 text-base gap-4 md:gap-5 lg:gap-6 group\/turn-messages focus-visible:outline-hidden\" tabindex=\"-1\">\n<div class=\"group\/conversation-turn relative flex w-full min-w-0 flex-col agent-turn\">\n<div class=\"relative flex-col gap-1 md:gap-3\">\n<div class=\"flex max-w-full flex-col grow\">\n<div class=\"min-h-8 text-message relative flex w-full flex-col items-end gap-2 text-start break-words whitespace-normal [.text-message+&amp;]:mt-5\" dir=\"auto\" data-message-author-role=\"assistant\" data-message-id=\"6b6bce92-f7da-4b83-b8a2-6a8f5061b6dd\" data-message-model-slug=\"gpt-4o\">\n<div class=\"flex w-full flex-col gap-1 empty:hidden first:pt-[3px]\">\n<div class=\"markdown prose dark:prose-invert w-full break-words dark\">\n<p data-start=\"203\" data-end=\"719\"><span data-sheets-root=\"1\">\u0160is pakabukas su deimantu pasi\u017eymi klasikine forma ir i\u0161skirtiniu spindesiu. Puikus pasirinkimas tiems, kurie ie\u0161ko papuo\u0161alo, i\u0161siskirian\u010dio prabanga, ta\u010diau ir puikiai i\u0161laikan\u010dio \u0161velni\u0105 estetik\u0105. Centre puikuojasi pagalv\u0117l\u0117s formos deimantas \u2013 tai <em>Cushion<\/em> pj\u016bvio brangakmenis, \u017einomas d\u0117l savo \u0161velniai suapvalint\u0173 kamp\u0173 ir gilios \u0161viesos refleksijos. J\u012f subtiliai apjuosia ma\u017eesni\u0173 deimant\u0173 Halo apskritimas, kuris ne tik pabr\u0117\u017eia centrin\u012f akmen\u012f, bet ir sustiprina viso pakabuko \u017evilges\u012f. Kiekvienas akmuo \u012ftvirtintas su precizi\u0161ku tikslumu, o pakabuko forma dera tiek prie kasdienio, tiek prie vakarinio \u012fvaizd\u017eio. Tai universalus juvelyrikos dirbinys, tinkamas kiekvienai progai \u2013 nuo romanti\u0161ko vakaro iki i\u0161kilmingo renginio. Nesvarbu, ar dovanojate sau, ar kitam \u2013 \u0161is pakabukas kalba apie stili\u0173, jausm\u0105 ir i\u0161liekam\u0105j\u0105 vert\u0119.<\/span><\/p>\n<\/div>\n<\/div>\n<\/div>\n<\/div>\n<\/div>\n<\/div>\n<\/div>\n<\/div>\n<\/article>\n<\/div>\n<\/div>\n<\/div>\n<\/div>\n","protected":false},"featured_media":20127,"template":"","meta":{"site-sidebar-layout":"default","site-content-layout":"","ast-site-content-layout":"default","site-content-style":"default","site-sidebar-style":"default","ast-global-header-display":"","ast-banner-title-visibility":"","ast-main-header-display":"","ast-hfb-above-header-display":"","ast-hfb-below-header-display":"","ast-hfb-mobile-header-display":"","site-post-title":"","ast-breadcrumbs-content":"","ast-featured-img":"","footer-sml-layout":"","theme-transparent-header-meta":"default","adv-header-id-meta":"","stick-header-meta":"","header-above-stick-meta":"","header-main-stick-meta":"","header-below-stick-meta":"","astra-migrate-meta-layouts":"set","ast-page-background-enabled":"default","ast-page-background-meta":{"desktop":{"background-color":"var(--ast-global-color-4)","background-image":"","background-repeat":"repeat","background-position":"center center","background-size":"auto","background-attachment":"scroll","background-type":"","background-media":"","overlay-type":"","overlay-color":"","overlay-opacity":"","overlay-gradient":""},"tablet":{"background-color":"","background-image":"","background-repeat":"repeat","background-position":"center center","background-size":"auto","background-attachment":"scroll","background-type":"","background-media":"","overlay-type":"","overlay-color":"","overlay-opacity":"","overlay-gradient":""},"mobile":{"background-color":"","background-image":"","background-repeat":"repeat","background-position":"center center","background-size":"auto","background-attachment":"scroll","background-type":"","background-media":"","overlay-type":"","overlay-color":"","overlay-opacity":"","overlay-gradient":""}},"ast-content-background-meta":{"desktop":{"background-color":"var(--ast-global-color-5)","background-image":"","background-repeat":"repeat","background-position":"center center","background-size":"auto","background-attachment":"scroll","background-type":"","background-media":"","overlay-type":"","overlay-color":"","overlay-opacity":"","overlay-gradient":""},"tablet":{"background-color":"var(--ast-global-color-5)","background-image":"","background-repeat":"repeat","background-position":"center center","background-size":"auto","background-attachment":"scroll","background-type":"","background-media":"","overlay-type":"","overlay-color":"","overlay-opacity":"","overlay-gradient":""},"mobile":{"background-color":"var(--ast-global-color-5)","background-image":"","background-repeat":"repeat","background-position":"center center","background-size":"auto","background-attachment":"scroll","background-type":"","background-media":"","overlay-type":"","overlay-color":"","overlay-opacity":"","overlay-gradient":""}}},"product_brand":[],"product_cat":[135,63,72,68],"product_tag":[],"class_list":{"0":"post-27147","1":"product","2":"type-product","3":"status-publish","4":"has-post-thumbnail","6":"product_cat-dovanu-idejos","7":"product_cat-juvelyrika","8":"product_cat-juvelyrika-moterims","9":"product_cat-pakabukai-su-deimantais","10":"desktop-align-center","11":"tablet-align-left","12":"mobile-align-left","13":"ast-product-gallery-layout-horizontal-slider","14":"ast-product-single-variable","15":"ast-product-tabs-layout-accordion","16":"ast-qv-on-image","18":"first","19":"instock","20":"taxable","21":"shipping-taxable","22":"purchasable","23":"product-type-variable"},"yoast_head":"<!-- This site is optimized with the Yoast SEO plugin v26.6 - https:\/\/yoast.com\/wordpress\/plugins\/seo\/ -->\n<title>Pakabukas su deimantu - CUSHION HALO deimantas (0.85 ct)<\/title>\n<meta name=\"description\" content=\"Pagalv\u0117l\u0117s formos deimantas ir Halo dizainas \u2013 tai \u0161is pakabukas su deimantu, \u012fk\u016bnijantis subtili\u0105 prabang\u0105 ir klasikin\u012f \u017eaves\u012f.\" \/>\n<meta name=\"robots\" content=\"index, follow, max-snippet:-1, max-image-preview:large, max-video-preview:-1\" \/>\n<link rel=\"canonical\" href=\"https:\/\/topdiamonds.online\/lv\/papuosalas\/pakabukas-su-deimantu-cushion-halo-deimantas-0-85-ct\/\" \/>\n<meta property=\"og:locale\" content=\"lv_LV\" \/>\n<meta property=\"og:type\" content=\"article\" \/>\n<meta property=\"og:title\" content=\"Pakabukas su deimantu - CUSHION HALO deimantas (0.85 ct)\" \/>\n<meta property=\"og:description\" content=\"Pagalv\u0117l\u0117s formos deimantas ir Halo dizainas \u2013 tai \u0161is pakabukas su deimantu, \u012fk\u016bnijantis subtili\u0105 prabang\u0105 ir klasikin\u012f \u017eaves\u012f.\" \/>\n<meta property=\"og:url\" content=\"https:\/\/topdiamonds.online\/lv\/papuosalas\/pakabukas-su-deimantu-cushion-halo-deimantas-0-85-ct\/\" \/>\n<meta property=\"og:site_name\" content=\"Topdiamonds Online\" \/>\n<meta property=\"article:modified_time\" content=\"2025-08-13T10:23:49+00:00\" \/>\n<meta property=\"og:image\" content=\"https:\/\/topdiamonds.online\/wp-content\/uploads\/2025\/06\/TDO-1055-Pakabukas-su-deimantu-ir-halo-CUSHION-DEIMANTAS-1.jpg\" \/>\n\t<meta property=\"og:image:width\" content=\"800\" \/>\n\t<meta property=\"og:image:height\" content=\"800\" \/>\n\t<meta property=\"og:image:type\" content=\"image\/jpeg\" \/>\n<meta name=\"twitter:card\" content=\"summary_large_image\" \/>\n<meta name=\"twitter:label1\" content=\"Est. reading time\" \/>\n\t<meta name=\"twitter:data1\" content=\"2 minutes\" \/>\n<script type=\"application\/ld+json\" class=\"yoast-schema-graph\">{\"@context\":\"https:\/\/schema.org\",\"@graph\":[{\"@type\":\"WebPage\",\"@id\":\"https:\/\/topdiamonds.online\/lv\/papuosalas\/pakabukas-su-deimantu-cushion-halo-deimantas-0-85-ct\/\",\"url\":\"https:\/\/topdiamonds.online\/lv\/papuosalas\/pakabukas-su-deimantu-cushion-halo-deimantas-0-85-ct\/\",\"name\":\"Pakabukas su deimantu - CUSHION HALO deimantas (0.85 ct)\",\"isPartOf\":{\"@id\":\"https:\/\/topdiamonds.online\/lv\/#website\"},\"primaryImageOfPage\":{\"@id\":\"https:\/\/topdiamonds.online\/lv\/papuosalas\/pakabukas-su-deimantu-cushion-halo-deimantas-0-85-ct\/#primaryimage\"},\"image\":{\"@id\":\"https:\/\/topdiamonds.online\/lv\/papuosalas\/pakabukas-su-deimantu-cushion-halo-deimantas-0-85-ct\/#primaryimage\"},\"thumbnailUrl\":\"https:\/\/topdiamonds.online\/wp-content\/uploads\/2025\/06\/TDO-1055-Pakabukas-su-deimantu-ir-halo-CUSHION-DEIMANTAS-1.jpg\",\"datePublished\":\"2025-07-21T11:04:06+00:00\",\"dateModified\":\"2025-08-13T10:23:49+00:00\",\"description\":\"Pagalv\u0117l\u0117s formos deimantas ir Halo dizainas \u2013 tai \u0161is pakabukas su deimantu, \u012fk\u016bnijantis subtili\u0105 prabang\u0105 ir klasikin\u012f \u017eaves\u012f.\",\"breadcrumb\":{\"@id\":\"https:\/\/topdiamonds.online\/lv\/papuosalas\/pakabukas-su-deimantu-cushion-halo-deimantas-0-85-ct\/#breadcrumb\"},\"inLanguage\":\"lv-LV\",\"potentialAction\":[{\"@type\":\"ReadAction\",\"target\":[\"https:\/\/topdiamonds.online\/lv\/papuosalas\/pakabukas-su-deimantu-cushion-halo-deimantas-0-85-ct\/\"]}]},{\"@type\":\"ImageObject\",\"inLanguage\":\"lv-LV\",\"@id\":\"https:\/\/topdiamonds.online\/lv\/papuosalas\/pakabukas-su-deimantu-cushion-halo-deimantas-0-85-ct\/#primaryimage\",\"url\":\"https:\/\/topdiamonds.online\/wp-content\/uploads\/2025\/06\/TDO-1055-Pakabukas-su-deimantu-ir-halo-CUSHION-DEIMANTAS-1.jpg\",\"contentUrl\":\"https:\/\/topdiamonds.online\/wp-content\/uploads\/2025\/06\/TDO-1055-Pakabukas-su-deimantu-ir-halo-CUSHION-DEIMANTAS-1.jpg\",\"width\":800,\"height\":800,\"caption\":\"Pakabukas su pagalv\u0117l\u0117s formos deimantu i\u0161 balto aukso arba platinos - Cushion cut\"},{\"@type\":\"BreadcrumbList\",\"@id\":\"https:\/\/topdiamonds.online\/lv\/papuosalas\/pakabukas-su-deimantu-cushion-halo-deimantas-0-85-ct\/#breadcrumb\",\"itemListElement\":[{\"@type\":\"ListItem\",\"position\":1,\"name\":\"Home\",\"item\":\"https:\/\/topdiamonds.online\/lv\/\"},{\"@type\":\"ListItem\",\"position\":2,\"name\":\"Shop\",\"item\":\"https:\/\/topdiamonds.online\/shop-2\/\"},{\"@type\":\"ListItem\",\"position\":3,\"name\":\"Pakabukas su deimantu &#8211; CUSHION HALO DEIMANTAS (0.85 ct)\"}]},{\"@type\":\"WebSite\",\"@id\":\"https:\/\/topdiamonds.online\/lv\/#website\",\"url\":\"https:\/\/topdiamonds.online\/lv\/\",\"name\":\"Topdiamonds Online\",\"description\":\"Juvelyrikos namai\",\"publisher\":{\"@id\":\"https:\/\/topdiamonds.online\/lv\/#organization\"},\"potentialAction\":[{\"@type\":\"SearchAction\",\"target\":{\"@type\":\"EntryPoint\",\"urlTemplate\":\"https:\/\/topdiamonds.online\/lv\/?s={search_term_string}\"},\"query-input\":{\"@type\":\"PropertyValueSpecification\",\"valueRequired\":true,\"valueName\":\"search_term_string\"}}],\"inLanguage\":\"lv-LV\"},{\"@type\":\"Organization\",\"@id\":\"https:\/\/topdiamonds.online\/lv\/#organization\",\"name\":\"Topdiamonds Online\",\"url\":\"https:\/\/topdiamonds.online\/lv\/\",\"logo\":{\"@type\":\"ImageObject\",\"inLanguage\":\"lv-LV\",\"@id\":\"https:\/\/topdiamonds.online\/lv\/#\/schema\/logo\/image\/\",\"url\":\"https:\/\/topdiamonds.online\/wp-content\/uploads\/2025\/03\/cropped-logo.png\",\"contentUrl\":\"https:\/\/topdiamonds.online\/wp-content\/uploads\/2025\/03\/cropped-logo.png\",\"width\":690,\"height\":126,\"caption\":\"Topdiamonds Online\"},\"image\":{\"@id\":\"https:\/\/topdiamonds.online\/lv\/#\/schema\/logo\/image\/\"}}]}<\/script>\n<!-- \/ Yoast SEO plugin. -->","yoast_head_json":{"title":"Pakabukas su deimantu - CUSHION HALO deimantas (0.85 ct)","description":"Pagalv\u0117l\u0117s formos deimantas ir Halo dizainas \u2013 tai \u0161is pakabukas su deimantu, \u012fk\u016bnijantis subtili\u0105 prabang\u0105 ir klasikin\u012f \u017eaves\u012f.","robots":{"index":"index","follow":"follow","max-snippet":"max-snippet:-1","max-image-preview":"max-image-preview:large","max-video-preview":"max-video-preview:-1"},"canonical":"https:\/\/topdiamonds.online\/lv\/papuosalas\/pakabukas-su-deimantu-cushion-halo-deimantas-0-85-ct\/","og_locale":"lv_LV","og_type":"article","og_title":"Pakabukas su deimantu - CUSHION HALO deimantas (0.85 ct)","og_description":"Pagalv\u0117l\u0117s formos deimantas ir Halo dizainas \u2013 tai \u0161is pakabukas su deimantu, \u012fk\u016bnijantis subtili\u0105 prabang\u0105 ir klasikin\u012f \u017eaves\u012f.","og_url":"https:\/\/topdiamonds.online\/lv\/papuosalas\/pakabukas-su-deimantu-cushion-halo-deimantas-0-85-ct\/","og_site_name":"Topdiamonds Online","article_modified_time":"2025-08-13T10:23:49+00:00","og_image":[{"width":800,"height":800,"url":"https:\/\/topdiamonds.online\/wp-content\/uploads\/2025\/06\/TDO-1055-Pakabukas-su-deimantu-ir-halo-CUSHION-DEIMANTAS-1.jpg","type":"image\/jpeg"}],"twitter_card":"summary_large_image","twitter_misc":{"Est. reading time":"2 minutes"},"schema":{"@context":"https:\/\/schema.org","@graph":[{"@type":"WebPage","@id":"https:\/\/topdiamonds.online\/lv\/papuosalas\/pakabukas-su-deimantu-cushion-halo-deimantas-0-85-ct\/","url":"https:\/\/topdiamonds.online\/lv\/papuosalas\/pakabukas-su-deimantu-cushion-halo-deimantas-0-85-ct\/","name":"Pakabukas su deimantu - CUSHION HALO deimantas (0.85 ct)","isPartOf":{"@id":"https:\/\/topdiamonds.online\/lv\/#website"},"primaryImageOfPage":{"@id":"https:\/\/topdiamonds.online\/lv\/papuosalas\/pakabukas-su-deimantu-cushion-halo-deimantas-0-85-ct\/#primaryimage"},"image":{"@id":"https:\/\/topdiamonds.online\/lv\/papuosalas\/pakabukas-su-deimantu-cushion-halo-deimantas-0-85-ct\/#primaryimage"},"thumbnailUrl":"https:\/\/topdiamonds.online\/wp-content\/uploads\/2025\/06\/TDO-1055-Pakabukas-su-deimantu-ir-halo-CUSHION-DEIMANTAS-1.jpg","datePublished":"2025-07-21T11:04:06+00:00","dateModified":"2025-08-13T10:23:49+00:00","description":"Pagalv\u0117l\u0117s formos deimantas ir Halo dizainas \u2013 tai \u0161is pakabukas su deimantu, \u012fk\u016bnijantis subtili\u0105 prabang\u0105 ir klasikin\u012f \u017eaves\u012f.","breadcrumb":{"@id":"https:\/\/topdiamonds.online\/lv\/papuosalas\/pakabukas-su-deimantu-cushion-halo-deimantas-0-85-ct\/#breadcrumb"},"inLanguage":"lv-LV","potentialAction":[{"@type":"ReadAction","target":["https:\/\/topdiamonds.online\/lv\/papuosalas\/pakabukas-su-deimantu-cushion-halo-deimantas-0-85-ct\/"]}]},{"@type":"ImageObject","inLanguage":"lv-LV","@id":"https:\/\/topdiamonds.online\/lv\/papuosalas\/pakabukas-su-deimantu-cushion-halo-deimantas-0-85-ct\/#primaryimage","url":"https:\/\/topdiamonds.online\/wp-content\/uploads\/2025\/06\/TDO-1055-Pakabukas-su-deimantu-ir-halo-CUSHION-DEIMANTAS-1.jpg","contentUrl":"https:\/\/topdiamonds.online\/wp-content\/uploads\/2025\/06\/TDO-1055-Pakabukas-su-deimantu-ir-halo-CUSHION-DEIMANTAS-1.jpg","width":800,"height":800,"caption":"Pakabukas su pagalv\u0117l\u0117s formos deimantu i\u0161 balto aukso arba platinos - Cushion cut"},{"@type":"BreadcrumbList","@id":"https:\/\/topdiamonds.online\/lv\/papuosalas\/pakabukas-su-deimantu-cushion-halo-deimantas-0-85-ct\/#breadcrumb","itemListElement":[{"@type":"ListItem","position":1,"name":"Home","item":"https:\/\/topdiamonds.online\/lv\/"},{"@type":"ListItem","position":2,"name":"Shop","item":"https:\/\/topdiamonds.online\/shop-2\/"},{"@type":"ListItem","position":3,"name":"Pakabukas su deimantu &#8211; CUSHION HALO DEIMANTAS (0.85 ct)"}]},{"@type":"WebSite","@id":"https:\/\/topdiamonds.online\/lv\/#website","url":"https:\/\/topdiamonds.online\/lv\/","name":"Topdiamonds Online","description":"Juvelyrikos namai","publisher":{"@id":"https:\/\/topdiamonds.online\/lv\/#organization"},"potentialAction":[{"@type":"SearchAction","target":{"@type":"EntryPoint","urlTemplate":"https:\/\/topdiamonds.online\/lv\/?s={search_term_string}"},"query-input":{"@type":"PropertyValueSpecification","valueRequired":true,"valueName":"search_term_string"}}],"inLanguage":"lv-LV"},{"@type":"Organization","@id":"https:\/\/topdiamonds.online\/lv\/#organization","name":"Topdiamonds Online","url":"https:\/\/topdiamonds.online\/lv\/","logo":{"@type":"ImageObject","inLanguage":"lv-LV","@id":"https:\/\/topdiamonds.online\/lv\/#\/schema\/logo\/image\/","url":"https:\/\/topdiamonds.online\/wp-content\/uploads\/2025\/03\/cropped-logo.png","contentUrl":"https:\/\/topdiamonds.online\/wp-content\/uploads\/2025\/03\/cropped-logo.png","width":690,"height":126,"caption":"Topdiamonds Online"},"image":{"@id":"https:\/\/topdiamonds.online\/lv\/#\/schema\/logo\/image\/"}}]}},"_links":{"self":[{"href":"https:\/\/topdiamonds.online\/lv\/wp-json\/wp\/v2\/product\/27147","targetHints":{"allow":["GET"]}}],"collection":[{"href":"https:\/\/topdiamonds.online\/lv\/wp-json\/wp\/v2\/product"}],"about":[{"href":"https:\/\/topdiamonds.online\/lv\/wp-json\/wp\/v2\/types\/product"}],"version-history":[{"count":0,"href":"https:\/\/topdiamonds.online\/lv\/wp-json\/wp\/v2\/product\/27147\/revisions"}],"wp:featuredmedia":[{"embeddable":true,"href":"https:\/\/topdiamonds.online\/lv\/wp-json\/wp\/v2\/media\/20127"}],"wp:attachment":[{"href":"https:\/\/topdiamonds.online\/lv\/wp-json\/wp\/v2\/media?parent=27147"}],"wp:term":[{"taxonomy":"product_brand","embeddable":true,"href":"https:\/\/topdiamonds.online\/lv\/wp-json\/wp\/v2\/product_brand?post=27147"},{"taxonomy":"product_cat","embeddable":true,"href":"https:\/\/topdiamonds.online\/lv\/wp-json\/wp\/v2\/product_cat?post=27147"},{"taxonomy":"product_tag","embeddable":true,"href":"https:\/\/topdiamonds.online\/lv\/wp-json\/wp\/v2\/product_tag?post=27147"}],"curies":[{"name":"wp","href":"https:\/\/api.w.org\/{rel}","templated":true}]}}