{"id":25787,"date":"2025-07-14T09:18:15","date_gmt":"2025-07-14T09:18:15","guid":{"rendered":"https:\/\/topdiamonds.online\/?post_type=product&#038;p=25787"},"modified":"2025-08-13T09:54:24","modified_gmt":"2025-08-13T09:54:24","slug":"klasikinis-pakabukas-su-deimantu-cushion-deimantas-1-20-ct","status":"publish","type":"product","link":"https:\/\/topdiamonds.online\/lv\/papuosalas\/klasikinis-pakabukas-su-deimantu-cushion-deimantas-1-20-ct\/","title":{"rendered":"Klasikinis pakabukas su deimantu &#8211; CUSHION DEIMANTAS (1.20 ct)"},"content":{"rendered":"<p><span data-sheets-root=\"1\">Pagaminta laikantis auk\u0161\u010diausi\u0173 juvelyrikos gamybos standart\u0173. Pakabukas gali b\u016bti pagamintas pagal u\u017esakym\u0105: u\u017e papildom\u0105 mokest\u012f su auk\u0161tesn\u0117s kokyb\u0117s deimantu.<\/span><\/p>\n<p><span data-sheets-root=\"1\"><br \/>\n\u2022 <a href=\"https:\/\/topdiamonds.online\/pakabuko-metalas\/\" target=\"_blank\" rel=\"noopener\"><strong>Pakabuko metalas<\/strong><\/a>: 14K (585 prabos), 18K (750 prabos), 900 platina<br \/>\n\u2022 <a href=\"https:\/\/topdiamonds.online\/pakabuko-aukso-spalva\/\" target=\"_blank\" rel=\"noopener\"><strong>Pakabuko aukso spalva<\/strong><\/a>: baltas, raudonas, geltonas<br \/>\n<\/span><span data-sheets-root=\"1\">\u2022 <a href=\"https:\/\/topdiamonds.online\/grandineles-aukso-svoris\/\" target=\"_blank\" rel=\"noopener\"><strong>Pakabuko aukso svoris<\/strong><\/a>: 2.00 g &#8211; 3.00 g<br \/>\n\u2022 <a href=\"https:\/\/topdiamonds.online\/pakabuko-karuneles-plotis\/\" target=\"_blank\" rel=\"noopener\"><strong>Pakabuko kar\u016bn\u0117l\u0117s plotis<\/strong><\/a>: apie 5.75 mm<\/span><span data-sheets-root=\"1\"><br \/>\n\u2022 <a href=\"https:\/\/topdiamonds.online\/grandineles-ilgis\/\" target=\"_blank\" rel=\"noopener\"><strong>Grandin\u0117l\u0117s ilgis<\/strong><\/a>: 43-45 cm (reguliuojamas)<br \/>\n\u2022 <a href=\"https:\/\/topdiamonds.online\/grandineles-aukso-svoris\/\" target=\"_blank\" rel=\"noopener\"><strong>Bendras grandin\u0117l\u0117s aukso svoris<\/strong><\/a>: 0.58 g<br \/>\n\u2022 <a href=\"https:\/\/topdiamonds.online\/deimanto-forma\/\" target=\"_blank\" rel=\"noopener\"><strong>Deimanto forma<\/strong><\/a>: Pagalv\u0117l\u0117s forma (<em>Cushion cut<\/em>)<br \/>\n\u2022 <a href=\"https:\/\/topdiamonds.online\/deimantu-tipai\/\" target=\"_blank\" rel=\"noopener\"><strong>Deimant\u0173 tipai<\/strong><\/a>: Laboratorijoje u\u017eauginti deimantai arba natural\u016bs deimantai<br \/>\n\u2022 <a href=\"https:\/\/topdiamonds.online\/deimanto-charakteristika\/\" target=\"_blank\" rel=\"noopener\"><strong>Deimanto svoris ir charakteristika<\/strong><\/a> (galima keisti):<br \/>\nLaboratorijoje u\u017eaugintas deimantas: 1.20 ct deimantas (spalva D-E, \u0161varumas VVS), IGI sertifikatas<br \/>\nNat\u016bralus deimantas: 1.20 ct deimantas (spalva G-I, \u0161varumas SI), GIA sertifikatas<br \/>\n\u2022 <strong><a href=\"https:\/\/topdiamonds.online\/graviravimas\/\" target=\"_blank\" rel=\"noopener\">Graviravimas<\/a><\/strong> nemokamai<br \/>\n<\/span><span data-sheets-root=\"1\">\u2022 <a href=\"https:\/\/topdiamonds.online\/pristatymas-ir-grazinimas\/\" target=\"_blank\" rel=\"noopener\"><strong>Gamybos ir pristatymo terminas<\/strong><\/a>: apie 14 darbo dien\u0173, skubos tvarka per 7 d.d.<br \/>\n\u2022 Vienkartin\u0117 nemokama <strong><a href=\"https:\/\/topdiamonds.online\/grandineles-ilgio-keitimo-garantija\/\" target=\"_blank\" rel=\"noopener\">grandin\u0117l\u0117s ilgio keitimo garantija<\/a><\/strong><\/span><\/p>\n<p><span data-sheets-root=\"1\"><br \/>\nTurite savo brangakmen\u012f, ar auks\u0105? Perskai\u010diuosime kain\u0105 ir mok\u0117site tik u\u017e pakabuko gamyb\u0105. O gal norite keisti deimanto charakteristik\u0105 pagal savo pageidavimus? <a href=\"https:\/\/topdiamonds.online\/kontaktai\/\" target=\"_blank\" rel=\"noopener\"><strong>Susisiekite<\/strong><\/a>!<br \/>\nAtraskite plat\u0173 juvelyrikos su deimantais pasirinkim\u0105, atitinkant\u012f \u012fvairius skonius ir biud\u017eetus. Suksikurk ir personalizuok savo papuo\u0161al\u0105 su <a href=\"https:\/\/topdiamonds.online\/\" target=\"_blank\" rel=\"noopener\">TopDiamonds.Online<\/a>.<\/span><\/p>\n","protected":false},"excerpt":{"rendered":"<p><span data-sheets-root=\"1\">\u0160is klasikinis pakabukas su deimantu \u2013 tai puikus pasirinkimas norin\u010dioms i\u0161reik\u0161ti save per kokyb\u0119, spindes\u012f ir prasm\u0119 turint\u012f dizain\u0105. Centre spindintis <em>Cushion<\/em> pj\u016bvio deimantas pasi\u017eymi ne tik unikalia geometrija, bet ir ne\u012ftik\u0117tinu sugeb\u0117jimu i\u0161sklaidyti \u0161vies\u0105, sukuriant\u012f gilumo ir \u017eavesio efekt\u0105. Pagalv\u0117l\u0117s formos deimantas yra \u0161velnaus, moteri\u0161ko charakterio, bet kartu ne\u0161a ir stipryb\u0119. Jis puikiai dera su minimalistiniu pakabuko r\u0117meliu, kuris leid\u017eia brangakmeniui u\u017eimti centrin\u0119 viet\u0105. Tai dizainas, sukurtas tam, kad i\u0161likt\u0173 aktualus ne vien\u0105 sezon\u0105 \u2013 tai n\u0117ra trumpalaik\u0117 mada, tai \u2013 ilgaam\u017e\u0117 vert\u0117. Papuo\u0161alas puikiai tinka dovanai sau ar artimam \u017emogui, kuris vertina originalum\u0105 ir kokyb\u0119. Tok\u012f pakabuk\u0105 gali d\u0117v\u0117ti kiekvien\u0105 dien\u0105 ar ypatingomis progomis, nes jis visada spind\u0117s taip, kaip ir tu.<\/span><\/p>\n","protected":false},"featured_media":14479,"template":"","meta":{"site-sidebar-layout":"default","site-content-layout":"","ast-site-content-layout":"default","site-content-style":"default","site-sidebar-style":"default","ast-global-header-display":"","ast-banner-title-visibility":"","ast-main-header-display":"","ast-hfb-above-header-display":"","ast-hfb-below-header-display":"","ast-hfb-mobile-header-display":"","site-post-title":"","ast-breadcrumbs-content":"","ast-featured-img":"","footer-sml-layout":"","theme-transparent-header-meta":"default","adv-header-id-meta":"","stick-header-meta":"","header-above-stick-meta":"","header-main-stick-meta":"","header-below-stick-meta":"","astra-migrate-meta-layouts":"set","ast-page-background-enabled":"default","ast-page-background-meta":{"desktop":{"background-color":"var(--ast-global-color-4)","background-image":"","background-repeat":"repeat","background-position":"center center","background-size":"auto","background-attachment":"scroll","background-type":"","background-media":"","overlay-type":"","overlay-color":"","overlay-opacity":"","overlay-gradient":""},"tablet":{"background-color":"","background-image":"","background-repeat":"repeat","background-position":"center center","background-size":"auto","background-attachment":"scroll","background-type":"","background-media":"","overlay-type":"","overlay-color":"","overlay-opacity":"","overlay-gradient":""},"mobile":{"background-color":"","background-image":"","background-repeat":"repeat","background-position":"center center","background-size":"auto","background-attachment":"scroll","background-type":"","background-media":"","overlay-type":"","overlay-color":"","overlay-opacity":"","overlay-gradient":""}},"ast-content-background-meta":{"desktop":{"background-color":"var(--ast-global-color-5)","background-image":"","background-repeat":"repeat","background-position":"center center","background-size":"auto","background-attachment":"scroll","background-type":"","background-media":"","overlay-type":"","overlay-color":"","overlay-opacity":"","overlay-gradient":""},"tablet":{"background-color":"var(--ast-global-color-5)","background-image":"","background-repeat":"repeat","background-position":"center center","background-size":"auto","background-attachment":"scroll","background-type":"","background-media":"","overlay-type":"","overlay-color":"","overlay-opacity":"","overlay-gradient":""},"mobile":{"background-color":"var(--ast-global-color-5)","background-image":"","background-repeat":"repeat","background-position":"center center","background-size":"auto","background-attachment":"scroll","background-type":"","background-media":"","overlay-type":"","overlay-color":"","overlay-opacity":"","overlay-gradient":""}}},"product_brand":[],"product_cat":[135,63,72,68],"product_tag":[],"class_list":{"0":"post-25787","1":"product","2":"type-product","3":"status-publish","4":"has-post-thumbnail","6":"product_cat-dovanu-idejos","7":"product_cat-juvelyrika","8":"product_cat-juvelyrika-moterims","9":"product_cat-pakabukai-su-deimantais","10":"desktop-align-center","11":"tablet-align-left","12":"mobile-align-left","13":"ast-product-gallery-layout-horizontal-slider","14":"ast-product-single-variable","15":"ast-product-tabs-layout-accordion","16":"ast-qv-on-image","18":"first","19":"instock","20":"taxable","21":"shipping-taxable","22":"purchasable","23":"product-type-variable"},"yoast_head":"<!-- This site is optimized with the Yoast SEO plugin v26.6 - https:\/\/yoast.com\/wordpress\/plugins\/seo\/ -->\n<title>Klasikinis pakabukas su deimantu - CUSHION deimantas (1.20 ct)<\/title>\n<meta name=\"description\" content=\"Klasikinis pakabukas su deimantu \u2013 eleganti\u0161kas ir universalus aksesuaras, puikiai tinkantis tiek dovanai, tiek kasdieniam \u012fvaizd\u017eiui.\" \/>\n<meta name=\"robots\" content=\"index, follow, max-snippet:-1, max-image-preview:large, max-video-preview:-1\" \/>\n<link rel=\"canonical\" href=\"https:\/\/topdiamonds.online\/lv\/papuosalas\/klasikinis-pakabukas-su-deimantu-cushion-deimantas-1-20-ct\/\" \/>\n<meta property=\"og:locale\" content=\"lv_LV\" \/>\n<meta property=\"og:type\" content=\"article\" \/>\n<meta property=\"og:title\" content=\"Klasikinis pakabukas su deimantu - CUSHION deimantas (1.20 ct)\" \/>\n<meta property=\"og:description\" content=\"Klasikinis pakabukas su deimantu \u2013 eleganti\u0161kas ir universalus aksesuaras, puikiai tinkantis tiek dovanai, tiek kasdieniam \u012fvaizd\u017eiui.\" \/>\n<meta property=\"og:url\" content=\"https:\/\/topdiamonds.online\/lv\/papuosalas\/klasikinis-pakabukas-su-deimantu-cushion-deimantas-1-20-ct\/\" \/>\n<meta property=\"og:site_name\" content=\"Topdiamonds Online\" \/>\n<meta property=\"article:modified_time\" content=\"2025-08-13T09:54:24+00:00\" \/>\n<meta property=\"og:image\" content=\"https:\/\/topdiamonds.online\/wp-content\/uploads\/2025\/05\/Klasikinis-pakabukas-su-deimantu-CUSHION-DEIMANTAS-030-ct-2-1.png\" \/>\n\t<meta property=\"og:image:width\" content=\"800\" \/>\n\t<meta property=\"og:image:height\" content=\"800\" \/>\n\t<meta property=\"og:image:type\" content=\"image\/png\" \/>\n<meta name=\"twitter:card\" content=\"summary_large_image\" \/>\n<meta name=\"twitter:label1\" content=\"Est. reading time\" \/>\n\t<meta name=\"twitter:data1\" content=\"1 minute\" \/>\n<script type=\"application\/ld+json\" class=\"yoast-schema-graph\">{\"@context\":\"https:\/\/schema.org\",\"@graph\":[{\"@type\":\"WebPage\",\"@id\":\"https:\/\/topdiamonds.online\/lv\/papuosalas\/klasikinis-pakabukas-su-deimantu-cushion-deimantas-1-20-ct\/\",\"url\":\"https:\/\/topdiamonds.online\/lv\/papuosalas\/klasikinis-pakabukas-su-deimantu-cushion-deimantas-1-20-ct\/\",\"name\":\"Klasikinis pakabukas su deimantu - CUSHION deimantas (1.20 ct)\",\"isPartOf\":{\"@id\":\"https:\/\/topdiamonds.online\/lv\/#website\"},\"primaryImageOfPage\":{\"@id\":\"https:\/\/topdiamonds.online\/lv\/papuosalas\/klasikinis-pakabukas-su-deimantu-cushion-deimantas-1-20-ct\/#primaryimage\"},\"image\":{\"@id\":\"https:\/\/topdiamonds.online\/lv\/papuosalas\/klasikinis-pakabukas-su-deimantu-cushion-deimantas-1-20-ct\/#primaryimage\"},\"thumbnailUrl\":\"https:\/\/topdiamonds.online\/wp-content\/uploads\/2025\/05\/Klasikinis-pakabukas-su-deimantu-CUSHION-DEIMANTAS-030-ct-2-1.png\",\"datePublished\":\"2025-07-14T09:18:15+00:00\",\"dateModified\":\"2025-08-13T09:54:24+00:00\",\"description\":\"Klasikinis pakabukas su deimantu \u2013 eleganti\u0161kas ir universalus aksesuaras, puikiai tinkantis tiek dovanai, tiek kasdieniam \u012fvaizd\u017eiui.\",\"breadcrumb\":{\"@id\":\"https:\/\/topdiamonds.online\/lv\/papuosalas\/klasikinis-pakabukas-su-deimantu-cushion-deimantas-1-20-ct\/#breadcrumb\"},\"inLanguage\":\"lv-LV\",\"potentialAction\":[{\"@type\":\"ReadAction\",\"target\":[\"https:\/\/topdiamonds.online\/lv\/papuosalas\/klasikinis-pakabukas-su-deimantu-cushion-deimantas-1-20-ct\/\"]}]},{\"@type\":\"ImageObject\",\"inLanguage\":\"lv-LV\",\"@id\":\"https:\/\/topdiamonds.online\/lv\/papuosalas\/klasikinis-pakabukas-su-deimantu-cushion-deimantas-1-20-ct\/#primaryimage\",\"url\":\"https:\/\/topdiamonds.online\/wp-content\/uploads\/2025\/05\/Klasikinis-pakabukas-su-deimantu-CUSHION-DEIMANTAS-030-ct-2-1.png\",\"contentUrl\":\"https:\/\/topdiamonds.online\/wp-content\/uploads\/2025\/05\/Klasikinis-pakabukas-su-deimantu-CUSHION-DEIMANTAS-030-ct-2-1.png\",\"width\":800,\"height\":800,\"caption\":\"pakabukas su deimantu (cushion cut) i\u0161 balto aukso arba platinos\"},{\"@type\":\"BreadcrumbList\",\"@id\":\"https:\/\/topdiamonds.online\/lv\/papuosalas\/klasikinis-pakabukas-su-deimantu-cushion-deimantas-1-20-ct\/#breadcrumb\",\"itemListElement\":[{\"@type\":\"ListItem\",\"position\":1,\"name\":\"Home\",\"item\":\"https:\/\/topdiamonds.online\/lv\/\"},{\"@type\":\"ListItem\",\"position\":2,\"name\":\"Shop\",\"item\":\"https:\/\/topdiamonds.online\/shop-2\/\"},{\"@type\":\"ListItem\",\"position\":3,\"name\":\"Klasikinis pakabukas su deimantu &#8211; CUSHION DEIMANTAS (1.20 ct)\"}]},{\"@type\":\"WebSite\",\"@id\":\"https:\/\/topdiamonds.online\/lv\/#website\",\"url\":\"https:\/\/topdiamonds.online\/lv\/\",\"name\":\"Topdiamonds Online\",\"description\":\"Juvelyrikos namai\",\"publisher\":{\"@id\":\"https:\/\/topdiamonds.online\/lv\/#organization\"},\"potentialAction\":[{\"@type\":\"SearchAction\",\"target\":{\"@type\":\"EntryPoint\",\"urlTemplate\":\"https:\/\/topdiamonds.online\/lv\/?s={search_term_string}\"},\"query-input\":{\"@type\":\"PropertyValueSpecification\",\"valueRequired\":true,\"valueName\":\"search_term_string\"}}],\"inLanguage\":\"lv-LV\"},{\"@type\":\"Organization\",\"@id\":\"https:\/\/topdiamonds.online\/lv\/#organization\",\"name\":\"Topdiamonds Online\",\"url\":\"https:\/\/topdiamonds.online\/lv\/\",\"logo\":{\"@type\":\"ImageObject\",\"inLanguage\":\"lv-LV\",\"@id\":\"https:\/\/topdiamonds.online\/lv\/#\/schema\/logo\/image\/\",\"url\":\"https:\/\/topdiamonds.online\/wp-content\/uploads\/2025\/03\/cropped-logo.png\",\"contentUrl\":\"https:\/\/topdiamonds.online\/wp-content\/uploads\/2025\/03\/cropped-logo.png\",\"width\":690,\"height\":126,\"caption\":\"Topdiamonds Online\"},\"image\":{\"@id\":\"https:\/\/topdiamonds.online\/lv\/#\/schema\/logo\/image\/\"}}]}<\/script>\n<!-- \/ Yoast SEO plugin. -->","yoast_head_json":{"title":"Klasikinis pakabukas su deimantu - CUSHION deimantas (1.20 ct)","description":"Klasikinis pakabukas su deimantu \u2013 eleganti\u0161kas ir universalus aksesuaras, puikiai tinkantis tiek dovanai, tiek kasdieniam \u012fvaizd\u017eiui.","robots":{"index":"index","follow":"follow","max-snippet":"max-snippet:-1","max-image-preview":"max-image-preview:large","max-video-preview":"max-video-preview:-1"},"canonical":"https:\/\/topdiamonds.online\/lv\/papuosalas\/klasikinis-pakabukas-su-deimantu-cushion-deimantas-1-20-ct\/","og_locale":"lv_LV","og_type":"article","og_title":"Klasikinis pakabukas su deimantu - CUSHION deimantas (1.20 ct)","og_description":"Klasikinis pakabukas su deimantu \u2013 eleganti\u0161kas ir universalus aksesuaras, puikiai tinkantis tiek dovanai, tiek kasdieniam \u012fvaizd\u017eiui.","og_url":"https:\/\/topdiamonds.online\/lv\/papuosalas\/klasikinis-pakabukas-su-deimantu-cushion-deimantas-1-20-ct\/","og_site_name":"Topdiamonds Online","article_modified_time":"2025-08-13T09:54:24+00:00","og_image":[{"width":800,"height":800,"url":"https:\/\/topdiamonds.online\/wp-content\/uploads\/2025\/05\/Klasikinis-pakabukas-su-deimantu-CUSHION-DEIMANTAS-030-ct-2-1.png","type":"image\/png"}],"twitter_card":"summary_large_image","twitter_misc":{"Est. reading time":"1 minute"},"schema":{"@context":"https:\/\/schema.org","@graph":[{"@type":"WebPage","@id":"https:\/\/topdiamonds.online\/lv\/papuosalas\/klasikinis-pakabukas-su-deimantu-cushion-deimantas-1-20-ct\/","url":"https:\/\/topdiamonds.online\/lv\/papuosalas\/klasikinis-pakabukas-su-deimantu-cushion-deimantas-1-20-ct\/","name":"Klasikinis pakabukas su deimantu - CUSHION deimantas (1.20 ct)","isPartOf":{"@id":"https:\/\/topdiamonds.online\/lv\/#website"},"primaryImageOfPage":{"@id":"https:\/\/topdiamonds.online\/lv\/papuosalas\/klasikinis-pakabukas-su-deimantu-cushion-deimantas-1-20-ct\/#primaryimage"},"image":{"@id":"https:\/\/topdiamonds.online\/lv\/papuosalas\/klasikinis-pakabukas-su-deimantu-cushion-deimantas-1-20-ct\/#primaryimage"},"thumbnailUrl":"https:\/\/topdiamonds.online\/wp-content\/uploads\/2025\/05\/Klasikinis-pakabukas-su-deimantu-CUSHION-DEIMANTAS-030-ct-2-1.png","datePublished":"2025-07-14T09:18:15+00:00","dateModified":"2025-08-13T09:54:24+00:00","description":"Klasikinis pakabukas su deimantu \u2013 eleganti\u0161kas ir universalus aksesuaras, puikiai tinkantis tiek dovanai, tiek kasdieniam \u012fvaizd\u017eiui.","breadcrumb":{"@id":"https:\/\/topdiamonds.online\/lv\/papuosalas\/klasikinis-pakabukas-su-deimantu-cushion-deimantas-1-20-ct\/#breadcrumb"},"inLanguage":"lv-LV","potentialAction":[{"@type":"ReadAction","target":["https:\/\/topdiamonds.online\/lv\/papuosalas\/klasikinis-pakabukas-su-deimantu-cushion-deimantas-1-20-ct\/"]}]},{"@type":"ImageObject","inLanguage":"lv-LV","@id":"https:\/\/topdiamonds.online\/lv\/papuosalas\/klasikinis-pakabukas-su-deimantu-cushion-deimantas-1-20-ct\/#primaryimage","url":"https:\/\/topdiamonds.online\/wp-content\/uploads\/2025\/05\/Klasikinis-pakabukas-su-deimantu-CUSHION-DEIMANTAS-030-ct-2-1.png","contentUrl":"https:\/\/topdiamonds.online\/wp-content\/uploads\/2025\/05\/Klasikinis-pakabukas-su-deimantu-CUSHION-DEIMANTAS-030-ct-2-1.png","width":800,"height":800,"caption":"pakabukas su deimantu (cushion cut) i\u0161 balto aukso arba platinos"},{"@type":"BreadcrumbList","@id":"https:\/\/topdiamonds.online\/lv\/papuosalas\/klasikinis-pakabukas-su-deimantu-cushion-deimantas-1-20-ct\/#breadcrumb","itemListElement":[{"@type":"ListItem","position":1,"name":"Home","item":"https:\/\/topdiamonds.online\/lv\/"},{"@type":"ListItem","position":2,"name":"Shop","item":"https:\/\/topdiamonds.online\/shop-2\/"},{"@type":"ListItem","position":3,"name":"Klasikinis pakabukas su deimantu &#8211; CUSHION DEIMANTAS (1.20 ct)"}]},{"@type":"WebSite","@id":"https:\/\/topdiamonds.online\/lv\/#website","url":"https:\/\/topdiamonds.online\/lv\/","name":"Topdiamonds Online","description":"Juvelyrikos namai","publisher":{"@id":"https:\/\/topdiamonds.online\/lv\/#organization"},"potentialAction":[{"@type":"SearchAction","target":{"@type":"EntryPoint","urlTemplate":"https:\/\/topdiamonds.online\/lv\/?s={search_term_string}"},"query-input":{"@type":"PropertyValueSpecification","valueRequired":true,"valueName":"search_term_string"}}],"inLanguage":"lv-LV"},{"@type":"Organization","@id":"https:\/\/topdiamonds.online\/lv\/#organization","name":"Topdiamonds Online","url":"https:\/\/topdiamonds.online\/lv\/","logo":{"@type":"ImageObject","inLanguage":"lv-LV","@id":"https:\/\/topdiamonds.online\/lv\/#\/schema\/logo\/image\/","url":"https:\/\/topdiamonds.online\/wp-content\/uploads\/2025\/03\/cropped-logo.png","contentUrl":"https:\/\/topdiamonds.online\/wp-content\/uploads\/2025\/03\/cropped-logo.png","width":690,"height":126,"caption":"Topdiamonds Online"},"image":{"@id":"https:\/\/topdiamonds.online\/lv\/#\/schema\/logo\/image\/"}}]}},"_links":{"self":[{"href":"https:\/\/topdiamonds.online\/lv\/wp-json\/wp\/v2\/product\/25787","targetHints":{"allow":["GET"]}}],"collection":[{"href":"https:\/\/topdiamonds.online\/lv\/wp-json\/wp\/v2\/product"}],"about":[{"href":"https:\/\/topdiamonds.online\/lv\/wp-json\/wp\/v2\/types\/product"}],"version-history":[{"count":0,"href":"https:\/\/topdiamonds.online\/lv\/wp-json\/wp\/v2\/product\/25787\/revisions"}],"wp:featuredmedia":[{"embeddable":true,"href":"https:\/\/topdiamonds.online\/lv\/wp-json\/wp\/v2\/media\/14479"}],"wp:attachment":[{"href":"https:\/\/topdiamonds.online\/lv\/wp-json\/wp\/v2\/media?parent=25787"}],"wp:term":[{"taxonomy":"product_brand","embeddable":true,"href":"https:\/\/topdiamonds.online\/lv\/wp-json\/wp\/v2\/product_brand?post=25787"},{"taxonomy":"product_cat","embeddable":true,"href":"https:\/\/topdiamonds.online\/lv\/wp-json\/wp\/v2\/product_cat?post=25787"},{"taxonomy":"product_tag","embeddable":true,"href":"https:\/\/topdiamonds.online\/lv\/wp-json\/wp\/v2\/product_tag?post=25787"}],"curies":[{"name":"wp","href":"https:\/\/api.w.org\/{rel}","templated":true}]}}