{"id":23755,"date":"2025-07-11T12:17:54","date_gmt":"2025-07-11T12:17:54","guid":{"rendered":"https:\/\/topdiamonds.online\/?post_type=product&#038;p=23755"},"modified":"2025-08-14T08:28:51","modified_gmt":"2025-08-14T08:28:51","slug":"suzadetuviu-ziedas-su-deimantu-pear-halo-0-45-ct","status":"publish","type":"product","link":"https:\/\/topdiamonds.online\/lv\/papuosalas\/suzadetuviu-ziedas-su-deimantu-pear-halo-0-45-ct\/","title":{"rendered":"SU\u017dAD\u0116TUVI\u0172 \u017dIEDAS SU DEIMANTU PEAR HALO (0.45 ct)"},"content":{"rendered":"<p><span data-sheets-root=\"1\"><em>Pear<\/em> pj\u016bvio deimantas su Halo juostele i\u0161siskiria savo i\u0161rai\u0161kingumu \u2013 forma primena a\u0161ar\u0105 arba \u0161viesos la\u0161\u0105, o aplinkinis Halo spindesys sukuria itin \u0161veln\u0173 per\u0117jim\u0105. Klasikinis lankelis u\u017etikrina patog\u0173 ne\u0161iojim\u0105, o komforto zona lankelio viduje leid\u017eia \u017eiedui patogiai priglusti prie pir\u0161to. Toks dizainas tinka tiems, kurie vertina elegancij\u0105, i\u0161skirtinum\u0105 ir \u0161vytint\u012f akcent\u0105.<br \/>\n<\/span><span data-sheets-root=\"1\">Pagaminta laikantis auk\u0161\u010diausi\u0173 juvelyrikos gamybos standart\u0173. \u017diedas gali b\u016bti pagamintas pagal u\u017esakym\u0105: u\u017e papildom\u0105 mokest\u012f su auk\u0161tesn\u0117s kokyb\u0117s deimantais.<br \/>\n<\/span><\/p>\n<p><span data-sheets-root=\"1\"><br \/>\n\u2022 <strong><a href=\"https:\/\/topdiamonds.online\/ziedo-metalai\/\" target=\"_blank\" rel=\"noopener\">\u017diedo metalai<\/a>:<\/strong> 14K (585 prabos), 18K (750 prabos), 900 platina<br \/>\n\u2022 <strong><a href=\"https:\/\/topdiamonds.online\/ziedo-aukso-spalva\/\" target=\"_blank\" rel=\"noopener\">\u017diedo aukso spalva<\/a>:<\/strong> baltas, raudonas, geltonas<br \/>\n\u2022 <strong><a href=\"https:\/\/topdiamonds.online\/ziedo-svoris\/\" target=\"_blank\" rel=\"noopener\">\u017diedo svoris<\/a>:<\/strong> (priklauso nuo dyd\u017eio): apie 2.00 g &#8211; 3.00 g<br \/>\n\u2022 <strong><a href=\"https:\/\/topdiamonds.online\/ziedo-matmenys\/\" target=\"_blank\" rel=\"noopener\">\u017diedo\u00a0kar\u016bn\u0117l\u0117s plotis<\/a><\/strong>:\u00a0apie 5.25 mm x 3.75 mm<br \/>\n\u2022 <strong><a href=\"https:\/\/topdiamonds.online\/ziedo-komforto-zona\/\" target=\"_blank\" rel=\"noopener\">\u017diedo komforto zona<\/a>:<\/strong> yra<br \/>\n\u2022 <a href=\"https:\/\/topdiamonds.online\/deimanto-forma\/\" target=\"_blank\" rel=\"noopener\"><strong>Deimanto forma<\/strong><\/a>: La\u0161o formos (<em>Pear cut<\/em>)<br \/>\n\u2022 <strong><a href=\"https:\/\/topdiamonds.online\/deimantu-tipai\/\" target=\"_blank\" rel=\"noopener\">Deimant\u0173 tipai<\/a>:<\/strong> Laboratorijoje u\u017eauginti deimantai arba natural\u016bs deimantai<br \/>\n\u2022 <strong><a href=\"https:\/\/topdiamonds.online\/deimanto-svoris-ir-charakteristika\/\" target=\"_blank\" rel=\"noopener\">Deimanto svoris ir charakteristika<\/a><\/strong> (galima keisti):<br \/>\nLaboratorijoje u\u017eaugintas deimantas: 0.30 ct deimantas (spalva D-E, \u0161varumas VVS) (galima keisti), IGI sertifikatas<br \/>\nNat\u016bralus deimantas: 0.30 ct deimantas (spalva G-I, \u0161varumas SI) (galima keisti), GIA sertifikatas<br \/>\nAplink centrin\u012f deimant\u0105 esan\u010diame Halo &#8211; apie 0.007 ct deimantai (galima keisti)<br \/>\nBendras deimant\u0173 svoris: 0.45 ct<br \/>\n\u2022 <a href=\"https:\/\/topdiamonds.online\/graviravimas\/\" target=\"_blank\" rel=\"noopener\"><strong>Graviravimas<\/strong><\/a> nemokamai<br \/>\n\u2022 Vienkartin\u0117 nemokama <strong><a href=\"https:\/\/topdiamonds.online\/ziedo-dydzio-keitimo-garantija\/\" target=\"_blank\" rel=\"noopener\">\u017eiedo dyd\u017eio keitimo garantija<\/a><\/strong><br \/>\n\u2022 <strong><a href=\"https:\/\/topdiamonds.online\/pristatymas-ir-grazinimas\/\" target=\"_blank\" rel=\"noopener\">Gamybos ir pristatymo terminas<\/a>:<\/strong> nuo 14 darbo dien\u0173, skubos tvarka per 7 d.d.<br \/>\nPastaba: perkant Halo stiliaus juvelyrik\u0105 galima bendro karat\u0173 svorio paklaida: 0.43 ct &#8211; 0.47 ct<br \/>\n<\/span><\/p>\n<p><span data-sheets-root=\"1\">\u00a0<\/span><\/p>\n<p>Turite savo brangakmen\u012f, ar auks\u0105? Perskai\u010diuosime kain\u0105 ir mok\u0117site tik u\u017e \u017eiedo gamyb\u0105. O gal norite keisti deimanto charakteristik\u0105 pagal savo pageidavimus? <strong><a href=\"https:\/\/topdiamonds.online\/kontaktai\/\" target=\"_blank\" rel=\"noopener\">Susisiekite<\/a><\/strong>!<br \/>\nAtraskite plat\u0173 juvelyrikos su deimantais pasirinkim\u0105, atitinkant\u012f \u012fvairius skonius ir biud\u017eetus. Suksikurk ir personalizuok savo papuo\u0161al\u0105 su <a href=\"https:\/\/topdiamonds.online\/\" target=\"_blank\" rel=\"noopener\">TopDiamonds.Online<\/a>.<\/p>\n","protected":false},"excerpt":{"rendered":"<p><span data-sheets-root=\"1\">Halo formos su\u017ead\u0117tuvi\u0173 \u017eiedas su deimantais \u2013 tai spindesys, kuris nepraslysta pro akis. La\u0161o formos centrinis deimantas sukuria \u0161velniai i\u0161tempt\u0105 siluet\u0105, kuris atrodo eleganti\u0161kai ir tuo pa\u010diu labai moteri\u0161kai. J\u012f i\u0161 vis\u0173 pusi\u0173 apgaubia spindinti halo juostel\u0117, sustiprinanti bendr\u0105 efekt\u0105 ir opti\u0161kai padidinanti akmen\u012f. Tai \u017eiedas, kuris nepalieka abejing\u0173 \u2013 jis subtilus, bet ry\u0161kus, klasikinis, bet ne visai tradicinis.<\/span><\/p>\n","protected":false},"featured_media":17552,"template":"","meta":{"site-sidebar-layout":"default","site-content-layout":"","ast-site-content-layout":"default","site-content-style":"default","site-sidebar-style":"default","ast-global-header-display":"","ast-banner-title-visibility":"","ast-main-header-display":"","ast-hfb-above-header-display":"","ast-hfb-below-header-display":"","ast-hfb-mobile-header-display":"","site-post-title":"","ast-breadcrumbs-content":"","ast-featured-img":"","footer-sml-layout":"","theme-transparent-header-meta":"default","adv-header-id-meta":"","stick-header-meta":"","header-above-stick-meta":"","header-main-stick-meta":"","header-below-stick-meta":"","astra-migrate-meta-layouts":"set","ast-page-background-enabled":"default","ast-page-background-meta":{"desktop":{"background-color":"var(--ast-global-color-4)","background-image":"","background-repeat":"repeat","background-position":"center center","background-size":"auto","background-attachment":"scroll","background-type":"","background-media":"","overlay-type":"","overlay-color":"","overlay-opacity":"","overlay-gradient":""},"tablet":{"background-color":"","background-image":"","background-repeat":"repeat","background-position":"center center","background-size":"auto","background-attachment":"scroll","background-type":"","background-media":"","overlay-type":"","overlay-color":"","overlay-opacity":"","overlay-gradient":""},"mobile":{"background-color":"","background-image":"","background-repeat":"repeat","background-position":"center center","background-size":"auto","background-attachment":"scroll","background-type":"","background-media":"","overlay-type":"","overlay-color":"","overlay-opacity":"","overlay-gradient":""}},"ast-content-background-meta":{"desktop":{"background-color":"var(--ast-global-color-5)","background-image":"","background-repeat":"repeat","background-position":"center center","background-size":"auto","background-attachment":"scroll","background-type":"","background-media":"","overlay-type":"","overlay-color":"","overlay-opacity":"","overlay-gradient":""},"tablet":{"background-color":"var(--ast-global-color-5)","background-image":"","background-repeat":"repeat","background-position":"center center","background-size":"auto","background-attachment":"scroll","background-type":"","background-media":"","overlay-type":"","overlay-color":"","overlay-opacity":"","overlay-gradient":""},"mobile":{"background-color":"var(--ast-global-color-5)","background-image":"","background-repeat":"repeat","background-position":"center center","background-size":"auto","background-attachment":"scroll","background-type":"","background-media":"","overlay-type":"","overlay-color":"","overlay-opacity":"","overlay-gradient":""}}},"product_brand":[],"product_cat":[63,64],"product_tag":[],"class_list":{"0":"post-23755","1":"product","2":"type-product","3":"status-publish","4":"has-post-thumbnail","6":"product_cat-juvelyrika","7":"product_cat-suzadetuviu-ziedai","8":"desktop-align-center","9":"tablet-align-left","10":"mobile-align-left","11":"ast-product-gallery-layout-horizontal-slider","12":"ast-product-single-variable","13":"ast-product-tabs-layout-accordion","14":"ast-qv-on-image","16":"first","17":"instock","18":"taxable","19":"shipping-taxable","20":"purchasable","21":"product-type-variable"},"yoast_head":"<!-- This site is optimized with the Yoast SEO plugin v26.6 - https:\/\/yoast.com\/wordpress\/plugins\/seo\/ -->\n<title>Su\u017ead\u0117tuvi\u0173 \u017eiedas su deimantu PEAR HALO (0.45 ct)<\/title>\n<meta name=\"description\" content=\"Halo formos su\u017ead\u0117tuvi\u0173 \u017eiedas su deimantais ir la\u0161o formos centriniu brangakmeniu \u2013 i\u0161skirtinis dizainas su eleganti\u0161ku spindesiu.\" \/>\n<meta name=\"robots\" content=\"index, follow, max-snippet:-1, max-image-preview:large, max-video-preview:-1\" \/>\n<link rel=\"canonical\" href=\"https:\/\/topdiamonds.online\/lv\/papuosalas\/suzadetuviu-ziedas-su-deimantu-pear-halo-0-45-ct\/\" \/>\n<meta property=\"og:locale\" content=\"lv_LV\" \/>\n<meta property=\"og:type\" content=\"article\" \/>\n<meta property=\"og:title\" content=\"Su\u017ead\u0117tuvi\u0173 \u017eiedas su deimantu PEAR HALO (0.45 ct)\" \/>\n<meta property=\"og:description\" content=\"Halo formos su\u017ead\u0117tuvi\u0173 \u017eiedas su deimantais ir la\u0161o formos centriniu brangakmeniu \u2013 i\u0161skirtinis dizainas su eleganti\u0161ku spindesiu.\" \/>\n<meta property=\"og:url\" content=\"https:\/\/topdiamonds.online\/lv\/papuosalas\/suzadetuviu-ziedas-su-deimantu-pear-halo-0-45-ct\/\" \/>\n<meta property=\"og:site_name\" content=\"Topdiamonds Online\" \/>\n<meta property=\"article:modified_time\" content=\"2025-08-14T08:28:51+00:00\" \/>\n<meta property=\"og:image\" content=\"https:\/\/topdiamonds.online\/wp-content\/uploads\/2025\/06\/TDO-1250-halo-suzadetuviu-ziedas-su-deimantu-pear-cut-4.jpg\" \/>\n\t<meta property=\"og:image:width\" content=\"800\" \/>\n\t<meta property=\"og:image:height\" content=\"800\" \/>\n\t<meta property=\"og:image:type\" content=\"image\/jpeg\" \/>\n<meta name=\"twitter:card\" content=\"summary_large_image\" \/>\n<meta name=\"twitter:label1\" content=\"Est. reading time\" \/>\n\t<meta name=\"twitter:data1\" content=\"2 minutes\" \/>\n<script type=\"application\/ld+json\" class=\"yoast-schema-graph\">{\"@context\":\"https:\/\/schema.org\",\"@graph\":[{\"@type\":\"WebPage\",\"@id\":\"https:\/\/topdiamonds.online\/lv\/papuosalas\/suzadetuviu-ziedas-su-deimantu-pear-halo-0-45-ct\/\",\"url\":\"https:\/\/topdiamonds.online\/lv\/papuosalas\/suzadetuviu-ziedas-su-deimantu-pear-halo-0-45-ct\/\",\"name\":\"Su\u017ead\u0117tuvi\u0173 \u017eiedas su deimantu PEAR HALO (0.45 ct)\",\"isPartOf\":{\"@id\":\"https:\/\/topdiamonds.online\/lv\/#website\"},\"primaryImageOfPage\":{\"@id\":\"https:\/\/topdiamonds.online\/lv\/papuosalas\/suzadetuviu-ziedas-su-deimantu-pear-halo-0-45-ct\/#primaryimage\"},\"image\":{\"@id\":\"https:\/\/topdiamonds.online\/lv\/papuosalas\/suzadetuviu-ziedas-su-deimantu-pear-halo-0-45-ct\/#primaryimage\"},\"thumbnailUrl\":\"https:\/\/topdiamonds.online\/wp-content\/uploads\/2025\/06\/TDO-1250-halo-suzadetuviu-ziedas-su-deimantu-pear-cut-4.jpg\",\"datePublished\":\"2025-07-11T12:17:54+00:00\",\"dateModified\":\"2025-08-14T08:28:51+00:00\",\"description\":\"Halo formos su\u017ead\u0117tuvi\u0173 \u017eiedas su deimantais ir la\u0161o formos centriniu brangakmeniu \u2013 i\u0161skirtinis dizainas su eleganti\u0161ku spindesiu.\",\"breadcrumb\":{\"@id\":\"https:\/\/topdiamonds.online\/lv\/papuosalas\/suzadetuviu-ziedas-su-deimantu-pear-halo-0-45-ct\/#breadcrumb\"},\"inLanguage\":\"lv-LV\",\"potentialAction\":[{\"@type\":\"ReadAction\",\"target\":[\"https:\/\/topdiamonds.online\/lv\/papuosalas\/suzadetuviu-ziedas-su-deimantu-pear-halo-0-45-ct\/\"]}]},{\"@type\":\"ImageObject\",\"inLanguage\":\"lv-LV\",\"@id\":\"https:\/\/topdiamonds.online\/lv\/papuosalas\/suzadetuviu-ziedas-su-deimantu-pear-halo-0-45-ct\/#primaryimage\",\"url\":\"https:\/\/topdiamonds.online\/wp-content\/uploads\/2025\/06\/TDO-1250-halo-suzadetuviu-ziedas-su-deimantu-pear-cut-4.jpg\",\"contentUrl\":\"https:\/\/topdiamonds.online\/wp-content\/uploads\/2025\/06\/TDO-1250-halo-suzadetuviu-ziedas-su-deimantu-pear-cut-4.jpg\",\"width\":800,\"height\":800,\"caption\":\"Modernus su\u017ead\u0117tuvi\u0173 \u017eiedas su deimantu ir halo juostele i\u0161 balto aukso arba platinos - pear cut\"},{\"@type\":\"BreadcrumbList\",\"@id\":\"https:\/\/topdiamonds.online\/lv\/papuosalas\/suzadetuviu-ziedas-su-deimantu-pear-halo-0-45-ct\/#breadcrumb\",\"itemListElement\":[{\"@type\":\"ListItem\",\"position\":1,\"name\":\"Home\",\"item\":\"https:\/\/topdiamonds.online\/lv\/\"},{\"@type\":\"ListItem\",\"position\":2,\"name\":\"Shop\",\"item\":\"https:\/\/topdiamonds.online\/shop-2\/\"},{\"@type\":\"ListItem\",\"position\":3,\"name\":\"SU\u017dAD\u0116TUVI\u0172 \u017dIEDAS SU DEIMANTU PEAR HALO (0.45 ct)\"}]},{\"@type\":\"WebSite\",\"@id\":\"https:\/\/topdiamonds.online\/lv\/#website\",\"url\":\"https:\/\/topdiamonds.online\/lv\/\",\"name\":\"Topdiamonds Online\",\"description\":\"Juvelyrikos namai\",\"publisher\":{\"@id\":\"https:\/\/topdiamonds.online\/lv\/#organization\"},\"potentialAction\":[{\"@type\":\"SearchAction\",\"target\":{\"@type\":\"EntryPoint\",\"urlTemplate\":\"https:\/\/topdiamonds.online\/lv\/?s={search_term_string}\"},\"query-input\":{\"@type\":\"PropertyValueSpecification\",\"valueRequired\":true,\"valueName\":\"search_term_string\"}}],\"inLanguage\":\"lv-LV\"},{\"@type\":\"Organization\",\"@id\":\"https:\/\/topdiamonds.online\/lv\/#organization\",\"name\":\"Topdiamonds Online\",\"url\":\"https:\/\/topdiamonds.online\/lv\/\",\"logo\":{\"@type\":\"ImageObject\",\"inLanguage\":\"lv-LV\",\"@id\":\"https:\/\/topdiamonds.online\/lv\/#\/schema\/logo\/image\/\",\"url\":\"https:\/\/topdiamonds.online\/wp-content\/uploads\/2025\/03\/cropped-logo.png\",\"contentUrl\":\"https:\/\/topdiamonds.online\/wp-content\/uploads\/2025\/03\/cropped-logo.png\",\"width\":690,\"height\":126,\"caption\":\"Topdiamonds Online\"},\"image\":{\"@id\":\"https:\/\/topdiamonds.online\/lv\/#\/schema\/logo\/image\/\"}}]}<\/script>\n<!-- \/ Yoast SEO plugin. -->","yoast_head_json":{"title":"Su\u017ead\u0117tuvi\u0173 \u017eiedas su deimantu PEAR HALO (0.45 ct)","description":"Halo formos su\u017ead\u0117tuvi\u0173 \u017eiedas su deimantais ir la\u0161o formos centriniu brangakmeniu \u2013 i\u0161skirtinis dizainas su eleganti\u0161ku spindesiu.","robots":{"index":"index","follow":"follow","max-snippet":"max-snippet:-1","max-image-preview":"max-image-preview:large","max-video-preview":"max-video-preview:-1"},"canonical":"https:\/\/topdiamonds.online\/lv\/papuosalas\/suzadetuviu-ziedas-su-deimantu-pear-halo-0-45-ct\/","og_locale":"lv_LV","og_type":"article","og_title":"Su\u017ead\u0117tuvi\u0173 \u017eiedas su deimantu PEAR HALO (0.45 ct)","og_description":"Halo formos su\u017ead\u0117tuvi\u0173 \u017eiedas su deimantais ir la\u0161o formos centriniu brangakmeniu \u2013 i\u0161skirtinis dizainas su eleganti\u0161ku spindesiu.","og_url":"https:\/\/topdiamonds.online\/lv\/papuosalas\/suzadetuviu-ziedas-su-deimantu-pear-halo-0-45-ct\/","og_site_name":"Topdiamonds Online","article_modified_time":"2025-08-14T08:28:51+00:00","og_image":[{"width":800,"height":800,"url":"https:\/\/topdiamonds.online\/wp-content\/uploads\/2025\/06\/TDO-1250-halo-suzadetuviu-ziedas-su-deimantu-pear-cut-4.jpg","type":"image\/jpeg"}],"twitter_card":"summary_large_image","twitter_misc":{"Est. reading time":"2 minutes"},"schema":{"@context":"https:\/\/schema.org","@graph":[{"@type":"WebPage","@id":"https:\/\/topdiamonds.online\/lv\/papuosalas\/suzadetuviu-ziedas-su-deimantu-pear-halo-0-45-ct\/","url":"https:\/\/topdiamonds.online\/lv\/papuosalas\/suzadetuviu-ziedas-su-deimantu-pear-halo-0-45-ct\/","name":"Su\u017ead\u0117tuvi\u0173 \u017eiedas su deimantu PEAR HALO (0.45 ct)","isPartOf":{"@id":"https:\/\/topdiamonds.online\/lv\/#website"},"primaryImageOfPage":{"@id":"https:\/\/topdiamonds.online\/lv\/papuosalas\/suzadetuviu-ziedas-su-deimantu-pear-halo-0-45-ct\/#primaryimage"},"image":{"@id":"https:\/\/topdiamonds.online\/lv\/papuosalas\/suzadetuviu-ziedas-su-deimantu-pear-halo-0-45-ct\/#primaryimage"},"thumbnailUrl":"https:\/\/topdiamonds.online\/wp-content\/uploads\/2025\/06\/TDO-1250-halo-suzadetuviu-ziedas-su-deimantu-pear-cut-4.jpg","datePublished":"2025-07-11T12:17:54+00:00","dateModified":"2025-08-14T08:28:51+00:00","description":"Halo formos su\u017ead\u0117tuvi\u0173 \u017eiedas su deimantais ir la\u0161o formos centriniu brangakmeniu \u2013 i\u0161skirtinis dizainas su eleganti\u0161ku spindesiu.","breadcrumb":{"@id":"https:\/\/topdiamonds.online\/lv\/papuosalas\/suzadetuviu-ziedas-su-deimantu-pear-halo-0-45-ct\/#breadcrumb"},"inLanguage":"lv-LV","potentialAction":[{"@type":"ReadAction","target":["https:\/\/topdiamonds.online\/lv\/papuosalas\/suzadetuviu-ziedas-su-deimantu-pear-halo-0-45-ct\/"]}]},{"@type":"ImageObject","inLanguage":"lv-LV","@id":"https:\/\/topdiamonds.online\/lv\/papuosalas\/suzadetuviu-ziedas-su-deimantu-pear-halo-0-45-ct\/#primaryimage","url":"https:\/\/topdiamonds.online\/wp-content\/uploads\/2025\/06\/TDO-1250-halo-suzadetuviu-ziedas-su-deimantu-pear-cut-4.jpg","contentUrl":"https:\/\/topdiamonds.online\/wp-content\/uploads\/2025\/06\/TDO-1250-halo-suzadetuviu-ziedas-su-deimantu-pear-cut-4.jpg","width":800,"height":800,"caption":"Modernus su\u017ead\u0117tuvi\u0173 \u017eiedas su deimantu ir halo juostele i\u0161 balto aukso arba platinos - pear cut"},{"@type":"BreadcrumbList","@id":"https:\/\/topdiamonds.online\/lv\/papuosalas\/suzadetuviu-ziedas-su-deimantu-pear-halo-0-45-ct\/#breadcrumb","itemListElement":[{"@type":"ListItem","position":1,"name":"Home","item":"https:\/\/topdiamonds.online\/lv\/"},{"@type":"ListItem","position":2,"name":"Shop","item":"https:\/\/topdiamonds.online\/shop-2\/"},{"@type":"ListItem","position":3,"name":"SU\u017dAD\u0116TUVI\u0172 \u017dIEDAS SU DEIMANTU PEAR HALO (0.45 ct)"}]},{"@type":"WebSite","@id":"https:\/\/topdiamonds.online\/lv\/#website","url":"https:\/\/topdiamonds.online\/lv\/","name":"Topdiamonds Online","description":"Juvelyrikos namai","publisher":{"@id":"https:\/\/topdiamonds.online\/lv\/#organization"},"potentialAction":[{"@type":"SearchAction","target":{"@type":"EntryPoint","urlTemplate":"https:\/\/topdiamonds.online\/lv\/?s={search_term_string}"},"query-input":{"@type":"PropertyValueSpecification","valueRequired":true,"valueName":"search_term_string"}}],"inLanguage":"lv-LV"},{"@type":"Organization","@id":"https:\/\/topdiamonds.online\/lv\/#organization","name":"Topdiamonds Online","url":"https:\/\/topdiamonds.online\/lv\/","logo":{"@type":"ImageObject","inLanguage":"lv-LV","@id":"https:\/\/topdiamonds.online\/lv\/#\/schema\/logo\/image\/","url":"https:\/\/topdiamonds.online\/wp-content\/uploads\/2025\/03\/cropped-logo.png","contentUrl":"https:\/\/topdiamonds.online\/wp-content\/uploads\/2025\/03\/cropped-logo.png","width":690,"height":126,"caption":"Topdiamonds Online"},"image":{"@id":"https:\/\/topdiamonds.online\/lv\/#\/schema\/logo\/image\/"}}]}},"_links":{"self":[{"href":"https:\/\/topdiamonds.online\/lv\/wp-json\/wp\/v2\/product\/23755","targetHints":{"allow":["GET"]}}],"collection":[{"href":"https:\/\/topdiamonds.online\/lv\/wp-json\/wp\/v2\/product"}],"about":[{"href":"https:\/\/topdiamonds.online\/lv\/wp-json\/wp\/v2\/types\/product"}],"version-history":[{"count":0,"href":"https:\/\/topdiamonds.online\/lv\/wp-json\/wp\/v2\/product\/23755\/revisions"}],"wp:featuredmedia":[{"embeddable":true,"href":"https:\/\/topdiamonds.online\/lv\/wp-json\/wp\/v2\/media\/17552"}],"wp:attachment":[{"href":"https:\/\/topdiamonds.online\/lv\/wp-json\/wp\/v2\/media?parent=23755"}],"wp:term":[{"taxonomy":"product_brand","embeddable":true,"href":"https:\/\/topdiamonds.online\/lv\/wp-json\/wp\/v2\/product_brand?post=23755"},{"taxonomy":"product_cat","embeddable":true,"href":"https:\/\/topdiamonds.online\/lv\/wp-json\/wp\/v2\/product_cat?post=23755"},{"taxonomy":"product_tag","embeddable":true,"href":"https:\/\/topdiamonds.online\/lv\/wp-json\/wp\/v2\/product_tag?post=23755"}],"curies":[{"name":"wp","href":"https:\/\/api.w.org\/{rel}","templated":true}]}}