{"id":23414,"date":"2025-07-09T10:17:36","date_gmt":"2025-07-09T10:17:36","guid":{"rendered":"https:\/\/topdiamonds.online\/?post_type=product&#038;p=23414"},"modified":"2025-08-14T07:59:27","modified_gmt":"2025-08-14T07:59:27","slug":"modernus-suzadetuviu-ziedas-su-deimantu-marquise-1-05-ct","status":"publish","type":"product","link":"https:\/\/topdiamonds.online\/lv\/papuosalas\/modernus-suzadetuviu-ziedas-su-deimantu-marquise-1-05-ct\/","title":{"rendered":"MODERNUS SU\u017dAD\u0116TUVI\u0172 \u017dIEDAS SU DEIMANTU MARQUISE (1.05 ct)"},"content":{"rendered":"<p><span data-sheets-root=\"1\">Centrinis <em>Marquise<\/em> pj\u016bvio deimantas puo\u0161ia \u017eied\u0105 ne tik savo forma, bet ir simboline prasme \u2013 jame galima lyg pamatyti tikros meil\u0117s kelio atspind\u012f. Komforto zona lankelyje leid\u017eia jaustis patogiai vis\u0105 dien\u0105, o ma\u017eieji akmen\u0117liai \u017eiedo lankelyje subtiliai pabr\u0117\u017eia centrin\u012f akcent\u0105. Galimyb\u0117 rinktis i\u0161 keli\u0173 metal\u0173 spalv\u0173 leid\u017eia pritaikyti \u017eied\u0105 asmeniniam stiliui.<br \/>\n<\/span><span data-sheets-root=\"1\">Pagaminta laikantis auk\u0161\u010diausi\u0173 juvelyrikos gamybos standart\u0173. \u017diedas gali b\u016bti pagamintas pagal u\u017esakym\u0105: u\u017e papildom\u0105 mokest\u012f su auk\u0161tesn\u0117s kokyb\u0117s deimantais.<br \/>\n<\/span><\/p>\n<p><span data-sheets-root=\"1\"><br \/>\n\u2022 <strong><a href=\"https:\/\/topdiamonds.online\/ziedo-metalai\/\" target=\"_blank\" rel=\"noopener\">\u017diedo metalai<\/a>:<\/strong> 14K (585 prabos), 18K (750 prabos), 900 platina<br \/>\n\u2022 <strong><a href=\"https:\/\/topdiamonds.online\/ziedo-aukso-spalva\/\" target=\"_blank\" rel=\"noopener\">\u017diedo aukso spalva<\/a>:<\/strong> baltas, raudonas, geltonas<br \/>\n\u2022 <strong><a href=\"https:\/\/topdiamonds.online\/ziedo-svoris\/\" target=\"_blank\" rel=\"noopener\">\u017diedo svoris<\/a>:<\/strong> (priklauso nuo dyd\u017eio): apie 2.00 g &#8211; 3.50 g<br \/>\n\u2022 <strong><a href=\"https:\/\/topdiamonds.online\/ziedo-matmenys\/\" target=\"_blank\" rel=\"noopener\">\u017diedo kar\u016bn\u0117l\u0117s plotis<\/a><\/strong>:\u00a0apie 9.5 mm x 4.75 mm<br \/>\n\u2022 <strong><a href=\"https:\/\/topdiamonds.online\/ziedo-komforto-zona\/\" target=\"_blank\" rel=\"noopener\">\u017diedo komforto zona<\/a>:<\/strong> yra<br \/>\n\u2022 <a href=\"https:\/\/topdiamonds.online\/deimanto-forma\/\" target=\"_blank\" rel=\"noopener\"><strong>Deimanto forma<\/strong><\/a>: Markiz\u0117s formos (<em>Marquise cut<\/em>)<br \/>\n\u2022 <strong><a href=\"https:\/\/topdiamonds.online\/deimantu-tipai\/\" target=\"_blank\" rel=\"noopener\">Deimant\u0173 tipai<\/a>:<\/strong> Laboratorijoje u\u017eauginti deimantai arba natural\u016bs deimantai<br \/>\n\u2022 <strong><a href=\"https:\/\/topdiamonds.online\/deimanto-svoris-ir-charakteristika\/\" target=\"_blank\" rel=\"noopener\">Deimanto svoris ir charakteristika<\/a><\/strong> (galima keisti):<br \/>\nLaboratorijoje u\u017eaugintas deimantas: 0.90 ct deimantas (spalva D-E, \u0161varumas VVS) (galima keisti), IGI sertifikatas<br \/>\nNat\u016bralus deimantas: 0.90 ct deimantas (spalva G-I, \u0161varumas SI) (galima keisti), GIA sertifikatas<br \/>\n\u0160oniniai deimantai &#8211; apie 0.014 ct u\u017eauginti laboratorijoje arba natural\u016bs (galima keisti)<br \/>\nBendras deimant\u0173 svoris: 1.05 ct<br \/>\n\u2022 <a href=\"https:\/\/topdiamonds.online\/graviravimas\/\" target=\"_blank\" rel=\"noopener\"><strong>Graviravimas<\/strong><\/a> nemokamai<br \/>\n\u2022 Vienkartin\u0117 nemokama <strong><a href=\"https:\/\/topdiamonds.online\/ziedo-dydzio-keitimo-garantija\/\" target=\"_blank\" rel=\"noopener\">\u017eiedo dyd\u017eio keitimo garantija<\/a><\/strong><br \/>\n\u2022 <strong><a href=\"https:\/\/topdiamonds.online\/pristatymas-ir-grazinimas\/\" target=\"_blank\" rel=\"noopener\">Gamybos ir pristatymo terminas<\/a>:<\/strong> nuo 14 darbo dien\u0173, skubos tvarka per 7 d.d.<br \/>\n<\/span><\/p>\n<p><span data-sheets-root=\"1\">\u00a0<\/span><\/p>\n<p>Turite savo brangakmen\u012f, ar auks\u0105? Perskai\u010diuosime kain\u0105 ir mok\u0117site tik u\u017e \u017eiedo gamyb\u0105. O gal norite keisti deimanto charakteristik\u0105 pagal savo pageidavimus? <strong><a href=\"https:\/\/topdiamonds.online\/kontaktai\/\" target=\"_blank\" rel=\"noopener\">Susisiekite<\/a><\/strong>!<br \/>\nAtraskite plat\u0173 juvelyrikos su deimantais pasirinkim\u0105, atitinkant\u012f \u012fvairius skonius ir biud\u017eetus. Suksikurk ir personalizuok savo papuo\u0161al\u0105 su <a href=\"https:\/\/topdiamonds.online\/\" target=\"_blank\" rel=\"noopener\">TopDiamonds.Online<\/a>.<\/p>\n","protected":false},"excerpt":{"rendered":"<p><span data-sheets-root=\"1\">Kai gro\u017eis slypi detal\u0117se, \u0161is modernus su\u017ead\u0117tuvi\u0173 \u017eiedas su deimantais tampa nuostabiu pasirinkimu. Markiz\u0117s formos deimantas i\u0161siskiria savo ilgu ir eleganti\u0161ku pj\u016bviu, leid\u017eian\u010diu \u0161viesai nevar\u017eomai \u017eaisti ant kiekvienos deimanto briaunos. Simetri\u0161kai i\u0161d\u0117styti akmen\u0117liai \u017eiedo lankelyje dar labiau sustiprina bendr\u0105 spindes\u012f, o pats \u017eiedas kalba apie stili\u0173, sant\u016brum\u0105 ir meil\u0117s ry\u017et\u0105.<\/span><\/p>\n","protected":false},"featured_media":19201,"template":"","meta":{"site-sidebar-layout":"default","site-content-layout":"","ast-site-content-layout":"default","site-content-style":"default","site-sidebar-style":"default","ast-global-header-display":"","ast-banner-title-visibility":"","ast-main-header-display":"","ast-hfb-above-header-display":"","ast-hfb-below-header-display":"","ast-hfb-mobile-header-display":"","site-post-title":"","ast-breadcrumbs-content":"","ast-featured-img":"","footer-sml-layout":"","theme-transparent-header-meta":"default","adv-header-id-meta":"","stick-header-meta":"","header-above-stick-meta":"","header-main-stick-meta":"","header-below-stick-meta":"","astra-migrate-meta-layouts":"set","ast-page-background-enabled":"default","ast-page-background-meta":{"desktop":{"background-color":"var(--ast-global-color-4)","background-image":"","background-repeat":"repeat","background-position":"center center","background-size":"auto","background-attachment":"scroll","background-type":"","background-media":"","overlay-type":"","overlay-color":"","overlay-opacity":"","overlay-gradient":""},"tablet":{"background-color":"","background-image":"","background-repeat":"repeat","background-position":"center center","background-size":"auto","background-attachment":"scroll","background-type":"","background-media":"","overlay-type":"","overlay-color":"","overlay-opacity":"","overlay-gradient":""},"mobile":{"background-color":"","background-image":"","background-repeat":"repeat","background-position":"center center","background-size":"auto","background-attachment":"scroll","background-type":"","background-media":"","overlay-type":"","overlay-color":"","overlay-opacity":"","overlay-gradient":""}},"ast-content-background-meta":{"desktop":{"background-color":"var(--ast-global-color-5)","background-image":"","background-repeat":"repeat","background-position":"center center","background-size":"auto","background-attachment":"scroll","background-type":"","background-media":"","overlay-type":"","overlay-color":"","overlay-opacity":"","overlay-gradient":""},"tablet":{"background-color":"var(--ast-global-color-5)","background-image":"","background-repeat":"repeat","background-position":"center center","background-size":"auto","background-attachment":"scroll","background-type":"","background-media":"","overlay-type":"","overlay-color":"","overlay-opacity":"","overlay-gradient":""},"mobile":{"background-color":"var(--ast-global-color-5)","background-image":"","background-repeat":"repeat","background-position":"center center","background-size":"auto","background-attachment":"scroll","background-type":"","background-media":"","overlay-type":"","overlay-color":"","overlay-opacity":"","overlay-gradient":""}}},"product_brand":[],"product_cat":[63,64],"product_tag":[],"class_list":{"0":"post-23414","1":"product","2":"type-product","3":"status-publish","4":"has-post-thumbnail","6":"product_cat-juvelyrika","7":"product_cat-suzadetuviu-ziedai","8":"desktop-align-center","9":"tablet-align-left","10":"mobile-align-left","11":"ast-product-gallery-layout-horizontal-slider","12":"ast-product-single-variable","13":"ast-product-tabs-layout-accordion","14":"ast-qv-on-image","16":"first","17":"instock","18":"taxable","19":"shipping-taxable","20":"purchasable","21":"product-type-variable"},"yoast_head":"<!-- This site is optimized with the Yoast SEO plugin v26.6 - https:\/\/yoast.com\/wordpress\/plugins\/seo\/ -->\n<title>Modernus su\u017ead\u0117tuvi\u0173 \u017eiedas su deimantu MARQUISE (1.05 ct)<\/title>\n<meta name=\"description\" content=\"Modernus su\u017ead\u0117tuvi\u0173 \u017eiedas su deimantais \u2013 eleganti\u0161kas pasirinkimas su markiz\u0117s formos centriniu deimantu ir komforto zona patogiam kasdieniam d\u0117v\u0117jimui.\" \/>\n<meta name=\"robots\" content=\"index, follow, max-snippet:-1, max-image-preview:large, max-video-preview:-1\" \/>\n<link rel=\"canonical\" href=\"https:\/\/topdiamonds.online\/lv\/papuosalas\/modernus-suzadetuviu-ziedas-su-deimantu-marquise-1-05-ct\/\" \/>\n<meta property=\"og:locale\" content=\"lv_LV\" \/>\n<meta property=\"og:type\" content=\"article\" \/>\n<meta property=\"og:title\" content=\"Modernus su\u017ead\u0117tuvi\u0173 \u017eiedas su deimantu MARQUISE (1.05 ct)\" \/>\n<meta property=\"og:description\" content=\"Modernus su\u017ead\u0117tuvi\u0173 \u017eiedas su deimantais \u2013 eleganti\u0161kas pasirinkimas su markiz\u0117s formos centriniu deimantu ir komforto zona patogiam kasdieniam d\u0117v\u0117jimui.\" \/>\n<meta property=\"og:url\" content=\"https:\/\/topdiamonds.online\/lv\/papuosalas\/modernus-suzadetuviu-ziedas-su-deimantu-marquise-1-05-ct\/\" \/>\n<meta property=\"og:site_name\" content=\"Topdiamonds Online\" \/>\n<meta property=\"article:modified_time\" content=\"2025-08-14T07:59:27+00:00\" \/>\n<meta property=\"og:image\" content=\"https:\/\/topdiamonds.online\/wp-content\/uploads\/2025\/06\/TDO-1270-modernus-suzadetuviu-ziedas-su-deimantu-marquise-cut-9.jpg\" \/>\n\t<meta property=\"og:image:width\" content=\"800\" \/>\n\t<meta property=\"og:image:height\" content=\"800\" \/>\n\t<meta property=\"og:image:type\" content=\"image\/jpeg\" \/>\n<meta name=\"twitter:card\" content=\"summary_large_image\" \/>\n<meta name=\"twitter:label1\" content=\"Est. reading time\" \/>\n\t<meta name=\"twitter:data1\" content=\"2 minutes\" \/>\n<script type=\"application\/ld+json\" class=\"yoast-schema-graph\">{\"@context\":\"https:\/\/schema.org\",\"@graph\":[{\"@type\":\"WebPage\",\"@id\":\"https:\/\/topdiamonds.online\/lv\/papuosalas\/modernus-suzadetuviu-ziedas-su-deimantu-marquise-1-05-ct\/\",\"url\":\"https:\/\/topdiamonds.online\/lv\/papuosalas\/modernus-suzadetuviu-ziedas-su-deimantu-marquise-1-05-ct\/\",\"name\":\"Modernus su\u017ead\u0117tuvi\u0173 \u017eiedas su deimantu MARQUISE (1.05 ct)\",\"isPartOf\":{\"@id\":\"https:\/\/topdiamonds.online\/lv\/#website\"},\"primaryImageOfPage\":{\"@id\":\"https:\/\/topdiamonds.online\/lv\/papuosalas\/modernus-suzadetuviu-ziedas-su-deimantu-marquise-1-05-ct\/#primaryimage\"},\"image\":{\"@id\":\"https:\/\/topdiamonds.online\/lv\/papuosalas\/modernus-suzadetuviu-ziedas-su-deimantu-marquise-1-05-ct\/#primaryimage\"},\"thumbnailUrl\":\"https:\/\/topdiamonds.online\/wp-content\/uploads\/2025\/06\/TDO-1270-modernus-suzadetuviu-ziedas-su-deimantu-marquise-cut-9.jpg\",\"datePublished\":\"2025-07-09T10:17:36+00:00\",\"dateModified\":\"2025-08-14T07:59:27+00:00\",\"description\":\"Modernus su\u017ead\u0117tuvi\u0173 \u017eiedas su deimantais \u2013 eleganti\u0161kas pasirinkimas su markiz\u0117s formos centriniu deimantu ir komforto zona patogiam kasdieniam d\u0117v\u0117jimui.\",\"breadcrumb\":{\"@id\":\"https:\/\/topdiamonds.online\/lv\/papuosalas\/modernus-suzadetuviu-ziedas-su-deimantu-marquise-1-05-ct\/#breadcrumb\"},\"inLanguage\":\"lv-LV\",\"potentialAction\":[{\"@type\":\"ReadAction\",\"target\":[\"https:\/\/topdiamonds.online\/lv\/papuosalas\/modernus-suzadetuviu-ziedas-su-deimantu-marquise-1-05-ct\/\"]}]},{\"@type\":\"ImageObject\",\"inLanguage\":\"lv-LV\",\"@id\":\"https:\/\/topdiamonds.online\/lv\/papuosalas\/modernus-suzadetuviu-ziedas-su-deimantu-marquise-1-05-ct\/#primaryimage\",\"url\":\"https:\/\/topdiamonds.online\/wp-content\/uploads\/2025\/06\/TDO-1270-modernus-suzadetuviu-ziedas-su-deimantu-marquise-cut-9.jpg\",\"contentUrl\":\"https:\/\/topdiamonds.online\/wp-content\/uploads\/2025\/06\/TDO-1270-modernus-suzadetuviu-ziedas-su-deimantu-marquise-cut-9.jpg\",\"width\":800,\"height\":800,\"caption\":\"Modernus su\u017ead\u0117tuvi\u0173 \u017eiedas su deimantu i\u0161 balto aukso arba platinos - marquise cut\"},{\"@type\":\"BreadcrumbList\",\"@id\":\"https:\/\/topdiamonds.online\/lv\/papuosalas\/modernus-suzadetuviu-ziedas-su-deimantu-marquise-1-05-ct\/#breadcrumb\",\"itemListElement\":[{\"@type\":\"ListItem\",\"position\":1,\"name\":\"Home\",\"item\":\"https:\/\/topdiamonds.online\/lv\/\"},{\"@type\":\"ListItem\",\"position\":2,\"name\":\"Shop\",\"item\":\"https:\/\/topdiamonds.online\/shop-2\/\"},{\"@type\":\"ListItem\",\"position\":3,\"name\":\"MODERNUS SU\u017dAD\u0116TUVI\u0172 \u017dIEDAS SU DEIMANTU MARQUISE (1.05 ct)\"}]},{\"@type\":\"WebSite\",\"@id\":\"https:\/\/topdiamonds.online\/lv\/#website\",\"url\":\"https:\/\/topdiamonds.online\/lv\/\",\"name\":\"Topdiamonds Online\",\"description\":\"Juvelyrikos namai\",\"publisher\":{\"@id\":\"https:\/\/topdiamonds.online\/lv\/#organization\"},\"potentialAction\":[{\"@type\":\"SearchAction\",\"target\":{\"@type\":\"EntryPoint\",\"urlTemplate\":\"https:\/\/topdiamonds.online\/lv\/?s={search_term_string}\"},\"query-input\":{\"@type\":\"PropertyValueSpecification\",\"valueRequired\":true,\"valueName\":\"search_term_string\"}}],\"inLanguage\":\"lv-LV\"},{\"@type\":\"Organization\",\"@id\":\"https:\/\/topdiamonds.online\/lv\/#organization\",\"name\":\"Topdiamonds Online\",\"url\":\"https:\/\/topdiamonds.online\/lv\/\",\"logo\":{\"@type\":\"ImageObject\",\"inLanguage\":\"lv-LV\",\"@id\":\"https:\/\/topdiamonds.online\/lv\/#\/schema\/logo\/image\/\",\"url\":\"https:\/\/topdiamonds.online\/wp-content\/uploads\/2025\/03\/cropped-logo.png\",\"contentUrl\":\"https:\/\/topdiamonds.online\/wp-content\/uploads\/2025\/03\/cropped-logo.png\",\"width\":690,\"height\":126,\"caption\":\"Topdiamonds Online\"},\"image\":{\"@id\":\"https:\/\/topdiamonds.online\/lv\/#\/schema\/logo\/image\/\"}}]}<\/script>\n<!-- \/ Yoast SEO plugin. -->","yoast_head_json":{"title":"Modernus su\u017ead\u0117tuvi\u0173 \u017eiedas su deimantu MARQUISE (1.05 ct)","description":"Modernus su\u017ead\u0117tuvi\u0173 \u017eiedas su deimantais \u2013 eleganti\u0161kas pasirinkimas su markiz\u0117s formos centriniu deimantu ir komforto zona patogiam kasdieniam d\u0117v\u0117jimui.","robots":{"index":"index","follow":"follow","max-snippet":"max-snippet:-1","max-image-preview":"max-image-preview:large","max-video-preview":"max-video-preview:-1"},"canonical":"https:\/\/topdiamonds.online\/lv\/papuosalas\/modernus-suzadetuviu-ziedas-su-deimantu-marquise-1-05-ct\/","og_locale":"lv_LV","og_type":"article","og_title":"Modernus su\u017ead\u0117tuvi\u0173 \u017eiedas su deimantu MARQUISE (1.05 ct)","og_description":"Modernus su\u017ead\u0117tuvi\u0173 \u017eiedas su deimantais \u2013 eleganti\u0161kas pasirinkimas su markiz\u0117s formos centriniu deimantu ir komforto zona patogiam kasdieniam d\u0117v\u0117jimui.","og_url":"https:\/\/topdiamonds.online\/lv\/papuosalas\/modernus-suzadetuviu-ziedas-su-deimantu-marquise-1-05-ct\/","og_site_name":"Topdiamonds Online","article_modified_time":"2025-08-14T07:59:27+00:00","og_image":[{"width":800,"height":800,"url":"https:\/\/topdiamonds.online\/wp-content\/uploads\/2025\/06\/TDO-1270-modernus-suzadetuviu-ziedas-su-deimantu-marquise-cut-9.jpg","type":"image\/jpeg"}],"twitter_card":"summary_large_image","twitter_misc":{"Est. reading time":"2 minutes"},"schema":{"@context":"https:\/\/schema.org","@graph":[{"@type":"WebPage","@id":"https:\/\/topdiamonds.online\/lv\/papuosalas\/modernus-suzadetuviu-ziedas-su-deimantu-marquise-1-05-ct\/","url":"https:\/\/topdiamonds.online\/lv\/papuosalas\/modernus-suzadetuviu-ziedas-su-deimantu-marquise-1-05-ct\/","name":"Modernus su\u017ead\u0117tuvi\u0173 \u017eiedas su deimantu MARQUISE (1.05 ct)","isPartOf":{"@id":"https:\/\/topdiamonds.online\/lv\/#website"},"primaryImageOfPage":{"@id":"https:\/\/topdiamonds.online\/lv\/papuosalas\/modernus-suzadetuviu-ziedas-su-deimantu-marquise-1-05-ct\/#primaryimage"},"image":{"@id":"https:\/\/topdiamonds.online\/lv\/papuosalas\/modernus-suzadetuviu-ziedas-su-deimantu-marquise-1-05-ct\/#primaryimage"},"thumbnailUrl":"https:\/\/topdiamonds.online\/wp-content\/uploads\/2025\/06\/TDO-1270-modernus-suzadetuviu-ziedas-su-deimantu-marquise-cut-9.jpg","datePublished":"2025-07-09T10:17:36+00:00","dateModified":"2025-08-14T07:59:27+00:00","description":"Modernus su\u017ead\u0117tuvi\u0173 \u017eiedas su deimantais \u2013 eleganti\u0161kas pasirinkimas su markiz\u0117s formos centriniu deimantu ir komforto zona patogiam kasdieniam d\u0117v\u0117jimui.","breadcrumb":{"@id":"https:\/\/topdiamonds.online\/lv\/papuosalas\/modernus-suzadetuviu-ziedas-su-deimantu-marquise-1-05-ct\/#breadcrumb"},"inLanguage":"lv-LV","potentialAction":[{"@type":"ReadAction","target":["https:\/\/topdiamonds.online\/lv\/papuosalas\/modernus-suzadetuviu-ziedas-su-deimantu-marquise-1-05-ct\/"]}]},{"@type":"ImageObject","inLanguage":"lv-LV","@id":"https:\/\/topdiamonds.online\/lv\/papuosalas\/modernus-suzadetuviu-ziedas-su-deimantu-marquise-1-05-ct\/#primaryimage","url":"https:\/\/topdiamonds.online\/wp-content\/uploads\/2025\/06\/TDO-1270-modernus-suzadetuviu-ziedas-su-deimantu-marquise-cut-9.jpg","contentUrl":"https:\/\/topdiamonds.online\/wp-content\/uploads\/2025\/06\/TDO-1270-modernus-suzadetuviu-ziedas-su-deimantu-marquise-cut-9.jpg","width":800,"height":800,"caption":"Modernus su\u017ead\u0117tuvi\u0173 \u017eiedas su deimantu i\u0161 balto aukso arba platinos - marquise cut"},{"@type":"BreadcrumbList","@id":"https:\/\/topdiamonds.online\/lv\/papuosalas\/modernus-suzadetuviu-ziedas-su-deimantu-marquise-1-05-ct\/#breadcrumb","itemListElement":[{"@type":"ListItem","position":1,"name":"Home","item":"https:\/\/topdiamonds.online\/lv\/"},{"@type":"ListItem","position":2,"name":"Shop","item":"https:\/\/topdiamonds.online\/shop-2\/"},{"@type":"ListItem","position":3,"name":"MODERNUS SU\u017dAD\u0116TUVI\u0172 \u017dIEDAS SU DEIMANTU MARQUISE (1.05 ct)"}]},{"@type":"WebSite","@id":"https:\/\/topdiamonds.online\/lv\/#website","url":"https:\/\/topdiamonds.online\/lv\/","name":"Topdiamonds Online","description":"Juvelyrikos namai","publisher":{"@id":"https:\/\/topdiamonds.online\/lv\/#organization"},"potentialAction":[{"@type":"SearchAction","target":{"@type":"EntryPoint","urlTemplate":"https:\/\/topdiamonds.online\/lv\/?s={search_term_string}"},"query-input":{"@type":"PropertyValueSpecification","valueRequired":true,"valueName":"search_term_string"}}],"inLanguage":"lv-LV"},{"@type":"Organization","@id":"https:\/\/topdiamonds.online\/lv\/#organization","name":"Topdiamonds Online","url":"https:\/\/topdiamonds.online\/lv\/","logo":{"@type":"ImageObject","inLanguage":"lv-LV","@id":"https:\/\/topdiamonds.online\/lv\/#\/schema\/logo\/image\/","url":"https:\/\/topdiamonds.online\/wp-content\/uploads\/2025\/03\/cropped-logo.png","contentUrl":"https:\/\/topdiamonds.online\/wp-content\/uploads\/2025\/03\/cropped-logo.png","width":690,"height":126,"caption":"Topdiamonds Online"},"image":{"@id":"https:\/\/topdiamonds.online\/lv\/#\/schema\/logo\/image\/"}}]}},"_links":{"self":[{"href":"https:\/\/topdiamonds.online\/lv\/wp-json\/wp\/v2\/product\/23414","targetHints":{"allow":["GET"]}}],"collection":[{"href":"https:\/\/topdiamonds.online\/lv\/wp-json\/wp\/v2\/product"}],"about":[{"href":"https:\/\/topdiamonds.online\/lv\/wp-json\/wp\/v2\/types\/product"}],"version-history":[{"count":0,"href":"https:\/\/topdiamonds.online\/lv\/wp-json\/wp\/v2\/product\/23414\/revisions"}],"wp:featuredmedia":[{"embeddable":true,"href":"https:\/\/topdiamonds.online\/lv\/wp-json\/wp\/v2\/media\/19201"}],"wp:attachment":[{"href":"https:\/\/topdiamonds.online\/lv\/wp-json\/wp\/v2\/media?parent=23414"}],"wp:term":[{"taxonomy":"product_brand","embeddable":true,"href":"https:\/\/topdiamonds.online\/lv\/wp-json\/wp\/v2\/product_brand?post=23414"},{"taxonomy":"product_cat","embeddable":true,"href":"https:\/\/topdiamonds.online\/lv\/wp-json\/wp\/v2\/product_cat?post=23414"},{"taxonomy":"product_tag","embeddable":true,"href":"https:\/\/topdiamonds.online\/lv\/wp-json\/wp\/v2\/product_tag?post=23414"}],"curies":[{"name":"wp","href":"https:\/\/api.w.org\/{rel}","templated":true}]}}