{"id":21972,"date":"2025-07-07T09:42:48","date_gmt":"2025-07-07T09:42:48","guid":{"rendered":"https:\/\/topdiamonds.online\/?post_type=product&#038;p=21972"},"modified":"2025-08-14T07:17:32","modified_gmt":"2025-08-14T07:17:32","slug":"klasikinis-suzadetuviu-ziedas-su-deimantu-princess-0-70-ct","status":"publish","type":"product","link":"https:\/\/topdiamonds.online\/lv\/papuosalas\/klasikinis-suzadetuviu-ziedas-su-deimantu-princess-0-70-ct\/","title":{"rendered":"KLASIKINIS SU\u017dAD\u0116TUVI\u0172 \u017dIEDAS SU DEIMANTU PRINCESS (0.70 ct)"},"content":{"rendered":"<p><span data-sheets-root=\"1\">Tvirtas keturi\u0173 kojeli\u0173 laikiklis leid\u017eia deimantui spind\u0117ti i\u0161 vis\u0173 pusi\u0173, kartu u\u017etikrindamas saugum\u0105. \u0160is klasikinis su\u017ead\u0117tuvi\u0173 \u017eiedas su deimantu \u2013 tai puikus pasirinkimas ie\u0161kantiems tvarkingos ir harmoningos kvardatin\u0117s formos, kuri ne tik esteti\u0161kai d\u017eiugina, bet ir suteikia pasitik\u0117jimo poj\u016bt\u012f. Tai detal\u0117, kuri\u0105 galima perduoti i\u0161 kartos \u012f kart\u0105.<br \/>\n<\/span><span data-sheets-root=\"1\">Pagaminta laikantis auk\u0161\u010diausi\u0173 juvelyrikos gamybos standart\u0173. \u017diedas gali b\u016bti pagamintas pagal u\u017esakym\u0105: u\u017e papildom\u0105 mokest\u012f su auk\u0161tesn\u0117s kokyb\u0117s deimantais.<br \/>\n<\/span><\/p>\n<p><span data-sheets-root=\"1\"><br \/>\n\u2022 <strong><a href=\"https:\/\/topdiamonds.online\/ziedo-metalai\/\" target=\"_blank\" rel=\"noopener\">\u017diedo metalai<\/a>:<\/strong> 14K (585 prabos), 18K (750 prabos), 900 platina<br \/>\n\u2022 <strong><a href=\"https:\/\/topdiamonds.online\/ziedo-aukso-spalva\/\" target=\"_blank\" rel=\"noopener\">\u017diedo aukso spalva<\/a>:<\/strong> baltas, raudonas, geltonas<br \/>\n\u2022 <strong><a href=\"https:\/\/topdiamonds.online\/ziedo-svoris\/\" target=\"_blank\" rel=\"noopener\">\u017diedo svoris<\/a>:<\/strong> (priklauso nuo dyd\u017eio): apie 2.00 &#8211; 3.00 g<br \/>\n\u2022 <strong><a href=\"https:\/\/topdiamonds.online\/ziedo-matmenys\/\" target=\"_blank\" rel=\"noopener\">\u017diedo kar\u016bn\u0117l\u0117s plotis<\/a><\/strong>:\u00a0apie 4.5 mm<br \/>\n\u2022 <strong><a href=\"https:\/\/topdiamonds.online\/ziedo-komforto-zona\/\" target=\"_blank\" rel=\"noopener\">\u017diedo komforto zona<\/a>:<\/strong> yra<br \/>\n\u2022 <a href=\"https:\/\/topdiamonds.online\/deimanto-forma\/\" target=\"_blank\" rel=\"noopener\"><strong>Deimanto forma<\/strong><\/a>: Kvadratin\u0117s formos (<em>Princess cut<\/em>)<br \/>\n\u2022 <strong><a href=\"https:\/\/topdiamonds.online\/deimantu-tipai\/\" target=\"_blank\" rel=\"noopener\">Deimant\u0173 tipai<\/a>:<\/strong> Laboratorijoje u\u017eauginti deimantai arba natural\u016bs deimantai<br \/>\n\u2022 <strong><a href=\"https:\/\/topdiamonds.online\/deimanto-svoris-ir-charakteristika\/\" target=\"_blank\" rel=\"noopener\">Deimanto svoris ir charakteristika<\/a><\/strong> (galima keisti):<br \/>\nLaboratorijoje u\u017eaugintas deimantas: 0.50 ct deimantas (spalva D-E, \u0161varumas VVS) (galima keisti), IGI sertifikatas<br \/>\nNat\u016bralus deimantas: 0.50 ct deimantas (spalva G-I, \u0161varumas SI) (galima keisti), GIA sertifikatas<br \/>\n\u2022 <a href=\"https:\/\/topdiamonds.online\/graviravimas\/\" target=\"_blank\" rel=\"noopener\"><strong>Graviravimas<\/strong><\/a> nemokamai<br \/>\n\u2022 Vienkartin\u0117 nemokama <strong><a href=\"https:\/\/topdiamonds.online\/ziedo-dydzio-keitimo-garantija\/\" target=\"_blank\" rel=\"noopener\">\u017eiedo dyd\u017eio keitimo garantija<\/a><\/strong><br \/>\n\u2022 <strong><a href=\"https:\/\/topdiamonds.online\/pristatymas-ir-grazinimas\/\" target=\"_blank\" rel=\"noopener\">Gamybos ir pristatymo terminas<\/a>:<\/strong> nuo 14 darbo dien\u0173, skubos tvarka per 7 d.d.<br \/>\n<\/span><\/p>\n<p><span data-sheets-root=\"1\">\u00a0<\/span><\/p>\n<p>Turite savo brangakmen\u012f, ar auks\u0105? Perskai\u010diuosime kain\u0105 ir mok\u0117site tik u\u017e \u017eiedo gamyb\u0105. O gal norite keisti deimanto charakteristik\u0105 pagal savo pageidavimus? <strong><a href=\"https:\/\/topdiamonds.online\/kontaktai\/\" target=\"_blank\" rel=\"noopener\">Susisiekite<\/a><\/strong>!<br \/>\nAtraskite plat\u0173 juvelyrikos su deimantais pasirinkim\u0105, atitinkant\u012f \u012fvairius skonius ir biud\u017eetus. Suksikurk ir personalizuok savo papuo\u0161al\u0105 su <a href=\"https:\/\/topdiamonds.online\/\" target=\"_blank\" rel=\"noopener\">TopDiamonds.Online<\/a>.<\/p>\n","protected":false},"excerpt":{"rendered":"<p><span data-sheets-root=\"1\">Ie\u0161kote klasikinio su\u017ead\u0117tuvi\u0173 \u017eiedo su deimantu, kuris i\u0161likt\u0173 madingas ir po 50 met\u0173? \u0160is su\u017ead\u0117tuvi\u0173 \u017eiedas su Princess pj\u016bvio deimantu \u2013 tai tikra elegancija be kompromis\u0173, kuri\u0105 puo\u0161ia ai\u0161kios formos, tvirtas laikiklis ir tiesus lankelis su komforto zona \u2013 subtili prabanga kasdienai ir visam gyvenimui.<\/span><\/p>\n","protected":false},"featured_media":19556,"template":"","meta":{"site-sidebar-layout":"default","site-content-layout":"","ast-site-content-layout":"default","site-content-style":"default","site-sidebar-style":"default","ast-global-header-display":"","ast-banner-title-visibility":"","ast-main-header-display":"","ast-hfb-above-header-display":"","ast-hfb-below-header-display":"","ast-hfb-mobile-header-display":"","site-post-title":"","ast-breadcrumbs-content":"","ast-featured-img":"","footer-sml-layout":"","theme-transparent-header-meta":"default","adv-header-id-meta":"","stick-header-meta":"","header-above-stick-meta":"","header-main-stick-meta":"","header-below-stick-meta":"","astra-migrate-meta-layouts":"set","ast-page-background-enabled":"default","ast-page-background-meta":{"desktop":{"background-color":"var(--ast-global-color-4)","background-image":"","background-repeat":"repeat","background-position":"center center","background-size":"auto","background-attachment":"scroll","background-type":"","background-media":"","overlay-type":"","overlay-color":"","overlay-opacity":"","overlay-gradient":""},"tablet":{"background-color":"","background-image":"","background-repeat":"repeat","background-position":"center center","background-size":"auto","background-attachment":"scroll","background-type":"","background-media":"","overlay-type":"","overlay-color":"","overlay-opacity":"","overlay-gradient":""},"mobile":{"background-color":"","background-image":"","background-repeat":"repeat","background-position":"center center","background-size":"auto","background-attachment":"scroll","background-type":"","background-media":"","overlay-type":"","overlay-color":"","overlay-opacity":"","overlay-gradient":""}},"ast-content-background-meta":{"desktop":{"background-color":"var(--ast-global-color-5)","background-image":"","background-repeat":"repeat","background-position":"center center","background-size":"auto","background-attachment":"scroll","background-type":"","background-media":"","overlay-type":"","overlay-color":"","overlay-opacity":"","overlay-gradient":""},"tablet":{"background-color":"var(--ast-global-color-5)","background-image":"","background-repeat":"repeat","background-position":"center center","background-size":"auto","background-attachment":"scroll","background-type":"","background-media":"","overlay-type":"","overlay-color":"","overlay-opacity":"","overlay-gradient":""},"mobile":{"background-color":"var(--ast-global-color-5)","background-image":"","background-repeat":"repeat","background-position":"center center","background-size":"auto","background-attachment":"scroll","background-type":"","background-media":"","overlay-type":"","overlay-color":"","overlay-opacity":"","overlay-gradient":""}}},"product_brand":[],"product_cat":[63,64],"product_tag":[],"class_list":{"0":"post-21972","1":"product","2":"type-product","3":"status-publish","4":"has-post-thumbnail","6":"product_cat-juvelyrika","7":"product_cat-suzadetuviu-ziedai","8":"desktop-align-center","9":"tablet-align-left","10":"mobile-align-left","11":"ast-product-gallery-layout-horizontal-slider","12":"ast-product-single-variable","13":"ast-product-tabs-layout-accordion","14":"ast-qv-on-image","16":"first","17":"instock","18":"taxable","19":"shipping-taxable","20":"purchasable","21":"product-type-variable"},"yoast_head":"<!-- This site is optimized with the Yoast SEO plugin v26.6 - https:\/\/yoast.com\/wordpress\/plugins\/seo\/ -->\n<title>Klasikinis su\u017ead\u0117tuvi\u0173 \u017eiedas su deimantu PRINCESS (0.70 ct)<\/title>\n<meta name=\"description\" content=\"\u0160is klasikinis su\u017ead\u0117tuvi\u0173 \u017eiedas su deimantu \u2013 tai am\u017eina elegancija. Patog\u0173 ne\u0161iojim\u0105 u\u017etikrina tvirtas laikiklis ir lankelyje esanti komforto zona.\" \/>\n<meta name=\"robots\" content=\"index, follow, max-snippet:-1, max-image-preview:large, max-video-preview:-1\" \/>\n<link rel=\"canonical\" href=\"https:\/\/topdiamonds.online\/lv\/papuosalas\/klasikinis-suzadetuviu-ziedas-su-deimantu-princess-0-70-ct\/\" \/>\n<meta property=\"og:locale\" content=\"lv_LV\" \/>\n<meta property=\"og:type\" content=\"article\" \/>\n<meta property=\"og:title\" content=\"Klasikinis su\u017ead\u0117tuvi\u0173 \u017eiedas su deimantu PRINCESS (0.70 ct)\" \/>\n<meta property=\"og:description\" content=\"\u0160is klasikinis su\u017ead\u0117tuvi\u0173 \u017eiedas su deimantu \u2013 tai am\u017eina elegancija. Patog\u0173 ne\u0161iojim\u0105 u\u017etikrina tvirtas laikiklis ir lankelyje esanti komforto zona.\" \/>\n<meta property=\"og:url\" content=\"https:\/\/topdiamonds.online\/lv\/papuosalas\/klasikinis-suzadetuviu-ziedas-su-deimantu-princess-0-70-ct\/\" \/>\n<meta property=\"og:site_name\" content=\"Topdiamonds Online\" \/>\n<meta property=\"article:modified_time\" content=\"2025-08-14T07:17:32+00:00\" \/>\n<meta property=\"og:image\" content=\"https:\/\/topdiamonds.online\/wp-content\/uploads\/2025\/06\/TDO-1035-klasikinis-suzadetuviu-ziedas-su-deimantu-princess-cut-1.jpg\" \/>\n\t<meta property=\"og:image:width\" content=\"800\" \/>\n\t<meta property=\"og:image:height\" content=\"800\" \/>\n\t<meta property=\"og:image:type\" content=\"image\/jpeg\" \/>\n<meta name=\"twitter:card\" content=\"summary_large_image\" \/>\n<meta name=\"twitter:label1\" content=\"Est. reading time\" \/>\n\t<meta name=\"twitter:data1\" content=\"2 minutes\" \/>\n<script type=\"application\/ld+json\" class=\"yoast-schema-graph\">{\"@context\":\"https:\/\/schema.org\",\"@graph\":[{\"@type\":\"WebPage\",\"@id\":\"https:\/\/topdiamonds.online\/lv\/papuosalas\/klasikinis-suzadetuviu-ziedas-su-deimantu-princess-0-70-ct\/\",\"url\":\"https:\/\/topdiamonds.online\/lv\/papuosalas\/klasikinis-suzadetuviu-ziedas-su-deimantu-princess-0-70-ct\/\",\"name\":\"Klasikinis su\u017ead\u0117tuvi\u0173 \u017eiedas su deimantu PRINCESS (0.70 ct)\",\"isPartOf\":{\"@id\":\"https:\/\/topdiamonds.online\/lv\/#website\"},\"primaryImageOfPage\":{\"@id\":\"https:\/\/topdiamonds.online\/lv\/papuosalas\/klasikinis-suzadetuviu-ziedas-su-deimantu-princess-0-70-ct\/#primaryimage\"},\"image\":{\"@id\":\"https:\/\/topdiamonds.online\/lv\/papuosalas\/klasikinis-suzadetuviu-ziedas-su-deimantu-princess-0-70-ct\/#primaryimage\"},\"thumbnailUrl\":\"https:\/\/topdiamonds.online\/wp-content\/uploads\/2025\/06\/TDO-1035-klasikinis-suzadetuviu-ziedas-su-deimantu-princess-cut-1.jpg\",\"datePublished\":\"2025-07-07T09:42:48+00:00\",\"dateModified\":\"2025-08-14T07:17:32+00:00\",\"description\":\"\u0160is klasikinis su\u017ead\u0117tuvi\u0173 \u017eiedas su deimantu \u2013 tai am\u017eina elegancija. Patog\u0173 ne\u0161iojim\u0105 u\u017etikrina tvirtas laikiklis ir lankelyje esanti komforto zona.\",\"breadcrumb\":{\"@id\":\"https:\/\/topdiamonds.online\/lv\/papuosalas\/klasikinis-suzadetuviu-ziedas-su-deimantu-princess-0-70-ct\/#breadcrumb\"},\"inLanguage\":\"lv-LV\",\"potentialAction\":[{\"@type\":\"ReadAction\",\"target\":[\"https:\/\/topdiamonds.online\/lv\/papuosalas\/klasikinis-suzadetuviu-ziedas-su-deimantu-princess-0-70-ct\/\"]}]},{\"@type\":\"ImageObject\",\"inLanguage\":\"lv-LV\",\"@id\":\"https:\/\/topdiamonds.online\/lv\/papuosalas\/klasikinis-suzadetuviu-ziedas-su-deimantu-princess-0-70-ct\/#primaryimage\",\"url\":\"https:\/\/topdiamonds.online\/wp-content\/uploads\/2025\/06\/TDO-1035-klasikinis-suzadetuviu-ziedas-su-deimantu-princess-cut-1.jpg\",\"contentUrl\":\"https:\/\/topdiamonds.online\/wp-content\/uploads\/2025\/06\/TDO-1035-klasikinis-suzadetuviu-ziedas-su-deimantu-princess-cut-1.jpg\",\"width\":800,\"height\":800,\"caption\":\"Klasikinis su\u017ead\u0117tuvi\u0173 \u017eiedas su deimantu i\u0161 balto aukso arba platinos - princess cut\"},{\"@type\":\"BreadcrumbList\",\"@id\":\"https:\/\/topdiamonds.online\/lv\/papuosalas\/klasikinis-suzadetuviu-ziedas-su-deimantu-princess-0-70-ct\/#breadcrumb\",\"itemListElement\":[{\"@type\":\"ListItem\",\"position\":1,\"name\":\"Home\",\"item\":\"https:\/\/topdiamonds.online\/lv\/\"},{\"@type\":\"ListItem\",\"position\":2,\"name\":\"Shop\",\"item\":\"https:\/\/topdiamonds.online\/shop-2\/\"},{\"@type\":\"ListItem\",\"position\":3,\"name\":\"KLASIKINIS SU\u017dAD\u0116TUVI\u0172 \u017dIEDAS SU DEIMANTU PRINCESS (0.70 ct)\"}]},{\"@type\":\"WebSite\",\"@id\":\"https:\/\/topdiamonds.online\/lv\/#website\",\"url\":\"https:\/\/topdiamonds.online\/lv\/\",\"name\":\"Topdiamonds Online\",\"description\":\"Juvelyrikos namai\",\"publisher\":{\"@id\":\"https:\/\/topdiamonds.online\/lv\/#organization\"},\"potentialAction\":[{\"@type\":\"SearchAction\",\"target\":{\"@type\":\"EntryPoint\",\"urlTemplate\":\"https:\/\/topdiamonds.online\/lv\/?s={search_term_string}\"},\"query-input\":{\"@type\":\"PropertyValueSpecification\",\"valueRequired\":true,\"valueName\":\"search_term_string\"}}],\"inLanguage\":\"lv-LV\"},{\"@type\":\"Organization\",\"@id\":\"https:\/\/topdiamonds.online\/lv\/#organization\",\"name\":\"Topdiamonds Online\",\"url\":\"https:\/\/topdiamonds.online\/lv\/\",\"logo\":{\"@type\":\"ImageObject\",\"inLanguage\":\"lv-LV\",\"@id\":\"https:\/\/topdiamonds.online\/lv\/#\/schema\/logo\/image\/\",\"url\":\"https:\/\/topdiamonds.online\/wp-content\/uploads\/2025\/03\/cropped-logo.png\",\"contentUrl\":\"https:\/\/topdiamonds.online\/wp-content\/uploads\/2025\/03\/cropped-logo.png\",\"width\":690,\"height\":126,\"caption\":\"Topdiamonds Online\"},\"image\":{\"@id\":\"https:\/\/topdiamonds.online\/lv\/#\/schema\/logo\/image\/\"}}]}<\/script>\n<!-- \/ Yoast SEO plugin. -->","yoast_head_json":{"title":"Klasikinis su\u017ead\u0117tuvi\u0173 \u017eiedas su deimantu PRINCESS (0.70 ct)","description":"\u0160is klasikinis su\u017ead\u0117tuvi\u0173 \u017eiedas su deimantu \u2013 tai am\u017eina elegancija. Patog\u0173 ne\u0161iojim\u0105 u\u017etikrina tvirtas laikiklis ir lankelyje esanti komforto zona.","robots":{"index":"index","follow":"follow","max-snippet":"max-snippet:-1","max-image-preview":"max-image-preview:large","max-video-preview":"max-video-preview:-1"},"canonical":"https:\/\/topdiamonds.online\/lv\/papuosalas\/klasikinis-suzadetuviu-ziedas-su-deimantu-princess-0-70-ct\/","og_locale":"lv_LV","og_type":"article","og_title":"Klasikinis su\u017ead\u0117tuvi\u0173 \u017eiedas su deimantu PRINCESS (0.70 ct)","og_description":"\u0160is klasikinis su\u017ead\u0117tuvi\u0173 \u017eiedas su deimantu \u2013 tai am\u017eina elegancija. Patog\u0173 ne\u0161iojim\u0105 u\u017etikrina tvirtas laikiklis ir lankelyje esanti komforto zona.","og_url":"https:\/\/topdiamonds.online\/lv\/papuosalas\/klasikinis-suzadetuviu-ziedas-su-deimantu-princess-0-70-ct\/","og_site_name":"Topdiamonds Online","article_modified_time":"2025-08-14T07:17:32+00:00","og_image":[{"width":800,"height":800,"url":"https:\/\/topdiamonds.online\/wp-content\/uploads\/2025\/06\/TDO-1035-klasikinis-suzadetuviu-ziedas-su-deimantu-princess-cut-1.jpg","type":"image\/jpeg"}],"twitter_card":"summary_large_image","twitter_misc":{"Est. reading time":"2 minutes"},"schema":{"@context":"https:\/\/schema.org","@graph":[{"@type":"WebPage","@id":"https:\/\/topdiamonds.online\/lv\/papuosalas\/klasikinis-suzadetuviu-ziedas-su-deimantu-princess-0-70-ct\/","url":"https:\/\/topdiamonds.online\/lv\/papuosalas\/klasikinis-suzadetuviu-ziedas-su-deimantu-princess-0-70-ct\/","name":"Klasikinis su\u017ead\u0117tuvi\u0173 \u017eiedas su deimantu PRINCESS (0.70 ct)","isPartOf":{"@id":"https:\/\/topdiamonds.online\/lv\/#website"},"primaryImageOfPage":{"@id":"https:\/\/topdiamonds.online\/lv\/papuosalas\/klasikinis-suzadetuviu-ziedas-su-deimantu-princess-0-70-ct\/#primaryimage"},"image":{"@id":"https:\/\/topdiamonds.online\/lv\/papuosalas\/klasikinis-suzadetuviu-ziedas-su-deimantu-princess-0-70-ct\/#primaryimage"},"thumbnailUrl":"https:\/\/topdiamonds.online\/wp-content\/uploads\/2025\/06\/TDO-1035-klasikinis-suzadetuviu-ziedas-su-deimantu-princess-cut-1.jpg","datePublished":"2025-07-07T09:42:48+00:00","dateModified":"2025-08-14T07:17:32+00:00","description":"\u0160is klasikinis su\u017ead\u0117tuvi\u0173 \u017eiedas su deimantu \u2013 tai am\u017eina elegancija. Patog\u0173 ne\u0161iojim\u0105 u\u017etikrina tvirtas laikiklis ir lankelyje esanti komforto zona.","breadcrumb":{"@id":"https:\/\/topdiamonds.online\/lv\/papuosalas\/klasikinis-suzadetuviu-ziedas-su-deimantu-princess-0-70-ct\/#breadcrumb"},"inLanguage":"lv-LV","potentialAction":[{"@type":"ReadAction","target":["https:\/\/topdiamonds.online\/lv\/papuosalas\/klasikinis-suzadetuviu-ziedas-su-deimantu-princess-0-70-ct\/"]}]},{"@type":"ImageObject","inLanguage":"lv-LV","@id":"https:\/\/topdiamonds.online\/lv\/papuosalas\/klasikinis-suzadetuviu-ziedas-su-deimantu-princess-0-70-ct\/#primaryimage","url":"https:\/\/topdiamonds.online\/wp-content\/uploads\/2025\/06\/TDO-1035-klasikinis-suzadetuviu-ziedas-su-deimantu-princess-cut-1.jpg","contentUrl":"https:\/\/topdiamonds.online\/wp-content\/uploads\/2025\/06\/TDO-1035-klasikinis-suzadetuviu-ziedas-su-deimantu-princess-cut-1.jpg","width":800,"height":800,"caption":"Klasikinis su\u017ead\u0117tuvi\u0173 \u017eiedas su deimantu i\u0161 balto aukso arba platinos - princess cut"},{"@type":"BreadcrumbList","@id":"https:\/\/topdiamonds.online\/lv\/papuosalas\/klasikinis-suzadetuviu-ziedas-su-deimantu-princess-0-70-ct\/#breadcrumb","itemListElement":[{"@type":"ListItem","position":1,"name":"Home","item":"https:\/\/topdiamonds.online\/lv\/"},{"@type":"ListItem","position":2,"name":"Shop","item":"https:\/\/topdiamonds.online\/shop-2\/"},{"@type":"ListItem","position":3,"name":"KLASIKINIS SU\u017dAD\u0116TUVI\u0172 \u017dIEDAS SU DEIMANTU PRINCESS (0.70 ct)"}]},{"@type":"WebSite","@id":"https:\/\/topdiamonds.online\/lv\/#website","url":"https:\/\/topdiamonds.online\/lv\/","name":"Topdiamonds Online","description":"Juvelyrikos namai","publisher":{"@id":"https:\/\/topdiamonds.online\/lv\/#organization"},"potentialAction":[{"@type":"SearchAction","target":{"@type":"EntryPoint","urlTemplate":"https:\/\/topdiamonds.online\/lv\/?s={search_term_string}"},"query-input":{"@type":"PropertyValueSpecification","valueRequired":true,"valueName":"search_term_string"}}],"inLanguage":"lv-LV"},{"@type":"Organization","@id":"https:\/\/topdiamonds.online\/lv\/#organization","name":"Topdiamonds Online","url":"https:\/\/topdiamonds.online\/lv\/","logo":{"@type":"ImageObject","inLanguage":"lv-LV","@id":"https:\/\/topdiamonds.online\/lv\/#\/schema\/logo\/image\/","url":"https:\/\/topdiamonds.online\/wp-content\/uploads\/2025\/03\/cropped-logo.png","contentUrl":"https:\/\/topdiamonds.online\/wp-content\/uploads\/2025\/03\/cropped-logo.png","width":690,"height":126,"caption":"Topdiamonds Online"},"image":{"@id":"https:\/\/topdiamonds.online\/lv\/#\/schema\/logo\/image\/"}}]}},"_links":{"self":[{"href":"https:\/\/topdiamonds.online\/lv\/wp-json\/wp\/v2\/product\/21972","targetHints":{"allow":["GET"]}}],"collection":[{"href":"https:\/\/topdiamonds.online\/lv\/wp-json\/wp\/v2\/product"}],"about":[{"href":"https:\/\/topdiamonds.online\/lv\/wp-json\/wp\/v2\/types\/product"}],"version-history":[{"count":0,"href":"https:\/\/topdiamonds.online\/lv\/wp-json\/wp\/v2\/product\/21972\/revisions"}],"wp:featuredmedia":[{"embeddable":true,"href":"https:\/\/topdiamonds.online\/lv\/wp-json\/wp\/v2\/media\/19556"}],"wp:attachment":[{"href":"https:\/\/topdiamonds.online\/lv\/wp-json\/wp\/v2\/media?parent=21972"}],"wp:term":[{"taxonomy":"product_brand","embeddable":true,"href":"https:\/\/topdiamonds.online\/lv\/wp-json\/wp\/v2\/product_brand?post=21972"},{"taxonomy":"product_cat","embeddable":true,"href":"https:\/\/topdiamonds.online\/lv\/wp-json\/wp\/v2\/product_cat?post=21972"},{"taxonomy":"product_tag","embeddable":true,"href":"https:\/\/topdiamonds.online\/lv\/wp-json\/wp\/v2\/product_tag?post=21972"}],"curies":[{"name":"wp","href":"https:\/\/api.w.org\/{rel}","templated":true}]}}