{"id":20584,"date":"2025-06-16T15:37:13","date_gmt":"2025-06-16T15:37:13","guid":{"rendered":"https:\/\/topdiamonds.online\/?post_type=product&#038;p=20584"},"modified":"2025-06-18T10:04:25","modified_gmt":"2025-06-18T10:04:25","slug":"pakabukas-su-deimantu-cushion-marquise-deimantas","status":"publish","type":"product","link":"https:\/\/topdiamonds.online\/lv\/papuosalas\/pakabukas-su-deimantu-cushion-marquise-deimantas\/","title":{"rendered":"Pakabukas su deimantu &#8211; MARQUISE DEIMANTAS"},"content":{"rendered":"<p>Pakabukas su deimantu \u2013 tai i\u0161skirtin\u0117 klasikos interpretacija. D\u0117l pailgos, smail\u0117jan\u010dios formos \u0161is <em>Marquise<\/em> pj\u016bvio deimantas vizualiai plonina ir ilgina siluet\u0105, suteikdamas ne tik \u0161viesos, bet ir grak\u0161tumo poj\u016bt\u012f. Galima rinktis tarp minimalistinio klasikinio modelio arba papildomo spindesio sukurian\u010dios Halo juostel\u0117s \u2013 tai priklauso nuo karun\u0117l\u0117s pasirinkimo. Markiz\u0117s forma \u2013 subtili, bet \u012fsimintina, tod\u0117l \u0161is pakabukas tampa i\u0161rai\u0161kingu kasdieniu ar \u0161ventiniu akcentu.<br \/>\nPagaminta laikantis auk\u0161\u010diausi\u0173 juvelyrikos gamybos standart\u0173.<\/p>\n<p>\u2022 <a href=\"https:\/\/topdiamonds.online\/pakabuko-aukso-svoris\/\" target=\"_blank\" rel=\"noopener\"><strong>Pakabuko aukso svoris<\/strong><\/a>: apie 1.20 g<br \/>\n\u2022 <a href=\"https:\/\/topdiamonds.online\/graviravimas\/\" target=\"_blank\" rel=\"noopener\"><strong>Graviravimas<\/strong><\/a> nemokamai<br \/>\n\u2022 Vienkartin\u0117 nemokama <a href=\"https:\/\/topdiamonds.online\/grandineles-ilgio-keitimo-garantija\/\" target=\"_blank\" rel=\"noopener\"><strong>grandin\u0117l\u0117s ilgio keitimo garantija<\/strong><\/a><\/p>\n<p><span data-sheets-root=\"1\">Turite savo brangakmen\u012f, ar auks\u0105? Perskai\u010diuosime kain\u0105 ir mok\u0117site tik u\u017e pakabuko gamyb\u0105. O gal norite keisti deimanto charakteristikas pagal savo pageidavimus? <strong><a href=\"https:\/\/topdiamonds.online\/kontaktai\/\" target=\"_blank\" rel=\"noopener\">Susisiekite<\/a><\/strong>!<br \/>\nAtraskite plat\u0173 juvelyrikos su deimantais pasirinkim\u0105, atitinkant\u012f \u012fvairius skonius ir biud\u017eetus. Suksikurk ir personalizuok savo papuo\u0161al\u0105 su <a href=\"https:\/\/topdiamonds.online\/\" target=\"_blank\" rel=\"noopener\">TopDiamonds.Online<\/a>.<\/span><\/p>\n","protected":false},"excerpt":{"rendered":"<p>Pakabukas su deimantu \u2013 tai i\u0161skirtin\u0117 klasikos interpretacija. D\u0117l pailgos, smail\u0117jan\u010dios formos \u0161is Marquise pj\u016bvio deimantas vizualiai plonina ir ilgina [&hellip;]<\/p>\n","protected":false},"featured_media":20599,"template":"","meta":{"site-sidebar-layout":"default","site-content-layout":"","ast-site-content-layout":"default","site-content-style":"default","site-sidebar-style":"default","ast-global-header-display":"","ast-banner-title-visibility":"","ast-main-header-display":"","ast-hfb-above-header-display":"","ast-hfb-below-header-display":"","ast-hfb-mobile-header-display":"","site-post-title":"","ast-breadcrumbs-content":"","ast-featured-img":"","footer-sml-layout":"","theme-transparent-header-meta":"default","adv-header-id-meta":"","stick-header-meta":"","header-above-stick-meta":"","header-main-stick-meta":"","header-below-stick-meta":"","astra-migrate-meta-layouts":"set","ast-page-background-enabled":"default","ast-page-background-meta":{"desktop":{"background-color":"var(--ast-global-color-4)","background-image":"","background-repeat":"repeat","background-position":"center center","background-size":"auto","background-attachment":"scroll","background-type":"","background-media":"","overlay-type":"","overlay-color":"","overlay-opacity":"","overlay-gradient":""},"tablet":{"background-color":"","background-image":"","background-repeat":"repeat","background-position":"center center","background-size":"auto","background-attachment":"scroll","background-type":"","background-media":"","overlay-type":"","overlay-color":"","overlay-opacity":"","overlay-gradient":""},"mobile":{"background-color":"","background-image":"","background-repeat":"repeat","background-position":"center center","background-size":"auto","background-attachment":"scroll","background-type":"","background-media":"","overlay-type":"","overlay-color":"","overlay-opacity":"","overlay-gradient":""}},"ast-content-background-meta":{"desktop":{"background-color":"var(--ast-global-color-5)","background-image":"","background-repeat":"repeat","background-position":"center center","background-size":"auto","background-attachment":"scroll","background-type":"","background-media":"","overlay-type":"","overlay-color":"","overlay-opacity":"","overlay-gradient":""},"tablet":{"background-color":"var(--ast-global-color-5)","background-image":"","background-repeat":"repeat","background-position":"center center","background-size":"auto","background-attachment":"scroll","background-type":"","background-media":"","overlay-type":"","overlay-color":"","overlay-opacity":"","overlay-gradient":""},"mobile":{"background-color":"var(--ast-global-color-5)","background-image":"","background-repeat":"repeat","background-position":"center center","background-size":"auto","background-attachment":"scroll","background-type":"","background-media":"","overlay-type":"","overlay-color":"","overlay-opacity":"","overlay-gradient":""}}},"product_brand":[],"product_cat":[144,40],"product_tag":[],"class_list":{"0":"post-20584","1":"product","2":"type-product","3":"status-publish","4":"has-post-thumbnail","6":"product_cat-susikurk-pats-pakabukai","7":"product_cat-susikurk-savo-papuosala-pats","8":"desktop-align-center","9":"tablet-align-left","10":"mobile-align-left","11":"ast-product-gallery-layout-horizontal-slider","12":"ast-product-single-variable","13":"ast-product-tabs-layout-accordion","14":"ast-qv-on-image","16":"first","17":"instock","18":"sold-individually","19":"taxable","20":"shipping-taxable","21":"purchasable","22":"product-type-variable","23":"has-default-attributes"},"yoast_head":"<!-- This site is optimized with the Yoast SEO plugin v26.6 - https:\/\/yoast.com\/wordpress\/plugins\/seo\/ -->\n<title>Pakabukas su deimantu - MARQUISE DEIMANTAS<\/title>\n<meta name=\"description\" content=\"I\u0161skirtinio dizaino pakabukas su deimantu \u2013 rinkis klasikin\u012f model\u012f arba karun\u0117l\u0119 su Halo juostele ir atrask savo marquise deimanto spindes\u012f.\" \/>\n<meta name=\"robots\" content=\"index, follow, max-snippet:-1, max-image-preview:large, max-video-preview:-1\" \/>\n<link rel=\"canonical\" href=\"https:\/\/topdiamonds.online\/lv\/papuosalas\/pakabukas-su-deimantu-cushion-marquise-deimantas\/\" \/>\n<meta property=\"og:locale\" content=\"lv_LV\" \/>\n<meta property=\"og:type\" content=\"article\" \/>\n<meta property=\"og:title\" content=\"Pakabukas su deimantu - MARQUISE DEIMANTAS\" \/>\n<meta property=\"og:description\" content=\"I\u0161skirtinio dizaino pakabukas su deimantu \u2013 rinkis klasikin\u012f model\u012f arba karun\u0117l\u0119 su Halo juostele ir atrask savo marquise deimanto spindes\u012f.\" \/>\n<meta property=\"og:url\" content=\"https:\/\/topdiamonds.online\/lv\/papuosalas\/pakabukas-su-deimantu-cushion-marquise-deimantas\/\" \/>\n<meta property=\"og:site_name\" content=\"Topdiamonds Online\" \/>\n<meta property=\"article:modified_time\" content=\"2025-06-18T10:04:25+00:00\" \/>\n<meta property=\"og:image\" content=\"https:\/\/topdiamonds.online\/wp-content\/uploads\/2025\/06\/1.jpg\" \/>\n\t<meta property=\"og:image:width\" content=\"800\" \/>\n\t<meta property=\"og:image:height\" content=\"800\" \/>\n\t<meta property=\"og:image:type\" content=\"image\/jpeg\" \/>\n<meta name=\"twitter:card\" content=\"summary_large_image\" \/>\n<meta name=\"twitter:label1\" content=\"Est. reading time\" \/>\n\t<meta name=\"twitter:data1\" content=\"1 minute\" \/>\n<script type=\"application\/ld+json\" class=\"yoast-schema-graph\">{\"@context\":\"https:\/\/schema.org\",\"@graph\":[{\"@type\":\"WebPage\",\"@id\":\"https:\/\/topdiamonds.online\/lv\/papuosalas\/pakabukas-su-deimantu-cushion-marquise-deimantas\/\",\"url\":\"https:\/\/topdiamonds.online\/lv\/papuosalas\/pakabukas-su-deimantu-cushion-marquise-deimantas\/\",\"name\":\"Pakabukas su deimantu - MARQUISE DEIMANTAS\",\"isPartOf\":{\"@id\":\"https:\/\/topdiamonds.online\/lv\/#website\"},\"primaryImageOfPage\":{\"@id\":\"https:\/\/topdiamonds.online\/lv\/papuosalas\/pakabukas-su-deimantu-cushion-marquise-deimantas\/#primaryimage\"},\"image\":{\"@id\":\"https:\/\/topdiamonds.online\/lv\/papuosalas\/pakabukas-su-deimantu-cushion-marquise-deimantas\/#primaryimage\"},\"thumbnailUrl\":\"https:\/\/topdiamonds.online\/wp-content\/uploads\/2025\/06\/1.jpg\",\"datePublished\":\"2025-06-16T15:37:13+00:00\",\"dateModified\":\"2025-06-18T10:04:25+00:00\",\"description\":\"I\u0161skirtinio dizaino pakabukas su deimantu \u2013 rinkis klasikin\u012f model\u012f arba karun\u0117l\u0119 su Halo juostele ir atrask savo marquise deimanto spindes\u012f.\",\"breadcrumb\":{\"@id\":\"https:\/\/topdiamonds.online\/lv\/papuosalas\/pakabukas-su-deimantu-cushion-marquise-deimantas\/#breadcrumb\"},\"inLanguage\":\"lv-LV\",\"potentialAction\":[{\"@type\":\"ReadAction\",\"target\":[\"https:\/\/topdiamonds.online\/lv\/papuosalas\/pakabukas-su-deimantu-cushion-marquise-deimantas\/\"]}]},{\"@type\":\"ImageObject\",\"inLanguage\":\"lv-LV\",\"@id\":\"https:\/\/topdiamonds.online\/lv\/papuosalas\/pakabukas-su-deimantu-cushion-marquise-deimantas\/#primaryimage\",\"url\":\"https:\/\/topdiamonds.online\/wp-content\/uploads\/2025\/06\/1.jpg\",\"contentUrl\":\"https:\/\/topdiamonds.online\/wp-content\/uploads\/2025\/06\/1.jpg\",\"width\":800,\"height\":800,\"caption\":\"Klasikinis pakabukas su markiz\u0117s formos deimantu i\u0161 balto aukso arba platinos - Marquise cut\"},{\"@type\":\"BreadcrumbList\",\"@id\":\"https:\/\/topdiamonds.online\/lv\/papuosalas\/pakabukas-su-deimantu-cushion-marquise-deimantas\/#breadcrumb\",\"itemListElement\":[{\"@type\":\"ListItem\",\"position\":1,\"name\":\"Home\",\"item\":\"https:\/\/topdiamonds.online\/lv\/\"},{\"@type\":\"ListItem\",\"position\":2,\"name\":\"Shop\",\"item\":\"https:\/\/topdiamonds.online\/shop-2\/\"},{\"@type\":\"ListItem\",\"position\":3,\"name\":\"Pakabukas su deimantu &#8211; MARQUISE DEIMANTAS\"}]},{\"@type\":\"WebSite\",\"@id\":\"https:\/\/topdiamonds.online\/lv\/#website\",\"url\":\"https:\/\/topdiamonds.online\/lv\/\",\"name\":\"Topdiamonds Online\",\"description\":\"Juvelyrikos namai\",\"publisher\":{\"@id\":\"https:\/\/topdiamonds.online\/lv\/#organization\"},\"potentialAction\":[{\"@type\":\"SearchAction\",\"target\":{\"@type\":\"EntryPoint\",\"urlTemplate\":\"https:\/\/topdiamonds.online\/lv\/?s={search_term_string}\"},\"query-input\":{\"@type\":\"PropertyValueSpecification\",\"valueRequired\":true,\"valueName\":\"search_term_string\"}}],\"inLanguage\":\"lv-LV\"},{\"@type\":\"Organization\",\"@id\":\"https:\/\/topdiamonds.online\/lv\/#organization\",\"name\":\"Topdiamonds Online\",\"url\":\"https:\/\/topdiamonds.online\/lv\/\",\"logo\":{\"@type\":\"ImageObject\",\"inLanguage\":\"lv-LV\",\"@id\":\"https:\/\/topdiamonds.online\/lv\/#\/schema\/logo\/image\/\",\"url\":\"https:\/\/topdiamonds.online\/wp-content\/uploads\/2025\/03\/cropped-logo.png\",\"contentUrl\":\"https:\/\/topdiamonds.online\/wp-content\/uploads\/2025\/03\/cropped-logo.png\",\"width\":690,\"height\":126,\"caption\":\"Topdiamonds Online\"},\"image\":{\"@id\":\"https:\/\/topdiamonds.online\/lv\/#\/schema\/logo\/image\/\"}}]}<\/script>\n<!-- \/ Yoast SEO plugin. -->","yoast_head_json":{"title":"Pakabukas su deimantu - MARQUISE DEIMANTAS","description":"I\u0161skirtinio dizaino pakabukas su deimantu \u2013 rinkis klasikin\u012f model\u012f arba karun\u0117l\u0119 su Halo juostele ir atrask savo marquise deimanto spindes\u012f.","robots":{"index":"index","follow":"follow","max-snippet":"max-snippet:-1","max-image-preview":"max-image-preview:large","max-video-preview":"max-video-preview:-1"},"canonical":"https:\/\/topdiamonds.online\/lv\/papuosalas\/pakabukas-su-deimantu-cushion-marquise-deimantas\/","og_locale":"lv_LV","og_type":"article","og_title":"Pakabukas su deimantu - MARQUISE DEIMANTAS","og_description":"I\u0161skirtinio dizaino pakabukas su deimantu \u2013 rinkis klasikin\u012f model\u012f arba karun\u0117l\u0119 su Halo juostele ir atrask savo marquise deimanto spindes\u012f.","og_url":"https:\/\/topdiamonds.online\/lv\/papuosalas\/pakabukas-su-deimantu-cushion-marquise-deimantas\/","og_site_name":"Topdiamonds Online","article_modified_time":"2025-06-18T10:04:25+00:00","og_image":[{"width":800,"height":800,"url":"https:\/\/topdiamonds.online\/wp-content\/uploads\/2025\/06\/1.jpg","type":"image\/jpeg"}],"twitter_card":"summary_large_image","twitter_misc":{"Est. reading time":"1 minute"},"schema":{"@context":"https:\/\/schema.org","@graph":[{"@type":"WebPage","@id":"https:\/\/topdiamonds.online\/lv\/papuosalas\/pakabukas-su-deimantu-cushion-marquise-deimantas\/","url":"https:\/\/topdiamonds.online\/lv\/papuosalas\/pakabukas-su-deimantu-cushion-marquise-deimantas\/","name":"Pakabukas su deimantu - MARQUISE DEIMANTAS","isPartOf":{"@id":"https:\/\/topdiamonds.online\/lv\/#website"},"primaryImageOfPage":{"@id":"https:\/\/topdiamonds.online\/lv\/papuosalas\/pakabukas-su-deimantu-cushion-marquise-deimantas\/#primaryimage"},"image":{"@id":"https:\/\/topdiamonds.online\/lv\/papuosalas\/pakabukas-su-deimantu-cushion-marquise-deimantas\/#primaryimage"},"thumbnailUrl":"https:\/\/topdiamonds.online\/wp-content\/uploads\/2025\/06\/1.jpg","datePublished":"2025-06-16T15:37:13+00:00","dateModified":"2025-06-18T10:04:25+00:00","description":"I\u0161skirtinio dizaino pakabukas su deimantu \u2013 rinkis klasikin\u012f model\u012f arba karun\u0117l\u0119 su Halo juostele ir atrask savo marquise deimanto spindes\u012f.","breadcrumb":{"@id":"https:\/\/topdiamonds.online\/lv\/papuosalas\/pakabukas-su-deimantu-cushion-marquise-deimantas\/#breadcrumb"},"inLanguage":"lv-LV","potentialAction":[{"@type":"ReadAction","target":["https:\/\/topdiamonds.online\/lv\/papuosalas\/pakabukas-su-deimantu-cushion-marquise-deimantas\/"]}]},{"@type":"ImageObject","inLanguage":"lv-LV","@id":"https:\/\/topdiamonds.online\/lv\/papuosalas\/pakabukas-su-deimantu-cushion-marquise-deimantas\/#primaryimage","url":"https:\/\/topdiamonds.online\/wp-content\/uploads\/2025\/06\/1.jpg","contentUrl":"https:\/\/topdiamonds.online\/wp-content\/uploads\/2025\/06\/1.jpg","width":800,"height":800,"caption":"Klasikinis pakabukas su markiz\u0117s formos deimantu i\u0161 balto aukso arba platinos - Marquise cut"},{"@type":"BreadcrumbList","@id":"https:\/\/topdiamonds.online\/lv\/papuosalas\/pakabukas-su-deimantu-cushion-marquise-deimantas\/#breadcrumb","itemListElement":[{"@type":"ListItem","position":1,"name":"Home","item":"https:\/\/topdiamonds.online\/lv\/"},{"@type":"ListItem","position":2,"name":"Shop","item":"https:\/\/topdiamonds.online\/shop-2\/"},{"@type":"ListItem","position":3,"name":"Pakabukas su deimantu &#8211; MARQUISE DEIMANTAS"}]},{"@type":"WebSite","@id":"https:\/\/topdiamonds.online\/lv\/#website","url":"https:\/\/topdiamonds.online\/lv\/","name":"Topdiamonds Online","description":"Juvelyrikos namai","publisher":{"@id":"https:\/\/topdiamonds.online\/lv\/#organization"},"potentialAction":[{"@type":"SearchAction","target":{"@type":"EntryPoint","urlTemplate":"https:\/\/topdiamonds.online\/lv\/?s={search_term_string}"},"query-input":{"@type":"PropertyValueSpecification","valueRequired":true,"valueName":"search_term_string"}}],"inLanguage":"lv-LV"},{"@type":"Organization","@id":"https:\/\/topdiamonds.online\/lv\/#organization","name":"Topdiamonds Online","url":"https:\/\/topdiamonds.online\/lv\/","logo":{"@type":"ImageObject","inLanguage":"lv-LV","@id":"https:\/\/topdiamonds.online\/lv\/#\/schema\/logo\/image\/","url":"https:\/\/topdiamonds.online\/wp-content\/uploads\/2025\/03\/cropped-logo.png","contentUrl":"https:\/\/topdiamonds.online\/wp-content\/uploads\/2025\/03\/cropped-logo.png","width":690,"height":126,"caption":"Topdiamonds Online"},"image":{"@id":"https:\/\/topdiamonds.online\/lv\/#\/schema\/logo\/image\/"}}]}},"_links":{"self":[{"href":"https:\/\/topdiamonds.online\/lv\/wp-json\/wp\/v2\/product\/20584","targetHints":{"allow":["GET"]}}],"collection":[{"href":"https:\/\/topdiamonds.online\/lv\/wp-json\/wp\/v2\/product"}],"about":[{"href":"https:\/\/topdiamonds.online\/lv\/wp-json\/wp\/v2\/types\/product"}],"version-history":[{"count":0,"href":"https:\/\/topdiamonds.online\/lv\/wp-json\/wp\/v2\/product\/20584\/revisions"}],"wp:featuredmedia":[{"embeddable":true,"href":"https:\/\/topdiamonds.online\/lv\/wp-json\/wp\/v2\/media\/20599"}],"wp:attachment":[{"href":"https:\/\/topdiamonds.online\/lv\/wp-json\/wp\/v2\/media?parent=20584"}],"wp:term":[{"taxonomy":"product_brand","embeddable":true,"href":"https:\/\/topdiamonds.online\/lv\/wp-json\/wp\/v2\/product_brand?post=20584"},{"taxonomy":"product_cat","embeddable":true,"href":"https:\/\/topdiamonds.online\/lv\/wp-json\/wp\/v2\/product_cat?post=20584"},{"taxonomy":"product_tag","embeddable":true,"href":"https:\/\/topdiamonds.online\/lv\/wp-json\/wp\/v2\/product_tag?post=20584"}],"curies":[{"name":"wp","href":"https:\/\/api.w.org\/{rel}","templated":true}]}}