{"id":15888,"date":"2025-06-02T14:27:56","date_gmt":"2025-06-02T14:27:56","guid":{"rendered":"https:\/\/topdiamonds.online\/?post_type=product&#038;p=15888"},"modified":"2025-06-02T14:30:55","modified_gmt":"2025-06-02T14:30:55","slug":"papuosalo-gamyba-pagal-individualu-projekta","status":"publish","type":"product","link":"https:\/\/topdiamonds.online\/lv\/papuosalas\/papuosalo-gamyba-pagal-individualu-projekta\/","title":{"rendered":"Papuo\u0161alo gamyba pagal individual\u0173 projekt\u0105"},"content":{"rendered":"<div class=\"elementor-element elementor-element-10e2271 elementor-widget elementor-widget-woocommerce-product-short-description\" data-id=\"10e2271\" data-element_type=\"widget\" data-widget_type=\"woocommerce-product-short-description.default\">\n<div class=\"elementor-widget-container\">\n<div class=\"woocommerce-product-details__short-description\">\n<p><strong data-start=\"1692\" data-end=\"1715\">K\u0105 galite u\u017esakyti?<\/strong><\/p>\n<p>&#8211; \u017died\u0105 su j\u016bs\u0173 id\u0117ja<br \/>\n&#8211; Pakabuk\u0105 su simboline reik\u0161me<br \/>\n&#8211; Auskarus, pritaikytus j\u016bs\u0173 stiliui<br \/>\n&#8211; Grandin\u0117l\u0119, kurios n\u0117ra niekur kitur<br \/>\n&#8211; Ar net transformuoti sen\u0105 papuo\u0161al\u0105 \u012f nauj\u0105<\/p>\n<\/div>\n<div class=\"woocommerce-product-details__short-description\">\n<p>&nbsp;<\/p>\n<p><strong style=\"font-size: 16px;\">Visos kainos orientacin\u0117s. <\/strong><span style=\"font-size: 16px;\">\u0160ioje prek\u0117je rodoma kaina yra be med\u017eiag\u0173\u00a0\u2013 tiksli kaina nustatoma po ap\u017ei\u016bros ar konsultacijos.<\/span><\/p>\n<\/div>\n<\/div>\n<\/div>\n<div class=\"elementor-element elementor-element-5fc13b1 elementor-widget elementor-widget-woocommerce-product-content\" data-id=\"5fc13b1\" data-element_type=\"widget\" data-widget_type=\"woocommerce-product-content.default\">\n<div class=\"elementor-widget-container\">\n<p>Galima\u00a0<strong>gamyba i\u0161 kliento turimo aukso<\/strong>\u00a0\u2013 mokama tik u\u017e darb\u0105 ir papildomas med\u017eiagas (pvz.: deimantus, brangakmenius).<\/p>\n<p><strong><br \/>\n<em>\u012e GAMYBOS KAIN\u0104 \u012eSKAI\u010cIUOTA:<\/em><\/strong><\/p>\n<p>\u2022\u00a0<strong><a href=\"https:\/\/topdiamonds.online\/sertifikatai\/\" target=\"_blank\" rel=\"noopener\">Sertifikatai<\/a><\/strong>\u00a0(priklausomai nuo u\u017esakymo):<\/p>\n<p>Laboratorijoje u\u017eauginti deimantais: IGI sertifikatas.<br \/>\nNat\u016bral\u016bs deimantai: GIA sertifikatas.<br \/>\nLietuvos Prabavimo R\u016bmai (LPR)<\/p>\n<p>\u2022\u00a0<a href=\"https:\/\/topdiamonds.online\/graviravimas\/\" target=\"_blank\" rel=\"noopener\"><strong>Graviravimas<\/strong><\/a>\u00a0nemokamai<\/p>\n<p>\u2022 Vienkartin\u0117 <strong>nemokama<\/strong> dyd\u017eio keitimo garantija<\/p>\n<p>\u2022\u00a0<a href=\"https:\/\/topdiamonds.online\/pristatymas-ir-grazinimas\/\" target=\"_blank\" rel=\"noopener\"><strong>Gamybos ir pristatymo terminas<\/strong><\/a>: 3\u20136 savait\u0117s.<\/p>\n<p>&nbsp;<\/p>\n<p><strong><em>\u012e GAMYBOS KAIN\u0104 N\u0116RA \u012eSKAI\u010cIUOTA:<\/em><\/strong><\/p>\n<p>\u2022 Juvelyrikos<strong>\u00a0metalai<\/strong>: 14K (585 prabos), 18K (750 prabos), 900 platina<\/p>\n<p>\u2022 Juvelyrikos<strong>\u00a0dydis ir svoris<\/strong>: (priklauso nuo dyd\u017eio ir prabos)<\/p>\n<p>\u2022 Spalva: <strong><a href=\"https:\/\/topdiamonds.online\/rodziavimas\/\" target=\"_blank\" rel=\"noopener\">rod\u017eio padengimas<\/a><\/strong><\/p>\n<p>\u2022\u00a0<strong><a href=\"https:\/\/topdiamonds.online\/deimanto-forma\/\" target=\"_blank\" rel=\"noopener\">Deimant\u0173 formos<\/a><\/strong>: n\u0117ra (galima keisti)<\/p>\n<p>\u2022\u00a0<strong><a href=\"https:\/\/topdiamonds.online\/deimantu-tipai-ir-charakteristikos\/\" target=\"_blank\" rel=\"noopener\">Deimant\u0173 tipai ir charakteristikos<\/a><\/strong>: n\u0117ra (galima keisti)<\/p>\n<p>&nbsp;<\/p>\n<p data-start=\"242\" data-end=\"464\">Turite auksini\u0173 papuo\u0161al\u0173, kuri\u0173 jau seniai nene\u0161iojate? Suteikite jiems antr\u0105 gyvenim\u0105. Jeigu j\u016bs\u0173 turimas auksas yra brangus \u0161eimos palikimas ar relikvija, kupina prisiminim\u0173, m\u016bs\u0173 juvelyras su pagarba j\u012f pavers j\u016bs\u0173 u\u017esakytu juvelyrikos dirbiniu, vertu naujos istorijos. Juvelyrik\u0105 galima pagaminti i\u0161 j\u016bs\u0173 turimo aukso arba naudoti m\u016bs\u0173 tauriuosius metalus \u2013 o j\u016bs\u0173 turim\u0105 kiek\u012f \u012fskaitysime pagal svor\u012f. <a href=\"https:\/\/topdiamonds.online\/kontaktai\/\" target=\"_blank\" rel=\"noopener\"><strong>Susisiekite su mumis<\/strong><\/a> \u2013 i\u0161klausysime j\u016bs\u0173 norus ir paskai\u010diuosime kain\u0105, mok\u0117site tik u\u017e gamyb\u0105.<\/p>\n<\/div>\n<\/div>\n","protected":false},"excerpt":{"rendered":"<p data-start=\"478\" data-end=\"758\">Yra papuo\u0161alai, kuriuos pasirenkame. Ir yra tie, kurie kuriami i\u0161 m\u016bs\u0173 istorij\u0173, jausm\u0173 ir asmenini\u0173 simboli\u0173. Papuo\u0161alo gamyba pagal individual\u0173 projekt\u0105 \u2013 tai paslauga tiems, kurie ie\u0161ko ne masin\u0117s gamybos, o i\u0161skirtinio k\u016brinio, skirto tik jiems arba ypatingai dovanai. Tai bendras procesas, kuriame j\u016bs tampate ne tik u\u017esakovais, bet ir bendraautoriais. Galite atsine\u0161ti id\u0117j\u0105, eskiz\u0105, nuotrauk\u0105, ar net tik \u017eod\u017eiais nupasakot\u0105 vizij\u0105. Juvelyras pad\u0117s j\u0105 perkelti \u012f realyb\u0119 \u2013 formoje, spalvoje ir med\u017eiagose.<br \/>\nJuvelyras dira su aukso, sidabro, platinos, deimant\u0173 ir kit\u0173 brangakmeni\u0173 deriniais. Galima naudoti ir j\u016bs\u0173 turim\u0105 metal\u0105, jei jis turi asmenin\u0119 ar \u0161eimos reik\u0161m\u0119. Taip sukuriamas ne tik papuo\u0161alas, bet ir emocin\u0117 vertyb\u0117, kuri\u0105 norisi perduoti toliau. Kiekvienas projektas \u2013 unikalus. Gali b\u016bti minimalistinis ar i\u0161skirtinis, su \u0161iuolaikiniu akcentu ar \u012fkv\u0117ptas senosios juvelyrikos. Tikslas \u2013 kad papuo\u0161alas atitikt\u0173 ne tendencijas, o <strong data-start=\"1436\" data-end=\"1482\">j\u016bs\u0173 asmenyb\u0119, istorij\u0105 ir nor\u0105 i\u0161siskirti<\/strong>.<\/p>\n","protected":false},"featured_media":15889,"template":"","meta":{"site-sidebar-layout":"default","site-content-layout":"","ast-site-content-layout":"default","site-content-style":"default","site-sidebar-style":"default","ast-global-header-display":"","ast-banner-title-visibility":"","ast-main-header-display":"","ast-hfb-above-header-display":"","ast-hfb-below-header-display":"","ast-hfb-mobile-header-display":"","site-post-title":"","ast-breadcrumbs-content":"","ast-featured-img":"","footer-sml-layout":"","theme-transparent-header-meta":"default","adv-header-id-meta":"","stick-header-meta":"","header-above-stick-meta":"","header-main-stick-meta":"","header-below-stick-meta":"","astra-migrate-meta-layouts":"set","ast-page-background-enabled":"default","ast-page-background-meta":{"desktop":{"background-color":"var(--ast-global-color-4)","background-image":"","background-repeat":"repeat","background-position":"center center","background-size":"auto","background-attachment":"scroll","background-type":"","background-media":"","overlay-type":"","overlay-color":"","overlay-opacity":"","overlay-gradient":""},"tablet":{"background-color":"","background-image":"","background-repeat":"repeat","background-position":"center center","background-size":"auto","background-attachment":"scroll","background-type":"","background-media":"","overlay-type":"","overlay-color":"","overlay-opacity":"","overlay-gradient":""},"mobile":{"background-color":"","background-image":"","background-repeat":"repeat","background-position":"center center","background-size":"auto","background-attachment":"scroll","background-type":"","background-media":"","overlay-type":"","overlay-color":"","overlay-opacity":"","overlay-gradient":""}},"ast-content-background-meta":{"desktop":{"background-color":"var(--ast-global-color-5)","background-image":"","background-repeat":"repeat","background-position":"center center","background-size":"auto","background-attachment":"scroll","background-type":"","background-media":"","overlay-type":"","overlay-color":"","overlay-opacity":"","overlay-gradient":""},"tablet":{"background-color":"var(--ast-global-color-5)","background-image":"","background-repeat":"repeat","background-position":"center center","background-size":"auto","background-attachment":"scroll","background-type":"","background-media":"","overlay-type":"","overlay-color":"","overlay-opacity":"","overlay-gradient":""},"mobile":{"background-color":"var(--ast-global-color-5)","background-image":"","background-repeat":"repeat","background-position":"center center","background-size":"auto","background-attachment":"scroll","background-type":"","background-media":"","overlay-type":"","overlay-color":"","overlay-opacity":"","overlay-gradient":""}}},"product_brand":[],"product_cat":[134],"product_tag":[],"class_list":{"0":"post-15888","1":"product","2":"type-product","3":"status-publish","4":"has-post-thumbnail","6":"product_cat-juvelyras","7":"desktop-align-center","8":"tablet-align-left","9":"mobile-align-left","10":"ast-product-gallery-layout-horizontal-slider","11":"ast-product-gallery-with-no-image","12":"ast-product-tabs-layout-accordion","13":"ast-qv-on-image","15":"first","16":"instock","17":"taxable","18":"shipping-taxable","19":"purchasable","20":"product-type-simple"},"yoast_head":"<!-- This site is optimized with the Yoast SEO plugin v26.6 - https:\/\/yoast.com\/wordpress\/plugins\/seo\/ -->\n<title>Juvelyras - Papuo\u0161alo gamyba pagal individual\u0173 projekt\u0105<\/title>\n<meta name=\"description\" content=\"Papuo\u0161alo gamyba pagal individual\u0173 projekt\u0105 \u2013 sukurkite unikal\u0173 juvelyrin\u012f dirbin\u012f pagal savo id\u0117j\u0105. Asmeni\u0161ka, prasminga, i\u0161skirtin\u0117 meistryst\u0117.\" \/>\n<meta name=\"robots\" content=\"index, follow, max-snippet:-1, max-image-preview:large, max-video-preview:-1\" \/>\n<link rel=\"canonical\" href=\"https:\/\/topdiamonds.online\/lv\/papuosalas\/papuosalo-gamyba-pagal-individualu-projekta\/\" \/>\n<meta property=\"og:locale\" content=\"lv_LV\" \/>\n<meta property=\"og:type\" content=\"article\" \/>\n<meta property=\"og:title\" content=\"Juvelyras - Papuo\u0161alo gamyba pagal individual\u0173 projekt\u0105\" \/>\n<meta property=\"og:description\" content=\"Papuo\u0161alo gamyba pagal individual\u0173 projekt\u0105 \u2013 sukurkite unikal\u0173 juvelyrin\u012f dirbin\u012f pagal savo id\u0117j\u0105. Asmeni\u0161ka, prasminga, i\u0161skirtin\u0117 meistryst\u0117.\" \/>\n<meta property=\"og:url\" content=\"https:\/\/topdiamonds.online\/lv\/papuosalas\/papuosalo-gamyba-pagal-individualu-projekta\/\" \/>\n<meta property=\"og:site_name\" content=\"Topdiamonds Online\" \/>\n<meta property=\"article:modified_time\" content=\"2025-06-02T14:30:55+00:00\" \/>\n<meta property=\"og:image\" content=\"https:\/\/topdiamonds.online\/wp-content\/uploads\/2025\/06\/Papuosalo-gamyba-pagal-individualu-projekta.png\" \/>\n\t<meta property=\"og:image:width\" content=\"800\" \/>\n\t<meta property=\"og:image:height\" content=\"800\" \/>\n\t<meta property=\"og:image:type\" content=\"image\/png\" \/>\n<meta name=\"twitter:card\" content=\"summary_large_image\" \/>\n<meta name=\"twitter:label1\" content=\"Est. reading time\" \/>\n\t<meta name=\"twitter:data1\" content=\"2 minutes\" \/>\n<script type=\"application\/ld+json\" class=\"yoast-schema-graph\">{\"@context\":\"https:\/\/schema.org\",\"@graph\":[{\"@type\":\"WebPage\",\"@id\":\"https:\/\/topdiamonds.online\/lv\/papuosalas\/papuosalo-gamyba-pagal-individualu-projekta\/\",\"url\":\"https:\/\/topdiamonds.online\/lv\/papuosalas\/papuosalo-gamyba-pagal-individualu-projekta\/\",\"name\":\"Juvelyras - Papuo\u0161alo gamyba pagal individual\u0173 projekt\u0105\",\"isPartOf\":{\"@id\":\"https:\/\/topdiamonds.online\/lv\/#website\"},\"primaryImageOfPage\":{\"@id\":\"https:\/\/topdiamonds.online\/lv\/papuosalas\/papuosalo-gamyba-pagal-individualu-projekta\/#primaryimage\"},\"image\":{\"@id\":\"https:\/\/topdiamonds.online\/lv\/papuosalas\/papuosalo-gamyba-pagal-individualu-projekta\/#primaryimage\"},\"thumbnailUrl\":\"https:\/\/topdiamonds.online\/wp-content\/uploads\/2025\/06\/Papuosalo-gamyba-pagal-individualu-projekta.png\",\"datePublished\":\"2025-06-02T14:27:56+00:00\",\"dateModified\":\"2025-06-02T14:30:55+00:00\",\"description\":\"Papuo\u0161alo gamyba pagal individual\u0173 projekt\u0105 \u2013 sukurkite unikal\u0173 juvelyrin\u012f dirbin\u012f pagal savo id\u0117j\u0105. Asmeni\u0161ka, prasminga, i\u0161skirtin\u0117 meistryst\u0117.\",\"breadcrumb\":{\"@id\":\"https:\/\/topdiamonds.online\/lv\/papuosalas\/papuosalo-gamyba-pagal-individualu-projekta\/#breadcrumb\"},\"inLanguage\":\"lv-LV\",\"potentialAction\":[{\"@type\":\"ReadAction\",\"target\":[\"https:\/\/topdiamonds.online\/lv\/papuosalas\/papuosalo-gamyba-pagal-individualu-projekta\/\"]}]},{\"@type\":\"ImageObject\",\"inLanguage\":\"lv-LV\",\"@id\":\"https:\/\/topdiamonds.online\/lv\/papuosalas\/papuosalo-gamyba-pagal-individualu-projekta\/#primaryimage\",\"url\":\"https:\/\/topdiamonds.online\/wp-content\/uploads\/2025\/06\/Papuosalo-gamyba-pagal-individualu-projekta.png\",\"contentUrl\":\"https:\/\/topdiamonds.online\/wp-content\/uploads\/2025\/06\/Papuosalo-gamyba-pagal-individualu-projekta.png\",\"width\":800,\"height\":800,\"caption\":\"Papuo\u0161alo gamyba pagal individual\u0173 projekt\u0105 - juvelyro paslauga\"},{\"@type\":\"BreadcrumbList\",\"@id\":\"https:\/\/topdiamonds.online\/lv\/papuosalas\/papuosalo-gamyba-pagal-individualu-projekta\/#breadcrumb\",\"itemListElement\":[{\"@type\":\"ListItem\",\"position\":1,\"name\":\"Home\",\"item\":\"https:\/\/topdiamonds.online\/lv\/\"},{\"@type\":\"ListItem\",\"position\":2,\"name\":\"Shop\",\"item\":\"https:\/\/topdiamonds.online\/shop-2\/\"},{\"@type\":\"ListItem\",\"position\":3,\"name\":\"Papuo\u0161alo gamyba pagal individual\u0173 projekt\u0105\"}]},{\"@type\":\"WebSite\",\"@id\":\"https:\/\/topdiamonds.online\/lv\/#website\",\"url\":\"https:\/\/topdiamonds.online\/lv\/\",\"name\":\"Topdiamonds Online\",\"description\":\"Juvelyrikos namai\",\"publisher\":{\"@id\":\"https:\/\/topdiamonds.online\/lv\/#organization\"},\"potentialAction\":[{\"@type\":\"SearchAction\",\"target\":{\"@type\":\"EntryPoint\",\"urlTemplate\":\"https:\/\/topdiamonds.online\/lv\/?s={search_term_string}\"},\"query-input\":{\"@type\":\"PropertyValueSpecification\",\"valueRequired\":true,\"valueName\":\"search_term_string\"}}],\"inLanguage\":\"lv-LV\"},{\"@type\":\"Organization\",\"@id\":\"https:\/\/topdiamonds.online\/lv\/#organization\",\"name\":\"Topdiamonds Online\",\"url\":\"https:\/\/topdiamonds.online\/lv\/\",\"logo\":{\"@type\":\"ImageObject\",\"inLanguage\":\"lv-LV\",\"@id\":\"https:\/\/topdiamonds.online\/lv\/#\/schema\/logo\/image\/\",\"url\":\"https:\/\/topdiamonds.online\/wp-content\/uploads\/2025\/03\/cropped-logo.png\",\"contentUrl\":\"https:\/\/topdiamonds.online\/wp-content\/uploads\/2025\/03\/cropped-logo.png\",\"width\":690,\"height\":126,\"caption\":\"Topdiamonds Online\"},\"image\":{\"@id\":\"https:\/\/topdiamonds.online\/lv\/#\/schema\/logo\/image\/\"}}]}<\/script>\n<!-- \/ Yoast SEO plugin. -->","yoast_head_json":{"title":"Juvelyras - Papuo\u0161alo gamyba pagal individual\u0173 projekt\u0105","description":"Papuo\u0161alo gamyba pagal individual\u0173 projekt\u0105 \u2013 sukurkite unikal\u0173 juvelyrin\u012f dirbin\u012f pagal savo id\u0117j\u0105. Asmeni\u0161ka, prasminga, i\u0161skirtin\u0117 meistryst\u0117.","robots":{"index":"index","follow":"follow","max-snippet":"max-snippet:-1","max-image-preview":"max-image-preview:large","max-video-preview":"max-video-preview:-1"},"canonical":"https:\/\/topdiamonds.online\/lv\/papuosalas\/papuosalo-gamyba-pagal-individualu-projekta\/","og_locale":"lv_LV","og_type":"article","og_title":"Juvelyras - Papuo\u0161alo gamyba pagal individual\u0173 projekt\u0105","og_description":"Papuo\u0161alo gamyba pagal individual\u0173 projekt\u0105 \u2013 sukurkite unikal\u0173 juvelyrin\u012f dirbin\u012f pagal savo id\u0117j\u0105. Asmeni\u0161ka, prasminga, i\u0161skirtin\u0117 meistryst\u0117.","og_url":"https:\/\/topdiamonds.online\/lv\/papuosalas\/papuosalo-gamyba-pagal-individualu-projekta\/","og_site_name":"Topdiamonds Online","article_modified_time":"2025-06-02T14:30:55+00:00","og_image":[{"width":800,"height":800,"url":"https:\/\/topdiamonds.online\/wp-content\/uploads\/2025\/06\/Papuosalo-gamyba-pagal-individualu-projekta.png","type":"image\/png"}],"twitter_card":"summary_large_image","twitter_misc":{"Est. reading time":"2 minutes"},"schema":{"@context":"https:\/\/schema.org","@graph":[{"@type":"WebPage","@id":"https:\/\/topdiamonds.online\/lv\/papuosalas\/papuosalo-gamyba-pagal-individualu-projekta\/","url":"https:\/\/topdiamonds.online\/lv\/papuosalas\/papuosalo-gamyba-pagal-individualu-projekta\/","name":"Juvelyras - Papuo\u0161alo gamyba pagal individual\u0173 projekt\u0105","isPartOf":{"@id":"https:\/\/topdiamonds.online\/lv\/#website"},"primaryImageOfPage":{"@id":"https:\/\/topdiamonds.online\/lv\/papuosalas\/papuosalo-gamyba-pagal-individualu-projekta\/#primaryimage"},"image":{"@id":"https:\/\/topdiamonds.online\/lv\/papuosalas\/papuosalo-gamyba-pagal-individualu-projekta\/#primaryimage"},"thumbnailUrl":"https:\/\/topdiamonds.online\/wp-content\/uploads\/2025\/06\/Papuosalo-gamyba-pagal-individualu-projekta.png","datePublished":"2025-06-02T14:27:56+00:00","dateModified":"2025-06-02T14:30:55+00:00","description":"Papuo\u0161alo gamyba pagal individual\u0173 projekt\u0105 \u2013 sukurkite unikal\u0173 juvelyrin\u012f dirbin\u012f pagal savo id\u0117j\u0105. Asmeni\u0161ka, prasminga, i\u0161skirtin\u0117 meistryst\u0117.","breadcrumb":{"@id":"https:\/\/topdiamonds.online\/lv\/papuosalas\/papuosalo-gamyba-pagal-individualu-projekta\/#breadcrumb"},"inLanguage":"lv-LV","potentialAction":[{"@type":"ReadAction","target":["https:\/\/topdiamonds.online\/lv\/papuosalas\/papuosalo-gamyba-pagal-individualu-projekta\/"]}]},{"@type":"ImageObject","inLanguage":"lv-LV","@id":"https:\/\/topdiamonds.online\/lv\/papuosalas\/papuosalo-gamyba-pagal-individualu-projekta\/#primaryimage","url":"https:\/\/topdiamonds.online\/wp-content\/uploads\/2025\/06\/Papuosalo-gamyba-pagal-individualu-projekta.png","contentUrl":"https:\/\/topdiamonds.online\/wp-content\/uploads\/2025\/06\/Papuosalo-gamyba-pagal-individualu-projekta.png","width":800,"height":800,"caption":"Papuo\u0161alo gamyba pagal individual\u0173 projekt\u0105 - juvelyro paslauga"},{"@type":"BreadcrumbList","@id":"https:\/\/topdiamonds.online\/lv\/papuosalas\/papuosalo-gamyba-pagal-individualu-projekta\/#breadcrumb","itemListElement":[{"@type":"ListItem","position":1,"name":"Home","item":"https:\/\/topdiamonds.online\/lv\/"},{"@type":"ListItem","position":2,"name":"Shop","item":"https:\/\/topdiamonds.online\/shop-2\/"},{"@type":"ListItem","position":3,"name":"Papuo\u0161alo gamyba pagal individual\u0173 projekt\u0105"}]},{"@type":"WebSite","@id":"https:\/\/topdiamonds.online\/lv\/#website","url":"https:\/\/topdiamonds.online\/lv\/","name":"Topdiamonds Online","description":"Juvelyrikos namai","publisher":{"@id":"https:\/\/topdiamonds.online\/lv\/#organization"},"potentialAction":[{"@type":"SearchAction","target":{"@type":"EntryPoint","urlTemplate":"https:\/\/topdiamonds.online\/lv\/?s={search_term_string}"},"query-input":{"@type":"PropertyValueSpecification","valueRequired":true,"valueName":"search_term_string"}}],"inLanguage":"lv-LV"},{"@type":"Organization","@id":"https:\/\/topdiamonds.online\/lv\/#organization","name":"Topdiamonds Online","url":"https:\/\/topdiamonds.online\/lv\/","logo":{"@type":"ImageObject","inLanguage":"lv-LV","@id":"https:\/\/topdiamonds.online\/lv\/#\/schema\/logo\/image\/","url":"https:\/\/topdiamonds.online\/wp-content\/uploads\/2025\/03\/cropped-logo.png","contentUrl":"https:\/\/topdiamonds.online\/wp-content\/uploads\/2025\/03\/cropped-logo.png","width":690,"height":126,"caption":"Topdiamonds Online"},"image":{"@id":"https:\/\/topdiamonds.online\/lv\/#\/schema\/logo\/image\/"}}]}},"_links":{"self":[{"href":"https:\/\/topdiamonds.online\/lv\/wp-json\/wp\/v2\/product\/15888","targetHints":{"allow":["GET"]}}],"collection":[{"href":"https:\/\/topdiamonds.online\/lv\/wp-json\/wp\/v2\/product"}],"about":[{"href":"https:\/\/topdiamonds.online\/lv\/wp-json\/wp\/v2\/types\/product"}],"version-history":[{"count":0,"href":"https:\/\/topdiamonds.online\/lv\/wp-json\/wp\/v2\/product\/15888\/revisions"}],"wp:featuredmedia":[{"embeddable":true,"href":"https:\/\/topdiamonds.online\/lv\/wp-json\/wp\/v2\/media\/15889"}],"wp:attachment":[{"href":"https:\/\/topdiamonds.online\/lv\/wp-json\/wp\/v2\/media?parent=15888"}],"wp:term":[{"taxonomy":"product_brand","embeddable":true,"href":"https:\/\/topdiamonds.online\/lv\/wp-json\/wp\/v2\/product_brand?post=15888"},{"taxonomy":"product_cat","embeddable":true,"href":"https:\/\/topdiamonds.online\/lv\/wp-json\/wp\/v2\/product_cat?post=15888"},{"taxonomy":"product_tag","embeddable":true,"href":"https:\/\/topdiamonds.online\/lv\/wp-json\/wp\/v2\/product_tag?post=15888"}],"curies":[{"name":"wp","href":"https:\/\/api.w.org\/{rel}","templated":true}]}}