{"id":13575,"date":"2025-05-22T10:33:47","date_gmt":"2025-05-22T10:33:47","guid":{"rendered":"https:\/\/topdiamonds.online\/?post_type=product&#038;p=13575"},"modified":"2025-08-14T09:04:52","modified_gmt":"2025-08-14T09:04:52","slug":"vestuvinis-ziedas-su-deimantais-deimantine-juostele-150-ct","status":"publish","type":"product","link":"https:\/\/topdiamonds.online\/lv\/papuosalas\/vestuvinis-ziedas-su-deimantais-deimantine-juostele-150-ct\/","title":{"rendered":"VESTUVINIS \u017dIEDAS SU DEIMANTAIS &#8211; DEIMANTIN\u0116 JUOSTEL\u0116 (1.50 ct)"},"content":{"rendered":"<p><span data-sheets-root=\"1\">\u0160is \u017eiedas gali b\u016bti pagamintas i\u0161 skirting\u0173 aukso spalv\u0173 \u2013 prisitaikant prie kiekvieno individualaus stiliaus ir poreiki\u0173. Nesvarbu, ar ie\u0161kai klasikinio varianto, ar modernesnio sprendimo \u2013 \u0161is dizainas kalba pats u\u017e save. Minimalistinis, bet kartu spindintis \u017eavesiu \u2013 tai idealus pasirinkimas tiems, kurie nori i\u0161reik\u0161ti savo \u012fsipareigojim\u0105 su stiliumi.<br \/>\n<\/span><span data-sheets-root=\"1\">Pagaminta laikantis auk\u0161\u010diausi\u0173 juvelyrikos gamybos standart\u0173. \u017diedas gali b\u016bti pagamintas pagal u\u017esakym\u0105: u\u017e papildom\u0105 mokest\u012f su auk\u0161tesn\u0117s kokyb\u0117s deimantais.<br \/>\n<\/span><\/p>\n<p><span data-sheets-root=\"1\"><br \/>\n\u2022 <strong><a href=\"https:\/\/topdiamonds.online\/ziedo-metalai\/\" target=\"_blank\" rel=\"noopener\">\u017diedo metalai<\/a>:<\/strong> 14K (585 prabos), 18K (750 prabos), 900 platina<br \/>\n\u2022 <strong><a href=\"https:\/\/topdiamonds.online\/ziedo-aukso-spalva\/\" target=\"_blank\" rel=\"noopener\">\u017diedo aukso spalva<\/a>:<\/strong> baltas, raudonas, geltonas<br \/>\n\u2022 <strong><a href=\"https:\/\/topdiamonds.online\/ziedo-svoris\/\" target=\"_blank\" rel=\"noopener\">\u017diedo svoris<\/a>:<\/strong> (priklauso nuo dyd\u017eio): apie 2.00 &#8211; 3.00 g<br \/>\n\u2022 <strong><a href=\"https:\/\/topdiamonds.online\/ziedo-matmenys\/\" target=\"_blank\" rel=\"noopener\">\u017diedo kar\u016bn\u0117l\u0117s plotis<\/a><\/strong>:\u00a0individualiam akmenukui apie 2.5 mm<br \/>\n\u2022 <strong><a href=\"https:\/\/topdiamonds.online\/ziedo-komforto-zona\/\" target=\"_blank\" rel=\"noopener\">\u017diedo komforto zona<\/a>:<\/strong> yra<br \/>\n\u2022 <a href=\"https:\/\/topdiamonds.online\/deimanto-forma\/\" target=\"_blank\" rel=\"noopener\"><strong>Deimant\u0173 forma<\/strong><\/a>: Apvali forma (<em>Round cut<\/em>)<br \/>\n\u2022 <strong><a href=\"https:\/\/topdiamonds.online\/deimantu-tipai\/\" target=\"_blank\" rel=\"noopener\">Deimant\u0173 tipai<\/a>:<\/strong> Laboratorijoje u\u017eauginti deimantai arba natural\u016bs deimantai<br \/>\n\u2022 <strong><a href=\"https:\/\/topdiamonds.online\/deimanto-svoris-ir-charakteristika\/\" target=\"_blank\" rel=\"noopener\">Deimant\u0173 svoris ir charakteristika<\/a><\/strong> (galima keisti):<br \/>\n<\/span><span data-sheets-root=\"1\">Laboratorijoje u\u017eauginti deimantai: 0.05 \u2013 0.06 ct deimantai (spalva D-E, \u0161varumas VVS) (galima keisti)<br \/>\nNatural\u016bs deimantai: 0.05 \u2013 0.06 ct deimantai (spalva G-I, \u0161varumas SI) (galima keisti)<br \/>\nBendras deimant\u0173 svoris: apie 1.50 ct (priklauso nuo \u017eiedo dyd\u017eio)<br \/>\n\u2022 <a href=\"https:\/\/topdiamonds.online\/graviravimas\/\" target=\"_blank\" rel=\"noopener\"><strong>Graviravimas<\/strong><\/a> nemokamai<br \/>\n\u2022 Vienkartin\u0117 nemokama <strong><a href=\"https:\/\/topdiamonds.online\/ziedo-dydzio-keitimo-garantija\/\" target=\"_blank\" rel=\"noopener\">\u017eiedo dyd\u017eio keitimo garantija<\/a><\/strong><br \/>\n\u2022 <strong><a href=\"https:\/\/topdiamonds.online\/pristatymas-ir-grazinimas\/\" target=\"_blank\" rel=\"noopener\">Gamybos ir pristatymo terminas<\/a>:<\/strong> nuo 14 darbo dien\u0173, skubos tvarka per 7 d.d.<br \/>\n<\/span><\/p>\n<p><span data-sheets-root=\"1\">\u00a0<\/span><\/p>\n<p>Turite savo brangakmen\u012f, ar auks\u0105? Perskai\u010diuosime kain\u0105 ir mok\u0117site tik u\u017e \u017eiedo gamyb\u0105. O gal norite keisti deimanto charakteristik\u0105 pagal savo pageidavimus? <strong><a href=\"https:\/\/topdiamonds.online\/kontaktai\/\" target=\"_blank\" rel=\"noopener\">Susisiekite<\/a><\/strong>!<br \/>\nAtraskite plat\u0173 juvelyrikos su deimantais pasirinkim\u0105, atitinkant\u012f \u012fvairius skonius ir biud\u017eetus. Suksikurk ir personalizuok savo papuo\u0161al\u0105 su <a href=\"https:\/\/topdiamonds.online\/\" target=\"_blank\" rel=\"noopener\">TopDiamonds.Online<\/a>.<\/p>\n","protected":false},"excerpt":{"rendered":"<p><span data-sheets-root=\"1\">Eleganti\u0161kas vestuvinis \u017eiedas su deimantais \u2013 prabanga ir am\u017einyb\u0117 viename. Subtili, vis\u0105 \u017eied\u0105 juosianti briliantin\u0117 juostel\u0117 sukuria spindes\u012f, kuris nepalieka abejing\u0173. Kiekvienas <em>Round <\/em>pj\u016bvio deimantas yra kruop\u0161\u010diai \u012fstatytas, kad \u017eiedas atrodyt\u0173 nepriekai\u0161tingai i\u0161 vis\u0173 kamp\u0173 \u2013 lyg nuolatinis priminimas apie meil\u0117s gro\u017e\u012f ir ilgaam\u017ei\u0161kum\u0105.<\/span><\/p>\n","protected":false},"featured_media":13576,"template":"","meta":{"site-sidebar-layout":"default","site-content-layout":"","ast-site-content-layout":"default","site-content-style":"default","site-sidebar-style":"default","ast-global-header-display":"","ast-banner-title-visibility":"","ast-main-header-display":"","ast-hfb-above-header-display":"","ast-hfb-below-header-display":"","ast-hfb-mobile-header-display":"","site-post-title":"","ast-breadcrumbs-content":"","ast-featured-img":"","footer-sml-layout":"","theme-transparent-header-meta":"default","adv-header-id-meta":"","stick-header-meta":"","header-above-stick-meta":"","header-main-stick-meta":"","header-below-stick-meta":"","astra-migrate-meta-layouts":"set","ast-page-background-enabled":"default","ast-page-background-meta":{"desktop":{"background-color":"var(--ast-global-color-4)","background-image":"","background-repeat":"repeat","background-position":"center center","background-size":"auto","background-attachment":"scroll","background-type":"","background-media":"","overlay-type":"","overlay-color":"","overlay-opacity":"","overlay-gradient":""},"tablet":{"background-color":"","background-image":"","background-repeat":"repeat","background-position":"center center","background-size":"auto","background-attachment":"scroll","background-type":"","background-media":"","overlay-type":"","overlay-color":"","overlay-opacity":"","overlay-gradient":""},"mobile":{"background-color":"","background-image":"","background-repeat":"repeat","background-position":"center center","background-size":"auto","background-attachment":"scroll","background-type":"","background-media":"","overlay-type":"","overlay-color":"","overlay-opacity":"","overlay-gradient":""}},"ast-content-background-meta":{"desktop":{"background-color":"var(--ast-global-color-5)","background-image":"","background-repeat":"repeat","background-position":"center center","background-size":"auto","background-attachment":"scroll","background-type":"","background-media":"","overlay-type":"","overlay-color":"","overlay-opacity":"","overlay-gradient":""},"tablet":{"background-color":"var(--ast-global-color-5)","background-image":"","background-repeat":"repeat","background-position":"center center","background-size":"auto","background-attachment":"scroll","background-type":"","background-media":"","overlay-type":"","overlay-color":"","overlay-opacity":"","overlay-gradient":""},"mobile":{"background-color":"var(--ast-global-color-5)","background-image":"","background-repeat":"repeat","background-position":"center center","background-size":"auto","background-attachment":"scroll","background-type":"","background-media":"","overlay-type":"","overlay-color":"","overlay-opacity":"","overlay-gradient":""}}},"product_brand":[],"product_cat":[66,135,63,72,71,65],"product_tag":[],"class_list":{"0":"post-13575","1":"product","2":"type-product","3":"status-publish","4":"has-post-thumbnail","6":"product_cat-deimantines-juosteles","7":"product_cat-dovanu-idejos","8":"product_cat-juvelyrika","9":"product_cat-juvelyrika-moterims","10":"product_cat-juvelyrika-vyrams","11":"product_cat-vestuviniai-ziedai","12":"desktop-align-center","13":"tablet-align-left","14":"mobile-align-left","15":"ast-product-gallery-layout-horizontal-slider","16":"ast-product-single-variable","17":"ast-product-tabs-layout-accordion","18":"ast-qv-on-image","20":"first","21":"instock","22":"taxable","23":"shipping-taxable","24":"purchasable","25":"product-type-variable"},"yoast_head":"<!-- This site is optimized with the Yoast SEO plugin v26.6 - https:\/\/yoast.com\/wordpress\/plugins\/seo\/ -->\n<title>Vestuvinis \u017eiedas su deimantais - deimantin\u0117 juostel\u0117 (1.50 ct)<\/title>\n<meta name=\"description\" content=\"I\u0161skirtinis vestuvinis \u017eiedas su deimantais \u2013 prabangi 1.50 ct deimantin\u0117 juostel\u0117. Atraskite \u0161i stiling\u0105 ir spindint\u012f am\u017einos meil\u0117s pa\u017ead\u0105.\" \/>\n<meta name=\"robots\" content=\"index, follow, max-snippet:-1, max-image-preview:large, max-video-preview:-1\" \/>\n<link rel=\"canonical\" href=\"https:\/\/topdiamonds.online\/lv\/papuosalas\/vestuvinis-ziedas-su-deimantais-deimantine-juostele-150-ct\/\" \/>\n<meta property=\"og:locale\" content=\"lv_LV\" \/>\n<meta property=\"og:type\" content=\"article\" \/>\n<meta property=\"og:title\" content=\"Vestuvinis \u017eiedas su deimantais - deimantin\u0117 juostel\u0117 (1.50 ct)\" \/>\n<meta property=\"og:description\" content=\"I\u0161skirtinis vestuvinis \u017eiedas su deimantais \u2013 prabangi 1.50 ct deimantin\u0117 juostel\u0117. Atraskite \u0161i stiling\u0105 ir spindint\u012f am\u017einos meil\u0117s pa\u017ead\u0105.\" \/>\n<meta property=\"og:url\" content=\"https:\/\/topdiamonds.online\/lv\/papuosalas\/vestuvinis-ziedas-su-deimantais-deimantine-juostele-150-ct\/\" \/>\n<meta property=\"og:site_name\" content=\"Topdiamonds Online\" \/>\n<meta property=\"article:modified_time\" content=\"2025-08-14T09:04:52+00:00\" \/>\n<meta property=\"og:image\" content=\"https:\/\/topdiamonds.online\/wp-content\/uploads\/2025\/05\/vestuvinis-ziedas-deimantine-juostele-round-TDO1003-1.png\" \/>\n\t<meta property=\"og:image:width\" content=\"800\" \/>\n\t<meta property=\"og:image:height\" content=\"800\" \/>\n\t<meta property=\"og:image:type\" content=\"image\/png\" \/>\n<meta name=\"twitter:card\" content=\"summary_large_image\" \/>\n<meta name=\"twitter:label1\" content=\"Est. reading time\" \/>\n\t<meta name=\"twitter:data1\" content=\"2 minutes\" \/>\n<script type=\"application\/ld+json\" class=\"yoast-schema-graph\">{\"@context\":\"https:\/\/schema.org\",\"@graph\":[{\"@type\":\"WebPage\",\"@id\":\"https:\/\/topdiamonds.online\/lv\/papuosalas\/vestuvinis-ziedas-su-deimantais-deimantine-juostele-150-ct\/\",\"url\":\"https:\/\/topdiamonds.online\/lv\/papuosalas\/vestuvinis-ziedas-su-deimantais-deimantine-juostele-150-ct\/\",\"name\":\"Vestuvinis \u017eiedas su deimantais - deimantin\u0117 juostel\u0117 (1.50 ct)\",\"isPartOf\":{\"@id\":\"https:\/\/topdiamonds.online\/lv\/#website\"},\"primaryImageOfPage\":{\"@id\":\"https:\/\/topdiamonds.online\/lv\/papuosalas\/vestuvinis-ziedas-su-deimantais-deimantine-juostele-150-ct\/#primaryimage\"},\"image\":{\"@id\":\"https:\/\/topdiamonds.online\/lv\/papuosalas\/vestuvinis-ziedas-su-deimantais-deimantine-juostele-150-ct\/#primaryimage\"},\"thumbnailUrl\":\"https:\/\/topdiamonds.online\/wp-content\/uploads\/2025\/05\/vestuvinis-ziedas-deimantine-juostele-round-TDO1003-1.png\",\"datePublished\":\"2025-05-22T10:33:47+00:00\",\"dateModified\":\"2025-08-14T09:04:52+00:00\",\"description\":\"I\u0161skirtinis vestuvinis \u017eiedas su deimantais \u2013 prabangi 1.50 ct deimantin\u0117 juostel\u0117. Atraskite \u0161i stiling\u0105 ir spindint\u012f am\u017einos meil\u0117s pa\u017ead\u0105.\",\"breadcrumb\":{\"@id\":\"https:\/\/topdiamonds.online\/lv\/papuosalas\/vestuvinis-ziedas-su-deimantais-deimantine-juostele-150-ct\/#breadcrumb\"},\"inLanguage\":\"lv-LV\",\"potentialAction\":[{\"@type\":\"ReadAction\",\"target\":[\"https:\/\/topdiamonds.online\/lv\/papuosalas\/vestuvinis-ziedas-su-deimantais-deimantine-juostele-150-ct\/\"]}]},{\"@type\":\"ImageObject\",\"inLanguage\":\"lv-LV\",\"@id\":\"https:\/\/topdiamonds.online\/lv\/papuosalas\/vestuvinis-ziedas-su-deimantais-deimantine-juostele-150-ct\/#primaryimage\",\"url\":\"https:\/\/topdiamonds.online\/wp-content\/uploads\/2025\/05\/vestuvinis-ziedas-deimantine-juostele-round-TDO1003-1.png\",\"contentUrl\":\"https:\/\/topdiamonds.online\/wp-content\/uploads\/2025\/05\/vestuvinis-ziedas-deimantine-juostele-round-TDO1003-1.png\",\"width\":800,\"height\":800,\"caption\":\"balto aukso vestuvinis \u017eiedas - deimantin\u0117 juostel\u0117 su apvaliais deimantais\"},{\"@type\":\"BreadcrumbList\",\"@id\":\"https:\/\/topdiamonds.online\/lv\/papuosalas\/vestuvinis-ziedas-su-deimantais-deimantine-juostele-150-ct\/#breadcrumb\",\"itemListElement\":[{\"@type\":\"ListItem\",\"position\":1,\"name\":\"Home\",\"item\":\"https:\/\/topdiamonds.online\/lv\/\"},{\"@type\":\"ListItem\",\"position\":2,\"name\":\"Shop\",\"item\":\"https:\/\/topdiamonds.online\/shop-2\/\"},{\"@type\":\"ListItem\",\"position\":3,\"name\":\"VESTUVINIS \u017dIEDAS SU DEIMANTAIS &#8211; DEIMANTIN\u0116 JUOSTEL\u0116 (1.50 ct)\"}]},{\"@type\":\"WebSite\",\"@id\":\"https:\/\/topdiamonds.online\/lv\/#website\",\"url\":\"https:\/\/topdiamonds.online\/lv\/\",\"name\":\"Topdiamonds Online\",\"description\":\"Juvelyrikos namai\",\"publisher\":{\"@id\":\"https:\/\/topdiamonds.online\/lv\/#organization\"},\"potentialAction\":[{\"@type\":\"SearchAction\",\"target\":{\"@type\":\"EntryPoint\",\"urlTemplate\":\"https:\/\/topdiamonds.online\/lv\/?s={search_term_string}\"},\"query-input\":{\"@type\":\"PropertyValueSpecification\",\"valueRequired\":true,\"valueName\":\"search_term_string\"}}],\"inLanguage\":\"lv-LV\"},{\"@type\":\"Organization\",\"@id\":\"https:\/\/topdiamonds.online\/lv\/#organization\",\"name\":\"Topdiamonds Online\",\"url\":\"https:\/\/topdiamonds.online\/lv\/\",\"logo\":{\"@type\":\"ImageObject\",\"inLanguage\":\"lv-LV\",\"@id\":\"https:\/\/topdiamonds.online\/lv\/#\/schema\/logo\/image\/\",\"url\":\"https:\/\/topdiamonds.online\/wp-content\/uploads\/2025\/03\/cropped-logo.png\",\"contentUrl\":\"https:\/\/topdiamonds.online\/wp-content\/uploads\/2025\/03\/cropped-logo.png\",\"width\":690,\"height\":126,\"caption\":\"Topdiamonds Online\"},\"image\":{\"@id\":\"https:\/\/topdiamonds.online\/lv\/#\/schema\/logo\/image\/\"}}]}<\/script>\n<!-- \/ Yoast SEO plugin. -->","yoast_head_json":{"title":"Vestuvinis \u017eiedas su deimantais - deimantin\u0117 juostel\u0117 (1.50 ct)","description":"I\u0161skirtinis vestuvinis \u017eiedas su deimantais \u2013 prabangi 1.50 ct deimantin\u0117 juostel\u0117. Atraskite \u0161i stiling\u0105 ir spindint\u012f am\u017einos meil\u0117s pa\u017ead\u0105.","robots":{"index":"index","follow":"follow","max-snippet":"max-snippet:-1","max-image-preview":"max-image-preview:large","max-video-preview":"max-video-preview:-1"},"canonical":"https:\/\/topdiamonds.online\/lv\/papuosalas\/vestuvinis-ziedas-su-deimantais-deimantine-juostele-150-ct\/","og_locale":"lv_LV","og_type":"article","og_title":"Vestuvinis \u017eiedas su deimantais - deimantin\u0117 juostel\u0117 (1.50 ct)","og_description":"I\u0161skirtinis vestuvinis \u017eiedas su deimantais \u2013 prabangi 1.50 ct deimantin\u0117 juostel\u0117. Atraskite \u0161i stiling\u0105 ir spindint\u012f am\u017einos meil\u0117s pa\u017ead\u0105.","og_url":"https:\/\/topdiamonds.online\/lv\/papuosalas\/vestuvinis-ziedas-su-deimantais-deimantine-juostele-150-ct\/","og_site_name":"Topdiamonds Online","article_modified_time":"2025-08-14T09:04:52+00:00","og_image":[{"width":800,"height":800,"url":"https:\/\/topdiamonds.online\/wp-content\/uploads\/2025\/05\/vestuvinis-ziedas-deimantine-juostele-round-TDO1003-1.png","type":"image\/png"}],"twitter_card":"summary_large_image","twitter_misc":{"Est. reading time":"2 minutes"},"schema":{"@context":"https:\/\/schema.org","@graph":[{"@type":"WebPage","@id":"https:\/\/topdiamonds.online\/lv\/papuosalas\/vestuvinis-ziedas-su-deimantais-deimantine-juostele-150-ct\/","url":"https:\/\/topdiamonds.online\/lv\/papuosalas\/vestuvinis-ziedas-su-deimantais-deimantine-juostele-150-ct\/","name":"Vestuvinis \u017eiedas su deimantais - deimantin\u0117 juostel\u0117 (1.50 ct)","isPartOf":{"@id":"https:\/\/topdiamonds.online\/lv\/#website"},"primaryImageOfPage":{"@id":"https:\/\/topdiamonds.online\/lv\/papuosalas\/vestuvinis-ziedas-su-deimantais-deimantine-juostele-150-ct\/#primaryimage"},"image":{"@id":"https:\/\/topdiamonds.online\/lv\/papuosalas\/vestuvinis-ziedas-su-deimantais-deimantine-juostele-150-ct\/#primaryimage"},"thumbnailUrl":"https:\/\/topdiamonds.online\/wp-content\/uploads\/2025\/05\/vestuvinis-ziedas-deimantine-juostele-round-TDO1003-1.png","datePublished":"2025-05-22T10:33:47+00:00","dateModified":"2025-08-14T09:04:52+00:00","description":"I\u0161skirtinis vestuvinis \u017eiedas su deimantais \u2013 prabangi 1.50 ct deimantin\u0117 juostel\u0117. Atraskite \u0161i stiling\u0105 ir spindint\u012f am\u017einos meil\u0117s pa\u017ead\u0105.","breadcrumb":{"@id":"https:\/\/topdiamonds.online\/lv\/papuosalas\/vestuvinis-ziedas-su-deimantais-deimantine-juostele-150-ct\/#breadcrumb"},"inLanguage":"lv-LV","potentialAction":[{"@type":"ReadAction","target":["https:\/\/topdiamonds.online\/lv\/papuosalas\/vestuvinis-ziedas-su-deimantais-deimantine-juostele-150-ct\/"]}]},{"@type":"ImageObject","inLanguage":"lv-LV","@id":"https:\/\/topdiamonds.online\/lv\/papuosalas\/vestuvinis-ziedas-su-deimantais-deimantine-juostele-150-ct\/#primaryimage","url":"https:\/\/topdiamonds.online\/wp-content\/uploads\/2025\/05\/vestuvinis-ziedas-deimantine-juostele-round-TDO1003-1.png","contentUrl":"https:\/\/topdiamonds.online\/wp-content\/uploads\/2025\/05\/vestuvinis-ziedas-deimantine-juostele-round-TDO1003-1.png","width":800,"height":800,"caption":"balto aukso vestuvinis \u017eiedas - deimantin\u0117 juostel\u0117 su apvaliais deimantais"},{"@type":"BreadcrumbList","@id":"https:\/\/topdiamonds.online\/lv\/papuosalas\/vestuvinis-ziedas-su-deimantais-deimantine-juostele-150-ct\/#breadcrumb","itemListElement":[{"@type":"ListItem","position":1,"name":"Home","item":"https:\/\/topdiamonds.online\/lv\/"},{"@type":"ListItem","position":2,"name":"Shop","item":"https:\/\/topdiamonds.online\/shop-2\/"},{"@type":"ListItem","position":3,"name":"VESTUVINIS \u017dIEDAS SU DEIMANTAIS &#8211; DEIMANTIN\u0116 JUOSTEL\u0116 (1.50 ct)"}]},{"@type":"WebSite","@id":"https:\/\/topdiamonds.online\/lv\/#website","url":"https:\/\/topdiamonds.online\/lv\/","name":"Topdiamonds Online","description":"Juvelyrikos namai","publisher":{"@id":"https:\/\/topdiamonds.online\/lv\/#organization"},"potentialAction":[{"@type":"SearchAction","target":{"@type":"EntryPoint","urlTemplate":"https:\/\/topdiamonds.online\/lv\/?s={search_term_string}"},"query-input":{"@type":"PropertyValueSpecification","valueRequired":true,"valueName":"search_term_string"}}],"inLanguage":"lv-LV"},{"@type":"Organization","@id":"https:\/\/topdiamonds.online\/lv\/#organization","name":"Topdiamonds Online","url":"https:\/\/topdiamonds.online\/lv\/","logo":{"@type":"ImageObject","inLanguage":"lv-LV","@id":"https:\/\/topdiamonds.online\/lv\/#\/schema\/logo\/image\/","url":"https:\/\/topdiamonds.online\/wp-content\/uploads\/2025\/03\/cropped-logo.png","contentUrl":"https:\/\/topdiamonds.online\/wp-content\/uploads\/2025\/03\/cropped-logo.png","width":690,"height":126,"caption":"Topdiamonds Online"},"image":{"@id":"https:\/\/topdiamonds.online\/lv\/#\/schema\/logo\/image\/"}}]}},"_links":{"self":[{"href":"https:\/\/topdiamonds.online\/lv\/wp-json\/wp\/v2\/product\/13575","targetHints":{"allow":["GET"]}}],"collection":[{"href":"https:\/\/topdiamonds.online\/lv\/wp-json\/wp\/v2\/product"}],"about":[{"href":"https:\/\/topdiamonds.online\/lv\/wp-json\/wp\/v2\/types\/product"}],"version-history":[{"count":0,"href":"https:\/\/topdiamonds.online\/lv\/wp-json\/wp\/v2\/product\/13575\/revisions"}],"wp:featuredmedia":[{"embeddable":true,"href":"https:\/\/topdiamonds.online\/lv\/wp-json\/wp\/v2\/media\/13576"}],"wp:attachment":[{"href":"https:\/\/topdiamonds.online\/lv\/wp-json\/wp\/v2\/media?parent=13575"}],"wp:term":[{"taxonomy":"product_brand","embeddable":true,"href":"https:\/\/topdiamonds.online\/lv\/wp-json\/wp\/v2\/product_brand?post=13575"},{"taxonomy":"product_cat","embeddable":true,"href":"https:\/\/topdiamonds.online\/lv\/wp-json\/wp\/v2\/product_cat?post=13575"},{"taxonomy":"product_tag","embeddable":true,"href":"https:\/\/topdiamonds.online\/lv\/wp-json\/wp\/v2\/product_tag?post=13575"}],"curies":[{"name":"wp","href":"https:\/\/api.w.org\/{rel}","templated":true}]}}