{"id":13331,"date":"2025-05-20T14:05:33","date_gmt":"2025-05-20T14:05:33","guid":{"rendered":"https:\/\/topdiamonds.online\/?post_type=product&#038;p=13331"},"modified":"2025-07-18T13:48:25","modified_gmt":"2025-07-18T13:48:25","slug":"ziedas-su-deimantu-round-deimantas","status":"publish","type":"product","link":"https:\/\/topdiamonds.online\/lv\/papuosalas\/ziedas-su-deimantu-round-deimantas\/","title":{"rendered":"\u017diedas su deimantu &#8211; ROUND deimantas"},"content":{"rendered":"<p><span data-sheets-root=\"1\">\u0160is<\/span> klasikinis \u017eiedas su deimantu sukurtas tiems, kurie vertina \u0161var\u0173 gro\u017e\u012f ir i\u0161rai\u0161king\u0105 paprastum\u0105. Jo eleganti\u0161ka, \u017eema kar\u016bn\u0117l\u0117 &#8211; tarsi subtili pakyla, leid\u017eianti deimantui spind\u0117ti savo pilna j\u0117ga. Aukso lankelio linijos \u2013 glotnios, minimalistin\u0117s, kad niekas neatitraukt\u0173 d\u0117mesio nuo <span data-sheets-root=\"1\">b<\/span>rangakmenio. I\u0161sirink metal\u0105 \u2013 gelton\u0105, raudon\u0105, balt\u0105 auks\u0105 ar platin\u0105. <span data-sheets-root=\"1\">Toliau \u2013 tikslus dydis, kuris idealiai priglus prie pir\u0161to. Pagrindinis akcentas \u2013 deimantas: rinkis <em>round<\/em> deimant\u0105, o taip pat \u2013 jo tip\u0105, \u0161varum\u0105, spalv\u0105 ir kitas charakteristikas.<\/span> Leisk kiekvienai detalei atsiskleisti pagal tavo estetin\u0119 vizij\u0105.<\/p>\n<p><span data-sheets-root=\"1\">\u2022 <a href=\"https:\/\/topdiamonds.online\/ziedo-svoris\/\" target=\"_blank\" rel=\"noopener\"><strong>\u017diedo svoris<\/strong>:<\/a> (priklauso nuo dyd\u017eio): apie 2,00 &#8211; 3,00 g<br \/>\n\u2022 <a href=\"https:\/\/topdiamonds.online\/ziedo-komforto-zona\/\" target=\"_blank\" rel=\"noopener\"><strong>\u017diedo komforto zona<\/strong><\/a>: yra<br \/>\n\u2022 <a href=\"https:\/\/topdiamonds.online\/graviravimas\/\" target=\"_blank\" rel=\"noopener\"><strong>Graviravimas<\/strong><\/a> nemokamai<br \/>\n\u2022 Vienkartin\u0117 nemokama <a href=\"https:\/\/topdiamonds.online\/ziedo-dydzio-keitimo-garantija\/\" target=\"_blank\" rel=\"noopener\"><strong>\u017eiedo dyd\u017eio keitimo garantija<\/strong><\/a><\/span><\/p>\n<p><span data-sheets-root=\"1\">Turite savo brangakmen\u012f, ar auks\u0105? <a href=\"https:\/\/topdiamonds.online\/kontaktai\/\" target=\"_blank\" rel=\"noopener\"><strong>Susisiekite<\/strong><\/a> &#8211; perskai\u010diuosime kain\u0105 ir mok\u0117site tik u\u017e \u017eied\u0173 gamyb\u0105.<br \/>\nAtraskite plat\u0173 su\u017ead\u0117tuvi\u0173 \u017eied\u0173 pasirinkim\u0105, atitinkant\u012f \u012fvairius skonius, biud\u017eetus ir personalizacijas su <a href=\"https:\/\/topdiamonds.online\" target=\"_blank\" rel=\"noopener\">TopDiamonds.Online<\/a>.<\/span><\/p>\n","protected":false},"excerpt":{"rendered":"<p>\u0160is klasikinis \u017eiedas su deimantu sukurtas tiems, kurie vertina \u0161var\u0173 gro\u017e\u012f ir i\u0161rai\u0161king\u0105 paprastum\u0105. Jo eleganti\u0161ka, \u017eema kar\u016bn\u0117l\u0117 &#8211; tarsi [&hellip;]<\/p>\n","protected":false},"featured_media":11216,"template":"","meta":{"site-sidebar-layout":"default","site-content-layout":"","ast-site-content-layout":"default","site-content-style":"default","site-sidebar-style":"default","ast-global-header-display":"","ast-banner-title-visibility":"","ast-main-header-display":"","ast-hfb-above-header-display":"","ast-hfb-below-header-display":"","ast-hfb-mobile-header-display":"","site-post-title":"","ast-breadcrumbs-content":"","ast-featured-img":"","footer-sml-layout":"","theme-transparent-header-meta":"default","adv-header-id-meta":"","stick-header-meta":"","header-above-stick-meta":"","header-main-stick-meta":"","header-below-stick-meta":"","astra-migrate-meta-layouts":"set","ast-page-background-enabled":"default","ast-page-background-meta":{"desktop":{"background-color":"var(--ast-global-color-4)","background-image":"","background-repeat":"repeat","background-position":"center center","background-size":"auto","background-attachment":"scroll","background-type":"","background-media":"","overlay-type":"","overlay-color":"","overlay-opacity":"","overlay-gradient":""},"tablet":{"background-color":"","background-image":"","background-repeat":"repeat","background-position":"center center","background-size":"auto","background-attachment":"scroll","background-type":"","background-media":"","overlay-type":"","overlay-color":"","overlay-opacity":"","overlay-gradient":""},"mobile":{"background-color":"","background-image":"","background-repeat":"repeat","background-position":"center center","background-size":"auto","background-attachment":"scroll","background-type":"","background-media":"","overlay-type":"","overlay-color":"","overlay-opacity":"","overlay-gradient":""}},"ast-content-background-meta":{"desktop":{"background-color":"var(--ast-global-color-5)","background-image":"","background-repeat":"repeat","background-position":"center center","background-size":"auto","background-attachment":"scroll","background-type":"","background-media":"","overlay-type":"","overlay-color":"","overlay-opacity":"","overlay-gradient":""},"tablet":{"background-color":"var(--ast-global-color-5)","background-image":"","background-repeat":"repeat","background-position":"center center","background-size":"auto","background-attachment":"scroll","background-type":"","background-media":"","overlay-type":"","overlay-color":"","overlay-opacity":"","overlay-gradient":""},"mobile":{"background-color":"var(--ast-global-color-5)","background-image":"","background-repeat":"repeat","background-position":"center center","background-size":"auto","background-attachment":"scroll","background-type":"","background-media":"","overlay-type":"","overlay-color":"","overlay-opacity":"","overlay-gradient":""}}},"product_brand":[],"product_cat":[104,40],"product_tag":[],"class_list":{"0":"post-13331","1":"product","2":"type-product","3":"status-publish","4":"has-post-thumbnail","6":"product_cat-pradeti-nuo-dizaino","7":"product_cat-susikurk-savo-papuosala-pats","8":"desktop-align-center","9":"tablet-align-left","10":"mobile-align-left","11":"ast-product-gallery-layout-horizontal-slider","12":"ast-product-single-variable","13":"ast-product-tabs-layout-accordion","14":"ast-qv-on-image","16":"first","17":"instock","18":"sold-individually","19":"taxable","20":"shipping-taxable","21":"purchasable","22":"product-type-variable"},"yoast_head":"<!-- This site is optimized with the Yoast SEO plugin v26.6 - https:\/\/yoast.com\/wordpress\/plugins\/seo\/ -->\n<title>\u017diedas su deimantu - ROUND deimantas<\/title>\n<meta name=\"description\" content=\"\u0160is klasikinio dizaino \u017eiedas su deimantu \u2013 tai pradinis ta\u0161kas tavo asmeniniam k\u016briniui. Leisk ROUND deimantui atsiskleisti pagal tavo estetin\u0119 vizij\u0105.\" \/>\n<meta name=\"robots\" content=\"index, follow, max-snippet:-1, max-image-preview:large, max-video-preview:-1\" \/>\n<link rel=\"canonical\" href=\"https:\/\/topdiamonds.online\/lv\/papuosalas\/ziedas-su-deimantu-round-deimantas\/\" \/>\n<meta property=\"og:locale\" content=\"lv_LV\" \/>\n<meta property=\"og:type\" content=\"article\" \/>\n<meta property=\"og:title\" content=\"\u017diedas su deimantu - ROUND deimantas\" \/>\n<meta property=\"og:description\" content=\"\u0160is klasikinio dizaino \u017eiedas su deimantu \u2013 tai pradinis ta\u0161kas tavo asmeniniam k\u016briniui. Leisk ROUND deimantui atsiskleisti pagal tavo estetin\u0119 vizij\u0105.\" \/>\n<meta property=\"og:url\" content=\"https:\/\/topdiamonds.online\/lv\/papuosalas\/ziedas-su-deimantu-round-deimantas\/\" \/>\n<meta property=\"og:site_name\" content=\"Topdiamonds Online\" \/>\n<meta property=\"article:modified_time\" content=\"2025-07-18T13:48:25+00:00\" \/>\n<meta property=\"og:image\" content=\"https:\/\/topdiamonds.online\/wp-content\/uploads\/2025\/05\/klasikinis-suzadetuviu-ziedas-TD-1001-1.jpg\" \/>\n\t<meta property=\"og:image:width\" content=\"800\" \/>\n\t<meta property=\"og:image:height\" content=\"800\" \/>\n\t<meta property=\"og:image:type\" content=\"image\/jpeg\" \/>\n<meta name=\"twitter:card\" content=\"summary_large_image\" \/>\n<meta name=\"twitter:label1\" content=\"Est. reading time\" \/>\n\t<meta name=\"twitter:data1\" content=\"1 minute\" \/>\n<script type=\"application\/ld+json\" class=\"yoast-schema-graph\">{\"@context\":\"https:\/\/schema.org\",\"@graph\":[{\"@type\":\"WebPage\",\"@id\":\"https:\/\/topdiamonds.online\/lv\/papuosalas\/ziedas-su-deimantu-round-deimantas\/\",\"url\":\"https:\/\/topdiamonds.online\/lv\/papuosalas\/ziedas-su-deimantu-round-deimantas\/\",\"name\":\"\u017diedas su deimantu - ROUND deimantas\",\"isPartOf\":{\"@id\":\"https:\/\/topdiamonds.online\/lv\/#website\"},\"primaryImageOfPage\":{\"@id\":\"https:\/\/topdiamonds.online\/lv\/papuosalas\/ziedas-su-deimantu-round-deimantas\/#primaryimage\"},\"image\":{\"@id\":\"https:\/\/topdiamonds.online\/lv\/papuosalas\/ziedas-su-deimantu-round-deimantas\/#primaryimage\"},\"thumbnailUrl\":\"https:\/\/topdiamonds.online\/wp-content\/uploads\/2025\/05\/klasikinis-suzadetuviu-ziedas-TD-1001-1.jpg\",\"datePublished\":\"2025-05-20T14:05:33+00:00\",\"dateModified\":\"2025-07-18T13:48:25+00:00\",\"description\":\"\u0160is klasikinio dizaino \u017eiedas su deimantu \u2013 tai pradinis ta\u0161kas tavo asmeniniam k\u016briniui. Leisk ROUND deimantui atsiskleisti pagal tavo estetin\u0119 vizij\u0105.\",\"breadcrumb\":{\"@id\":\"https:\/\/topdiamonds.online\/lv\/papuosalas\/ziedas-su-deimantu-round-deimantas\/#breadcrumb\"},\"inLanguage\":\"lv-LV\",\"potentialAction\":[{\"@type\":\"ReadAction\",\"target\":[\"https:\/\/topdiamonds.online\/lv\/papuosalas\/ziedas-su-deimantu-round-deimantas\/\"]}]},{\"@type\":\"ImageObject\",\"inLanguage\":\"lv-LV\",\"@id\":\"https:\/\/topdiamonds.online\/lv\/papuosalas\/ziedas-su-deimantu-round-deimantas\/#primaryimage\",\"url\":\"https:\/\/topdiamonds.online\/wp-content\/uploads\/2025\/05\/klasikinis-suzadetuviu-ziedas-TD-1001-1.jpg\",\"contentUrl\":\"https:\/\/topdiamonds.online\/wp-content\/uploads\/2025\/05\/klasikinis-suzadetuviu-ziedas-TD-1001-1.jpg\",\"width\":800,\"height\":800,\"caption\":\"klasikinis balto aukso su\u017ead\u0117tuvi\u0173 \u017eiedas su apvaliu deimantu\"},{\"@type\":\"BreadcrumbList\",\"@id\":\"https:\/\/topdiamonds.online\/lv\/papuosalas\/ziedas-su-deimantu-round-deimantas\/#breadcrumb\",\"itemListElement\":[{\"@type\":\"ListItem\",\"position\":1,\"name\":\"Home\",\"item\":\"https:\/\/topdiamonds.online\/lv\/\"},{\"@type\":\"ListItem\",\"position\":2,\"name\":\"Shop\",\"item\":\"https:\/\/topdiamonds.online\/shop-2\/\"},{\"@type\":\"ListItem\",\"position\":3,\"name\":\"\u017diedas su deimantu &#8211; ROUND deimantas\"}]},{\"@type\":\"WebSite\",\"@id\":\"https:\/\/topdiamonds.online\/lv\/#website\",\"url\":\"https:\/\/topdiamonds.online\/lv\/\",\"name\":\"Topdiamonds Online\",\"description\":\"Juvelyrikos namai\",\"publisher\":{\"@id\":\"https:\/\/topdiamonds.online\/lv\/#organization\"},\"potentialAction\":[{\"@type\":\"SearchAction\",\"target\":{\"@type\":\"EntryPoint\",\"urlTemplate\":\"https:\/\/topdiamonds.online\/lv\/?s={search_term_string}\"},\"query-input\":{\"@type\":\"PropertyValueSpecification\",\"valueRequired\":true,\"valueName\":\"search_term_string\"}}],\"inLanguage\":\"lv-LV\"},{\"@type\":\"Organization\",\"@id\":\"https:\/\/topdiamonds.online\/lv\/#organization\",\"name\":\"Topdiamonds Online\",\"url\":\"https:\/\/topdiamonds.online\/lv\/\",\"logo\":{\"@type\":\"ImageObject\",\"inLanguage\":\"lv-LV\",\"@id\":\"https:\/\/topdiamonds.online\/lv\/#\/schema\/logo\/image\/\",\"url\":\"https:\/\/topdiamonds.online\/wp-content\/uploads\/2025\/03\/cropped-logo.png\",\"contentUrl\":\"https:\/\/topdiamonds.online\/wp-content\/uploads\/2025\/03\/cropped-logo.png\",\"width\":690,\"height\":126,\"caption\":\"Topdiamonds Online\"},\"image\":{\"@id\":\"https:\/\/topdiamonds.online\/lv\/#\/schema\/logo\/image\/\"}}]}<\/script>\n<!-- \/ Yoast SEO plugin. -->","yoast_head_json":{"title":"\u017diedas su deimantu - ROUND deimantas","description":"\u0160is klasikinio dizaino \u017eiedas su deimantu \u2013 tai pradinis ta\u0161kas tavo asmeniniam k\u016briniui. Leisk ROUND deimantui atsiskleisti pagal tavo estetin\u0119 vizij\u0105.","robots":{"index":"index","follow":"follow","max-snippet":"max-snippet:-1","max-image-preview":"max-image-preview:large","max-video-preview":"max-video-preview:-1"},"canonical":"https:\/\/topdiamonds.online\/lv\/papuosalas\/ziedas-su-deimantu-round-deimantas\/","og_locale":"lv_LV","og_type":"article","og_title":"\u017diedas su deimantu - ROUND deimantas","og_description":"\u0160is klasikinio dizaino \u017eiedas su deimantu \u2013 tai pradinis ta\u0161kas tavo asmeniniam k\u016briniui. Leisk ROUND deimantui atsiskleisti pagal tavo estetin\u0119 vizij\u0105.","og_url":"https:\/\/topdiamonds.online\/lv\/papuosalas\/ziedas-su-deimantu-round-deimantas\/","og_site_name":"Topdiamonds Online","article_modified_time":"2025-07-18T13:48:25+00:00","og_image":[{"width":800,"height":800,"url":"https:\/\/topdiamonds.online\/wp-content\/uploads\/2025\/05\/klasikinis-suzadetuviu-ziedas-TD-1001-1.jpg","type":"image\/jpeg"}],"twitter_card":"summary_large_image","twitter_misc":{"Est. reading time":"1 minute"},"schema":{"@context":"https:\/\/schema.org","@graph":[{"@type":"WebPage","@id":"https:\/\/topdiamonds.online\/lv\/papuosalas\/ziedas-su-deimantu-round-deimantas\/","url":"https:\/\/topdiamonds.online\/lv\/papuosalas\/ziedas-su-deimantu-round-deimantas\/","name":"\u017diedas su deimantu - ROUND deimantas","isPartOf":{"@id":"https:\/\/topdiamonds.online\/lv\/#website"},"primaryImageOfPage":{"@id":"https:\/\/topdiamonds.online\/lv\/papuosalas\/ziedas-su-deimantu-round-deimantas\/#primaryimage"},"image":{"@id":"https:\/\/topdiamonds.online\/lv\/papuosalas\/ziedas-su-deimantu-round-deimantas\/#primaryimage"},"thumbnailUrl":"https:\/\/topdiamonds.online\/wp-content\/uploads\/2025\/05\/klasikinis-suzadetuviu-ziedas-TD-1001-1.jpg","datePublished":"2025-05-20T14:05:33+00:00","dateModified":"2025-07-18T13:48:25+00:00","description":"\u0160is klasikinio dizaino \u017eiedas su deimantu \u2013 tai pradinis ta\u0161kas tavo asmeniniam k\u016briniui. Leisk ROUND deimantui atsiskleisti pagal tavo estetin\u0119 vizij\u0105.","breadcrumb":{"@id":"https:\/\/topdiamonds.online\/lv\/papuosalas\/ziedas-su-deimantu-round-deimantas\/#breadcrumb"},"inLanguage":"lv-LV","potentialAction":[{"@type":"ReadAction","target":["https:\/\/topdiamonds.online\/lv\/papuosalas\/ziedas-su-deimantu-round-deimantas\/"]}]},{"@type":"ImageObject","inLanguage":"lv-LV","@id":"https:\/\/topdiamonds.online\/lv\/papuosalas\/ziedas-su-deimantu-round-deimantas\/#primaryimage","url":"https:\/\/topdiamonds.online\/wp-content\/uploads\/2025\/05\/klasikinis-suzadetuviu-ziedas-TD-1001-1.jpg","contentUrl":"https:\/\/topdiamonds.online\/wp-content\/uploads\/2025\/05\/klasikinis-suzadetuviu-ziedas-TD-1001-1.jpg","width":800,"height":800,"caption":"klasikinis balto aukso su\u017ead\u0117tuvi\u0173 \u017eiedas su apvaliu deimantu"},{"@type":"BreadcrumbList","@id":"https:\/\/topdiamonds.online\/lv\/papuosalas\/ziedas-su-deimantu-round-deimantas\/#breadcrumb","itemListElement":[{"@type":"ListItem","position":1,"name":"Home","item":"https:\/\/topdiamonds.online\/lv\/"},{"@type":"ListItem","position":2,"name":"Shop","item":"https:\/\/topdiamonds.online\/shop-2\/"},{"@type":"ListItem","position":3,"name":"\u017diedas su deimantu &#8211; ROUND deimantas"}]},{"@type":"WebSite","@id":"https:\/\/topdiamonds.online\/lv\/#website","url":"https:\/\/topdiamonds.online\/lv\/","name":"Topdiamonds Online","description":"Juvelyrikos namai","publisher":{"@id":"https:\/\/topdiamonds.online\/lv\/#organization"},"potentialAction":[{"@type":"SearchAction","target":{"@type":"EntryPoint","urlTemplate":"https:\/\/topdiamonds.online\/lv\/?s={search_term_string}"},"query-input":{"@type":"PropertyValueSpecification","valueRequired":true,"valueName":"search_term_string"}}],"inLanguage":"lv-LV"},{"@type":"Organization","@id":"https:\/\/topdiamonds.online\/lv\/#organization","name":"Topdiamonds Online","url":"https:\/\/topdiamonds.online\/lv\/","logo":{"@type":"ImageObject","inLanguage":"lv-LV","@id":"https:\/\/topdiamonds.online\/lv\/#\/schema\/logo\/image\/","url":"https:\/\/topdiamonds.online\/wp-content\/uploads\/2025\/03\/cropped-logo.png","contentUrl":"https:\/\/topdiamonds.online\/wp-content\/uploads\/2025\/03\/cropped-logo.png","width":690,"height":126,"caption":"Topdiamonds Online"},"image":{"@id":"https:\/\/topdiamonds.online\/lv\/#\/schema\/logo\/image\/"}}]}},"_links":{"self":[{"href":"https:\/\/topdiamonds.online\/lv\/wp-json\/wp\/v2\/product\/13331","targetHints":{"allow":["GET"]}}],"collection":[{"href":"https:\/\/topdiamonds.online\/lv\/wp-json\/wp\/v2\/product"}],"about":[{"href":"https:\/\/topdiamonds.online\/lv\/wp-json\/wp\/v2\/types\/product"}],"version-history":[{"count":0,"href":"https:\/\/topdiamonds.online\/lv\/wp-json\/wp\/v2\/product\/13331\/revisions"}],"wp:featuredmedia":[{"embeddable":true,"href":"https:\/\/topdiamonds.online\/lv\/wp-json\/wp\/v2\/media\/11216"}],"wp:attachment":[{"href":"https:\/\/topdiamonds.online\/lv\/wp-json\/wp\/v2\/media?parent=13331"}],"wp:term":[{"taxonomy":"product_brand","embeddable":true,"href":"https:\/\/topdiamonds.online\/lv\/wp-json\/wp\/v2\/product_brand?post=13331"},{"taxonomy":"product_cat","embeddable":true,"href":"https:\/\/topdiamonds.online\/lv\/wp-json\/wp\/v2\/product_cat?post=13331"},{"taxonomy":"product_tag","embeddable":true,"href":"https:\/\/topdiamonds.online\/lv\/wp-json\/wp\/v2\/product_tag?post=13331"}],"curies":[{"name":"wp","href":"https:\/\/api.w.org\/{rel}","templated":true}]}}