{"id":30498,"date":"2025-08-06T16:29:51","date_gmt":"2025-08-06T16:29:51","guid":{"rendered":"https:\/\/topdiamonds.online\/?post_type=product&#038;p=30498"},"modified":"2025-08-06T16:33:38","modified_gmt":"2025-08-06T16:33:38","slug":"halo-auskarai-su-deimantais-emerald-deimantai-3-30-ct","status":"publish","type":"product","link":"https:\/\/topdiamonds.online\/et\/papuosalas\/halo-auskarai-su-deimantais-emerald-deimantai-3-30-ct\/","title":{"rendered":"Halo auskarai su deimantais &#8211; EMERALD deimantai (3.30 ct)"},"content":{"rendered":"<p><span data-sheets-root=\"1\">Sta\u010diakampio formos deimantai \u0161iuose auskaruose i\u0161ry\u0161kina geometri\u0161kai tiksli\u0105 estetik\u0105 \u2013 form\u0105, kuri \u017eavi savo modernumu ir tvarka. Halo apvadas suteikia spindesio ir leid\u017eia \u0161viesai laisvai \u017eaisti tarp akmen\u0173, sukuriant \u012fsp\u016bding\u0105, bet neperspaust\u0105 efekt\u0105. \u0160ie auskarai neapsunkina, bet kuria \u012fvaizd\u012f, kuris tinka tiek minimalistiniam stiliui, tiek prabangos m\u0117g\u0117jams. Patog\u016bs, lengvi, bet i\u0161rai\u0161kingi \u2013 tai universal\u016bs auskarai kiekvienos dienos elegancijai.<br \/>\nPagaminta laikantis auk\u0161\u010diausi\u0173 juvelyrikos gamybos standart\u0173. Auskarai gali b\u016bti pagaminti pagal u\u017esakym\u0105: u\u017e papildom\u0105 mokest\u012f su auk\u0161tesn\u0117s kokyb\u0117s deimantais.<br \/>\n<\/span><\/p>\n<p>&nbsp;<\/p>\n<p>\u2022 <a href=\"https:\/\/topdiamonds.online\/auskaru-metalas\/\" target=\"_blank\" rel=\"noopener\"><strong>Auskar\u0173 metalas<\/strong><\/a>: 14K (585 prabos), 18K (750 prabos), 900 platina<br \/>\n\u2022 <a href=\"https:\/\/topdiamonds.online\/auskaru-aukso-spalva\/\" target=\"_blank\" rel=\"noopener\"><strong>Auskar\u0173 aukso spalva<\/strong><\/a>: baltas, raudonas, geltonas<br \/>\n\u2022 <strong><a href=\"https:\/\/topdiamonds.online\/auskaru-matmenys\/\" target=\"_blank\" rel=\"noopener\">Auskar\u0173 kar\u016bn\u0117l\u0117s plotis<\/a><\/strong>: apie 7.5 mm x 5.5 mm (galima keisti)<br \/>\n\u2022 Bendras <a href=\"https:\/\/topdiamonds.online\/auskaru-aukso-svoris\/\" target=\"_blank\" rel=\"noopener\"><strong>aukso svoris<\/strong><\/a>: apie 2.50 g<br \/>\n\u2022 Bendras <a href=\"https:\/\/topdiamonds.online\/deimantu-svoris\/\" target=\"_blank\" rel=\"noopener\"><strong>deimant\u0173 svoris<\/strong><\/a>: 3.30 ct<br \/>\n\u2022 <a href=\"https:\/\/topdiamonds.online\/deimanto-forma\/\" target=\"_blank\" rel=\"noopener\"><strong>Deimant\u0173 forma<\/strong><\/a>: Sta\u010diakampio forma (<em>Emerald cut<\/em>)<br \/>\n\u2022 <a href=\"https:\/\/topdiamonds.online\/deimantu-tipai\/\" target=\"_blank\" rel=\"noopener\"><strong>Deimant\u0173 tipai<\/strong><\/a>: Laboratorijoje u\u017eauginti deimantai arba natural\u016bs deimantai<br \/>\n\u2022 <a href=\"https:\/\/topdiamonds.online\/deimanto-charakteristika\/\" target=\"_blank\" rel=\"noopener\"><strong>Deimanto svoris ir charakteristika<\/strong><\/a> (galima keisti):<br \/>\nLaboratorijoje u\u017eaugintas deimantas: 1.50 ct centrinis deimantas (spalva D-E, \u0161varumas VVS), IGI sertifikatas<br \/>\nNat\u016bralus deimantas: 1.50 ct centrinis deimantas (spalva G-I, \u0161varumas SI), GIA sertifikatas<br \/>\nHalo apdailoje: apie 0.15 ct deimantai<br \/>\n\u2022 <a href=\"https:\/\/topdiamonds.online\/pristatymas-ir-grazinimas\/\" target=\"_blank\" rel=\"noopener\"><strong>Gamybos ir pristatymo terminas<\/strong><\/a>: apie 14 darbo dien\u0173, skubos tvarka per 7 d.d.<br \/>\n<strong>Pastaba<\/strong>: perkant Halo stiliaus auskarus galima bendro karat\u0173 svorio paklaida: 3.28 &#8211; 3.32 ct<\/p>\n<p>&nbsp;<\/p>\n<p>Turite savo brangakmen\u012f, ar auks\u0105? Perskai\u010diuosime kain\u0105 ir mok\u0117site tik u\u017e auskar\u0173 gamyb\u0105. O gal norite keisti deimant\u0173 charakteristik\u0105 pagal savo pageidavimus? <a href=\"https:\/\/topdiamonds.online\/kontaktai\/\" target=\"_blank\" rel=\"noopener\"><strong>Susisiekite<\/strong><\/a>!<br \/>\nAtraskite plat\u0173 juvelyrikos su deimantais pasirinkim\u0105, atitinkant\u012f \u012fvairius skonius ir biud\u017eetu. Suksikurk ir personalizuok savo papuo\u0161al\u0105 su <a href=\"https:\/\/topdiamonds.online\/\" target=\"_blank\" rel=\"noopener\">TopDiamonds.Online<\/a>.<\/p>\n","protected":false},"excerpt":{"rendered":"<p><span data-sheets-root=\"1\">\u0160ie Halo auskarai su deimantais \u2013 tai aksesuaras, kuris kalba apie rafinuot\u0105 skon\u012f ir i\u0161grynint\u0105 estetik\u0105. <em>Emerald<\/em> pj\u016bvio deimantai pasi\u017eymi tiksliomis linijomis ir gilumu, o juos apsupantys Halo deimantai subtiliai prideda spindesio. Tai papuo\u0161alas, kur\u012f ne\u0161iojant \u012fgaunama dar daugiau \u017eavesio \u2013 auskar\u0173 gro\u017eis atsiskleid\u017eia judesyje ir \u0161viesoje. Idealiai tinka tiems, kurie vertina sant\u016bri\u0105, bet prabangi\u0105 juvelyrik\u0105.<\/span><\/p>\n","protected":false},"featured_media":21284,"template":"","meta":{"site-sidebar-layout":"default","site-content-layout":"","ast-site-content-layout":"default","site-content-style":"default","site-sidebar-style":"default","ast-global-header-display":"","ast-banner-title-visibility":"","ast-main-header-display":"","ast-hfb-above-header-display":"","ast-hfb-below-header-display":"","ast-hfb-mobile-header-display":"","site-post-title":"","ast-breadcrumbs-content":"","ast-featured-img":"","footer-sml-layout":"","theme-transparent-header-meta":"default","adv-header-id-meta":"","stick-header-meta":"","header-above-stick-meta":"","header-main-stick-meta":"","header-below-stick-meta":"","astra-migrate-meta-layouts":"set","ast-page-background-enabled":"default","ast-page-background-meta":{"desktop":{"background-color":"var(--ast-global-color-4)","background-image":"","background-repeat":"repeat","background-position":"center center","background-size":"auto","background-attachment":"scroll","background-type":"","background-media":"","overlay-type":"","overlay-color":"","overlay-opacity":"","overlay-gradient":""},"tablet":{"background-color":"","background-image":"","background-repeat":"repeat","background-position":"center center","background-size":"auto","background-attachment":"scroll","background-type":"","background-media":"","overlay-type":"","overlay-color":"","overlay-opacity":"","overlay-gradient":""},"mobile":{"background-color":"","background-image":"","background-repeat":"repeat","background-position":"center center","background-size":"auto","background-attachment":"scroll","background-type":"","background-media":"","overlay-type":"","overlay-color":"","overlay-opacity":"","overlay-gradient":""}},"ast-content-background-meta":{"desktop":{"background-color":"var(--ast-global-color-5)","background-image":"","background-repeat":"repeat","background-position":"center center","background-size":"auto","background-attachment":"scroll","background-type":"","background-media":"","overlay-type":"","overlay-color":"","overlay-opacity":"","overlay-gradient":""},"tablet":{"background-color":"var(--ast-global-color-5)","background-image":"","background-repeat":"repeat","background-position":"center center","background-size":"auto","background-attachment":"scroll","background-type":"","background-media":"","overlay-type":"","overlay-color":"","overlay-opacity":"","overlay-gradient":""},"mobile":{"background-color":"var(--ast-global-color-5)","background-image":"","background-repeat":"repeat","background-position":"center center","background-size":"auto","background-attachment":"scroll","background-type":"","background-media":"","overlay-type":"","overlay-color":"","overlay-opacity":"","overlay-gradient":""}}},"product_brand":[],"product_cat":[67,135,63,72],"product_tag":[],"class_list":{"0":"post-30498","1":"product","2":"type-product","3":"status-publish","4":"has-post-thumbnail","6":"product_cat-auskarai-su-deimantais","7":"product_cat-dovanu-idejos","8":"product_cat-juvelyrika","9":"product_cat-juvelyrika-moterims","10":"desktop-align-center","11":"tablet-align-left","12":"mobile-align-left","13":"ast-product-gallery-layout-horizontal-slider","14":"ast-product-single-variable","15":"ast-product-tabs-layout-accordion","16":"ast-qv-on-image","18":"first","19":"instock","20":"taxable","21":"shipping-taxable","22":"purchasable","23":"product-type-variable"},"yoast_head":"<!-- This site is optimized with the Yoast SEO plugin v26.6 - https:\/\/yoast.com\/wordpress\/plugins\/seo\/ -->\n<title>Halo auskarai su deimantais - EMERALD deimantai (3.30 ct)<\/title>\n<meta name=\"description\" content=\"I\u0161skirtiniai Halo auskarai su deimantais, kuriuose sta\u010diakampio formos spindesys ir subtilus \u0161vyt\u0117jimas susilieja \u012f i\u0161grynint\u0105 papuo\u0161al\u0105 kiekvienai dienai.\" \/>\n<meta name=\"robots\" content=\"index, follow, max-snippet:-1, max-image-preview:large, max-video-preview:-1\" \/>\n<link rel=\"canonical\" href=\"https:\/\/topdiamonds.online\/et\/papuosalas\/halo-auskarai-su-deimantais-emerald-deimantai-3-30-ct\/\" \/>\n<meta property=\"og:locale\" content=\"et_EE\" \/>\n<meta property=\"og:type\" content=\"article\" \/>\n<meta property=\"og:title\" content=\"Halo auskarai su deimantais - EMERALD deimantai (3.30 ct)\" \/>\n<meta property=\"og:description\" content=\"I\u0161skirtiniai Halo auskarai su deimantais, kuriuose sta\u010diakampio formos spindesys ir subtilus \u0161vyt\u0117jimas susilieja \u012f i\u0161grynint\u0105 papuo\u0161al\u0105 kiekvienai dienai.\" \/>\n<meta property=\"og:url\" content=\"https:\/\/topdiamonds.online\/et\/papuosalas\/halo-auskarai-su-deimantais-emerald-deimantai-3-30-ct\/\" \/>\n<meta property=\"og:site_name\" content=\"Topdiamonds Online\" \/>\n<meta property=\"article:modified_time\" content=\"2025-08-06T16:33:38+00:00\" \/>\n<meta property=\"og:image\" content=\"https:\/\/topdiamonds.online\/wp-content\/uploads\/2025\/06\/Auskarai-su-deimantais-EMERALD-HALO-DEIMANTAI-2020-1.png\" \/>\n\t<meta property=\"og:image:width\" content=\"800\" \/>\n\t<meta property=\"og:image:height\" content=\"800\" \/>\n\t<meta property=\"og:image:type\" content=\"image\/png\" \/>\n<meta name=\"twitter:card\" content=\"summary_large_image\" \/>\n<meta name=\"twitter:label1\" content=\"Est. reading time\" \/>\n\t<meta name=\"twitter:data1\" content=\"2 minutit\" \/>\n<script type=\"application\/ld+json\" class=\"yoast-schema-graph\">{\"@context\":\"https:\/\/schema.org\",\"@graph\":[{\"@type\":\"WebPage\",\"@id\":\"https:\/\/topdiamonds.online\/et\/papuosalas\/halo-auskarai-su-deimantais-emerald-deimantai-3-30-ct\/\",\"url\":\"https:\/\/topdiamonds.online\/et\/papuosalas\/halo-auskarai-su-deimantais-emerald-deimantai-3-30-ct\/\",\"name\":\"Halo auskarai su deimantais - EMERALD deimantai (3.30 ct)\",\"isPartOf\":{\"@id\":\"https:\/\/topdiamonds.online\/et\/#website\"},\"primaryImageOfPage\":{\"@id\":\"https:\/\/topdiamonds.online\/et\/papuosalas\/halo-auskarai-su-deimantais-emerald-deimantai-3-30-ct\/#primaryimage\"},\"image\":{\"@id\":\"https:\/\/topdiamonds.online\/et\/papuosalas\/halo-auskarai-su-deimantais-emerald-deimantai-3-30-ct\/#primaryimage\"},\"thumbnailUrl\":\"https:\/\/topdiamonds.online\/wp-content\/uploads\/2025\/06\/Auskarai-su-deimantais-EMERALD-HALO-DEIMANTAI-2020-1.png\",\"datePublished\":\"2025-08-06T16:29:51+00:00\",\"dateModified\":\"2025-08-06T16:33:38+00:00\",\"description\":\"I\u0161skirtiniai Halo auskarai su deimantais, kuriuose sta\u010diakampio formos spindesys ir subtilus \u0161vyt\u0117jimas susilieja \u012f i\u0161grynint\u0105 papuo\u0161al\u0105 kiekvienai dienai.\",\"breadcrumb\":{\"@id\":\"https:\/\/topdiamonds.online\/et\/papuosalas\/halo-auskarai-su-deimantais-emerald-deimantai-3-30-ct\/#breadcrumb\"},\"inLanguage\":\"et\",\"potentialAction\":[{\"@type\":\"ReadAction\",\"target\":[\"https:\/\/topdiamonds.online\/et\/papuosalas\/halo-auskarai-su-deimantais-emerald-deimantai-3-30-ct\/\"]}]},{\"@type\":\"ImageObject\",\"inLanguage\":\"et\",\"@id\":\"https:\/\/topdiamonds.online\/et\/papuosalas\/halo-auskarai-su-deimantais-emerald-deimantai-3-30-ct\/#primaryimage\",\"url\":\"https:\/\/topdiamonds.online\/wp-content\/uploads\/2025\/06\/Auskarai-su-deimantais-EMERALD-HALO-DEIMANTAI-2020-1.png\",\"contentUrl\":\"https:\/\/topdiamonds.online\/wp-content\/uploads\/2025\/06\/Auskarai-su-deimantais-EMERALD-HALO-DEIMANTAI-2020-1.png\",\"width\":800,\"height\":800,\"caption\":\"Auskarai su deimantais ir halo juostele i\u0161 balto aukso arba platinos - Emerald deimantai\"},{\"@type\":\"BreadcrumbList\",\"@id\":\"https:\/\/topdiamonds.online\/et\/papuosalas\/halo-auskarai-su-deimantais-emerald-deimantai-3-30-ct\/#breadcrumb\",\"itemListElement\":[{\"@type\":\"ListItem\",\"position\":1,\"name\":\"Home\",\"item\":\"https:\/\/topdiamonds.online\/et\/\"},{\"@type\":\"ListItem\",\"position\":2,\"name\":\"Shop\",\"item\":\"https:\/\/topdiamonds.online\/shop-2\/\"},{\"@type\":\"ListItem\",\"position\":3,\"name\":\"Halo auskarai su deimantais &#8211; EMERALD deimantai (3.30 ct)\"}]},{\"@type\":\"WebSite\",\"@id\":\"https:\/\/topdiamonds.online\/et\/#website\",\"url\":\"https:\/\/topdiamonds.online\/et\/\",\"name\":\"Topdiamonds Online\",\"description\":\"Juvelyrikos namai\",\"publisher\":{\"@id\":\"https:\/\/topdiamonds.online\/et\/#organization\"},\"potentialAction\":[{\"@type\":\"SearchAction\",\"target\":{\"@type\":\"EntryPoint\",\"urlTemplate\":\"https:\/\/topdiamonds.online\/et\/?s={search_term_string}\"},\"query-input\":{\"@type\":\"PropertyValueSpecification\",\"valueRequired\":true,\"valueName\":\"search_term_string\"}}],\"inLanguage\":\"et\"},{\"@type\":\"Organization\",\"@id\":\"https:\/\/topdiamonds.online\/et\/#organization\",\"name\":\"Topdiamonds Online\",\"url\":\"https:\/\/topdiamonds.online\/et\/\",\"logo\":{\"@type\":\"ImageObject\",\"inLanguage\":\"et\",\"@id\":\"https:\/\/topdiamonds.online\/et\/#\/schema\/logo\/image\/\",\"url\":\"https:\/\/topdiamonds.online\/wp-content\/uploads\/2025\/03\/cropped-logo.png\",\"contentUrl\":\"https:\/\/topdiamonds.online\/wp-content\/uploads\/2025\/03\/cropped-logo.png\",\"width\":690,\"height\":126,\"caption\":\"Topdiamonds Online\"},\"image\":{\"@id\":\"https:\/\/topdiamonds.online\/et\/#\/schema\/logo\/image\/\"}}]}<\/script>\n<!-- \/ Yoast SEO plugin. -->","yoast_head_json":{"title":"Halo auskarai su deimantais - EMERALD deimantai (3.30 ct)","description":"I\u0161skirtiniai Halo auskarai su deimantais, kuriuose sta\u010diakampio formos spindesys ir subtilus \u0161vyt\u0117jimas susilieja \u012f i\u0161grynint\u0105 papuo\u0161al\u0105 kiekvienai dienai.","robots":{"index":"index","follow":"follow","max-snippet":"max-snippet:-1","max-image-preview":"max-image-preview:large","max-video-preview":"max-video-preview:-1"},"canonical":"https:\/\/topdiamonds.online\/et\/papuosalas\/halo-auskarai-su-deimantais-emerald-deimantai-3-30-ct\/","og_locale":"et_EE","og_type":"article","og_title":"Halo auskarai su deimantais - EMERALD deimantai (3.30 ct)","og_description":"I\u0161skirtiniai Halo auskarai su deimantais, kuriuose sta\u010diakampio formos spindesys ir subtilus \u0161vyt\u0117jimas susilieja \u012f i\u0161grynint\u0105 papuo\u0161al\u0105 kiekvienai dienai.","og_url":"https:\/\/topdiamonds.online\/et\/papuosalas\/halo-auskarai-su-deimantais-emerald-deimantai-3-30-ct\/","og_site_name":"Topdiamonds Online","article_modified_time":"2025-08-06T16:33:38+00:00","og_image":[{"width":800,"height":800,"url":"https:\/\/topdiamonds.online\/wp-content\/uploads\/2025\/06\/Auskarai-su-deimantais-EMERALD-HALO-DEIMANTAI-2020-1.png","type":"image\/png"}],"twitter_card":"summary_large_image","twitter_misc":{"Est. reading time":"2 minutit"},"schema":{"@context":"https:\/\/schema.org","@graph":[{"@type":"WebPage","@id":"https:\/\/topdiamonds.online\/et\/papuosalas\/halo-auskarai-su-deimantais-emerald-deimantai-3-30-ct\/","url":"https:\/\/topdiamonds.online\/et\/papuosalas\/halo-auskarai-su-deimantais-emerald-deimantai-3-30-ct\/","name":"Halo auskarai su deimantais - EMERALD deimantai (3.30 ct)","isPartOf":{"@id":"https:\/\/topdiamonds.online\/et\/#website"},"primaryImageOfPage":{"@id":"https:\/\/topdiamonds.online\/et\/papuosalas\/halo-auskarai-su-deimantais-emerald-deimantai-3-30-ct\/#primaryimage"},"image":{"@id":"https:\/\/topdiamonds.online\/et\/papuosalas\/halo-auskarai-su-deimantais-emerald-deimantai-3-30-ct\/#primaryimage"},"thumbnailUrl":"https:\/\/topdiamonds.online\/wp-content\/uploads\/2025\/06\/Auskarai-su-deimantais-EMERALD-HALO-DEIMANTAI-2020-1.png","datePublished":"2025-08-06T16:29:51+00:00","dateModified":"2025-08-06T16:33:38+00:00","description":"I\u0161skirtiniai Halo auskarai su deimantais, kuriuose sta\u010diakampio formos spindesys ir subtilus \u0161vyt\u0117jimas susilieja \u012f i\u0161grynint\u0105 papuo\u0161al\u0105 kiekvienai dienai.","breadcrumb":{"@id":"https:\/\/topdiamonds.online\/et\/papuosalas\/halo-auskarai-su-deimantais-emerald-deimantai-3-30-ct\/#breadcrumb"},"inLanguage":"et","potentialAction":[{"@type":"ReadAction","target":["https:\/\/topdiamonds.online\/et\/papuosalas\/halo-auskarai-su-deimantais-emerald-deimantai-3-30-ct\/"]}]},{"@type":"ImageObject","inLanguage":"et","@id":"https:\/\/topdiamonds.online\/et\/papuosalas\/halo-auskarai-su-deimantais-emerald-deimantai-3-30-ct\/#primaryimage","url":"https:\/\/topdiamonds.online\/wp-content\/uploads\/2025\/06\/Auskarai-su-deimantais-EMERALD-HALO-DEIMANTAI-2020-1.png","contentUrl":"https:\/\/topdiamonds.online\/wp-content\/uploads\/2025\/06\/Auskarai-su-deimantais-EMERALD-HALO-DEIMANTAI-2020-1.png","width":800,"height":800,"caption":"Auskarai su deimantais ir halo juostele i\u0161 balto aukso arba platinos - Emerald deimantai"},{"@type":"BreadcrumbList","@id":"https:\/\/topdiamonds.online\/et\/papuosalas\/halo-auskarai-su-deimantais-emerald-deimantai-3-30-ct\/#breadcrumb","itemListElement":[{"@type":"ListItem","position":1,"name":"Home","item":"https:\/\/topdiamonds.online\/et\/"},{"@type":"ListItem","position":2,"name":"Shop","item":"https:\/\/topdiamonds.online\/shop-2\/"},{"@type":"ListItem","position":3,"name":"Halo auskarai su deimantais &#8211; EMERALD deimantai (3.30 ct)"}]},{"@type":"WebSite","@id":"https:\/\/topdiamonds.online\/et\/#website","url":"https:\/\/topdiamonds.online\/et\/","name":"Topdiamonds Online","description":"Juvelyrikos namai","publisher":{"@id":"https:\/\/topdiamonds.online\/et\/#organization"},"potentialAction":[{"@type":"SearchAction","target":{"@type":"EntryPoint","urlTemplate":"https:\/\/topdiamonds.online\/et\/?s={search_term_string}"},"query-input":{"@type":"PropertyValueSpecification","valueRequired":true,"valueName":"search_term_string"}}],"inLanguage":"et"},{"@type":"Organization","@id":"https:\/\/topdiamonds.online\/et\/#organization","name":"Topdiamonds Online","url":"https:\/\/topdiamonds.online\/et\/","logo":{"@type":"ImageObject","inLanguage":"et","@id":"https:\/\/topdiamonds.online\/et\/#\/schema\/logo\/image\/","url":"https:\/\/topdiamonds.online\/wp-content\/uploads\/2025\/03\/cropped-logo.png","contentUrl":"https:\/\/topdiamonds.online\/wp-content\/uploads\/2025\/03\/cropped-logo.png","width":690,"height":126,"caption":"Topdiamonds Online"},"image":{"@id":"https:\/\/topdiamonds.online\/et\/#\/schema\/logo\/image\/"}}]}},"_links":{"self":[{"href":"https:\/\/topdiamonds.online\/et\/wp-json\/wp\/v2\/product\/30498","targetHints":{"allow":["GET"]}}],"collection":[{"href":"https:\/\/topdiamonds.online\/et\/wp-json\/wp\/v2\/product"}],"about":[{"href":"https:\/\/topdiamonds.online\/et\/wp-json\/wp\/v2\/types\/product"}],"version-history":[{"count":0,"href":"https:\/\/topdiamonds.online\/et\/wp-json\/wp\/v2\/product\/30498\/revisions"}],"wp:featuredmedia":[{"embeddable":true,"href":"https:\/\/topdiamonds.online\/et\/wp-json\/wp\/v2\/media\/21284"}],"wp:attachment":[{"href":"https:\/\/topdiamonds.online\/et\/wp-json\/wp\/v2\/media?parent=30498"}],"wp:term":[{"taxonomy":"product_brand","embeddable":true,"href":"https:\/\/topdiamonds.online\/et\/wp-json\/wp\/v2\/product_brand?post=30498"},{"taxonomy":"product_cat","embeddable":true,"href":"https:\/\/topdiamonds.online\/et\/wp-json\/wp\/v2\/product_cat?post=30498"},{"taxonomy":"product_tag","embeddable":true,"href":"https:\/\/topdiamonds.online\/et\/wp-json\/wp\/v2\/product_tag?post=30498"}],"curies":[{"name":"wp","href":"https:\/\/api.w.org\/{rel}","templated":true}]}}