{"id":30181,"date":"2025-08-06T12:00:29","date_gmt":"2025-08-06T12:00:29","guid":{"rendered":"https:\/\/topdiamonds.online\/?post_type=product&#038;p=30181"},"modified":"2025-08-06T12:02:49","modified_gmt":"2025-08-06T12:02:49","slug":"apyranke-su-deimantais-round-deimantai-5-00-ct","status":"publish","type":"product","link":"https:\/\/topdiamonds.online\/et\/papuosalas\/apyranke-su-deimantais-round-deimantai-5-00-ct\/","title":{"rendered":"Apyrank\u0117 su deimantais &#8211; ROUND DEIMANTAI (5.00 ct)"},"content":{"rendered":"<p><span data-sheets-root=\"1\">Apyrank\u0117s dizainas apgalvotas iki smulkmen\u0173 \u2013 saugus ir stilingas u\u017esegimas garantuoja patogum\u0105 d\u0117vint, o kiekvienas apvalios formos deimantas i\u0161ry\u0161kina i\u0161skirtin\u012f \u0161viesos \u017eaism\u0105. \u0160ie akmenys itin vertinami d\u0117l savo spindesio ir universalumo, tod\u0117l apyrank\u0117 puikiai der\u0117s prie \u012fvairi\u0173 \u012fvaizd\u017ei\u0173 \u2013 nuo rafinuotos klasikos iki modernaus minimalizmo. Tai ne tik papuo\u0161alas, bet ir subtilus prabangos akcentas, pabr\u0117\u017eiantis j\u016bs\u0173 individualum\u0105 ir nepriekai\u0161ting\u0105 stiliaus poj\u016bt\u012f. Leiskite sau spind\u0117ti kasdien \u2013 su papuo\u0161alu, kuris kalba pats u\u017e save.<br \/>\nPagaminta laikantis auk\u0161\u010diausi\u0173 juvelyrikos gamybos standart\u0173. Apyrank\u0117 gali b\u016bti pagaminta pagal u\u017esakym\u0105: u\u017e papildom\u0105 mokest\u012f su auk\u0161tesn\u0117s kokyb\u0117s deimantais.<\/span><\/p>\n<p>&nbsp;<\/p>\n<p><span data-sheets-root=\"1\">\u2022 <a href=\"https:\/\/topdiamonds.online\/apyrankes-metalai\/\" target=\"_blank\" rel=\"noopener\"><strong>Apyrank\u0117s metalai<\/strong><\/a>: 14K (585 prabos), 18K (750 prabos), 900 platina<br \/>\n\u2022 <a href=\"https:\/\/topdiamonds.online\/apyrankes-aukso-spalva\/\" target=\"_blank\" rel=\"noopener\"><strong>Apyrank\u0117s aukso spalva<\/strong><\/a>: baltas, raudonas, geltonas<br \/>\n\u2022 <a href=\"https:\/\/topdiamonds.online\/apyrankes-aukso-svoris\/\" target=\"_blank\" rel=\"noopener\"><strong>Apyrank\u0117s aukso svoris<\/strong><\/a>: apie 9.20 g (priklauso nuo apyrank\u0117s ilgio)<br \/>\n\u2022 <a href=\"https:\/\/topdiamonds.online\/apyrankes-ilgis\/\" target=\"_blank\" rel=\"noopener\"><strong>Apyrank\u0117s ilgis<\/strong><\/a> pasirinktinai: 17 cm, 18 cm, 19 cm, 20 cm, 21 cm, 22 cm<br \/>\n\u2022 <a href=\"https:\/\/topdiamonds.online\/deimanto-forma\/\" target=\"_blank\" rel=\"noopener\"><strong>Deimant\u0173 forma<\/strong><\/a>: Apvali forma (<em>Round cut<\/em>)<br \/>\n\u2022 <strong><a href=\"https:\/\/topdiamonds.online\/deimanto-svoris-ir-charakteristika\/\" target=\"_blank\" rel=\"noopener\">Deimant\u0173 svoris ir charakteristika<\/a><\/strong> (galima keisti):<br \/>\nLaboratorijoje u\u017eauginti deimantai: apie 0.08 ct (spalva D-E, \u0161varumas VVS)<br \/>\nNatural\u016bs deimantai: apie 0.08 ct (spalva G-I, \u0161varumas SI)<br \/>\nBendras deimant\u0173 svoris: apie 5.00 ct (priklauso nuo apyrank\u0117s ilgio)<br \/>\n\u2022 <a href=\"https:\/\/topdiamonds.online\/graviravimas\/\" target=\"_blank\" rel=\"noopener\"><strong>Graviravimas<\/strong><\/a> nemokamai<br \/>\n\u2022 Vienkartin\u0117 nemokama <a href=\"https:\/\/topdiamonds.online\/apyrankes-ilgio-keitimo-garantija\/\" target=\"_blank\" rel=\"noopener\"><strong>apyrank\u0117s ilgio keitimo garantija<\/strong><\/a> (pagal galimybes)<br \/>\n\u2022 <a href=\"https:\/\/topdiamonds.online\/pristatymas-ir-grazinimas\/\" target=\"_blank\" rel=\"noopener\"><strong>Gamybos ir pristatymo terminas<\/strong><\/a>: nuo 14 darbo dien\u0173, skubos tvarka per 7 d.d.<\/span><\/p>\n<p>&nbsp;<\/p>\n<p>Turite savo brangakmen\u012f, ar auks\u0105? Perskai\u010diuosime kain\u0105 ir mok\u0117site tik u\u017e gamyb\u0105. O gal norite keisti deimanto charakteristikas pagal savo pageidavimus? <strong><a href=\"https:\/\/topdiamonds.online\/kontaktai\/\" target=\"_blank\" rel=\"noopener\">Susisiekite<\/a><\/strong>!<br \/>\nAtraskite plat\u0173 juvelyrikos su deimantais pasirinkim\u0105, atitinkant\u012f \u012fvairius skonius ir biud\u017eetus. Suksikurk ir personalizuok savo papuo\u0161al\u0105 su <a href=\"https:\/\/topdiamonds.online\/\" target=\"_blank\" rel=\"noopener\">TopDiamonds.Online<\/a>.<\/p>\n","protected":false},"excerpt":{"rendered":"<p><span data-sheets-root=\"1\">\u0160i apyrank\u0117 su deimantais \u2013 tai minimalistin\u0117, laikui nepavaldi prabanga. <em>Round<\/em> pj\u016bvio deimantai \u0161ioje apyrank\u0117je dailiai \u017e\u0117ri i\u0161 vis\u0173 pusi\u0173, tarsi atspind\u0117dami kiekvien\u0105 j\u016bs\u0173 judes\u012f. Derinant precizi\u0161k\u0105 juvelyrikos meitri\u0161kum\u0105 ir i\u0161grynint\u0105 dizain\u0105, sukuriamas \u0161is papuo\u0161alas, kuris traukia ak\u012f, bet i\u0161lieka subtilus ir klasikinis. Tai universalus aksesuaras, kuris pabr\u0117\u0161 tiek kasdien\u012f stili\u0173, tiek ypating\u0173 prog\u0173 \u012fvaizd\u012f, leisdamas kiekvienai moteriai spind\u0117ti savo elegancija.<\/span><\/p>\n","protected":false},"featured_media":14875,"template":"","meta":{"site-sidebar-layout":"default","site-content-layout":"","ast-site-content-layout":"default","site-content-style":"default","site-sidebar-style":"default","ast-global-header-display":"","ast-banner-title-visibility":"","ast-main-header-display":"","ast-hfb-above-header-display":"","ast-hfb-below-header-display":"","ast-hfb-mobile-header-display":"","site-post-title":"","ast-breadcrumbs-content":"","ast-featured-img":"","footer-sml-layout":"","theme-transparent-header-meta":"default","adv-header-id-meta":"","stick-header-meta":"","header-above-stick-meta":"","header-main-stick-meta":"","header-below-stick-meta":"","astra-migrate-meta-layouts":"set","ast-page-background-enabled":"default","ast-page-background-meta":{"desktop":{"background-color":"var(--ast-global-color-4)","background-image":"","background-repeat":"repeat","background-position":"center center","background-size":"auto","background-attachment":"scroll","background-type":"","background-media":"","overlay-type":"","overlay-color":"","overlay-opacity":"","overlay-gradient":""},"tablet":{"background-color":"","background-image":"","background-repeat":"repeat","background-position":"center center","background-size":"auto","background-attachment":"scroll","background-type":"","background-media":"","overlay-type":"","overlay-color":"","overlay-opacity":"","overlay-gradient":""},"mobile":{"background-color":"","background-image":"","background-repeat":"repeat","background-position":"center center","background-size":"auto","background-attachment":"scroll","background-type":"","background-media":"","overlay-type":"","overlay-color":"","overlay-opacity":"","overlay-gradient":""}},"ast-content-background-meta":{"desktop":{"background-color":"var(--ast-global-color-5)","background-image":"","background-repeat":"repeat","background-position":"center center","background-size":"auto","background-attachment":"scroll","background-type":"","background-media":"","overlay-type":"","overlay-color":"","overlay-opacity":"","overlay-gradient":""},"tablet":{"background-color":"var(--ast-global-color-5)","background-image":"","background-repeat":"repeat","background-position":"center center","background-size":"auto","background-attachment":"scroll","background-type":"","background-media":"","overlay-type":"","overlay-color":"","overlay-opacity":"","overlay-gradient":""},"mobile":{"background-color":"var(--ast-global-color-5)","background-image":"","background-repeat":"repeat","background-position":"center center","background-size":"auto","background-attachment":"scroll","background-type":"","background-media":"","overlay-type":"","overlay-color":"","overlay-opacity":"","overlay-gradient":""}}},"product_brand":[],"product_cat":[132,135,63,72],"product_tag":[],"class_list":{"0":"post-30181","1":"product","2":"type-product","3":"status-publish","4":"has-post-thumbnail","6":"product_cat-apyrankes-su-deimantais","7":"product_cat-dovanu-idejos","8":"product_cat-juvelyrika","9":"product_cat-juvelyrika-moterims","10":"desktop-align-center","11":"tablet-align-left","12":"mobile-align-left","13":"ast-product-gallery-layout-horizontal-slider","14":"ast-product-single-variable","15":"ast-product-tabs-layout-accordion","16":"ast-qv-on-image","18":"first","19":"instock","20":"taxable","21":"shipping-taxable","22":"purchasable","23":"product-type-variable"},"yoast_head":"<!-- This site is optimized with the Yoast SEO plugin v26.6 - https:\/\/yoast.com\/wordpress\/plugins\/seo\/ -->\n<title>Apyrank\u0117 su deimantais - ROUND deimantai (5.00 ct)<\/title>\n<meta name=\"description\" content=\"Apyrank\u0117 su deimantais \u2013 subtiliai spindintis aksesuaras su apvalios formos deimantais, tinkantis tiek kiekvienai dienai, tiek i\u0161kirtin\u0117mis progomis.\" \/>\n<meta name=\"robots\" content=\"index, follow, max-snippet:-1, max-image-preview:large, max-video-preview:-1\" \/>\n<link rel=\"canonical\" href=\"https:\/\/topdiamonds.online\/et\/papuosalas\/apyranke-su-deimantais-round-deimantai-5-00-ct\/\" \/>\n<meta property=\"og:locale\" content=\"et_EE\" \/>\n<meta property=\"og:type\" content=\"article\" \/>\n<meta property=\"og:title\" content=\"Apyrank\u0117 su deimantais - ROUND deimantai (5.00 ct)\" \/>\n<meta property=\"og:description\" content=\"Apyrank\u0117 su deimantais \u2013 subtiliai spindintis aksesuaras su apvalios formos deimantais, tinkantis tiek kiekvienai dienai, tiek i\u0161kirtin\u0117mis progomis.\" \/>\n<meta property=\"og:url\" content=\"https:\/\/topdiamonds.online\/et\/papuosalas\/apyranke-su-deimantais-round-deimantai-5-00-ct\/\" \/>\n<meta property=\"og:site_name\" content=\"Topdiamonds Online\" \/>\n<meta property=\"article:modified_time\" content=\"2025-08-06T12:02:49+00:00\" \/>\n<meta property=\"og:image\" content=\"https:\/\/topdiamonds.online\/wp-content\/uploads\/2025\/05\/Apyranke-su-deimantais-ROUND-DEIMANTAI-12-1.png\" \/>\n\t<meta property=\"og:image:width\" content=\"800\" \/>\n\t<meta property=\"og:image:height\" content=\"800\" \/>\n\t<meta property=\"og:image:type\" content=\"image\/png\" \/>\n<meta name=\"twitter:card\" content=\"summary_large_image\" \/>\n<meta name=\"twitter:label1\" content=\"Est. reading time\" \/>\n\t<meta name=\"twitter:data1\" content=\"2 minutit\" \/>\n<script type=\"application\/ld+json\" class=\"yoast-schema-graph\">{\"@context\":\"https:\/\/schema.org\",\"@graph\":[{\"@type\":\"WebPage\",\"@id\":\"https:\/\/topdiamonds.online\/et\/papuosalas\/apyranke-su-deimantais-round-deimantai-5-00-ct\/\",\"url\":\"https:\/\/topdiamonds.online\/et\/papuosalas\/apyranke-su-deimantais-round-deimantai-5-00-ct\/\",\"name\":\"Apyrank\u0117 su deimantais - ROUND deimantai (5.00 ct)\",\"isPartOf\":{\"@id\":\"https:\/\/topdiamonds.online\/et\/#website\"},\"primaryImageOfPage\":{\"@id\":\"https:\/\/topdiamonds.online\/et\/papuosalas\/apyranke-su-deimantais-round-deimantai-5-00-ct\/#primaryimage\"},\"image\":{\"@id\":\"https:\/\/topdiamonds.online\/et\/papuosalas\/apyranke-su-deimantais-round-deimantai-5-00-ct\/#primaryimage\"},\"thumbnailUrl\":\"https:\/\/topdiamonds.online\/wp-content\/uploads\/2025\/05\/Apyranke-su-deimantais-ROUND-DEIMANTAI-12-1.png\",\"datePublished\":\"2025-08-06T12:00:29+00:00\",\"dateModified\":\"2025-08-06T12:02:49+00:00\",\"description\":\"Apyrank\u0117 su deimantais \u2013 subtiliai spindintis aksesuaras su apvalios formos deimantais, tinkantis tiek kiekvienai dienai, tiek i\u0161kirtin\u0117mis progomis.\",\"breadcrumb\":{\"@id\":\"https:\/\/topdiamonds.online\/et\/papuosalas\/apyranke-su-deimantais-round-deimantai-5-00-ct\/#breadcrumb\"},\"inLanguage\":\"et\",\"potentialAction\":[{\"@type\":\"ReadAction\",\"target\":[\"https:\/\/topdiamonds.online\/et\/papuosalas\/apyranke-su-deimantais-round-deimantai-5-00-ct\/\"]}]},{\"@type\":\"ImageObject\",\"inLanguage\":\"et\",\"@id\":\"https:\/\/topdiamonds.online\/et\/papuosalas\/apyranke-su-deimantais-round-deimantai-5-00-ct\/#primaryimage\",\"url\":\"https:\/\/topdiamonds.online\/wp-content\/uploads\/2025\/05\/Apyranke-su-deimantais-ROUND-DEIMANTAI-12-1.png\",\"contentUrl\":\"https:\/\/topdiamonds.online\/wp-content\/uploads\/2025\/05\/Apyranke-su-deimantais-ROUND-DEIMANTAI-12-1.png\",\"width\":800,\"height\":800,\"caption\":\"aprank\u0117 su deimantais (round cut) i\u0161 platinos\"},{\"@type\":\"BreadcrumbList\",\"@id\":\"https:\/\/topdiamonds.online\/et\/papuosalas\/apyranke-su-deimantais-round-deimantai-5-00-ct\/#breadcrumb\",\"itemListElement\":[{\"@type\":\"ListItem\",\"position\":1,\"name\":\"Home\",\"item\":\"https:\/\/topdiamonds.online\/et\/\"},{\"@type\":\"ListItem\",\"position\":2,\"name\":\"Shop\",\"item\":\"https:\/\/topdiamonds.online\/shop-2\/\"},{\"@type\":\"ListItem\",\"position\":3,\"name\":\"Apyrank\u0117 su deimantais &#8211; ROUND DEIMANTAI (5.00 ct)\"}]},{\"@type\":\"WebSite\",\"@id\":\"https:\/\/topdiamonds.online\/et\/#website\",\"url\":\"https:\/\/topdiamonds.online\/et\/\",\"name\":\"Topdiamonds Online\",\"description\":\"Juvelyrikos namai\",\"publisher\":{\"@id\":\"https:\/\/topdiamonds.online\/et\/#organization\"},\"potentialAction\":[{\"@type\":\"SearchAction\",\"target\":{\"@type\":\"EntryPoint\",\"urlTemplate\":\"https:\/\/topdiamonds.online\/et\/?s={search_term_string}\"},\"query-input\":{\"@type\":\"PropertyValueSpecification\",\"valueRequired\":true,\"valueName\":\"search_term_string\"}}],\"inLanguage\":\"et\"},{\"@type\":\"Organization\",\"@id\":\"https:\/\/topdiamonds.online\/et\/#organization\",\"name\":\"Topdiamonds Online\",\"url\":\"https:\/\/topdiamonds.online\/et\/\",\"logo\":{\"@type\":\"ImageObject\",\"inLanguage\":\"et\",\"@id\":\"https:\/\/topdiamonds.online\/et\/#\/schema\/logo\/image\/\",\"url\":\"https:\/\/topdiamonds.online\/wp-content\/uploads\/2025\/03\/cropped-logo.png\",\"contentUrl\":\"https:\/\/topdiamonds.online\/wp-content\/uploads\/2025\/03\/cropped-logo.png\",\"width\":690,\"height\":126,\"caption\":\"Topdiamonds Online\"},\"image\":{\"@id\":\"https:\/\/topdiamonds.online\/et\/#\/schema\/logo\/image\/\"}}]}<\/script>\n<!-- \/ Yoast SEO plugin. -->","yoast_head_json":{"title":"Apyrank\u0117 su deimantais - ROUND deimantai (5.00 ct)","description":"Apyrank\u0117 su deimantais \u2013 subtiliai spindintis aksesuaras su apvalios formos deimantais, tinkantis tiek kiekvienai dienai, tiek i\u0161kirtin\u0117mis progomis.","robots":{"index":"index","follow":"follow","max-snippet":"max-snippet:-1","max-image-preview":"max-image-preview:large","max-video-preview":"max-video-preview:-1"},"canonical":"https:\/\/topdiamonds.online\/et\/papuosalas\/apyranke-su-deimantais-round-deimantai-5-00-ct\/","og_locale":"et_EE","og_type":"article","og_title":"Apyrank\u0117 su deimantais - ROUND deimantai (5.00 ct)","og_description":"Apyrank\u0117 su deimantais \u2013 subtiliai spindintis aksesuaras su apvalios formos deimantais, tinkantis tiek kiekvienai dienai, tiek i\u0161kirtin\u0117mis progomis.","og_url":"https:\/\/topdiamonds.online\/et\/papuosalas\/apyranke-su-deimantais-round-deimantai-5-00-ct\/","og_site_name":"Topdiamonds Online","article_modified_time":"2025-08-06T12:02:49+00:00","og_image":[{"width":800,"height":800,"url":"https:\/\/topdiamonds.online\/wp-content\/uploads\/2025\/05\/Apyranke-su-deimantais-ROUND-DEIMANTAI-12-1.png","type":"image\/png"}],"twitter_card":"summary_large_image","twitter_misc":{"Est. reading time":"2 minutit"},"schema":{"@context":"https:\/\/schema.org","@graph":[{"@type":"WebPage","@id":"https:\/\/topdiamonds.online\/et\/papuosalas\/apyranke-su-deimantais-round-deimantai-5-00-ct\/","url":"https:\/\/topdiamonds.online\/et\/papuosalas\/apyranke-su-deimantais-round-deimantai-5-00-ct\/","name":"Apyrank\u0117 su deimantais - ROUND deimantai (5.00 ct)","isPartOf":{"@id":"https:\/\/topdiamonds.online\/et\/#website"},"primaryImageOfPage":{"@id":"https:\/\/topdiamonds.online\/et\/papuosalas\/apyranke-su-deimantais-round-deimantai-5-00-ct\/#primaryimage"},"image":{"@id":"https:\/\/topdiamonds.online\/et\/papuosalas\/apyranke-su-deimantais-round-deimantai-5-00-ct\/#primaryimage"},"thumbnailUrl":"https:\/\/topdiamonds.online\/wp-content\/uploads\/2025\/05\/Apyranke-su-deimantais-ROUND-DEIMANTAI-12-1.png","datePublished":"2025-08-06T12:00:29+00:00","dateModified":"2025-08-06T12:02:49+00:00","description":"Apyrank\u0117 su deimantais \u2013 subtiliai spindintis aksesuaras su apvalios formos deimantais, tinkantis tiek kiekvienai dienai, tiek i\u0161kirtin\u0117mis progomis.","breadcrumb":{"@id":"https:\/\/topdiamonds.online\/et\/papuosalas\/apyranke-su-deimantais-round-deimantai-5-00-ct\/#breadcrumb"},"inLanguage":"et","potentialAction":[{"@type":"ReadAction","target":["https:\/\/topdiamonds.online\/et\/papuosalas\/apyranke-su-deimantais-round-deimantai-5-00-ct\/"]}]},{"@type":"ImageObject","inLanguage":"et","@id":"https:\/\/topdiamonds.online\/et\/papuosalas\/apyranke-su-deimantais-round-deimantai-5-00-ct\/#primaryimage","url":"https:\/\/topdiamonds.online\/wp-content\/uploads\/2025\/05\/Apyranke-su-deimantais-ROUND-DEIMANTAI-12-1.png","contentUrl":"https:\/\/topdiamonds.online\/wp-content\/uploads\/2025\/05\/Apyranke-su-deimantais-ROUND-DEIMANTAI-12-1.png","width":800,"height":800,"caption":"aprank\u0117 su deimantais (round cut) i\u0161 platinos"},{"@type":"BreadcrumbList","@id":"https:\/\/topdiamonds.online\/et\/papuosalas\/apyranke-su-deimantais-round-deimantai-5-00-ct\/#breadcrumb","itemListElement":[{"@type":"ListItem","position":1,"name":"Home","item":"https:\/\/topdiamonds.online\/et\/"},{"@type":"ListItem","position":2,"name":"Shop","item":"https:\/\/topdiamonds.online\/shop-2\/"},{"@type":"ListItem","position":3,"name":"Apyrank\u0117 su deimantais &#8211; ROUND DEIMANTAI (5.00 ct)"}]},{"@type":"WebSite","@id":"https:\/\/topdiamonds.online\/et\/#website","url":"https:\/\/topdiamonds.online\/et\/","name":"Topdiamonds Online","description":"Juvelyrikos namai","publisher":{"@id":"https:\/\/topdiamonds.online\/et\/#organization"},"potentialAction":[{"@type":"SearchAction","target":{"@type":"EntryPoint","urlTemplate":"https:\/\/topdiamonds.online\/et\/?s={search_term_string}"},"query-input":{"@type":"PropertyValueSpecification","valueRequired":true,"valueName":"search_term_string"}}],"inLanguage":"et"},{"@type":"Organization","@id":"https:\/\/topdiamonds.online\/et\/#organization","name":"Topdiamonds Online","url":"https:\/\/topdiamonds.online\/et\/","logo":{"@type":"ImageObject","inLanguage":"et","@id":"https:\/\/topdiamonds.online\/et\/#\/schema\/logo\/image\/","url":"https:\/\/topdiamonds.online\/wp-content\/uploads\/2025\/03\/cropped-logo.png","contentUrl":"https:\/\/topdiamonds.online\/wp-content\/uploads\/2025\/03\/cropped-logo.png","width":690,"height":126,"caption":"Topdiamonds Online"},"image":{"@id":"https:\/\/topdiamonds.online\/et\/#\/schema\/logo\/image\/"}}]}},"_links":{"self":[{"href":"https:\/\/topdiamonds.online\/et\/wp-json\/wp\/v2\/product\/30181","targetHints":{"allow":["GET"]}}],"collection":[{"href":"https:\/\/topdiamonds.online\/et\/wp-json\/wp\/v2\/product"}],"about":[{"href":"https:\/\/topdiamonds.online\/et\/wp-json\/wp\/v2\/types\/product"}],"version-history":[{"count":0,"href":"https:\/\/topdiamonds.online\/et\/wp-json\/wp\/v2\/product\/30181\/revisions"}],"wp:featuredmedia":[{"embeddable":true,"href":"https:\/\/topdiamonds.online\/et\/wp-json\/wp\/v2\/media\/14875"}],"wp:attachment":[{"href":"https:\/\/topdiamonds.online\/et\/wp-json\/wp\/v2\/media?parent=30181"}],"wp:term":[{"taxonomy":"product_brand","embeddable":true,"href":"https:\/\/topdiamonds.online\/et\/wp-json\/wp\/v2\/product_brand?post=30181"},{"taxonomy":"product_cat","embeddable":true,"href":"https:\/\/topdiamonds.online\/et\/wp-json\/wp\/v2\/product_cat?post=30181"},{"taxonomy":"product_tag","embeddable":true,"href":"https:\/\/topdiamonds.online\/et\/wp-json\/wp\/v2\/product_tag?post=30181"}],"curies":[{"name":"wp","href":"https:\/\/api.w.org\/{rel}","templated":true}]}}