{"id":19900,"date":"2025-06-16T07:28:43","date_gmt":"2025-06-16T07:28:43","guid":{"rendered":"https:\/\/topdiamonds.online\/?post_type=product&#038;p=19900"},"modified":"2025-09-22T12:19:05","modified_gmt":"2025-09-22T12:19:05","slug":"ziedo-dydzio-matuoklis","status":"publish","type":"product","link":"https:\/\/topdiamonds.online\/et\/papuosalas\/ziedo-dydzio-matuoklis\/","title":{"rendered":"\u017dIEDO DYD\u017dIO MATUOKLIS"},"content":{"rendered":"<h2><strong>\u017diedo dyd\u017eio matuoklis \u2013 tikslus matavimas namuose<\/strong><\/h2>\n<p>\u0160is matuoklis leid\u017eia greitai ir tiksliai i\u0161matuoti pir\u0161to dyd\u012f nam\u0173 s\u0105lygomis. Naudojant ai\u0161kiai pa\u017eym\u0117t\u0105 skal\u0119, gal\u0117site lengvai nustatyti \u017eiedo dyd\u012f pagal tarptautinius standartus (US, UK, EU). Tai ypa\u010d naudinga, jei planuojate \u012fsigyti \u017eied\u0105 internetu ar norite nustebinti artim\u0105 \u017emog\u0173, ne\u017einodami tikslaus jo dyd\u017eio.<br \/>\n\u017diedo dyd\u017eio nustatymo rinkinys yra paprastas ir patogus naudoti, tinka tiek moterims, tiek vyrams. Juo galima i\u0161matuoti \u012fvairius dyd\u017eius, nuo labai ma\u017e\u0173 iki dideli\u0173, tod\u0117l pravers visiems. Ai\u0161ki, lengvai skaitoma skal\u0117 nesukels abejoni\u0173, o d\u0117l lengvo ir kompakti\u0161ko dizaino matuokl\u012f patogu laikyti namuose ar pasiimti su savimi.<\/p>\n<h2>Privalumai:<\/h2>\n<p>&#8211; Padeda i\u0161vengti netinkamo dyd\u017eio \u017eiedo gr\u0105\u017einimo ar keitimo.<br \/>\n&#8211; Puikus \u012frankis ruo\u0161iantis su\u017ead\u0117tuvi\u0173 ar kitai svarbiai progai.<br \/>\n&#8211; Idealu tur\u0117ti savo juvelyrikos kolekcijoje ar naudoti profesionaliai.<\/p>\n<h2>Naudojimo instrukcija:<\/h2>\n<p>1. U\u017ed\u0117kite matuokl\u012f ant pasirinkto pir\u0161to.<br \/>\n2. \u0160velniai suver\u017ekite, kol matuoklis patogiai priglus, bet nespaus.<br \/>\n3. U\u017efiksuokite pozicij\u0105 ir perskaitykite dyd\u012f.<br \/>\n<strong>Svarbu:<\/strong> rekomenduojama matuoti vakare, kai pir\u0161tai nat\u016braliai \u0161iek tiek i\u0161siple\u010dia, kad rezultatas b\u016bt\u0173 kuo tikslesnis.<\/p>\n<p>Atraskite patog\u0173 ir patikim\u0105 b\u016bd\u0105 tiksliai nustatyti \u017eiedo dyd\u012f \u2013 tiek sau, tiek artimiesiems su <a href=\"https:\/\/topdiamonds.online\/\" target=\"_blank\" rel=\"noopener\">TopDiamonds.Online<\/a>.<\/p>\n","protected":false},"excerpt":{"rendered":"<p>\u017diedo dyd\u017eio matuoklis \u2013 tikslus matavimas namuose \u0160is matuoklis leid\u017eia greitai ir tiksliai i\u0161matuoti pir\u0161to dyd\u012f nam\u0173 s\u0105lygomis. Naudojant ai\u0161kiai [&hellip;]<\/p>\n","protected":false},"featured_media":19901,"template":"","meta":{"site-sidebar-layout":"default","site-content-layout":"","ast-site-content-layout":"default","site-content-style":"default","site-sidebar-style":"default","ast-global-header-display":"","ast-banner-title-visibility":"","ast-main-header-display":"","ast-hfb-above-header-display":"","ast-hfb-below-header-display":"","ast-hfb-mobile-header-display":"","site-post-title":"","ast-breadcrumbs-content":"","ast-featured-img":"","footer-sml-layout":"","theme-transparent-header-meta":"default","adv-header-id-meta":"","stick-header-meta":"","header-above-stick-meta":"","header-main-stick-meta":"","header-below-stick-meta":"","astra-migrate-meta-layouts":"set","ast-page-background-enabled":"default","ast-page-background-meta":{"desktop":{"background-color":"var(--ast-global-color-4)","background-image":"","background-repeat":"repeat","background-position":"center center","background-size":"auto","background-attachment":"scroll","background-type":"","background-media":"","overlay-type":"","overlay-color":"","overlay-opacity":"","overlay-gradient":""},"tablet":{"background-color":"","background-image":"","background-repeat":"repeat","background-position":"center center","background-size":"auto","background-attachment":"scroll","background-type":"","background-media":"","overlay-type":"","overlay-color":"","overlay-opacity":"","overlay-gradient":""},"mobile":{"background-color":"","background-image":"","background-repeat":"repeat","background-position":"center center","background-size":"auto","background-attachment":"scroll","background-type":"","background-media":"","overlay-type":"","overlay-color":"","overlay-opacity":"","overlay-gradient":""}},"ast-content-background-meta":{"desktop":{"background-color":"var(--ast-global-color-5)","background-image":"","background-repeat":"repeat","background-position":"center center","background-size":"auto","background-attachment":"scroll","background-type":"","background-media":"","overlay-type":"","overlay-color":"","overlay-opacity":"","overlay-gradient":""},"tablet":{"background-color":"var(--ast-global-color-5)","background-image":"","background-repeat":"repeat","background-position":"center center","background-size":"auto","background-attachment":"scroll","background-type":"","background-media":"","overlay-type":"","overlay-color":"","overlay-opacity":"","overlay-gradient":""},"mobile":{"background-color":"var(--ast-global-color-5)","background-image":"","background-repeat":"repeat","background-position":"center center","background-size":"auto","background-attachment":"scroll","background-type":"","background-media":"","overlay-type":"","overlay-color":"","overlay-opacity":"","overlay-gradient":""}}},"product_brand":[],"product_cat":[99],"product_tag":[],"class_list":{"0":"post-19900","1":"product","2":"type-product","3":"status-publish","4":"has-post-thumbnail","6":"product_cat-ziedu-matavimui","7":"desktop-align-center","8":"tablet-align-left","9":"mobile-align-left","10":"ast-product-gallery-layout-horizontal-slider","11":"ast-product-tabs-layout-accordion","12":"ast-qv-on-image","14":"first","15":"instock","16":"taxable","17":"shipping-taxable","18":"purchasable","19":"product-type-simple"},"yoast_head":"<!-- This site is optimized with the Yoast SEO plugin v26.6 - https:\/\/yoast.com\/wordpress\/plugins\/seo\/ -->\n<title>\u017diedo dyd\u017eio matuoklis - Dyd\u017eio nustatymo rinkinys<\/title>\n<meta name=\"description\" content=\"Supaprastink savo \u017eiedo dyd\u017eio matavim\u0105 namuose \u2013 gaukite tikslius duomenis, i\u0161vengdami popierini\u0173 improvizacij\u0173 ir \u201e\u012fvertinim\u0173 i\u0161 ausies\u201c.\" \/>\n<meta name=\"robots\" content=\"index, follow, max-snippet:-1, max-image-preview:large, max-video-preview:-1\" \/>\n<link rel=\"canonical\" href=\"https:\/\/topdiamonds.online\/et\/papuosalas\/ziedo-dydzio-matuoklis\/\" \/>\n<meta property=\"og:locale\" content=\"et_EE\" \/>\n<meta property=\"og:type\" content=\"article\" \/>\n<meta property=\"og:title\" content=\"\u017diedo dyd\u017eio matuoklis - Dyd\u017eio nustatymo rinkinys\" \/>\n<meta property=\"og:description\" content=\"Supaprastink savo \u017eiedo dyd\u017eio matavim\u0105 namuose \u2013 gaukite tikslius duomenis, i\u0161vengdami popierini\u0173 improvizacij\u0173 ir \u201e\u012fvertinim\u0173 i\u0161 ausies\u201c.\" \/>\n<meta property=\"og:url\" content=\"https:\/\/topdiamonds.online\/et\/papuosalas\/ziedo-dydzio-matuoklis\/\" \/>\n<meta property=\"og:site_name\" content=\"Topdiamonds Online\" \/>\n<meta property=\"article:modified_time\" content=\"2025-09-22T12:19:05+00:00\" \/>\n<meta property=\"og:image\" content=\"https:\/\/topdiamonds.online\/wp-content\/uploads\/2025\/06\/ziedo-dydzio-matuoklis.jpg\" \/>\n\t<meta property=\"og:image:width\" content=\"800\" \/>\n\t<meta property=\"og:image:height\" content=\"800\" \/>\n\t<meta property=\"og:image:type\" content=\"image\/jpeg\" \/>\n<meta name=\"twitter:card\" content=\"summary_large_image\" \/>\n<meta name=\"twitter:label1\" content=\"Est. reading time\" \/>\n\t<meta name=\"twitter:data1\" content=\"2 minutit\" \/>\n<script type=\"application\/ld+json\" class=\"yoast-schema-graph\">{\"@context\":\"https:\/\/schema.org\",\"@graph\":[{\"@type\":\"WebPage\",\"@id\":\"https:\/\/topdiamonds.online\/et\/papuosalas\/ziedo-dydzio-matuoklis\/\",\"url\":\"https:\/\/topdiamonds.online\/et\/papuosalas\/ziedo-dydzio-matuoklis\/\",\"name\":\"\u017diedo dyd\u017eio matuoklis - Dyd\u017eio nustatymo rinkinys\",\"isPartOf\":{\"@id\":\"https:\/\/topdiamonds.online\/et\/#website\"},\"primaryImageOfPage\":{\"@id\":\"https:\/\/topdiamonds.online\/et\/papuosalas\/ziedo-dydzio-matuoklis\/#primaryimage\"},\"image\":{\"@id\":\"https:\/\/topdiamonds.online\/et\/papuosalas\/ziedo-dydzio-matuoklis\/#primaryimage\"},\"thumbnailUrl\":\"https:\/\/topdiamonds.online\/wp-content\/uploads\/2025\/06\/ziedo-dydzio-matuoklis.jpg\",\"datePublished\":\"2025-06-16T07:28:43+00:00\",\"dateModified\":\"2025-09-22T12:19:05+00:00\",\"description\":\"Supaprastink savo \u017eiedo dyd\u017eio matavim\u0105 namuose \u2013 gaukite tikslius duomenis, i\u0161vengdami popierini\u0173 improvizacij\u0173 ir \u201e\u012fvertinim\u0173 i\u0161 ausies\u201c.\",\"breadcrumb\":{\"@id\":\"https:\/\/topdiamonds.online\/et\/papuosalas\/ziedo-dydzio-matuoklis\/#breadcrumb\"},\"inLanguage\":\"et\",\"potentialAction\":[{\"@type\":\"ReadAction\",\"target\":[\"https:\/\/topdiamonds.online\/et\/papuosalas\/ziedo-dydzio-matuoklis\/\"]}]},{\"@type\":\"ImageObject\",\"inLanguage\":\"et\",\"@id\":\"https:\/\/topdiamonds.online\/et\/papuosalas\/ziedo-dydzio-matuoklis\/#primaryimage\",\"url\":\"https:\/\/topdiamonds.online\/wp-content\/uploads\/2025\/06\/ziedo-dydzio-matuoklis.jpg\",\"contentUrl\":\"https:\/\/topdiamonds.online\/wp-content\/uploads\/2025\/06\/ziedo-dydzio-matuoklis.jpg\",\"width\":800,\"height\":800,\"caption\":\"\u017diedo dyd\u017eio matuoklis\"},{\"@type\":\"BreadcrumbList\",\"@id\":\"https:\/\/topdiamonds.online\/et\/papuosalas\/ziedo-dydzio-matuoklis\/#breadcrumb\",\"itemListElement\":[{\"@type\":\"ListItem\",\"position\":1,\"name\":\"Home\",\"item\":\"https:\/\/topdiamonds.online\/et\/\"},{\"@type\":\"ListItem\",\"position\":2,\"name\":\"Shop\",\"item\":\"https:\/\/topdiamonds.online\/shop-2\/\"},{\"@type\":\"ListItem\",\"position\":3,\"name\":\"\u017dIEDO DYD\u017dIO MATUOKLIS\"}]},{\"@type\":\"WebSite\",\"@id\":\"https:\/\/topdiamonds.online\/et\/#website\",\"url\":\"https:\/\/topdiamonds.online\/et\/\",\"name\":\"Topdiamonds Online\",\"description\":\"Juvelyrikos namai\",\"publisher\":{\"@id\":\"https:\/\/topdiamonds.online\/et\/#organization\"},\"potentialAction\":[{\"@type\":\"SearchAction\",\"target\":{\"@type\":\"EntryPoint\",\"urlTemplate\":\"https:\/\/topdiamonds.online\/et\/?s={search_term_string}\"},\"query-input\":{\"@type\":\"PropertyValueSpecification\",\"valueRequired\":true,\"valueName\":\"search_term_string\"}}],\"inLanguage\":\"et\"},{\"@type\":\"Organization\",\"@id\":\"https:\/\/topdiamonds.online\/et\/#organization\",\"name\":\"Topdiamonds Online\",\"url\":\"https:\/\/topdiamonds.online\/et\/\",\"logo\":{\"@type\":\"ImageObject\",\"inLanguage\":\"et\",\"@id\":\"https:\/\/topdiamonds.online\/et\/#\/schema\/logo\/image\/\",\"url\":\"https:\/\/topdiamonds.online\/wp-content\/uploads\/2025\/03\/cropped-logo.png\",\"contentUrl\":\"https:\/\/topdiamonds.online\/wp-content\/uploads\/2025\/03\/cropped-logo.png\",\"width\":690,\"height\":126,\"caption\":\"Topdiamonds Online\"},\"image\":{\"@id\":\"https:\/\/topdiamonds.online\/et\/#\/schema\/logo\/image\/\"}}]}<\/script>\n<!-- \/ Yoast SEO plugin. -->","yoast_head_json":{"title":"\u017diedo dyd\u017eio matuoklis - Dyd\u017eio nustatymo rinkinys","description":"Supaprastink savo \u017eiedo dyd\u017eio matavim\u0105 namuose \u2013 gaukite tikslius duomenis, i\u0161vengdami popierini\u0173 improvizacij\u0173 ir \u201e\u012fvertinim\u0173 i\u0161 ausies\u201c.","robots":{"index":"index","follow":"follow","max-snippet":"max-snippet:-1","max-image-preview":"max-image-preview:large","max-video-preview":"max-video-preview:-1"},"canonical":"https:\/\/topdiamonds.online\/et\/papuosalas\/ziedo-dydzio-matuoklis\/","og_locale":"et_EE","og_type":"article","og_title":"\u017diedo dyd\u017eio matuoklis - Dyd\u017eio nustatymo rinkinys","og_description":"Supaprastink savo \u017eiedo dyd\u017eio matavim\u0105 namuose \u2013 gaukite tikslius duomenis, i\u0161vengdami popierini\u0173 improvizacij\u0173 ir \u201e\u012fvertinim\u0173 i\u0161 ausies\u201c.","og_url":"https:\/\/topdiamonds.online\/et\/papuosalas\/ziedo-dydzio-matuoklis\/","og_site_name":"Topdiamonds Online","article_modified_time":"2025-09-22T12:19:05+00:00","og_image":[{"width":800,"height":800,"url":"https:\/\/topdiamonds.online\/wp-content\/uploads\/2025\/06\/ziedo-dydzio-matuoklis.jpg","type":"image\/jpeg"}],"twitter_card":"summary_large_image","twitter_misc":{"Est. reading time":"2 minutit"},"schema":{"@context":"https:\/\/schema.org","@graph":[{"@type":"WebPage","@id":"https:\/\/topdiamonds.online\/et\/papuosalas\/ziedo-dydzio-matuoklis\/","url":"https:\/\/topdiamonds.online\/et\/papuosalas\/ziedo-dydzio-matuoklis\/","name":"\u017diedo dyd\u017eio matuoklis - Dyd\u017eio nustatymo rinkinys","isPartOf":{"@id":"https:\/\/topdiamonds.online\/et\/#website"},"primaryImageOfPage":{"@id":"https:\/\/topdiamonds.online\/et\/papuosalas\/ziedo-dydzio-matuoklis\/#primaryimage"},"image":{"@id":"https:\/\/topdiamonds.online\/et\/papuosalas\/ziedo-dydzio-matuoklis\/#primaryimage"},"thumbnailUrl":"https:\/\/topdiamonds.online\/wp-content\/uploads\/2025\/06\/ziedo-dydzio-matuoklis.jpg","datePublished":"2025-06-16T07:28:43+00:00","dateModified":"2025-09-22T12:19:05+00:00","description":"Supaprastink savo \u017eiedo dyd\u017eio matavim\u0105 namuose \u2013 gaukite tikslius duomenis, i\u0161vengdami popierini\u0173 improvizacij\u0173 ir \u201e\u012fvertinim\u0173 i\u0161 ausies\u201c.","breadcrumb":{"@id":"https:\/\/topdiamonds.online\/et\/papuosalas\/ziedo-dydzio-matuoklis\/#breadcrumb"},"inLanguage":"et","potentialAction":[{"@type":"ReadAction","target":["https:\/\/topdiamonds.online\/et\/papuosalas\/ziedo-dydzio-matuoklis\/"]}]},{"@type":"ImageObject","inLanguage":"et","@id":"https:\/\/topdiamonds.online\/et\/papuosalas\/ziedo-dydzio-matuoklis\/#primaryimage","url":"https:\/\/topdiamonds.online\/wp-content\/uploads\/2025\/06\/ziedo-dydzio-matuoklis.jpg","contentUrl":"https:\/\/topdiamonds.online\/wp-content\/uploads\/2025\/06\/ziedo-dydzio-matuoklis.jpg","width":800,"height":800,"caption":"\u017diedo dyd\u017eio matuoklis"},{"@type":"BreadcrumbList","@id":"https:\/\/topdiamonds.online\/et\/papuosalas\/ziedo-dydzio-matuoklis\/#breadcrumb","itemListElement":[{"@type":"ListItem","position":1,"name":"Home","item":"https:\/\/topdiamonds.online\/et\/"},{"@type":"ListItem","position":2,"name":"Shop","item":"https:\/\/topdiamonds.online\/shop-2\/"},{"@type":"ListItem","position":3,"name":"\u017dIEDO DYD\u017dIO MATUOKLIS"}]},{"@type":"WebSite","@id":"https:\/\/topdiamonds.online\/et\/#website","url":"https:\/\/topdiamonds.online\/et\/","name":"Topdiamonds Online","description":"Juvelyrikos namai","publisher":{"@id":"https:\/\/topdiamonds.online\/et\/#organization"},"potentialAction":[{"@type":"SearchAction","target":{"@type":"EntryPoint","urlTemplate":"https:\/\/topdiamonds.online\/et\/?s={search_term_string}"},"query-input":{"@type":"PropertyValueSpecification","valueRequired":true,"valueName":"search_term_string"}}],"inLanguage":"et"},{"@type":"Organization","@id":"https:\/\/topdiamonds.online\/et\/#organization","name":"Topdiamonds Online","url":"https:\/\/topdiamonds.online\/et\/","logo":{"@type":"ImageObject","inLanguage":"et","@id":"https:\/\/topdiamonds.online\/et\/#\/schema\/logo\/image\/","url":"https:\/\/topdiamonds.online\/wp-content\/uploads\/2025\/03\/cropped-logo.png","contentUrl":"https:\/\/topdiamonds.online\/wp-content\/uploads\/2025\/03\/cropped-logo.png","width":690,"height":126,"caption":"Topdiamonds Online"},"image":{"@id":"https:\/\/topdiamonds.online\/et\/#\/schema\/logo\/image\/"}}]}},"_links":{"self":[{"href":"https:\/\/topdiamonds.online\/et\/wp-json\/wp\/v2\/product\/19900","targetHints":{"allow":["GET"]}}],"collection":[{"href":"https:\/\/topdiamonds.online\/et\/wp-json\/wp\/v2\/product"}],"about":[{"href":"https:\/\/topdiamonds.online\/et\/wp-json\/wp\/v2\/types\/product"}],"version-history":[{"count":0,"href":"https:\/\/topdiamonds.online\/et\/wp-json\/wp\/v2\/product\/19900\/revisions"}],"wp:featuredmedia":[{"embeddable":true,"href":"https:\/\/topdiamonds.online\/et\/wp-json\/wp\/v2\/media\/19901"}],"wp:attachment":[{"href":"https:\/\/topdiamonds.online\/et\/wp-json\/wp\/v2\/media?parent=19900"}],"wp:term":[{"taxonomy":"product_brand","embeddable":true,"href":"https:\/\/topdiamonds.online\/et\/wp-json\/wp\/v2\/product_brand?post=19900"},{"taxonomy":"product_cat","embeddable":true,"href":"https:\/\/topdiamonds.online\/et\/wp-json\/wp\/v2\/product_cat?post=19900"},{"taxonomy":"product_tag","embeddable":true,"href":"https:\/\/topdiamonds.online\/et\/wp-json\/wp\/v2\/product_tag?post=19900"}],"curies":[{"name":"wp","href":"https:\/\/api.w.org\/{rel}","templated":true}]}}