{"id":628,"date":"2024-12-20T23:47:06","date_gmt":"2024-12-20T23:47:06","guid":{"rendered":"http:\/\/localhost:8080\/?post_type=product&#038;p=628"},"modified":"2024-12-21T11:57:29","modified_gmt":"2024-12-21T11:57:29","slug":"ziedas-klaudija","status":"publish","type":"product","link":"https:\/\/topdiamonds.online\/en\/papuosalas\/ziedas-klaudija\/","title":{"rendered":"\u017diedas \u201eKlaudija\u201c"},"content":{"rendered":"<p>Su\u017ead\u0117tuvi\u0173 \u017eiedas \u201eKlaudija\u201c su apvaliu briliantu. \u0160io \u017eiedo r\u0117melis suprojektuotas taip, kad labiausiai i\u0161ry\u0161kint\u0173 brilianto gro\u017e\u012f. Ties centriniu akmeniu r\u0117melis susiaur\u0117ja ir pabr\u0117\u017eia brangakmen\u012f, \u0161e\u0161i brilianto laikikliai pabr\u0117\u017eia akmens apvalum\u0105 ir suteikia g\u0117lyt\u0117s form\u0105. Tobulai atrodo ant rankos.<\/p>\n<p>Galite i\u0161sirinkti norimus brilianto parametrus.<\/p>\n","protected":false},"excerpt":{"rendered":"<p>Su\u017ead\u0117tuvi\u0173 \u017eiedas \u201eKlaudija\u201c su apvaliu briliantu. \u0160io \u017eiedo r\u0117melis suprojektuotas taip, kad labiausiai i\u0161ry\u0161kint\u0173 brilianto gro\u017e\u012f. Ties centriniu akmeniu r\u0117melis [&hellip;]<\/p>\n","protected":false},"featured_media":680,"template":"","meta":{"site-sidebar-layout":"default","site-content-layout":"","ast-site-content-layout":"default","site-content-style":"default","site-sidebar-style":"default","ast-global-header-display":"","ast-banner-title-visibility":"","ast-main-header-display":"","ast-hfb-above-header-display":"","ast-hfb-below-header-display":"","ast-hfb-mobile-header-display":"","site-post-title":"","ast-breadcrumbs-content":"","ast-featured-img":"","footer-sml-layout":"","theme-transparent-header-meta":"default","adv-header-id-meta":"","stick-header-meta":"","header-above-stick-meta":"","header-main-stick-meta":"","header-below-stick-meta":"","astra-migrate-meta-layouts":"set","ast-page-background-enabled":"default","ast-page-background-meta":{"desktop":{"background-color":"var(--ast-global-color-4)","background-image":"","background-repeat":"repeat","background-position":"center center","background-size":"auto","background-attachment":"scroll","background-type":"","background-media":"","overlay-type":"","overlay-color":"","overlay-opacity":"","overlay-gradient":""},"tablet":{"background-color":"","background-image":"","background-repeat":"repeat","background-position":"center center","background-size":"auto","background-attachment":"scroll","background-type":"","background-media":"","overlay-type":"","overlay-color":"","overlay-opacity":"","overlay-gradient":""},"mobile":{"background-color":"","background-image":"","background-repeat":"repeat","background-position":"center center","background-size":"auto","background-attachment":"scroll","background-type":"","background-media":"","overlay-type":"","overlay-color":"","overlay-opacity":"","overlay-gradient":""}},"ast-content-background-meta":{"desktop":{"background-color":"var(--ast-global-color-5)","background-image":"","background-repeat":"repeat","background-position":"center center","background-size":"auto","background-attachment":"scroll","background-type":"","background-media":"","overlay-type":"","overlay-color":"","overlay-opacity":"","overlay-gradient":""},"tablet":{"background-color":"var(--ast-global-color-5)","background-image":"","background-repeat":"repeat","background-position":"center center","background-size":"auto","background-attachment":"scroll","background-type":"","background-media":"","overlay-type":"","overlay-color":"","overlay-opacity":"","overlay-gradient":""},"mobile":{"background-color":"var(--ast-global-color-5)","background-image":"","background-repeat":"repeat","background-position":"center center","background-size":"auto","background-attachment":"scroll","background-type":"","background-media":"","overlay-type":"","overlay-color":"","overlay-opacity":"","overlay-gradient":""}}},"product_brand":[],"product_cat":[40,41],"product_tag":[],"class_list":{"0":"post-628","1":"product","2":"type-product","3":"status-publish","4":"has-post-thumbnail","6":"product_cat-susikurk-savo-papuosala-pats","7":"product_cat-ziedai-su-brangakmeniais","8":"desktop-align-center","9":"tablet-align-left","10":"mobile-align-left","11":"ast-product-gallery-layout-horizontal-slider","12":"ast-product-single-variable","13":"ast-product-tabs-layout-accordion","14":"ast-qv-on-image","16":"first","17":"instock","18":"sold-individually","19":"taxable","20":"shipping-taxable","21":"purchasable","22":"product-type-variable"},"yoast_head":"<!-- This site is optimized with the Yoast SEO plugin v26.6 - https:\/\/yoast.com\/wordpress\/plugins\/seo\/ -->\n<title>\u017diedas \u201eKlaudija\u201c - Topdiamonds Online<\/title>\n<meta name=\"robots\" content=\"index, follow, max-snippet:-1, max-image-preview:large, max-video-preview:-1\" \/>\n<link rel=\"canonical\" href=\"https:\/\/topdiamonds.online\/en\/papuosalas\/ziedas-klaudija\/\" \/>\n<meta property=\"og:locale\" content=\"en_US\" \/>\n<meta property=\"og:type\" content=\"article\" \/>\n<meta property=\"og:title\" content=\"\u017diedas \u201eKlaudija\u201c - Topdiamonds Online\" \/>\n<meta property=\"og:description\" content=\"Su\u017ead\u0117tuvi\u0173 \u017eiedas \u201eKlaudija\u201c su apvaliu briliantu. \u0160io \u017eiedo r\u0117melis suprojektuotas taip, kad labiausiai i\u0161ry\u0161kint\u0173 brilianto gro\u017e\u012f. Ties centriniu akmeniu r\u0117melis [&hellip;]\" \/>\n<meta property=\"og:url\" content=\"https:\/\/topdiamonds.online\/en\/papuosalas\/ziedas-klaudija\/\" \/>\n<meta property=\"og:site_name\" content=\"Topdiamonds Online\" \/>\n<meta property=\"article:modified_time\" content=\"2024-12-21T11:57:29+00:00\" \/>\n<meta property=\"og:image\" content=\"https:\/\/topdiamonds.online\/wp-content\/uploads\/2024\/12\/klaudija-suzadetuviu-ziedas-su-briliantu.png\" \/>\n\t<meta property=\"og:image:width\" content=\"800\" \/>\n\t<meta property=\"og:image:height\" content=\"800\" \/>\n\t<meta property=\"og:image:type\" content=\"image\/png\" \/>\n<meta name=\"twitter:card\" content=\"summary_large_image\" \/>\n<script type=\"application\/ld+json\" class=\"yoast-schema-graph\">{\"@context\":\"https:\/\/schema.org\",\"@graph\":[{\"@type\":\"WebPage\",\"@id\":\"https:\/\/topdiamonds.online\/en\/papuosalas\/ziedas-klaudija\/\",\"url\":\"https:\/\/topdiamonds.online\/en\/papuosalas\/ziedas-klaudija\/\",\"name\":\"\u017diedas \u201eKlaudija\u201c - Topdiamonds Online\",\"isPartOf\":{\"@id\":\"https:\/\/topdiamonds.online\/en\/#website\"},\"primaryImageOfPage\":{\"@id\":\"https:\/\/topdiamonds.online\/en\/papuosalas\/ziedas-klaudija\/#primaryimage\"},\"image\":{\"@id\":\"https:\/\/topdiamonds.online\/en\/papuosalas\/ziedas-klaudija\/#primaryimage\"},\"thumbnailUrl\":\"https:\/\/topdiamonds.online\/wp-content\/uploads\/2024\/12\/klaudija-suzadetuviu-ziedas-su-briliantu.png\",\"datePublished\":\"2024-12-20T23:47:06+00:00\",\"dateModified\":\"2024-12-21T11:57:29+00:00\",\"breadcrumb\":{\"@id\":\"https:\/\/topdiamonds.online\/en\/papuosalas\/ziedas-klaudija\/#breadcrumb\"},\"inLanguage\":\"en-US\",\"potentialAction\":[{\"@type\":\"ReadAction\",\"target\":[\"https:\/\/topdiamonds.online\/en\/papuosalas\/ziedas-klaudija\/\"]}]},{\"@type\":\"ImageObject\",\"inLanguage\":\"en-US\",\"@id\":\"https:\/\/topdiamonds.online\/en\/papuosalas\/ziedas-klaudija\/#primaryimage\",\"url\":\"https:\/\/topdiamonds.online\/wp-content\/uploads\/2024\/12\/klaudija-suzadetuviu-ziedas-su-briliantu.png\",\"contentUrl\":\"https:\/\/topdiamonds.online\/wp-content\/uploads\/2024\/12\/klaudija-suzadetuviu-ziedas-su-briliantu.png\",\"width\":800,\"height\":800},{\"@type\":\"BreadcrumbList\",\"@id\":\"https:\/\/topdiamonds.online\/en\/papuosalas\/ziedas-klaudija\/#breadcrumb\",\"itemListElement\":[{\"@type\":\"ListItem\",\"position\":1,\"name\":\"Home\",\"item\":\"https:\/\/topdiamonds.online\/en\/\"},{\"@type\":\"ListItem\",\"position\":2,\"name\":\"Shop\",\"item\":\"https:\/\/topdiamonds.online\/shop-2\/\"},{\"@type\":\"ListItem\",\"position\":3,\"name\":\"\u017diedas \u201eKlaudija\u201c\"}]},{\"@type\":\"WebSite\",\"@id\":\"https:\/\/topdiamonds.online\/en\/#website\",\"url\":\"https:\/\/topdiamonds.online\/en\/\",\"name\":\"Topdiamonds Online\",\"description\":\"Juvelyrikos namai\",\"publisher\":{\"@id\":\"https:\/\/topdiamonds.online\/en\/#organization\"},\"potentialAction\":[{\"@type\":\"SearchAction\",\"target\":{\"@type\":\"EntryPoint\",\"urlTemplate\":\"https:\/\/topdiamonds.online\/en\/?s={search_term_string}\"},\"query-input\":{\"@type\":\"PropertyValueSpecification\",\"valueRequired\":true,\"valueName\":\"search_term_string\"}}],\"inLanguage\":\"en-US\"},{\"@type\":\"Organization\",\"@id\":\"https:\/\/topdiamonds.online\/en\/#organization\",\"name\":\"Topdiamonds Online\",\"url\":\"https:\/\/topdiamonds.online\/en\/\",\"logo\":{\"@type\":\"ImageObject\",\"inLanguage\":\"en-US\",\"@id\":\"https:\/\/topdiamonds.online\/en\/#\/schema\/logo\/image\/\",\"url\":\"https:\/\/topdiamonds.online\/wp-content\/uploads\/2025\/03\/cropped-logo.png\",\"contentUrl\":\"https:\/\/topdiamonds.online\/wp-content\/uploads\/2025\/03\/cropped-logo.png\",\"width\":690,\"height\":126,\"caption\":\"Topdiamonds Online\"},\"image\":{\"@id\":\"https:\/\/topdiamonds.online\/en\/#\/schema\/logo\/image\/\"}}]}<\/script>\n<!-- \/ Yoast SEO plugin. -->","yoast_head_json":{"title":"\u017diedas \u201eKlaudija\u201c - Topdiamonds Online","robots":{"index":"index","follow":"follow","max-snippet":"max-snippet:-1","max-image-preview":"max-image-preview:large","max-video-preview":"max-video-preview:-1"},"canonical":"https:\/\/topdiamonds.online\/en\/papuosalas\/ziedas-klaudija\/","og_locale":"en_US","og_type":"article","og_title":"\u017diedas \u201eKlaudija\u201c - Topdiamonds Online","og_description":"Su\u017ead\u0117tuvi\u0173 \u017eiedas \u201eKlaudija\u201c su apvaliu briliantu. \u0160io \u017eiedo r\u0117melis suprojektuotas taip, kad labiausiai i\u0161ry\u0161kint\u0173 brilianto gro\u017e\u012f. Ties centriniu akmeniu r\u0117melis [&hellip;]","og_url":"https:\/\/topdiamonds.online\/en\/papuosalas\/ziedas-klaudija\/","og_site_name":"Topdiamonds Online","article_modified_time":"2024-12-21T11:57:29+00:00","og_image":[{"width":800,"height":800,"url":"https:\/\/topdiamonds.online\/wp-content\/uploads\/2024\/12\/klaudija-suzadetuviu-ziedas-su-briliantu.png","type":"image\/png"}],"twitter_card":"summary_large_image","schema":{"@context":"https:\/\/schema.org","@graph":[{"@type":"WebPage","@id":"https:\/\/topdiamonds.online\/en\/papuosalas\/ziedas-klaudija\/","url":"https:\/\/topdiamonds.online\/en\/papuosalas\/ziedas-klaudija\/","name":"\u017diedas \u201eKlaudija\u201c - Topdiamonds Online","isPartOf":{"@id":"https:\/\/topdiamonds.online\/en\/#website"},"primaryImageOfPage":{"@id":"https:\/\/topdiamonds.online\/en\/papuosalas\/ziedas-klaudija\/#primaryimage"},"image":{"@id":"https:\/\/topdiamonds.online\/en\/papuosalas\/ziedas-klaudija\/#primaryimage"},"thumbnailUrl":"https:\/\/topdiamonds.online\/wp-content\/uploads\/2024\/12\/klaudija-suzadetuviu-ziedas-su-briliantu.png","datePublished":"2024-12-20T23:47:06+00:00","dateModified":"2024-12-21T11:57:29+00:00","breadcrumb":{"@id":"https:\/\/topdiamonds.online\/en\/papuosalas\/ziedas-klaudija\/#breadcrumb"},"inLanguage":"en-US","potentialAction":[{"@type":"ReadAction","target":["https:\/\/topdiamonds.online\/en\/papuosalas\/ziedas-klaudija\/"]}]},{"@type":"ImageObject","inLanguage":"en-US","@id":"https:\/\/topdiamonds.online\/en\/papuosalas\/ziedas-klaudija\/#primaryimage","url":"https:\/\/topdiamonds.online\/wp-content\/uploads\/2024\/12\/klaudija-suzadetuviu-ziedas-su-briliantu.png","contentUrl":"https:\/\/topdiamonds.online\/wp-content\/uploads\/2024\/12\/klaudija-suzadetuviu-ziedas-su-briliantu.png","width":800,"height":800},{"@type":"BreadcrumbList","@id":"https:\/\/topdiamonds.online\/en\/papuosalas\/ziedas-klaudija\/#breadcrumb","itemListElement":[{"@type":"ListItem","position":1,"name":"Home","item":"https:\/\/topdiamonds.online\/en\/"},{"@type":"ListItem","position":2,"name":"Shop","item":"https:\/\/topdiamonds.online\/shop-2\/"},{"@type":"ListItem","position":3,"name":"\u017diedas \u201eKlaudija\u201c"}]},{"@type":"WebSite","@id":"https:\/\/topdiamonds.online\/en\/#website","url":"https:\/\/topdiamonds.online\/en\/","name":"Topdiamonds Online","description":"Juvelyrikos namai","publisher":{"@id":"https:\/\/topdiamonds.online\/en\/#organization"},"potentialAction":[{"@type":"SearchAction","target":{"@type":"EntryPoint","urlTemplate":"https:\/\/topdiamonds.online\/en\/?s={search_term_string}"},"query-input":{"@type":"PropertyValueSpecification","valueRequired":true,"valueName":"search_term_string"}}],"inLanguage":"en-US"},{"@type":"Organization","@id":"https:\/\/topdiamonds.online\/en\/#organization","name":"Topdiamonds Online","url":"https:\/\/topdiamonds.online\/en\/","logo":{"@type":"ImageObject","inLanguage":"en-US","@id":"https:\/\/topdiamonds.online\/en\/#\/schema\/logo\/image\/","url":"https:\/\/topdiamonds.online\/wp-content\/uploads\/2025\/03\/cropped-logo.png","contentUrl":"https:\/\/topdiamonds.online\/wp-content\/uploads\/2025\/03\/cropped-logo.png","width":690,"height":126,"caption":"Topdiamonds Online"},"image":{"@id":"https:\/\/topdiamonds.online\/en\/#\/schema\/logo\/image\/"}}]}},"_links":{"self":[{"href":"https:\/\/topdiamonds.online\/en\/wp-json\/wp\/v2\/product\/628","targetHints":{"allow":["GET"]}}],"collection":[{"href":"https:\/\/topdiamonds.online\/en\/wp-json\/wp\/v2\/product"}],"about":[{"href":"https:\/\/topdiamonds.online\/en\/wp-json\/wp\/v2\/types\/product"}],"version-history":[{"count":0,"href":"https:\/\/topdiamonds.online\/en\/wp-json\/wp\/v2\/product\/628\/revisions"}],"wp:featuredmedia":[{"embeddable":true,"href":"https:\/\/topdiamonds.online\/en\/wp-json\/wp\/v2\/media\/680"}],"wp:attachment":[{"href":"https:\/\/topdiamonds.online\/en\/wp-json\/wp\/v2\/media?parent=628"}],"wp:term":[{"taxonomy":"product_brand","embeddable":true,"href":"https:\/\/topdiamonds.online\/en\/wp-json\/wp\/v2\/product_brand?post=628"},{"taxonomy":"product_cat","embeddable":true,"href":"https:\/\/topdiamonds.online\/en\/wp-json\/wp\/v2\/product_cat?post=628"},{"taxonomy":"product_tag","embeddable":true,"href":"https:\/\/topdiamonds.online\/en\/wp-json\/wp\/v2\/product_tag?post=628"}],"curies":[{"name":"wp","href":"https:\/\/api.w.org\/{rel}","templated":true}]}}