{"id":31380,"date":"2025-08-12T14:11:09","date_gmt":"2025-08-12T14:11:09","guid":{"rendered":"https:\/\/topdiamonds.online\/?post_type=product&#038;p=31380"},"modified":"2025-08-14T11:57:41","modified_gmt":"2025-08-14T11:57:41","slug":"suzadetuviu-ziedas-su-deimantais-oval-deimantas","status":"publish","type":"product","link":"https:\/\/topdiamonds.online\/en\/papuosalas\/suzadetuviu-ziedas-su-deimantais-oval-deimantas\/","title":{"rendered":"Su\u017ead\u0117tuvi\u0173 \u017eiedas su deimantais &#8211; OVAL deimantas"},"content":{"rendered":"<p>\u0160is su\u017ead\u0117tuvi\u0173 \u017eiedas su deimantais suteikia galimyb\u0119 pritaikyti kiekvien\u0105 detal\u0119 pagal savo skon\u012f. Pagrindinis akmuo \u2013 eleganti\u0161kas <em>Oval<\/em> pj\u016bvio deimantas, kuris suteikia \u017eiedui i\u0161skirtin\u012f ilgesn\u012f spindes\u012f ir subtili\u0105 prabang\u0105. Galite pasirinkti klasikin\u012f, modern\u0173, modern\u0173 Halo arba klasikin\u012f Halo dizain\u0105. Taip pat galite pasirinkti norim\u0105 aukso spalv\u0105, kad \u017eiedas harmoningai der\u0117t\u0173 su j\u016bs\u0173 juvelyrikos kolekcija. Kitame \u017eingsnyje gal\u0117site pasirinkti pat\u012f deimant\u0105 pagal norim\u0105 dyd\u012f, \u0161varum\u0105 ir kokyb\u0119, kad galutinis rezultatas b\u016bt\u0173 visi\u0161kai unikalus ir atspindint\u0173 j\u016bs\u0173 asmenin\u012f stili\u0173.<br \/>\nPagaminta laikantis auk\u0161\u010diausi\u0173 juvelyrikos gamybos standart\u0173. \u017diedas gali b\u016bti pagamintas pagal u\u017esakym\u0105: u\u017e papildom\u0105 mokest\u012f su auk\u0161tesn\u0117s kokyb\u0117s deimantais.<\/p>\n<p><span data-sheets-root=\"1\"><strong><a href=\"https:\/\/topdiamonds.online\/ziedo-metalai\/\" target=\"_blank\" rel=\"noopener\">\u2022 <\/a><a href=\"https:\/\/topdiamonds.online\/ziedo-aukso-spalva\/\" target=\"_blank\" rel=\"noopener\">\u017d<\/a><a href=\"https:\/\/topdiamonds.online\/ziedo-metalai\/\" target=\"_blank\" rel=\"noopener\">iedo metalai<\/a>:<\/strong> 14K (585 prabos), 18K (750 prabos), 900 platina<br \/>\n\u2022 <strong><a href=\"https:\/\/topdiamonds.online\/ziedo-aukso-spalva\/\" target=\"_blank\" rel=\"noopener\">\u017diedo aukso spalva<\/a>:<\/strong> baltas, raudonas, geltonas<br \/>\n\u2022 <strong><a href=\"https:\/\/topdiamonds.online\/ziedo-svoris\/\" target=\"_blank\" rel=\"noopener\">\u017diedo svoris<\/a>:<\/strong> (priklauso nuo dyd\u017eio): apie 2.00 &#8211; 3.50 g<br \/>\n\u2022 <strong><a href=\"https:\/\/topdiamonds.online\/ziedo-matmenys\/\" target=\"_blank\" rel=\"noopener\">\u017diedo kar\u016bn\u0117l\u0117s plotis<\/a><\/strong>: apie 8 x 6 mm\u00a0(priklauso nuo karato)<br \/>\n\u2022 <strong><a href=\"https:\/\/topdiamonds.online\/ziedo-komforto-zona\/\" target=\"_blank\" rel=\"noopener\">\u017diedo komforto zona<\/a>:<\/strong> yra<br \/>\n\u2022 <a href=\"https:\/\/topdiamonds.online\/deimanto-forma\/\" target=\"_blank\" rel=\"noopener\"><strong>Deimanto forma<\/strong><\/a>: Ovalo forma (<em>Oval cut<\/em>)<br \/>\n\u2022 <strong><a href=\"https:\/\/topdiamonds.online\/deimantu-tipai\/\" target=\"_blank\" rel=\"noopener\">Deimant\u0173 tipai<\/a>:<\/strong> Laboratorijoje u\u017eauginti deimantai arba natural\u016bs deimantai<br \/>\n\u2022 <strong><a href=\"https:\/\/topdiamonds.online\/deimanto-svoris-ir-charakteristika\/\" target=\"_blank\" rel=\"noopener\">Deimanto svoris ir charakteristika<\/a><\/strong> (galima keisti):<br \/>\nLaboratorijoje u\u017eaugintas deimantas: (spalva D-E, \u0161varumas VVS), IGI sertifikatas<br \/>\nNat\u016bralus deimantas: (spalva G-I, \u0161varumas SI), GIA sertifikatas<br \/>\n\u2022 <a href=\"https:\/\/topdiamonds.online\/graviravimas\/\" target=\"_blank\" rel=\"noopener\"><strong>Graviravimas<\/strong><\/a> nemokamai<br \/>\n\u2022 Vienkartin\u0117 nemokama <strong><a href=\"https:\/\/topdiamonds.online\/ziedo-dydzio-keitimo-garantija\/\" target=\"_blank\" rel=\"noopener\">\u017eiedo dyd\u017eio keitimo garantija<\/a><\/strong><br \/>\n\u2022 <strong><a href=\"https:\/\/topdiamonds.online\/pristatymas-ir-grazinimas\/\" target=\"_blank\" rel=\"noopener\">Gamybos ir pristatymo terminas<\/a>:<\/strong> nuo 14 darbo dien\u0173, skubos tvarka per 7 d.d.<\/span><\/p>\n<p>Turite savo brangakmen\u012f, ar auks\u0105? Perskai\u010diuosime kain\u0105 ir mok\u0117site tik u\u017e \u017eiedo gamyb\u0105. O gal norite keisti deimanto charakteristik\u0105 pagal savo pageidavimus? <strong><a href=\"https:\/\/topdiamonds.online\/kontaktai\/\" target=\"_blank\" rel=\"noopener\">Susisiekite<\/a><\/strong>!<br \/>\nAtraskite plat\u0173 juvelyrikos su deimantais pasirinkim\u0105, atitinkant\u012f \u012fvairius skonius ir biud\u017eetus. Suksikurk ir personalizuok savo papuo\u0161al\u0105 su <a href=\"https:\/\/topdiamonds.online\/\" target=\"_blank\" rel=\"noopener\">TopDiamonds.Online<\/a>.<\/p>\n","protected":false},"excerpt":{"rendered":"<p>\u0160is su\u017ead\u0117tuvi\u0173 \u017eiedas su deimantais suteikia galimyb\u0119 pritaikyti kiekvien\u0105 detal\u0119 pagal savo skon\u012f. Pagrindinis akmuo \u2013 eleganti\u0161kas Oval pj\u016bvio deimantas, [&hellip;]<\/p>\n","protected":false},"featured_media":17800,"template":"","meta":{"site-sidebar-layout":"default","site-content-layout":"","ast-site-content-layout":"default","site-content-style":"default","site-sidebar-style":"default","ast-global-header-display":"","ast-banner-title-visibility":"","ast-main-header-display":"","ast-hfb-above-header-display":"","ast-hfb-below-header-display":"","ast-hfb-mobile-header-display":"","site-post-title":"","ast-breadcrumbs-content":"","ast-featured-img":"","footer-sml-layout":"","theme-transparent-header-meta":"default","adv-header-id-meta":"","stick-header-meta":"","header-above-stick-meta":"","header-main-stick-meta":"","header-below-stick-meta":"","astra-migrate-meta-layouts":"set","ast-page-background-enabled":"default","ast-page-background-meta":{"desktop":{"background-color":"var(--ast-global-color-4)","background-image":"","background-repeat":"repeat","background-position":"center center","background-size":"auto","background-attachment":"scroll","background-type":"","background-media":"","overlay-type":"","overlay-color":"","overlay-opacity":"","overlay-gradient":""},"tablet":{"background-color":"","background-image":"","background-repeat":"repeat","background-position":"center center","background-size":"auto","background-attachment":"scroll","background-type":"","background-media":"","overlay-type":"","overlay-color":"","overlay-opacity":"","overlay-gradient":""},"mobile":{"background-color":"","background-image":"","background-repeat":"repeat","background-position":"center center","background-size":"auto","background-attachment":"scroll","background-type":"","background-media":"","overlay-type":"","overlay-color":"","overlay-opacity":"","overlay-gradient":""}},"ast-content-background-meta":{"desktop":{"background-color":"var(--ast-global-color-5)","background-image":"","background-repeat":"repeat","background-position":"center center","background-size":"auto","background-attachment":"scroll","background-type":"","background-media":"","overlay-type":"","overlay-color":"","overlay-opacity":"","overlay-gradient":""},"tablet":{"background-color":"var(--ast-global-color-5)","background-image":"","background-repeat":"repeat","background-position":"center center","background-size":"auto","background-attachment":"scroll","background-type":"","background-media":"","overlay-type":"","overlay-color":"","overlay-opacity":"","overlay-gradient":""},"mobile":{"background-color":"var(--ast-global-color-5)","background-image":"","background-repeat":"repeat","background-position":"center center","background-size":"auto","background-attachment":"scroll","background-type":"","background-media":"","overlay-type":"","overlay-color":"","overlay-opacity":"","overlay-gradient":""}}},"product_brand":[],"product_cat":[104,40],"product_tag":[],"class_list":{"0":"post-31380","1":"product","2":"type-product","3":"status-publish","4":"has-post-thumbnail","6":"product_cat-pradeti-nuo-dizaino","7":"product_cat-susikurk-savo-papuosala-pats","8":"desktop-align-center","9":"tablet-align-left","10":"mobile-align-left","11":"ast-product-gallery-layout-horizontal-slider","12":"ast-product-single-variable","13":"ast-product-tabs-layout-accordion","14":"ast-qv-on-image","16":"first","17":"instock","18":"sold-individually","19":"taxable","20":"shipping-taxable","21":"purchasable","22":"product-type-variable","23":"has-default-attributes"},"yoast_head":"<!-- This site is optimized with the Yoast SEO plugin v26.6 - https:\/\/yoast.com\/wordpress\/plugins\/seo\/ -->\n<title>Su\u017ead\u0117tuvi\u0173 \u017eiedas su deimantais - OVAL deimantas<\/title>\n<meta name=\"description\" content=\"Su\u017ead\u0117tuvi\u0173 \u017eiedas su deimantais, kurio centre spindi ovalo formos akmuo. Rinkit\u0117s stili\u0173, aukso spalv\u0105 ir deimant\u0105 \u2013 susikurkite unikal\u0173 \u017eied\u0105.\" \/>\n<meta name=\"robots\" content=\"index, follow, max-snippet:-1, max-image-preview:large, max-video-preview:-1\" \/>\n<link rel=\"canonical\" href=\"https:\/\/topdiamonds.online\/en\/papuosalas\/suzadetuviu-ziedas-su-deimantais-oval-deimantas\/\" \/>\n<meta property=\"og:locale\" content=\"en_US\" \/>\n<meta property=\"og:type\" content=\"article\" \/>\n<meta property=\"og:title\" content=\"Su\u017ead\u0117tuvi\u0173 \u017eiedas su deimantais - OVAL deimantas\" \/>\n<meta property=\"og:description\" content=\"Su\u017ead\u0117tuvi\u0173 \u017eiedas su deimantais, kurio centre spindi ovalo formos akmuo. Rinkit\u0117s stili\u0173, aukso spalv\u0105 ir deimant\u0105 \u2013 susikurkite unikal\u0173 \u017eied\u0105.\" \/>\n<meta property=\"og:url\" content=\"https:\/\/topdiamonds.online\/en\/papuosalas\/suzadetuviu-ziedas-su-deimantais-oval-deimantas\/\" \/>\n<meta property=\"og:site_name\" content=\"Topdiamonds Online\" \/>\n<meta property=\"article:modified_time\" content=\"2025-08-14T11:57:41+00:00\" \/>\n<meta property=\"og:image\" content=\"https:\/\/topdiamonds.online\/wp-content\/uploads\/2025\/06\/TDO-1250-modernus-suzadetuviu-ziedas-su-deimantu-oval-cut-4.jpg\" \/>\n\t<meta property=\"og:image:width\" content=\"800\" \/>\n\t<meta property=\"og:image:height\" content=\"800\" \/>\n\t<meta property=\"og:image:type\" content=\"image\/jpeg\" \/>\n<meta name=\"twitter:card\" content=\"summary_large_image\" \/>\n<meta name=\"twitter:label1\" content=\"Est. reading time\" \/>\n\t<meta name=\"twitter:data1\" content=\"2 minutes\" \/>\n<script type=\"application\/ld+json\" class=\"yoast-schema-graph\">{\"@context\":\"https:\/\/schema.org\",\"@graph\":[{\"@type\":\"WebPage\",\"@id\":\"https:\/\/topdiamonds.online\/en\/papuosalas\/suzadetuviu-ziedas-su-deimantais-oval-deimantas\/\",\"url\":\"https:\/\/topdiamonds.online\/en\/papuosalas\/suzadetuviu-ziedas-su-deimantais-oval-deimantas\/\",\"name\":\"Su\u017ead\u0117tuvi\u0173 \u017eiedas su deimantais - OVAL deimantas\",\"isPartOf\":{\"@id\":\"https:\/\/topdiamonds.online\/en\/#website\"},\"primaryImageOfPage\":{\"@id\":\"https:\/\/topdiamonds.online\/en\/papuosalas\/suzadetuviu-ziedas-su-deimantais-oval-deimantas\/#primaryimage\"},\"image\":{\"@id\":\"https:\/\/topdiamonds.online\/en\/papuosalas\/suzadetuviu-ziedas-su-deimantais-oval-deimantas\/#primaryimage\"},\"thumbnailUrl\":\"https:\/\/topdiamonds.online\/wp-content\/uploads\/2025\/06\/TDO-1250-modernus-suzadetuviu-ziedas-su-deimantu-oval-cut-4.jpg\",\"datePublished\":\"2025-08-12T14:11:09+00:00\",\"dateModified\":\"2025-08-14T11:57:41+00:00\",\"description\":\"Su\u017ead\u0117tuvi\u0173 \u017eiedas su deimantais, kurio centre spindi ovalo formos akmuo. Rinkit\u0117s stili\u0173, aukso spalv\u0105 ir deimant\u0105 \u2013 susikurkite unikal\u0173 \u017eied\u0105.\",\"breadcrumb\":{\"@id\":\"https:\/\/topdiamonds.online\/en\/papuosalas\/suzadetuviu-ziedas-su-deimantais-oval-deimantas\/#breadcrumb\"},\"inLanguage\":\"en-US\",\"potentialAction\":[{\"@type\":\"ReadAction\",\"target\":[\"https:\/\/topdiamonds.online\/en\/papuosalas\/suzadetuviu-ziedas-su-deimantais-oval-deimantas\/\"]}]},{\"@type\":\"ImageObject\",\"inLanguage\":\"en-US\",\"@id\":\"https:\/\/topdiamonds.online\/en\/papuosalas\/suzadetuviu-ziedas-su-deimantais-oval-deimantas\/#primaryimage\",\"url\":\"https:\/\/topdiamonds.online\/wp-content\/uploads\/2025\/06\/TDO-1250-modernus-suzadetuviu-ziedas-su-deimantu-oval-cut-4.jpg\",\"contentUrl\":\"https:\/\/topdiamonds.online\/wp-content\/uploads\/2025\/06\/TDO-1250-modernus-suzadetuviu-ziedas-su-deimantu-oval-cut-4.jpg\",\"width\":800,\"height\":800,\"caption\":\"Modernus su\u017ead\u0117tuvi\u0173 \u017eiedas su deimantais i\u0161 balto aukso arba platinos - oval cut\"},{\"@type\":\"BreadcrumbList\",\"@id\":\"https:\/\/topdiamonds.online\/en\/papuosalas\/suzadetuviu-ziedas-su-deimantais-oval-deimantas\/#breadcrumb\",\"itemListElement\":[{\"@type\":\"ListItem\",\"position\":1,\"name\":\"Home\",\"item\":\"https:\/\/topdiamonds.online\/en\/\"},{\"@type\":\"ListItem\",\"position\":2,\"name\":\"Shop\",\"item\":\"https:\/\/topdiamonds.online\/shop-2\/\"},{\"@type\":\"ListItem\",\"position\":3,\"name\":\"Su\u017ead\u0117tuvi\u0173 \u017eiedas su deimantais &#8211; OVAL deimantas\"}]},{\"@type\":\"WebSite\",\"@id\":\"https:\/\/topdiamonds.online\/en\/#website\",\"url\":\"https:\/\/topdiamonds.online\/en\/\",\"name\":\"Topdiamonds Online\",\"description\":\"Juvelyrikos namai\",\"publisher\":{\"@id\":\"https:\/\/topdiamonds.online\/en\/#organization\"},\"potentialAction\":[{\"@type\":\"SearchAction\",\"target\":{\"@type\":\"EntryPoint\",\"urlTemplate\":\"https:\/\/topdiamonds.online\/en\/?s={search_term_string}\"},\"query-input\":{\"@type\":\"PropertyValueSpecification\",\"valueRequired\":true,\"valueName\":\"search_term_string\"}}],\"inLanguage\":\"en-US\"},{\"@type\":\"Organization\",\"@id\":\"https:\/\/topdiamonds.online\/en\/#organization\",\"name\":\"Topdiamonds Online\",\"url\":\"https:\/\/topdiamonds.online\/en\/\",\"logo\":{\"@type\":\"ImageObject\",\"inLanguage\":\"en-US\",\"@id\":\"https:\/\/topdiamonds.online\/en\/#\/schema\/logo\/image\/\",\"url\":\"https:\/\/topdiamonds.online\/wp-content\/uploads\/2025\/03\/cropped-logo.png\",\"contentUrl\":\"https:\/\/topdiamonds.online\/wp-content\/uploads\/2025\/03\/cropped-logo.png\",\"width\":690,\"height\":126,\"caption\":\"Topdiamonds Online\"},\"image\":{\"@id\":\"https:\/\/topdiamonds.online\/en\/#\/schema\/logo\/image\/\"}}]}<\/script>\n<!-- \/ Yoast SEO plugin. -->","yoast_head_json":{"title":"Su\u017ead\u0117tuvi\u0173 \u017eiedas su deimantais - OVAL deimantas","description":"Su\u017ead\u0117tuvi\u0173 \u017eiedas su deimantais, kurio centre spindi ovalo formos akmuo. Rinkit\u0117s stili\u0173, aukso spalv\u0105 ir deimant\u0105 \u2013 susikurkite unikal\u0173 \u017eied\u0105.","robots":{"index":"index","follow":"follow","max-snippet":"max-snippet:-1","max-image-preview":"max-image-preview:large","max-video-preview":"max-video-preview:-1"},"canonical":"https:\/\/topdiamonds.online\/en\/papuosalas\/suzadetuviu-ziedas-su-deimantais-oval-deimantas\/","og_locale":"en_US","og_type":"article","og_title":"Su\u017ead\u0117tuvi\u0173 \u017eiedas su deimantais - OVAL deimantas","og_description":"Su\u017ead\u0117tuvi\u0173 \u017eiedas su deimantais, kurio centre spindi ovalo formos akmuo. Rinkit\u0117s stili\u0173, aukso spalv\u0105 ir deimant\u0105 \u2013 susikurkite unikal\u0173 \u017eied\u0105.","og_url":"https:\/\/topdiamonds.online\/en\/papuosalas\/suzadetuviu-ziedas-su-deimantais-oval-deimantas\/","og_site_name":"Topdiamonds Online","article_modified_time":"2025-08-14T11:57:41+00:00","og_image":[{"width":800,"height":800,"url":"https:\/\/topdiamonds.online\/wp-content\/uploads\/2025\/06\/TDO-1250-modernus-suzadetuviu-ziedas-su-deimantu-oval-cut-4.jpg","type":"image\/jpeg"}],"twitter_card":"summary_large_image","twitter_misc":{"Est. reading time":"2 minutes"},"schema":{"@context":"https:\/\/schema.org","@graph":[{"@type":"WebPage","@id":"https:\/\/topdiamonds.online\/en\/papuosalas\/suzadetuviu-ziedas-su-deimantais-oval-deimantas\/","url":"https:\/\/topdiamonds.online\/en\/papuosalas\/suzadetuviu-ziedas-su-deimantais-oval-deimantas\/","name":"Su\u017ead\u0117tuvi\u0173 \u017eiedas su deimantais - OVAL deimantas","isPartOf":{"@id":"https:\/\/topdiamonds.online\/en\/#website"},"primaryImageOfPage":{"@id":"https:\/\/topdiamonds.online\/en\/papuosalas\/suzadetuviu-ziedas-su-deimantais-oval-deimantas\/#primaryimage"},"image":{"@id":"https:\/\/topdiamonds.online\/en\/papuosalas\/suzadetuviu-ziedas-su-deimantais-oval-deimantas\/#primaryimage"},"thumbnailUrl":"https:\/\/topdiamonds.online\/wp-content\/uploads\/2025\/06\/TDO-1250-modernus-suzadetuviu-ziedas-su-deimantu-oval-cut-4.jpg","datePublished":"2025-08-12T14:11:09+00:00","dateModified":"2025-08-14T11:57:41+00:00","description":"Su\u017ead\u0117tuvi\u0173 \u017eiedas su deimantais, kurio centre spindi ovalo formos akmuo. Rinkit\u0117s stili\u0173, aukso spalv\u0105 ir deimant\u0105 \u2013 susikurkite unikal\u0173 \u017eied\u0105.","breadcrumb":{"@id":"https:\/\/topdiamonds.online\/en\/papuosalas\/suzadetuviu-ziedas-su-deimantais-oval-deimantas\/#breadcrumb"},"inLanguage":"en-US","potentialAction":[{"@type":"ReadAction","target":["https:\/\/topdiamonds.online\/en\/papuosalas\/suzadetuviu-ziedas-su-deimantais-oval-deimantas\/"]}]},{"@type":"ImageObject","inLanguage":"en-US","@id":"https:\/\/topdiamonds.online\/en\/papuosalas\/suzadetuviu-ziedas-su-deimantais-oval-deimantas\/#primaryimage","url":"https:\/\/topdiamonds.online\/wp-content\/uploads\/2025\/06\/TDO-1250-modernus-suzadetuviu-ziedas-su-deimantu-oval-cut-4.jpg","contentUrl":"https:\/\/topdiamonds.online\/wp-content\/uploads\/2025\/06\/TDO-1250-modernus-suzadetuviu-ziedas-su-deimantu-oval-cut-4.jpg","width":800,"height":800,"caption":"Modernus su\u017ead\u0117tuvi\u0173 \u017eiedas su deimantais i\u0161 balto aukso arba platinos - oval cut"},{"@type":"BreadcrumbList","@id":"https:\/\/topdiamonds.online\/en\/papuosalas\/suzadetuviu-ziedas-su-deimantais-oval-deimantas\/#breadcrumb","itemListElement":[{"@type":"ListItem","position":1,"name":"Home","item":"https:\/\/topdiamonds.online\/en\/"},{"@type":"ListItem","position":2,"name":"Shop","item":"https:\/\/topdiamonds.online\/shop-2\/"},{"@type":"ListItem","position":3,"name":"Su\u017ead\u0117tuvi\u0173 \u017eiedas su deimantais &#8211; OVAL deimantas"}]},{"@type":"WebSite","@id":"https:\/\/topdiamonds.online\/en\/#website","url":"https:\/\/topdiamonds.online\/en\/","name":"Topdiamonds Online","description":"Juvelyrikos namai","publisher":{"@id":"https:\/\/topdiamonds.online\/en\/#organization"},"potentialAction":[{"@type":"SearchAction","target":{"@type":"EntryPoint","urlTemplate":"https:\/\/topdiamonds.online\/en\/?s={search_term_string}"},"query-input":{"@type":"PropertyValueSpecification","valueRequired":true,"valueName":"search_term_string"}}],"inLanguage":"en-US"},{"@type":"Organization","@id":"https:\/\/topdiamonds.online\/en\/#organization","name":"Topdiamonds Online","url":"https:\/\/topdiamonds.online\/en\/","logo":{"@type":"ImageObject","inLanguage":"en-US","@id":"https:\/\/topdiamonds.online\/en\/#\/schema\/logo\/image\/","url":"https:\/\/topdiamonds.online\/wp-content\/uploads\/2025\/03\/cropped-logo.png","contentUrl":"https:\/\/topdiamonds.online\/wp-content\/uploads\/2025\/03\/cropped-logo.png","width":690,"height":126,"caption":"Topdiamonds Online"},"image":{"@id":"https:\/\/topdiamonds.online\/en\/#\/schema\/logo\/image\/"}}]}},"_links":{"self":[{"href":"https:\/\/topdiamonds.online\/en\/wp-json\/wp\/v2\/product\/31380","targetHints":{"allow":["GET"]}}],"collection":[{"href":"https:\/\/topdiamonds.online\/en\/wp-json\/wp\/v2\/product"}],"about":[{"href":"https:\/\/topdiamonds.online\/en\/wp-json\/wp\/v2\/types\/product"}],"version-history":[{"count":0,"href":"https:\/\/topdiamonds.online\/en\/wp-json\/wp\/v2\/product\/31380\/revisions"}],"wp:featuredmedia":[{"embeddable":true,"href":"https:\/\/topdiamonds.online\/en\/wp-json\/wp\/v2\/media\/17800"}],"wp:attachment":[{"href":"https:\/\/topdiamonds.online\/en\/wp-json\/wp\/v2\/media?parent=31380"}],"wp:term":[{"taxonomy":"product_brand","embeddable":true,"href":"https:\/\/topdiamonds.online\/en\/wp-json\/wp\/v2\/product_brand?post=31380"},{"taxonomy":"product_cat","embeddable":true,"href":"https:\/\/topdiamonds.online\/en\/wp-json\/wp\/v2\/product_cat?post=31380"},{"taxonomy":"product_tag","embeddable":true,"href":"https:\/\/topdiamonds.online\/en\/wp-json\/wp\/v2\/product_tag?post=31380"}],"curies":[{"name":"wp","href":"https:\/\/api.w.org\/{rel}","templated":true}]}}