{"id":15210,"date":"2025-05-28T21:15:44","date_gmt":"2025-05-28T21:15:44","guid":{"rendered":"https:\/\/topdiamonds.online\/?post_type=product&#038;p=15210"},"modified":"2026-03-31T14:20:56","modified_gmt":"2026-03-31T14:20:56","slug":"auskarai-su-deimantais-halo-round-deimantai","status":"publish","type":"product","link":"https:\/\/topdiamonds.online\/en\/papuosalas\/auskarai-su-deimantais-halo-round-deimantai\/","title":{"rendered":"Auskarai su deimantais &#8211; HALO ROUND DEIMANTAI"},"content":{"rendered":"<p><span data-sheets-root=\"1\">\u0160ie auskarai su deimantais \u2013 tai tavo individualios vizijos prad\u017eia. Kiekviena detal\u0117 \u2013 nuo pagrindinio apvalios formos deimanto iki j\u012f supan\u010dio ma\u017e\u0173 briliant\u0173 halo \u2013 sukurta tam, kad gal\u0117tum pati susikurti i\u0161skirtin\u012f, sau artim\u0105 papuo\u0161al\u0105. Pasirink norim\u0105 tauriojo metalo spalv\u0105 \u2013 gelton\u0105, raudon\u0105, balt\u0105 auks\u0105 ar platin\u0105 \u2013 ir priderink kar\u016bn\u0117l\u0119 prie savo stiliaus bei nuotaikos. Tai auskarai, kuriuos kuri tu \u2013 derindama proporcijas, deimanto spindes\u012f, \u0161varum\u0105 ir spalvas pagal savo skon\u012f bei vizij\u0105.<br \/>\nPagaminta laikantis auk\u0161\u010diausi\u0173 juvelyrikos gamybos standart\u0173.<br \/>\n<\/span><\/p>\n<p>\u2022 <a href=\"https:\/\/topdiamonds.online\/auskaru-matmenys\/\" target=\"_blank\" rel=\"noopener\"><strong>Auskar\u0173 matmenys<\/strong><\/a><span data-sheets-root=\"1\">: <\/span>kar\u016bn\u0117l\u0117s plotis apie 4.2 mm, Halo juostel\u0117 apie 120 mm <span data-sheets-root=\"1\">(priklauso nuo karato)<\/span><br \/>\n\u2022 Bendras auskar\u0173 <a href=\"https:\/\/topdiamonds.online\/auskaru-aukso-svoris\/\" target=\"_blank\" rel=\"noopener\"><strong>aukso svoris<\/strong><\/a>: apie 0.30 g (priklauso nuo dyd\u017eio)<\/p>\n<p>Turite savo brangakmen\u012f, ar auks\u0105? <a href=\"https:\/\/topdiamonds.online\/kontaktai\/\" target=\"_blank\" rel=\"noopener\"><strong>Susisiekite<\/strong><\/a> &#8211; perskai\u010diuosime kain\u0105 ir mok\u0117site tik u\u017e auskar\u0173 gamyb\u0105.<br \/>\nAtraskite plat\u0173 juvelyrikos su deimantais pasirinkim\u0105, atitinkant\u012f \u012fvairius skonius ir biud\u017eetu. Suksikurk ir personalizuok savo papuo\u0161al\u0105 su <a href=\"https:\/\/topdiamonds.online\/\" target=\"_blank\" rel=\"noopener\">TopDiamonds.Online<\/a>.<\/p>\n","protected":false},"excerpt":{"rendered":"<p>\u0160ie auskarai su deimantais \u2013 tai tavo individualios vizijos prad\u017eia. Kiekviena detal\u0117 \u2013 nuo pagrindinio apvalios formos deimanto iki j\u012f [&hellip;]<\/p>\n","protected":false},"featured_media":15077,"template":"","meta":{"site-sidebar-layout":"default","site-content-layout":"","ast-site-content-layout":"default","site-content-style":"default","site-sidebar-style":"default","ast-global-header-display":"","ast-banner-title-visibility":"","ast-main-header-display":"","ast-hfb-above-header-display":"","ast-hfb-below-header-display":"","ast-hfb-mobile-header-display":"","site-post-title":"","ast-breadcrumbs-content":"","ast-featured-img":"","footer-sml-layout":"","theme-transparent-header-meta":"default","adv-header-id-meta":"","stick-header-meta":"","header-above-stick-meta":"","header-main-stick-meta":"","header-below-stick-meta":"","astra-migrate-meta-layouts":"set","ast-page-background-enabled":"default","ast-page-background-meta":{"desktop":{"background-color":"var(--ast-global-color-4)","background-image":"","background-repeat":"repeat","background-position":"center center","background-size":"auto","background-attachment":"scroll","background-type":"","background-media":"","overlay-type":"","overlay-color":"","overlay-opacity":"","overlay-gradient":""},"tablet":{"background-color":"","background-image":"","background-repeat":"repeat","background-position":"center center","background-size":"auto","background-attachment":"scroll","background-type":"","background-media":"","overlay-type":"","overlay-color":"","overlay-opacity":"","overlay-gradient":""},"mobile":{"background-color":"","background-image":"","background-repeat":"repeat","background-position":"center center","background-size":"auto","background-attachment":"scroll","background-type":"","background-media":"","overlay-type":"","overlay-color":"","overlay-opacity":"","overlay-gradient":""}},"ast-content-background-meta":{"desktop":{"background-color":"var(--ast-global-color-5)","background-image":"","background-repeat":"repeat","background-position":"center center","background-size":"auto","background-attachment":"scroll","background-type":"","background-media":"","overlay-type":"","overlay-color":"","overlay-opacity":"","overlay-gradient":""},"tablet":{"background-color":"var(--ast-global-color-5)","background-image":"","background-repeat":"repeat","background-position":"center center","background-size":"auto","background-attachment":"scroll","background-type":"","background-media":"","overlay-type":"","overlay-color":"","overlay-opacity":"","overlay-gradient":""},"mobile":{"background-color":"var(--ast-global-color-5)","background-image":"","background-repeat":"repeat","background-position":"center center","background-size":"auto","background-attachment":"scroll","background-type":"","background-media":"","overlay-type":"","overlay-color":"","overlay-opacity":"","overlay-gradient":""}}},"product_brand":[],"product_cat":[143,40],"product_tag":[],"class_list":{"0":"post-15210","1":"product","2":"type-product","3":"status-publish","4":"has-post-thumbnail","6":"product_cat-susikurk-pats-auskarai","7":"product_cat-susikurk-savo-papuosala-pats","8":"desktop-align-center","9":"tablet-align-left","10":"mobile-align-left","11":"ast-product-gallery-layout-horizontal-slider","12":"ast-product-single-variable","13":"ast-product-tabs-layout-accordion","14":"ast-qv-on-image","16":"first","17":"instock","18":"sold-individually","19":"taxable","20":"shipping-taxable","21":"purchasable","22":"product-type-variable","23":"has-default-attributes"},"yoast_head":"<!-- This site is optimized with the Yoast SEO plugin v26.6 - https:\/\/yoast.com\/wordpress\/plugins\/seo\/ -->\n<title>Auskarai su deimantais - HALO ROUND DEIMANTAI<\/title>\n<meta name=\"description\" content=\"Prad\u0117k savo dizain\u0105 nuo \u0161i\u0173 klasikini\u0173 auskar\u0173 su deimantais. Apval\u016bs deimantai su halo juostele suteikia \u0161iems auskarams i\u0161skirtinio spindesio.\" \/>\n<meta name=\"robots\" content=\"index, follow, max-snippet:-1, max-image-preview:large, max-video-preview:-1\" \/>\n<link rel=\"canonical\" href=\"https:\/\/topdiamonds.online\/en\/papuosalas\/auskarai-su-deimantais-halo-round-deimantai\/\" \/>\n<meta property=\"og:locale\" content=\"en_US\" \/>\n<meta property=\"og:type\" content=\"article\" \/>\n<meta property=\"og:title\" content=\"Auskarai su deimantais - HALO ROUND DEIMANTAI\" \/>\n<meta property=\"og:description\" content=\"Prad\u0117k savo dizain\u0105 nuo \u0161i\u0173 klasikini\u0173 auskar\u0173 su deimantais. Apval\u016bs deimantai su halo juostele suteikia \u0161iems auskarams i\u0161skirtinio spindesio.\" \/>\n<meta property=\"og:url\" content=\"https:\/\/topdiamonds.online\/en\/papuosalas\/auskarai-su-deimantais-halo-round-deimantai\/\" \/>\n<meta property=\"og:site_name\" content=\"Topdiamonds Online\" \/>\n<meta property=\"article:modified_time\" content=\"2026-03-31T14:20:56+00:00\" \/>\n<meta property=\"og:image\" content=\"https:\/\/topdiamonds.online\/wp-content\/uploads\/2025\/05\/TDO-1001-Auskarai-su-deimantais-HALO-ROUND-DEIMANTAI-1.png\" \/>\n\t<meta property=\"og:image:width\" content=\"800\" \/>\n\t<meta property=\"og:image:height\" content=\"800\" \/>\n\t<meta property=\"og:image:type\" content=\"image\/png\" \/>\n<meta name=\"twitter:card\" content=\"summary_large_image\" \/>\n<meta name=\"twitter:label1\" content=\"Est. reading time\" \/>\n\t<meta name=\"twitter:data1\" content=\"1 minute\" \/>\n<script type=\"application\/ld+json\" class=\"yoast-schema-graph\">{\"@context\":\"https:\/\/schema.org\",\"@graph\":[{\"@type\":\"WebPage\",\"@id\":\"https:\/\/topdiamonds.online\/en\/papuosalas\/auskarai-su-deimantais-halo-round-deimantai\/\",\"url\":\"https:\/\/topdiamonds.online\/en\/papuosalas\/auskarai-su-deimantais-halo-round-deimantai\/\",\"name\":\"Auskarai su deimantais - HALO ROUND DEIMANTAI\",\"isPartOf\":{\"@id\":\"https:\/\/topdiamonds.online\/en\/#website\"},\"primaryImageOfPage\":{\"@id\":\"https:\/\/topdiamonds.online\/en\/papuosalas\/auskarai-su-deimantais-halo-round-deimantai\/#primaryimage\"},\"image\":{\"@id\":\"https:\/\/topdiamonds.online\/en\/papuosalas\/auskarai-su-deimantais-halo-round-deimantai\/#primaryimage\"},\"thumbnailUrl\":\"https:\/\/topdiamonds.online\/wp-content\/uploads\/2025\/05\/TDO-1001-Auskarai-su-deimantais-HALO-ROUND-DEIMANTAI-1.png\",\"datePublished\":\"2025-05-28T21:15:44+00:00\",\"dateModified\":\"2026-03-31T14:20:56+00:00\",\"description\":\"Prad\u0117k savo dizain\u0105 nuo \u0161i\u0173 klasikini\u0173 auskar\u0173 su deimantais. Apval\u016bs deimantai su halo juostele suteikia \u0161iems auskarams i\u0161skirtinio spindesio.\",\"breadcrumb\":{\"@id\":\"https:\/\/topdiamonds.online\/en\/papuosalas\/auskarai-su-deimantais-halo-round-deimantai\/#breadcrumb\"},\"inLanguage\":\"en-US\",\"potentialAction\":[{\"@type\":\"ReadAction\",\"target\":[\"https:\/\/topdiamonds.online\/en\/papuosalas\/auskarai-su-deimantais-halo-round-deimantai\/\"]}]},{\"@type\":\"ImageObject\",\"inLanguage\":\"en-US\",\"@id\":\"https:\/\/topdiamonds.online\/en\/papuosalas\/auskarai-su-deimantais-halo-round-deimantai\/#primaryimage\",\"url\":\"https:\/\/topdiamonds.online\/wp-content\/uploads\/2025\/05\/TDO-1001-Auskarai-su-deimantais-HALO-ROUND-DEIMANTAI-1.png\",\"contentUrl\":\"https:\/\/topdiamonds.online\/wp-content\/uploads\/2025\/05\/TDO-1001-Auskarai-su-deimantais-HALO-ROUND-DEIMANTAI-1.png\",\"width\":800,\"height\":800,\"caption\":\"balto aukso ara platinos auskarai su deimantu, puo\u0161tu HALO juostele\"},{\"@type\":\"BreadcrumbList\",\"@id\":\"https:\/\/topdiamonds.online\/en\/papuosalas\/auskarai-su-deimantais-halo-round-deimantai\/#breadcrumb\",\"itemListElement\":[{\"@type\":\"ListItem\",\"position\":1,\"name\":\"Home\",\"item\":\"https:\/\/topdiamonds.online\/en\/\"},{\"@type\":\"ListItem\",\"position\":2,\"name\":\"Shop\",\"item\":\"https:\/\/topdiamonds.online\/shop-2\/\"},{\"@type\":\"ListItem\",\"position\":3,\"name\":\"Auskarai su deimantais &#8211; HALO ROUND DEIMANTAI\"}]},{\"@type\":\"WebSite\",\"@id\":\"https:\/\/topdiamonds.online\/en\/#website\",\"url\":\"https:\/\/topdiamonds.online\/en\/\",\"name\":\"Topdiamonds Online\",\"description\":\"Juvelyrikos namai\",\"publisher\":{\"@id\":\"https:\/\/topdiamonds.online\/en\/#organization\"},\"potentialAction\":[{\"@type\":\"SearchAction\",\"target\":{\"@type\":\"EntryPoint\",\"urlTemplate\":\"https:\/\/topdiamonds.online\/en\/?s={search_term_string}\"},\"query-input\":{\"@type\":\"PropertyValueSpecification\",\"valueRequired\":true,\"valueName\":\"search_term_string\"}}],\"inLanguage\":\"en-US\"},{\"@type\":\"Organization\",\"@id\":\"https:\/\/topdiamonds.online\/en\/#organization\",\"name\":\"Topdiamonds Online\",\"url\":\"https:\/\/topdiamonds.online\/en\/\",\"logo\":{\"@type\":\"ImageObject\",\"inLanguage\":\"en-US\",\"@id\":\"https:\/\/topdiamonds.online\/en\/#\/schema\/logo\/image\/\",\"url\":\"https:\/\/topdiamonds.online\/wp-content\/uploads\/2025\/03\/cropped-logo.png\",\"contentUrl\":\"https:\/\/topdiamonds.online\/wp-content\/uploads\/2025\/03\/cropped-logo.png\",\"width\":690,\"height\":126,\"caption\":\"Topdiamonds Online\"},\"image\":{\"@id\":\"https:\/\/topdiamonds.online\/en\/#\/schema\/logo\/image\/\"}}]}<\/script>\n<!-- \/ Yoast SEO plugin. -->","yoast_head_json":{"title":"Auskarai su deimantais - HALO ROUND DEIMANTAI","description":"Prad\u0117k savo dizain\u0105 nuo \u0161i\u0173 klasikini\u0173 auskar\u0173 su deimantais. Apval\u016bs deimantai su halo juostele suteikia \u0161iems auskarams i\u0161skirtinio spindesio.","robots":{"index":"index","follow":"follow","max-snippet":"max-snippet:-1","max-image-preview":"max-image-preview:large","max-video-preview":"max-video-preview:-1"},"canonical":"https:\/\/topdiamonds.online\/en\/papuosalas\/auskarai-su-deimantais-halo-round-deimantai\/","og_locale":"en_US","og_type":"article","og_title":"Auskarai su deimantais - HALO ROUND DEIMANTAI","og_description":"Prad\u0117k savo dizain\u0105 nuo \u0161i\u0173 klasikini\u0173 auskar\u0173 su deimantais. Apval\u016bs deimantai su halo juostele suteikia \u0161iems auskarams i\u0161skirtinio spindesio.","og_url":"https:\/\/topdiamonds.online\/en\/papuosalas\/auskarai-su-deimantais-halo-round-deimantai\/","og_site_name":"Topdiamonds Online","article_modified_time":"2026-03-31T14:20:56+00:00","og_image":[{"width":800,"height":800,"url":"https:\/\/topdiamonds.online\/wp-content\/uploads\/2025\/05\/TDO-1001-Auskarai-su-deimantais-HALO-ROUND-DEIMANTAI-1.png","type":"image\/png"}],"twitter_card":"summary_large_image","twitter_misc":{"Est. reading time":"1 minute"},"schema":{"@context":"https:\/\/schema.org","@graph":[{"@type":"WebPage","@id":"https:\/\/topdiamonds.online\/en\/papuosalas\/auskarai-su-deimantais-halo-round-deimantai\/","url":"https:\/\/topdiamonds.online\/en\/papuosalas\/auskarai-su-deimantais-halo-round-deimantai\/","name":"Auskarai su deimantais - HALO ROUND DEIMANTAI","isPartOf":{"@id":"https:\/\/topdiamonds.online\/en\/#website"},"primaryImageOfPage":{"@id":"https:\/\/topdiamonds.online\/en\/papuosalas\/auskarai-su-deimantais-halo-round-deimantai\/#primaryimage"},"image":{"@id":"https:\/\/topdiamonds.online\/en\/papuosalas\/auskarai-su-deimantais-halo-round-deimantai\/#primaryimage"},"thumbnailUrl":"https:\/\/topdiamonds.online\/wp-content\/uploads\/2025\/05\/TDO-1001-Auskarai-su-deimantais-HALO-ROUND-DEIMANTAI-1.png","datePublished":"2025-05-28T21:15:44+00:00","dateModified":"2026-03-31T14:20:56+00:00","description":"Prad\u0117k savo dizain\u0105 nuo \u0161i\u0173 klasikini\u0173 auskar\u0173 su deimantais. Apval\u016bs deimantai su halo juostele suteikia \u0161iems auskarams i\u0161skirtinio spindesio.","breadcrumb":{"@id":"https:\/\/topdiamonds.online\/en\/papuosalas\/auskarai-su-deimantais-halo-round-deimantai\/#breadcrumb"},"inLanguage":"en-US","potentialAction":[{"@type":"ReadAction","target":["https:\/\/topdiamonds.online\/en\/papuosalas\/auskarai-su-deimantais-halo-round-deimantai\/"]}]},{"@type":"ImageObject","inLanguage":"en-US","@id":"https:\/\/topdiamonds.online\/en\/papuosalas\/auskarai-su-deimantais-halo-round-deimantai\/#primaryimage","url":"https:\/\/topdiamonds.online\/wp-content\/uploads\/2025\/05\/TDO-1001-Auskarai-su-deimantais-HALO-ROUND-DEIMANTAI-1.png","contentUrl":"https:\/\/topdiamonds.online\/wp-content\/uploads\/2025\/05\/TDO-1001-Auskarai-su-deimantais-HALO-ROUND-DEIMANTAI-1.png","width":800,"height":800,"caption":"balto aukso ara platinos auskarai su deimantu, puo\u0161tu HALO juostele"},{"@type":"BreadcrumbList","@id":"https:\/\/topdiamonds.online\/en\/papuosalas\/auskarai-su-deimantais-halo-round-deimantai\/#breadcrumb","itemListElement":[{"@type":"ListItem","position":1,"name":"Home","item":"https:\/\/topdiamonds.online\/en\/"},{"@type":"ListItem","position":2,"name":"Shop","item":"https:\/\/topdiamonds.online\/shop-2\/"},{"@type":"ListItem","position":3,"name":"Auskarai su deimantais &#8211; HALO ROUND DEIMANTAI"}]},{"@type":"WebSite","@id":"https:\/\/topdiamonds.online\/en\/#website","url":"https:\/\/topdiamonds.online\/en\/","name":"Topdiamonds Online","description":"Juvelyrikos namai","publisher":{"@id":"https:\/\/topdiamonds.online\/en\/#organization"},"potentialAction":[{"@type":"SearchAction","target":{"@type":"EntryPoint","urlTemplate":"https:\/\/topdiamonds.online\/en\/?s={search_term_string}"},"query-input":{"@type":"PropertyValueSpecification","valueRequired":true,"valueName":"search_term_string"}}],"inLanguage":"en-US"},{"@type":"Organization","@id":"https:\/\/topdiamonds.online\/en\/#organization","name":"Topdiamonds Online","url":"https:\/\/topdiamonds.online\/en\/","logo":{"@type":"ImageObject","inLanguage":"en-US","@id":"https:\/\/topdiamonds.online\/en\/#\/schema\/logo\/image\/","url":"https:\/\/topdiamonds.online\/wp-content\/uploads\/2025\/03\/cropped-logo.png","contentUrl":"https:\/\/topdiamonds.online\/wp-content\/uploads\/2025\/03\/cropped-logo.png","width":690,"height":126,"caption":"Topdiamonds Online"},"image":{"@id":"https:\/\/topdiamonds.online\/en\/#\/schema\/logo\/image\/"}}]}},"_links":{"self":[{"href":"https:\/\/topdiamonds.online\/en\/wp-json\/wp\/v2\/product\/15210","targetHints":{"allow":["GET"]}}],"collection":[{"href":"https:\/\/topdiamonds.online\/en\/wp-json\/wp\/v2\/product"}],"about":[{"href":"https:\/\/topdiamonds.online\/en\/wp-json\/wp\/v2\/types\/product"}],"version-history":[{"count":1,"href":"https:\/\/topdiamonds.online\/en\/wp-json\/wp\/v2\/product\/15210\/revisions"}],"predecessor-version":[{"id":32908,"href":"https:\/\/topdiamonds.online\/en\/wp-json\/wp\/v2\/product\/15210\/revisions\/32908"}],"wp:featuredmedia":[{"embeddable":true,"href":"https:\/\/topdiamonds.online\/en\/wp-json\/wp\/v2\/media\/15077"}],"wp:attachment":[{"href":"https:\/\/topdiamonds.online\/en\/wp-json\/wp\/v2\/media?parent=15210"}],"wp:term":[{"taxonomy":"product_brand","embeddable":true,"href":"https:\/\/topdiamonds.online\/en\/wp-json\/wp\/v2\/product_brand?post=15210"},{"taxonomy":"product_cat","embeddable":true,"href":"https:\/\/topdiamonds.online\/en\/wp-json\/wp\/v2\/product_cat?post=15210"},{"taxonomy":"product_tag","embeddable":true,"href":"https:\/\/topdiamonds.online\/en\/wp-json\/wp\/v2\/product_tag?post=15210"}],"curies":[{"name":"wp","href":"https:\/\/api.w.org\/{rel}","templated":true}]}}