{"id":14743,"date":"2025-05-28T16:08:31","date_gmt":"2025-05-28T16:08:31","guid":{"rendered":"https:\/\/topdiamonds.online\/?post_type=product&#038;p=14743"},"modified":"2025-06-18T10:24:35","modified_gmt":"2025-06-18T10:24:35","slug":"pakabukas-su-deimantu-cushion-deimantas","status":"publish","type":"product","link":"https:\/\/topdiamonds.online\/en\/papuosalas\/pakabukas-su-deimantu-cushion-deimantas\/","title":{"rendered":"Pakabukas su deimantu &#8211; CUSHION DEIMANTAS"},"content":{"rendered":"<p>\u0160is klasikinis pakabukas su deimantu \u2013 tai tavo k\u016brybos pagrindas, kur kiekviena detal\u0117 priklauso tik tau. <em>Cushion<\/em> pj\u016bvio deimantas yra \u012fkomponuotas subtiliame keturi\u0173 kojeli\u0173 laikiklyje, leid\u017eian\u010diame tau pa\u010diai pasirinkti, kok\u012f \u012fsp\u016bd\u012f kurs tavo papuo\u0161alas. Pasirink vien\u0105 i\u0161 keturi\u0173 tauri\u0173j\u0173 metal\u0173 \u2013 gelton\u0105, raudon\u0105, balt\u0105 auks\u0105 arba platin\u0105, ir pritaikyk karun\u0117l\u0117s dizain\u0105 savo stiliui. Sekan\u010diame \u017eingsnyje pasirink deimanto charakteristik\u0105, dyd\u012f, \u0161varum\u0105, spalv\u0105 \u2013 pasinaudok \u0161ia laisve susikurti unikal\u0173 papuo\u0161al\u0105, kuris atspind\u0117s tavo skon\u012f ir i\u0161skirtinum\u0105.<br \/>\nPagaminta laikantis auk\u0161\u010diausi\u0173 juvelyrikos gamybos standart\u0173.<\/p>\n<p>\u2022 <a href=\"https:\/\/topdiamonds.online\/pakabuko-aukso-svoris\/\" target=\"_blank\" rel=\"noopener\"><strong>Pakabuko aukso svoris<\/strong><\/a>: apie 2.25 g<br \/>\n\u2022 <a href=\"https:\/\/topdiamonds.online\/graviravimas\/\" target=\"_blank\" rel=\"noopener\"><strong>Graviravimas<\/strong><\/a> nemokamai<br \/>\n\u2022 Vienkartin\u0117 nemokama <a href=\"https:\/\/topdiamonds.online\/grandineles-ilgio-keitimo-garantija\/\" target=\"_blank\" rel=\"noopener\"><strong>grandin\u0117l\u0117s ilgio keitimo garantija<\/strong><\/a><\/p>\n<p><span data-sheets-root=\"1\">Turite savo brangakmen\u012f, ar auks\u0105? Perskai\u010diuosime kain\u0105 ir mok\u0117site tik u\u017e pakabuko gamyb\u0105. O gal norite keisti deimanto charakteristikas pagal savo pageidavimus? <strong><a href=\"https:\/\/topdiamonds.online\/kontaktai\/\" target=\"_blank\" rel=\"noopener\">Susisiekite<\/a><\/strong>!<br \/>\nAtraskite plat\u0173 juvelyrikos su deimantais pasirinkim\u0105, atitinkant\u012f \u012fvairius skonius ir biud\u017eetus. Suksikurk ir personalizuok savo papuo\u0161al\u0105 su <a href=\"https:\/\/topdiamonds.online\/\" target=\"_blank\" rel=\"noopener\">TopDiamonds.Online<\/a>.<\/span><\/p>\n","protected":false},"excerpt":{"rendered":"<p>\u0160is klasikinis pakabukas su deimantu \u2013 tai tavo k\u016brybos pagrindas, kur kiekviena detal\u0117 priklauso tik tau. Cushion pj\u016bvio deimantas yra [&hellip;]<\/p>\n","protected":false},"featured_media":14479,"template":"","meta":{"site-sidebar-layout":"default","site-content-layout":"","ast-site-content-layout":"default","site-content-style":"default","site-sidebar-style":"default","ast-global-header-display":"","ast-banner-title-visibility":"","ast-main-header-display":"","ast-hfb-above-header-display":"","ast-hfb-below-header-display":"","ast-hfb-mobile-header-display":"","site-post-title":"","ast-breadcrumbs-content":"","ast-featured-img":"","footer-sml-layout":"","theme-transparent-header-meta":"default","adv-header-id-meta":"","stick-header-meta":"","header-above-stick-meta":"","header-main-stick-meta":"","header-below-stick-meta":"","astra-migrate-meta-layouts":"set","ast-page-background-enabled":"default","ast-page-background-meta":{"desktop":{"background-color":"var(--ast-global-color-4)","background-image":"","background-repeat":"repeat","background-position":"center center","background-size":"auto","background-attachment":"scroll","background-type":"","background-media":"","overlay-type":"","overlay-color":"","overlay-opacity":"","overlay-gradient":""},"tablet":{"background-color":"","background-image":"","background-repeat":"repeat","background-position":"center center","background-size":"auto","background-attachment":"scroll","background-type":"","background-media":"","overlay-type":"","overlay-color":"","overlay-opacity":"","overlay-gradient":""},"mobile":{"background-color":"","background-image":"","background-repeat":"repeat","background-position":"center center","background-size":"auto","background-attachment":"scroll","background-type":"","background-media":"","overlay-type":"","overlay-color":"","overlay-opacity":"","overlay-gradient":""}},"ast-content-background-meta":{"desktop":{"background-color":"var(--ast-global-color-5)","background-image":"","background-repeat":"repeat","background-position":"center center","background-size":"auto","background-attachment":"scroll","background-type":"","background-media":"","overlay-type":"","overlay-color":"","overlay-opacity":"","overlay-gradient":""},"tablet":{"background-color":"var(--ast-global-color-5)","background-image":"","background-repeat":"repeat","background-position":"center center","background-size":"auto","background-attachment":"scroll","background-type":"","background-media":"","overlay-type":"","overlay-color":"","overlay-opacity":"","overlay-gradient":""},"mobile":{"background-color":"var(--ast-global-color-5)","background-image":"","background-repeat":"repeat","background-position":"center center","background-size":"auto","background-attachment":"scroll","background-type":"","background-media":"","overlay-type":"","overlay-color":"","overlay-opacity":"","overlay-gradient":""}}},"product_brand":[],"product_cat":[144,40],"product_tag":[],"class_list":{"0":"post-14743","1":"product","2":"type-product","3":"status-publish","4":"has-post-thumbnail","6":"product_cat-susikurk-pats-pakabukai","7":"product_cat-susikurk-savo-papuosala-pats","8":"desktop-align-center","9":"tablet-align-left","10":"mobile-align-left","11":"ast-product-gallery-layout-horizontal-slider","12":"ast-product-single-variable","13":"ast-product-tabs-layout-accordion","14":"ast-qv-on-image","16":"first","17":"instock","18":"sold-individually","19":"taxable","20":"shipping-taxable","21":"purchasable","22":"product-type-variable","23":"has-default-attributes"},"yoast_head":"<!-- This site is optimized with the Yoast SEO plugin v26.6 - https:\/\/yoast.com\/wordpress\/plugins\/seo\/ -->\n<title>Pakabukas su deimantu - CUSHION DEIMANTAS<\/title>\n<meta name=\"description\" content=\"Susikurk i\u0161skirtin\u012f papuo\u0161al\u0105 \u2013 \u0161is pakabukas su deimantu suteikia galimyb\u0119 rinktis metal\u0105, karun\u0117l\u0119, deimanto form\u0105, spalv\u0105 ir kokyb\u0119 pagal tavo vizij\u0105.\" \/>\n<meta name=\"robots\" content=\"index, follow, max-snippet:-1, max-image-preview:large, max-video-preview:-1\" \/>\n<link rel=\"canonical\" href=\"https:\/\/topdiamonds.online\/en\/papuosalas\/pakabukas-su-deimantu-cushion-deimantas\/\" \/>\n<meta property=\"og:locale\" content=\"en_US\" \/>\n<meta property=\"og:type\" content=\"article\" \/>\n<meta property=\"og:title\" content=\"Pakabukas su deimantu - CUSHION DEIMANTAS\" \/>\n<meta property=\"og:description\" content=\"Susikurk i\u0161skirtin\u012f papuo\u0161al\u0105 \u2013 \u0161is pakabukas su deimantu suteikia galimyb\u0119 rinktis metal\u0105, karun\u0117l\u0119, deimanto form\u0105, spalv\u0105 ir kokyb\u0119 pagal tavo vizij\u0105.\" \/>\n<meta property=\"og:url\" content=\"https:\/\/topdiamonds.online\/en\/papuosalas\/pakabukas-su-deimantu-cushion-deimantas\/\" \/>\n<meta property=\"og:site_name\" content=\"Topdiamonds Online\" \/>\n<meta property=\"article:modified_time\" content=\"2025-06-18T10:24:35+00:00\" \/>\n<meta property=\"og:image\" content=\"https:\/\/topdiamonds.online\/wp-content\/uploads\/2025\/05\/Klasikinis-pakabukas-su-deimantu-CUSHION-DEIMANTAS-030-ct-2-1.png\" \/>\n\t<meta property=\"og:image:width\" content=\"800\" \/>\n\t<meta property=\"og:image:height\" content=\"800\" \/>\n\t<meta property=\"og:image:type\" content=\"image\/png\" \/>\n<meta name=\"twitter:card\" content=\"summary_large_image\" \/>\n<meta name=\"twitter:label1\" content=\"Est. reading time\" \/>\n\t<meta name=\"twitter:data1\" content=\"1 minute\" \/>\n<script type=\"application\/ld+json\" class=\"yoast-schema-graph\">{\"@context\":\"https:\/\/schema.org\",\"@graph\":[{\"@type\":\"WebPage\",\"@id\":\"https:\/\/topdiamonds.online\/en\/papuosalas\/pakabukas-su-deimantu-cushion-deimantas\/\",\"url\":\"https:\/\/topdiamonds.online\/en\/papuosalas\/pakabukas-su-deimantu-cushion-deimantas\/\",\"name\":\"Pakabukas su deimantu - CUSHION DEIMANTAS\",\"isPartOf\":{\"@id\":\"https:\/\/topdiamonds.online\/en\/#website\"},\"primaryImageOfPage\":{\"@id\":\"https:\/\/topdiamonds.online\/en\/papuosalas\/pakabukas-su-deimantu-cushion-deimantas\/#primaryimage\"},\"image\":{\"@id\":\"https:\/\/topdiamonds.online\/en\/papuosalas\/pakabukas-su-deimantu-cushion-deimantas\/#primaryimage\"},\"thumbnailUrl\":\"https:\/\/topdiamonds.online\/wp-content\/uploads\/2025\/05\/Klasikinis-pakabukas-su-deimantu-CUSHION-DEIMANTAS-030-ct-2-1.png\",\"datePublished\":\"2025-05-28T16:08:31+00:00\",\"dateModified\":\"2025-06-18T10:24:35+00:00\",\"description\":\"Susikurk i\u0161skirtin\u012f papuo\u0161al\u0105 \u2013 \u0161is pakabukas su deimantu suteikia galimyb\u0119 rinktis metal\u0105, karun\u0117l\u0119, deimanto form\u0105, spalv\u0105 ir kokyb\u0119 pagal tavo vizij\u0105.\",\"breadcrumb\":{\"@id\":\"https:\/\/topdiamonds.online\/en\/papuosalas\/pakabukas-su-deimantu-cushion-deimantas\/#breadcrumb\"},\"inLanguage\":\"en-US\",\"potentialAction\":[{\"@type\":\"ReadAction\",\"target\":[\"https:\/\/topdiamonds.online\/en\/papuosalas\/pakabukas-su-deimantu-cushion-deimantas\/\"]}]},{\"@type\":\"ImageObject\",\"inLanguage\":\"en-US\",\"@id\":\"https:\/\/topdiamonds.online\/en\/papuosalas\/pakabukas-su-deimantu-cushion-deimantas\/#primaryimage\",\"url\":\"https:\/\/topdiamonds.online\/wp-content\/uploads\/2025\/05\/Klasikinis-pakabukas-su-deimantu-CUSHION-DEIMANTAS-030-ct-2-1.png\",\"contentUrl\":\"https:\/\/topdiamonds.online\/wp-content\/uploads\/2025\/05\/Klasikinis-pakabukas-su-deimantu-CUSHION-DEIMANTAS-030-ct-2-1.png\",\"width\":800,\"height\":800,\"caption\":\"pakabukas su deimantu (cushion cut) i\u0161 balto aukso arba platinos\"},{\"@type\":\"BreadcrumbList\",\"@id\":\"https:\/\/topdiamonds.online\/en\/papuosalas\/pakabukas-su-deimantu-cushion-deimantas\/#breadcrumb\",\"itemListElement\":[{\"@type\":\"ListItem\",\"position\":1,\"name\":\"Home\",\"item\":\"https:\/\/topdiamonds.online\/en\/\"},{\"@type\":\"ListItem\",\"position\":2,\"name\":\"Shop\",\"item\":\"https:\/\/topdiamonds.online\/shop-2\/\"},{\"@type\":\"ListItem\",\"position\":3,\"name\":\"Pakabukas su deimantu &#8211; CUSHION DEIMANTAS\"}]},{\"@type\":\"WebSite\",\"@id\":\"https:\/\/topdiamonds.online\/en\/#website\",\"url\":\"https:\/\/topdiamonds.online\/en\/\",\"name\":\"Topdiamonds Online\",\"description\":\"Juvelyrikos namai\",\"publisher\":{\"@id\":\"https:\/\/topdiamonds.online\/en\/#organization\"},\"potentialAction\":[{\"@type\":\"SearchAction\",\"target\":{\"@type\":\"EntryPoint\",\"urlTemplate\":\"https:\/\/topdiamonds.online\/en\/?s={search_term_string}\"},\"query-input\":{\"@type\":\"PropertyValueSpecification\",\"valueRequired\":true,\"valueName\":\"search_term_string\"}}],\"inLanguage\":\"en-US\"},{\"@type\":\"Organization\",\"@id\":\"https:\/\/topdiamonds.online\/en\/#organization\",\"name\":\"Topdiamonds Online\",\"url\":\"https:\/\/topdiamonds.online\/en\/\",\"logo\":{\"@type\":\"ImageObject\",\"inLanguage\":\"en-US\",\"@id\":\"https:\/\/topdiamonds.online\/en\/#\/schema\/logo\/image\/\",\"url\":\"https:\/\/topdiamonds.online\/wp-content\/uploads\/2025\/03\/cropped-logo.png\",\"contentUrl\":\"https:\/\/topdiamonds.online\/wp-content\/uploads\/2025\/03\/cropped-logo.png\",\"width\":690,\"height\":126,\"caption\":\"Topdiamonds Online\"},\"image\":{\"@id\":\"https:\/\/topdiamonds.online\/en\/#\/schema\/logo\/image\/\"}}]}<\/script>\n<!-- \/ Yoast SEO plugin. -->","yoast_head_json":{"title":"Pakabukas su deimantu - CUSHION DEIMANTAS","description":"Susikurk i\u0161skirtin\u012f papuo\u0161al\u0105 \u2013 \u0161is pakabukas su deimantu suteikia galimyb\u0119 rinktis metal\u0105, karun\u0117l\u0119, deimanto form\u0105, spalv\u0105 ir kokyb\u0119 pagal tavo vizij\u0105.","robots":{"index":"index","follow":"follow","max-snippet":"max-snippet:-1","max-image-preview":"max-image-preview:large","max-video-preview":"max-video-preview:-1"},"canonical":"https:\/\/topdiamonds.online\/en\/papuosalas\/pakabukas-su-deimantu-cushion-deimantas\/","og_locale":"en_US","og_type":"article","og_title":"Pakabukas su deimantu - CUSHION DEIMANTAS","og_description":"Susikurk i\u0161skirtin\u012f papuo\u0161al\u0105 \u2013 \u0161is pakabukas su deimantu suteikia galimyb\u0119 rinktis metal\u0105, karun\u0117l\u0119, deimanto form\u0105, spalv\u0105 ir kokyb\u0119 pagal tavo vizij\u0105.","og_url":"https:\/\/topdiamonds.online\/en\/papuosalas\/pakabukas-su-deimantu-cushion-deimantas\/","og_site_name":"Topdiamonds Online","article_modified_time":"2025-06-18T10:24:35+00:00","og_image":[{"width":800,"height":800,"url":"https:\/\/topdiamonds.online\/wp-content\/uploads\/2025\/05\/Klasikinis-pakabukas-su-deimantu-CUSHION-DEIMANTAS-030-ct-2-1.png","type":"image\/png"}],"twitter_card":"summary_large_image","twitter_misc":{"Est. reading time":"1 minute"},"schema":{"@context":"https:\/\/schema.org","@graph":[{"@type":"WebPage","@id":"https:\/\/topdiamonds.online\/en\/papuosalas\/pakabukas-su-deimantu-cushion-deimantas\/","url":"https:\/\/topdiamonds.online\/en\/papuosalas\/pakabukas-su-deimantu-cushion-deimantas\/","name":"Pakabukas su deimantu - CUSHION DEIMANTAS","isPartOf":{"@id":"https:\/\/topdiamonds.online\/en\/#website"},"primaryImageOfPage":{"@id":"https:\/\/topdiamonds.online\/en\/papuosalas\/pakabukas-su-deimantu-cushion-deimantas\/#primaryimage"},"image":{"@id":"https:\/\/topdiamonds.online\/en\/papuosalas\/pakabukas-su-deimantu-cushion-deimantas\/#primaryimage"},"thumbnailUrl":"https:\/\/topdiamonds.online\/wp-content\/uploads\/2025\/05\/Klasikinis-pakabukas-su-deimantu-CUSHION-DEIMANTAS-030-ct-2-1.png","datePublished":"2025-05-28T16:08:31+00:00","dateModified":"2025-06-18T10:24:35+00:00","description":"Susikurk i\u0161skirtin\u012f papuo\u0161al\u0105 \u2013 \u0161is pakabukas su deimantu suteikia galimyb\u0119 rinktis metal\u0105, karun\u0117l\u0119, deimanto form\u0105, spalv\u0105 ir kokyb\u0119 pagal tavo vizij\u0105.","breadcrumb":{"@id":"https:\/\/topdiamonds.online\/en\/papuosalas\/pakabukas-su-deimantu-cushion-deimantas\/#breadcrumb"},"inLanguage":"en-US","potentialAction":[{"@type":"ReadAction","target":["https:\/\/topdiamonds.online\/en\/papuosalas\/pakabukas-su-deimantu-cushion-deimantas\/"]}]},{"@type":"ImageObject","inLanguage":"en-US","@id":"https:\/\/topdiamonds.online\/en\/papuosalas\/pakabukas-su-deimantu-cushion-deimantas\/#primaryimage","url":"https:\/\/topdiamonds.online\/wp-content\/uploads\/2025\/05\/Klasikinis-pakabukas-su-deimantu-CUSHION-DEIMANTAS-030-ct-2-1.png","contentUrl":"https:\/\/topdiamonds.online\/wp-content\/uploads\/2025\/05\/Klasikinis-pakabukas-su-deimantu-CUSHION-DEIMANTAS-030-ct-2-1.png","width":800,"height":800,"caption":"pakabukas su deimantu (cushion cut) i\u0161 balto aukso arba platinos"},{"@type":"BreadcrumbList","@id":"https:\/\/topdiamonds.online\/en\/papuosalas\/pakabukas-su-deimantu-cushion-deimantas\/#breadcrumb","itemListElement":[{"@type":"ListItem","position":1,"name":"Home","item":"https:\/\/topdiamonds.online\/en\/"},{"@type":"ListItem","position":2,"name":"Shop","item":"https:\/\/topdiamonds.online\/shop-2\/"},{"@type":"ListItem","position":3,"name":"Pakabukas su deimantu &#8211; CUSHION DEIMANTAS"}]},{"@type":"WebSite","@id":"https:\/\/topdiamonds.online\/en\/#website","url":"https:\/\/topdiamonds.online\/en\/","name":"Topdiamonds Online","description":"Juvelyrikos namai","publisher":{"@id":"https:\/\/topdiamonds.online\/en\/#organization"},"potentialAction":[{"@type":"SearchAction","target":{"@type":"EntryPoint","urlTemplate":"https:\/\/topdiamonds.online\/en\/?s={search_term_string}"},"query-input":{"@type":"PropertyValueSpecification","valueRequired":true,"valueName":"search_term_string"}}],"inLanguage":"en-US"},{"@type":"Organization","@id":"https:\/\/topdiamonds.online\/en\/#organization","name":"Topdiamonds Online","url":"https:\/\/topdiamonds.online\/en\/","logo":{"@type":"ImageObject","inLanguage":"en-US","@id":"https:\/\/topdiamonds.online\/en\/#\/schema\/logo\/image\/","url":"https:\/\/topdiamonds.online\/wp-content\/uploads\/2025\/03\/cropped-logo.png","contentUrl":"https:\/\/topdiamonds.online\/wp-content\/uploads\/2025\/03\/cropped-logo.png","width":690,"height":126,"caption":"Topdiamonds Online"},"image":{"@id":"https:\/\/topdiamonds.online\/en\/#\/schema\/logo\/image\/"}}]}},"_links":{"self":[{"href":"https:\/\/topdiamonds.online\/en\/wp-json\/wp\/v2\/product\/14743","targetHints":{"allow":["GET"]}}],"collection":[{"href":"https:\/\/topdiamonds.online\/en\/wp-json\/wp\/v2\/product"}],"about":[{"href":"https:\/\/topdiamonds.online\/en\/wp-json\/wp\/v2\/types\/product"}],"version-history":[{"count":0,"href":"https:\/\/topdiamonds.online\/en\/wp-json\/wp\/v2\/product\/14743\/revisions"}],"wp:featuredmedia":[{"embeddable":true,"href":"https:\/\/topdiamonds.online\/en\/wp-json\/wp\/v2\/media\/14479"}],"wp:attachment":[{"href":"https:\/\/topdiamonds.online\/en\/wp-json\/wp\/v2\/media?parent=14743"}],"wp:term":[{"taxonomy":"product_brand","embeddable":true,"href":"https:\/\/topdiamonds.online\/en\/wp-json\/wp\/v2\/product_brand?post=14743"},{"taxonomy":"product_cat","embeddable":true,"href":"https:\/\/topdiamonds.online\/en\/wp-json\/wp\/v2\/product_cat?post=14743"},{"taxonomy":"product_tag","embeddable":true,"href":"https:\/\/topdiamonds.online\/en\/wp-json\/wp\/v2\/product_tag?post=14743"}],"curies":[{"name":"wp","href":"https:\/\/api.w.org\/{rel}","templated":true}]}}